{"id":6390,"date":"2020-10-23T20:20:51","date_gmt":"2020-10-23T19:20:51","guid":{"rendered":"https:\/\/psicopico.com\/?post_type=product&#038;p=6390"},"modified":"2021-01-05T14:04:20","modified_gmt":"2021-01-05T13:04:20","slug":"sesion-por-videoconferencia-55-minutos","status":"publish","type":"product","link":"https:\/\/psicopico.com\/gl\/producto\/sesion-por-videoconferencia-55-minutos\/","title":{"rendered":"(Espa\u00f1ol) 1 Videoconferencia (55 min)"},"content":{"rendered":"<p class=\"qtranxs-available-languages-message qtranxs-available-languages-message-gl\">Esta noticia non est\u00e1 dispo\u00f1ible en galego...sent\u00edmolo. Proba en castel\u00e1n. Apertas! For the sake of viewer convenience, the content is shown below in the alternative language. You may click the link to switch the active language.<\/p>Sesi\u00f3n de consulta v\u00eda videoconferencia de 55 minutos de duraci\u00f3n.<\/p>\n<p>Las sesi\u00f3n podr\u00e1 realizarse a trav\u00e9s de m\u00faltiples plataformas de videoconferencia. Para concertar la cita ponte en contacto:<\/p>\n<p><strong>Email<\/strong>: info@psicopico.com<\/p>\n<p><strong>Mobile &amp; Whatsapp:\u00a0<\/strong>+34 627404796<\/p>\n<p><a href=\"https:\/\/wa.me\/34627404796\" target=\"_blank\" rel=\"nofollow noopener noreferrer\"><img loading=\"lazy\" decoding=\"async\" class=\"alignleft wp-image-6069 size-full jetpack-lazy-image jetpack-lazy-image--handled\" src=\"https:\/\/i1.wp.com\/psicopico.com\/wp-content\/uploads\/2020\/07\/psicologo-whatsapp-online-sesion.png?resize=120%2C120&amp;ssl=1\" sizes=\"auto, (max-width: 120px) 100vw, 120px\" srcset=\"https:\/\/i1.wp.com\/psicopico.com\/wp-content\/uploads\/2020\/07\/psicologo-whatsapp-online-sesion.png?w=120&amp;ssl=1 120w, https:\/\/i1.wp.com\/psicopico.com\/wp-content\/uploads\/2020\/07\/psicologo-whatsapp-online-sesion.png?resize=100%2C100&amp;ssl=1 100w\" alt=\"\" width=\"120\" height=\"120\" data-recalc-dims=\"1\" data-lazy-loaded=\"1\" \/><\/a><\/p>\n<p>&nbsp;<\/p>\n<p>&nbsp;<\/p>\n<p>&nbsp;","protected":false},"excerpt":{"rendered":"<p class=\"qtranxs-available-languages-message qtranxs-available-languages-message-gl\">Esta noticia non est\u00e1 dispo\u00f1ible en galego&#8230;sent\u00edmolo. Proba en castel\u00e1n. Apertas! For the sake of viewer convenience, the content is shown below in the alternative language. You may click the link to switch the active language.<\/p>\n<p>Sesi\u00f3n de consulta v\u00eda videoconferencia de 55 minutos de duraci\u00f3n.<\/p>\n<p>Las sesiones se pueden realizar a trav\u00e9s de la plataforma propia de psicopico.com o bien a trav\u00e9s de otras plataformas de comunicaci\u00f3n. Para concertar la cita ponte en contacto:<\/p>\n<p><strong>Email<\/strong>: info@psicopico.com<\/p>\n<p><strong><i class=\"fa fa-whatsapp\"><\/i>\u00a0Mobile\u00a0&amp; Whatsapp:\u00a0<\/strong>+34 627404796<\/p>\n<p><a href=\"https:\/\/wa.me\/34627404796\" target=\"_blank\" rel=\"nofollow noopener noreferrer\"><img loading=\"lazy\" decoding=\"async\" class=\"alignleft wp-image-6069 size-full jetpack-lazy-image jetpack-lazy-image--handled\" src=\"https:\/\/i1.wp.com\/psicopico.com\/wp-content\/uploads\/2020\/07\/psicologo-whatsapp-online-sesion.png?resize=120%2C120&amp;ssl=1\" sizes=\"auto, (max-width: 120px) 100vw, 120px\" srcset=\"https:\/\/i1.wp.com\/psicopico.com\/wp-content\/uploads\/2020\/07\/psicologo-whatsapp-online-sesion.png?w=120&amp;ssl=1 120w, https:\/\/i1.wp.com\/psicopico.com\/wp-content\/uploads\/2020\/07\/psicologo-whatsapp-online-sesion.png?resize=100%2C100&amp;ssl=1 100w\" alt=\"\" width=\"120\" height=\"120\" data-recalc-dims=\"1\" data-lazy-loaded=\"1\" \/><\/a><\/p>\n<p>&nbsp;<\/p>\n<p>&nbsp;<\/p>\n<p>&nbsp;<\/p>\n","protected":false},"featured_media":6657,"template":"","meta":{"_joinchat":[]},"product_brand":[],"product_cat":[509],"product_tag":[594],"class_list":{"0":"post-6390","1":"product","2":"type-product","3":"status-publish","4":"has-post-thumbnail","6":"product_cat-consulta-express","7":"product_tag-videoconferencia","9":"first","10":"instock","11":"virtual","12":"taxable","13":"purchasable","14":"product-type-simple"},"yoast_head":"<!-- This site is optimized with the Yoast SEO plugin v27.4 - https:\/\/yoast.com\/product\/yoast-seo-wordpress\/ -->\n<title>(Espa\u00f1ol) 1 Videoconferencia (55 min) - PsicoPico<\/title>\n<meta name=\"robots\" content=\"index, follow, max-snippet:-1, max-image-preview:large, max-video-preview:-1\" \/>\n<link rel=\"canonical\" href=\"https:\/\/psicopico.com\/gl\/producto\/sesion-por-videoconferencia-55-minutos\/\" \/>\n<meta property=\"og:locale\" content=\"en_US\" \/>\n<meta property=\"og:type\" content=\"article\" \/>\n<meta property=\"og:title\" content=\"(Espa\u00f1ol) 1 Videoconferencia (55 min) - PsicoPico\" \/>\n<meta property=\"og:description\" content=\"[:es]Sesi\u00f3n de consulta v\u00eda videoconferencia de 55 minutos de duraci\u00f3n.  Las sesiones se pueden realizar a trav\u00e9s de la plataforma propia de psicopico.com o bien a trav\u00e9s de otras plataformas de comunicaci\u00f3n. Para concertar la cita ponte en contacto:  Email: info@psicopico.com  \u00a0Mobile\u00a0&amp; Whatsapp:\u00a0+34 627404796    &nbsp;  &nbsp;  &nbsp;[:]\" \/>\n<meta property=\"og:url\" content=\"https:\/\/psicopico.com\/gl\/producto\/sesion-por-videoconferencia-55-minutos\/\" \/>\n<meta property=\"og:site_name\" content=\"PsicoPico\" \/>\n<meta property=\"article:publisher\" content=\"https:\/\/es-la.facebook.com\/psicopicopsicologia\/\" \/>\n<meta property=\"article:modified_time\" content=\"2021-01-05T13:04:20+00:00\" \/>\n<meta property=\"og:image\" content=\"https:\/\/i2.wp.com\/psicopico.com\/wp-content\/uploads\/2020\/10\/videollamada-e1609845975871.jpg?fit=563%2C456&ssl=1\" \/>\n\t<meta property=\"og:image:width\" content=\"563\" \/>\n\t<meta property=\"og:image:height\" content=\"456\" \/>\n\t<meta property=\"og:image:type\" content=\"image\/jpeg\" \/>\n<meta name=\"twitter:card\" content=\"summary_large_image\" \/>\n<meta name=\"twitter:site\" content=\"@psicopico\" \/>\n<script type=\"application\/ld+json\" class=\"yoast-schema-graph\">{\"@context\":\"https:\\\/\\\/schema.org\",\"@graph\":[{\"@type\":\"WebPage\",\"@id\":\"https:\\\/\\\/psicopico.com\\\/gl\\\/producto\\\/sesion-por-videoconferencia-55-minutos\\\/\",\"url\":\"https:\\\/\\\/psicopico.com\\\/gl\\\/producto\\\/sesion-por-videoconferencia-55-minutos\\\/\",\"name\":\"(Espa\u00f1ol) 1 Videoconferencia (55 min) - PsicoPico\",\"isPartOf\":{\"@id\":\"https:\\\/\\\/psicopico.com\\\/#website\"},\"primaryImageOfPage\":{\"@id\":\"https:\\\/\\\/psicopico.com\\\/gl\\\/producto\\\/sesion-por-videoconferencia-55-minutos\\\/#primaryimage\"},\"image\":{\"@id\":\"https:\\\/\\\/psicopico.com\\\/gl\\\/producto\\\/sesion-por-videoconferencia-55-minutos\\\/#primaryimage\"},\"thumbnailUrl\":\"https:\\\/\\\/i0.wp.com\\\/psicopico.com\\\/wp-content\\\/uploads\\\/2020\\\/10\\\/videollamada-e1609845975871.jpg?fit=563%2C456&ssl=1\",\"datePublished\":\"2020-10-23T19:20:51+00:00\",\"dateModified\":\"2021-01-05T13:04:20+00:00\",\"breadcrumb\":{\"@id\":\"https:\\\/\\\/psicopico.com\\\/gl\\\/producto\\\/sesion-por-videoconferencia-55-minutos\\\/#breadcrumb\"},\"inLanguage\":\"gal-GAL\",\"potentialAction\":[{\"@type\":\"ReadAction\",\"target\":[\"https:\\\/\\\/psicopico.com\\\/gl\\\/producto\\\/sesion-por-videoconferencia-55-minutos\\\/\"]}]},{\"@type\":\"ImageObject\",\"inLanguage\":\"gal-GAL\",\"@id\":\"https:\\\/\\\/psicopico.com\\\/gl\\\/producto\\\/sesion-por-videoconferencia-55-minutos\\\/#primaryimage\",\"url\":\"https:\\\/\\\/i0.wp.com\\\/psicopico.com\\\/wp-content\\\/uploads\\\/2020\\\/10\\\/videollamada-e1609845975871.jpg?fit=563%2C456&ssl=1\",\"contentUrl\":\"https:\\\/\\\/i0.wp.com\\\/psicopico.com\\\/wp-content\\\/uploads\\\/2020\\\/10\\\/videollamada-e1609845975871.jpg?fit=563%2C456&ssl=1\",\"width\":563,\"height\":456,\"caption\":\"videollamada psicologo\"},{\"@type\":\"BreadcrumbList\",\"@id\":\"https:\\\/\\\/psicopico.com\\\/gl\\\/producto\\\/sesion-por-videoconferencia-55-minutos\\\/#breadcrumb\",\"itemListElement\":[{\"@type\":\"ListItem\",\"position\":1,\"name\":\"Inicio\",\"item\":\"https:\\\/\\\/psicopico.com\\\/\"},{\"@type\":\"ListItem\",\"position\":2,\"name\":\"Productos\",\"item\":\"https:\\\/\\\/psicopico.com\\\/shop\\\/\"},{\"@type\":\"ListItem\",\"position\":3,\"name\":\"(Espa\u00f1ol) 1 Videoconferencia (55 min)\"}]},{\"@type\":\"WebSite\",\"@id\":\"https:\\\/\\\/psicopico.com\\\/#website\",\"url\":\"https:\\\/\\\/psicopico.com\\\/\",\"name\":\"PsicoPico\",\"description\":\"Psicopico - Psicolox\u00eda Online por Iv\u00e1n Pico\",\"publisher\":{\"@id\":\"https:\\\/\\\/psicopico.com\\\/#organization\"},\"potentialAction\":[{\"@type\":\"SearchAction\",\"target\":{\"@type\":\"EntryPoint\",\"urlTemplate\":\"https:\\\/\\\/psicopico.com\\\/?s={search_term_string}\"},\"query-input\":{\"@type\":\"PropertyValueSpecification\",\"valueRequired\":true,\"valueName\":\"search_term_string\"}}],\"inLanguage\":\"gal-GAL\"},{\"@type\":\"Organization\",\"@id\":\"https:\\\/\\\/psicopico.com\\\/#organization\",\"name\":\"Psicopico\",\"url\":\"https:\\\/\\\/psicopico.com\\\/\",\"logo\":{\"@type\":\"ImageObject\",\"inLanguage\":\"gal-GAL\",\"@id\":\"https:\\\/\\\/psicopico.com\\\/#\\\/schema\\\/logo\\\/image\\\/\",\"url\":\"https:\\\/\\\/i0.wp.com\\\/psicopico.com\\\/wp-content\\\/uploads\\\/2015\\\/12\\\/logowebpsicopico.png?fit=377%2C113&ssl=1\",\"contentUrl\":\"https:\\\/\\\/i0.wp.com\\\/psicopico.com\\\/wp-content\\\/uploads\\\/2015\\\/12\\\/logowebpsicopico.png?fit=377%2C113&ssl=1\",\"width\":\"377\",\"height\":\"113\",\"caption\":\"Psicopico\"},\"image\":{\"@id\":\"https:\\\/\\\/psicopico.com\\\/#\\\/schema\\\/logo\\\/image\\\/\"},\"sameAs\":[\"https:\\\/\\\/es-la.facebook.com\\\/psicopicopsicologia\\\/\",\"https:\\\/\\\/x.com\\\/psicopico\",\"https:\\\/\\\/instagram.com\\\/psicopico\",\"https:\\\/\\\/es.linkedin.com\\\/in\\\/iv\u00e1n-pico-mart\u00ednez-5bb46873\",\"https:\\\/\\\/www.pinterest.es\\\/psicopico\\\/\",\"https:\\\/\\\/www.youtube.com\\\/channel\\\/UCwM4gAydCyOv_3sBkqVb74Q\"]}]}<\/script>\n<!-- \/ Yoast SEO plugin. -->","yoast_head_json":{"title":"(Espa\u00f1ol) 1 Videoconferencia (55 min) - PsicoPico","robots":{"index":"index","follow":"follow","max-snippet":"max-snippet:-1","max-image-preview":"max-image-preview:large","max-video-preview":"max-video-preview:-1"},"canonical":"https:\/\/psicopico.com\/gl\/producto\/sesion-por-videoconferencia-55-minutos\/","og_locale":"en_US","og_type":"article","og_title":"(Espa\u00f1ol) 1 Videoconferencia (55 min) - PsicoPico","og_description":"[:es]Sesi\u00f3n de consulta v\u00eda videoconferencia de 55 minutos de duraci\u00f3n.  Las sesiones se pueden realizar a trav\u00e9s de la plataforma propia de psicopico.com o bien a trav\u00e9s de otras plataformas de comunicaci\u00f3n. Para concertar la cita ponte en contacto:  Email: info@psicopico.com  \u00a0Mobile\u00a0&amp; Whatsapp:\u00a0+34 627404796    &nbsp;  &nbsp;  &nbsp;[:]","og_url":"https:\/\/psicopico.com\/gl\/producto\/sesion-por-videoconferencia-55-minutos\/","og_site_name":"PsicoPico","article_publisher":"https:\/\/es-la.facebook.com\/psicopicopsicologia\/","article_modified_time":"2021-01-05T13:04:20+00:00","og_image":[{"width":563,"height":456,"url":"https:\/\/i2.wp.com\/psicopico.com\/wp-content\/uploads\/2020\/10\/videollamada-e1609845975871.jpg?fit=563%2C456&ssl=1","type":"image\/jpeg"}],"twitter_card":"summary_large_image","twitter_site":"@psicopico","schema":{"@context":"https:\/\/schema.org","@graph":[{"@type":"WebPage","@id":"https:\/\/psicopico.com\/gl\/producto\/sesion-por-videoconferencia-55-minutos\/","url":"https:\/\/psicopico.com\/gl\/producto\/sesion-por-videoconferencia-55-minutos\/","name":"(Espa\u00f1ol) 1 Videoconferencia (55 min) - PsicoPico","isPartOf":{"@id":"https:\/\/psicopico.com\/#website"},"primaryImageOfPage":{"@id":"https:\/\/psicopico.com\/gl\/producto\/sesion-por-videoconferencia-55-minutos\/#primaryimage"},"image":{"@id":"https:\/\/psicopico.com\/gl\/producto\/sesion-por-videoconferencia-55-minutos\/#primaryimage"},"thumbnailUrl":"https:\/\/i0.wp.com\/psicopico.com\/wp-content\/uploads\/2020\/10\/videollamada-e1609845975871.jpg?fit=563%2C456&ssl=1","datePublished":"2020-10-23T19:20:51+00:00","dateModified":"2021-01-05T13:04:20+00:00","breadcrumb":{"@id":"https:\/\/psicopico.com\/gl\/producto\/sesion-por-videoconferencia-55-minutos\/#breadcrumb"},"inLanguage":"gal-GAL","potentialAction":[{"@type":"ReadAction","target":["https:\/\/psicopico.com\/gl\/producto\/sesion-por-videoconferencia-55-minutos\/"]}]},{"@type":"ImageObject","inLanguage":"gal-GAL","@id":"https:\/\/psicopico.com\/gl\/producto\/sesion-por-videoconferencia-55-minutos\/#primaryimage","url":"https:\/\/i0.wp.com\/psicopico.com\/wp-content\/uploads\/2020\/10\/videollamada-e1609845975871.jpg?fit=563%2C456&ssl=1","contentUrl":"https:\/\/i0.wp.com\/psicopico.com\/wp-content\/uploads\/2020\/10\/videollamada-e1609845975871.jpg?fit=563%2C456&ssl=1","width":563,"height":456,"caption":"videollamada psicologo"},{"@type":"BreadcrumbList","@id":"https:\/\/psicopico.com\/gl\/producto\/sesion-por-videoconferencia-55-minutos\/#breadcrumb","itemListElement":[{"@type":"ListItem","position":1,"name":"Inicio","item":"https:\/\/psicopico.com\/"},{"@type":"ListItem","position":2,"name":"Productos","item":"https:\/\/psicopico.com\/shop\/"},{"@type":"ListItem","position":3,"name":"(Espa\u00f1ol) 1 Videoconferencia (55 min)"}]},{"@type":"WebSite","@id":"https:\/\/psicopico.com\/#website","url":"https:\/\/psicopico.com\/","name":"PsicoPico","description":"Psicopico - Psicolox\u00eda Online por Iv\u00e1n Pico","publisher":{"@id":"https:\/\/psicopico.com\/#organization"},"potentialAction":[{"@type":"SearchAction","target":{"@type":"EntryPoint","urlTemplate":"https:\/\/psicopico.com\/?s={search_term_string}"},"query-input":{"@type":"PropertyValueSpecification","valueRequired":true,"valueName":"search_term_string"}}],"inLanguage":"gal-GAL"},{"@type":"Organization","@id":"https:\/\/psicopico.com\/#organization","name":"Psicopico","url":"https:\/\/psicopico.com\/","logo":{"@type":"ImageObject","inLanguage":"gal-GAL","@id":"https:\/\/psicopico.com\/#\/schema\/logo\/image\/","url":"https:\/\/i0.wp.com\/psicopico.com\/wp-content\/uploads\/2015\/12\/logowebpsicopico.png?fit=377%2C113&ssl=1","contentUrl":"https:\/\/i0.wp.com\/psicopico.com\/wp-content\/uploads\/2015\/12\/logowebpsicopico.png?fit=377%2C113&ssl=1","width":"377","height":"113","caption":"Psicopico"},"image":{"@id":"https:\/\/psicopico.com\/#\/schema\/logo\/image\/"},"sameAs":["https:\/\/es-la.facebook.com\/psicopicopsicologia\/","https:\/\/x.com\/psicopico","https:\/\/instagram.com\/psicopico","https:\/\/es.linkedin.com\/in\/iv\u00e1n-pico-mart\u00ednez-5bb46873","https:\/\/www.pinterest.es\/psicopico\/","https:\/\/www.youtube.com\/channel\/UCwM4gAydCyOv_3sBkqVb74Q"]}]}},"jetpack_sharing_enabled":true,"_links":{"self":[{"href":"https:\/\/psicopico.com\/gl\/wp-json\/wp\/v2\/product\/6390","targetHints":{"allow":["GET"]}}],"collection":[{"href":"https:\/\/psicopico.com\/gl\/wp-json\/wp\/v2\/product"}],"about":[{"href":"https:\/\/psicopico.com\/gl\/wp-json\/wp\/v2\/types\/product"}],"wp:featuredmedia":[{"embeddable":true,"href":"https:\/\/psicopico.com\/gl\/wp-json\/wp\/v2\/media\/6657"}],"wp:attachment":[{"href":"https:\/\/psicopico.com\/gl\/wp-json\/wp\/v2\/media?parent=6390"}],"wp:term":[{"taxonomy":"product_brand","embeddable":true,"href":"https:\/\/psicopico.com\/gl\/wp-json\/wp\/v2\/product_brand?post=6390"},{"taxonomy":"product_cat","embeddable":true,"href":"https:\/\/psicopico.com\/gl\/wp-json\/wp\/v2\/product_cat?post=6390"},{"taxonomy":"product_tag","embeddable":true,"href":"https:\/\/psicopico.com\/gl\/wp-json\/wp\/v2\/product_tag?post=6390"}],"curies":[{"name":"wp","href":"https:\/\/api.w.org\/{rel}","templated":true}]}}