{"id":4259,"date":"2018-04-16T18:19:41","date_gmt":"2018-04-16T17:19:41","guid":{"rendered":"https:\/\/psicopico.com\/?post_type=product&#038;p=4259"},"modified":"2021-05-24T19:14:52","modified_gmt":"2021-05-24T18:14:52","slug":"consulta-psicologia-express","status":"publish","type":"product","link":"https:\/\/psicopico.com\/gl\/producto\/consulta-psicologia-express\/","title":{"rendered":"(Espa\u00f1ol) Consulta Express"},"content":{"rendered":"<p class=\"qtranxs-available-languages-message qtranxs-available-languages-message-gl\">Esta noticia non est\u00e1 dispo\u00f1ible en galego...sent\u00edmolo. Proba en castel\u00e1n. Apertas! For the sake of viewer convenience, the content is shown below in the alternative language. You may click the link to switch the active language.<\/p><h3>\u00bfC\u00f3mo funciona?<\/h3>\n<ul>\n<li><strong>Realiza el pago<\/strong>. V\u00eda Paypal el acceso es inmediato, v\u00eda transferencia deber\u00e1s esperar a recibir correo confirmatorio una vez recibida o enviar captura del pago realizado.<\/li>\n<li><strong>Accede a tu sesi\u00f3n privada a trav\u00e9s del medio acordado.<\/strong><\/li>\n<li>Escribe tu consulta (m\u00e1ximo 1000 palabras aproximadamente) o un audio de 5 minutos m\u00e1ximo.<\/li>\n<li>Recibe en un plazo de 24 horas laborables la contestaci\u00f3n escrita y elaborada por un profesional de la psicolog\u00eda en tu plataforma privada acordada (email, Whatsapp&#8230;).<\/li>\n<\/ul>\n<p style=\"text-align: center;\"><span style=\"font-size: 10px;\">Si est\u00e1s en una situaci\u00f3n peligrosa, l\u00edmite o de emergencia, no recurras a esta web y solicita asistencia en servicios de urgencia.<\/span><\/p>\n<p style=\"text-align: center;\"><span style=\"font-size: 10px;\">Llama al\u00a0<a href=\"tel:112\">112<\/a>\u00a0para emergencias.<\/span><\/p>","protected":false},"excerpt":{"rendered":"<p class=\"qtranxs-available-languages-message qtranxs-available-languages-message-gl\">Esta noticia non est\u00e1 dispo\u00f1ible en galego&#8230;sent\u00edmolo. Proba en castel\u00e1n. Apertas! For the sake of viewer convenience, the content is shown below in the alternative language. You may click the link to switch the active language.<\/p>\n<p><img loading=\"lazy\" decoding=\"async\" class=\" wp-image-4263 aligncenter\" src=\"https:\/\/psicopico.com\/wp-content\/uploads\/2018\/04\/psicologia-online-300x171.png\" alt=\"\" width=\"165\" height=\"94\" \/><\/p>\n<ul>\n<li>Recibe asesoramiento psicol\u00f3gico por escrito en un <strong>plazo m\u00e1ximo de 24 horas<\/strong> laborables.<\/li>\n<li>Ideal para un primer acercamiento a un profesional de la psicolog\u00eda que te guiar\u00e1 de inmediato en tu consulta.<\/li>\n<li>R\u00e1pido, seguro, confidencial, an\u00f3nimo (si quieres).<\/li>\n<li>Tendr\u00e1s acceso a tu plataforma segura de <strong>sesi\u00f3n online privada <\/strong>hasta recibir contestaci\u00f3n detallada a tu consulta.<\/li>\n<\/ul>\n","protected":false},"featured_media":4263,"template":"","meta":{"_joinchat":[]},"product_brand":[],"product_cat":[509],"product_tag":[],"class_list":{"0":"post-4259","1":"product","2":"type-product","3":"status-publish","4":"has-post-thumbnail","6":"product_cat-consulta-express","8":"first","9":"instock","10":"virtual","11":"taxable","12":"purchasable","13":"product-type-simple"},"yoast_head":"<!-- This site is optimized with the Yoast SEO plugin v27.4 - https:\/\/yoast.com\/product\/yoast-seo-wordpress\/ -->\n<title>(Espa\u00f1ol) Consulta Express - PsicoPico<\/title>\n<meta name=\"robots\" content=\"index, follow, max-snippet:-1, max-image-preview:large, max-video-preview:-1\" \/>\n<link rel=\"canonical\" href=\"https:\/\/psicopico.com\/producto\/consulta-psicologia-express\/\" \/>\n<meta property=\"og:locale\" content=\"en_US\" \/>\n<meta property=\"og:type\" content=\"article\" \/>\n<meta property=\"og:title\" content=\"(Espa\u00f1ol) Consulta Express - PsicoPico\" \/>\n<meta property=\"og:description\" content=\"[:es]   Recibe asesoramiento psicol\u00f3gico por escrito en un plazo m\u00e1ximo de 24 horas laborables.  Ideal para un primer acercamiento a un profesional de la psicolog\u00eda que te guiar\u00e1 de inmediato en tu consulta.  R\u00e1pido, seguro, confidencial, an\u00f3nimo (si quieres).  Tendr\u00e1s acceso a tu plataforma segura de sesi\u00f3n online privada hasta recibir contestaci\u00f3n detallada a tu consulta. [:]\" \/>\n<meta property=\"og:url\" content=\"https:\/\/psicopico.com\/producto\/consulta-psicologia-express\/\" \/>\n<meta property=\"og:site_name\" content=\"PsicoPico\" \/>\n<meta property=\"article:publisher\" content=\"https:\/\/es-la.facebook.com\/psicopicopsicologia\/\" \/>\n<meta property=\"article:modified_time\" content=\"2021-05-24T18:14:52+00:00\" \/>\n<meta property=\"og:image\" content=\"https:\/\/i0.wp.com\/psicopico.com\/wp-content\/uploads\/2018\/04\/psicologia-online.png?fit=1280%2C730&ssl=1\" \/>\n\t<meta property=\"og:image:width\" content=\"1280\" \/>\n\t<meta property=\"og:image:height\" content=\"730\" \/>\n\t<meta property=\"og:image:type\" content=\"image\/png\" \/>\n<meta name=\"twitter:card\" content=\"summary_large_image\" \/>\n<meta name=\"twitter:site\" content=\"@psicopico\" \/>\n<meta name=\"twitter:label1\" content=\"Est. reading time\" \/>\n\t<meta name=\"twitter:data1\" content=\"1 minute\" \/>\n<script type=\"application\/ld+json\" class=\"yoast-schema-graph\">{\"@context\":\"https:\\\/\\\/schema.org\",\"@graph\":[{\"@type\":\"WebPage\",\"@id\":\"https:\\\/\\\/psicopico.com\\\/producto\\\/consulta-psicologia-express\\\/\",\"url\":\"https:\\\/\\\/psicopico.com\\\/producto\\\/consulta-psicologia-express\\\/\",\"name\":\"(Espa\u00f1ol) Consulta Express - PsicoPico\",\"isPartOf\":{\"@id\":\"https:\\\/\\\/psicopico.com\\\/#website\"},\"primaryImageOfPage\":{\"@id\":\"https:\\\/\\\/psicopico.com\\\/producto\\\/consulta-psicologia-express\\\/#primaryimage\"},\"image\":{\"@id\":\"https:\\\/\\\/psicopico.com\\\/producto\\\/consulta-psicologia-express\\\/#primaryimage\"},\"thumbnailUrl\":\"https:\\\/\\\/i0.wp.com\\\/psicopico.com\\\/wp-content\\\/uploads\\\/2018\\\/04\\\/psicologia-online.png?fit=1280%2C730&ssl=1\",\"datePublished\":\"2018-04-16T17:19:41+00:00\",\"dateModified\":\"2021-05-24T18:14:52+00:00\",\"breadcrumb\":{\"@id\":\"https:\\\/\\\/psicopico.com\\\/producto\\\/consulta-psicologia-express\\\/#breadcrumb\"},\"inLanguage\":\"gal-GAL\",\"potentialAction\":[{\"@type\":\"ReadAction\",\"target\":[\"https:\\\/\\\/psicopico.com\\\/producto\\\/consulta-psicologia-express\\\/\"]}]},{\"@type\":\"ImageObject\",\"inLanguage\":\"gal-GAL\",\"@id\":\"https:\\\/\\\/psicopico.com\\\/producto\\\/consulta-psicologia-express\\\/#primaryimage\",\"url\":\"https:\\\/\\\/i0.wp.com\\\/psicopico.com\\\/wp-content\\\/uploads\\\/2018\\\/04\\\/psicologia-online.png?fit=1280%2C730&ssl=1\",\"contentUrl\":\"https:\\\/\\\/i0.wp.com\\\/psicopico.com\\\/wp-content\\\/uploads\\\/2018\\\/04\\\/psicologia-online.png?fit=1280%2C730&ssl=1\",\"width\":1280,\"height\":730},{\"@type\":\"BreadcrumbList\",\"@id\":\"https:\\\/\\\/psicopico.com\\\/producto\\\/consulta-psicologia-express\\\/#breadcrumb\",\"itemListElement\":[{\"@type\":\"ListItem\",\"position\":1,\"name\":\"Inicio\",\"item\":\"https:\\\/\\\/psicopico.com\\\/\"},{\"@type\":\"ListItem\",\"position\":2,\"name\":\"Productos\",\"item\":\"https:\\\/\\\/psicopico.com\\\/shop\\\/\"},{\"@type\":\"ListItem\",\"position\":3,\"name\":\"Consulta Express\"}]},{\"@type\":\"WebSite\",\"@id\":\"https:\\\/\\\/psicopico.com\\\/#website\",\"url\":\"https:\\\/\\\/psicopico.com\\\/\",\"name\":\"PsicoPico\",\"description\":\"Psicopico - Psicolox\u00eda Online por Iv\u00e1n Pico\",\"publisher\":{\"@id\":\"https:\\\/\\\/psicopico.com\\\/#organization\"},\"potentialAction\":[{\"@type\":\"SearchAction\",\"target\":{\"@type\":\"EntryPoint\",\"urlTemplate\":\"https:\\\/\\\/psicopico.com\\\/?s={search_term_string}\"},\"query-input\":{\"@type\":\"PropertyValueSpecification\",\"valueRequired\":true,\"valueName\":\"search_term_string\"}}],\"inLanguage\":\"gal-GAL\"},{\"@type\":\"Organization\",\"@id\":\"https:\\\/\\\/psicopico.com\\\/#organization\",\"name\":\"Psicopico\",\"url\":\"https:\\\/\\\/psicopico.com\\\/\",\"logo\":{\"@type\":\"ImageObject\",\"inLanguage\":\"gal-GAL\",\"@id\":\"https:\\\/\\\/psicopico.com\\\/#\\\/schema\\\/logo\\\/image\\\/\",\"url\":\"https:\\\/\\\/i0.wp.com\\\/psicopico.com\\\/wp-content\\\/uploads\\\/2015\\\/12\\\/logowebpsicopico.png?fit=377%2C113&ssl=1\",\"contentUrl\":\"https:\\\/\\\/i0.wp.com\\\/psicopico.com\\\/wp-content\\\/uploads\\\/2015\\\/12\\\/logowebpsicopico.png?fit=377%2C113&ssl=1\",\"width\":\"377\",\"height\":\"113\",\"caption\":\"Psicopico\"},\"image\":{\"@id\":\"https:\\\/\\\/psicopico.com\\\/#\\\/schema\\\/logo\\\/image\\\/\"},\"sameAs\":[\"https:\\\/\\\/es-la.facebook.com\\\/psicopicopsicologia\\\/\",\"https:\\\/\\\/x.com\\\/psicopico\",\"https:\\\/\\\/instagram.com\\\/psicopico\",\"https:\\\/\\\/es.linkedin.com\\\/in\\\/iv\u00e1n-pico-mart\u00ednez-5bb46873\",\"https:\\\/\\\/www.pinterest.es\\\/psicopico\\\/\",\"https:\\\/\\\/www.youtube.com\\\/channel\\\/UCwM4gAydCyOv_3sBkqVb74Q\"]}]}<\/script>\n<!-- \/ Yoast SEO plugin. -->","yoast_head_json":{"title":"(Espa\u00f1ol) Consulta Express - PsicoPico","robots":{"index":"index","follow":"follow","max-snippet":"max-snippet:-1","max-image-preview":"max-image-preview:large","max-video-preview":"max-video-preview:-1"},"canonical":"https:\/\/psicopico.com\/producto\/consulta-psicologia-express\/","og_locale":"en_US","og_type":"article","og_title":"(Espa\u00f1ol) Consulta Express - PsicoPico","og_description":"[:es]   Recibe asesoramiento psicol\u00f3gico por escrito en un plazo m\u00e1ximo de 24 horas laborables.  Ideal para un primer acercamiento a un profesional de la psicolog\u00eda que te guiar\u00e1 de inmediato en tu consulta.  R\u00e1pido, seguro, confidencial, an\u00f3nimo (si quieres).  Tendr\u00e1s acceso a tu plataforma segura de sesi\u00f3n online privada hasta recibir contestaci\u00f3n detallada a tu consulta. [:]","og_url":"https:\/\/psicopico.com\/producto\/consulta-psicologia-express\/","og_site_name":"PsicoPico","article_publisher":"https:\/\/es-la.facebook.com\/psicopicopsicologia\/","article_modified_time":"2021-05-24T18:14:52+00:00","og_image":[{"width":1280,"height":730,"url":"https:\/\/i0.wp.com\/psicopico.com\/wp-content\/uploads\/2018\/04\/psicologia-online.png?fit=1280%2C730&ssl=1","type":"image\/png"}],"twitter_card":"summary_large_image","twitter_site":"@psicopico","twitter_misc":{"Est. reading time":"1 minute"},"schema":{"@context":"https:\/\/schema.org","@graph":[{"@type":"WebPage","@id":"https:\/\/psicopico.com\/producto\/consulta-psicologia-express\/","url":"https:\/\/psicopico.com\/producto\/consulta-psicologia-express\/","name":"(Espa\u00f1ol) Consulta Express - PsicoPico","isPartOf":{"@id":"https:\/\/psicopico.com\/#website"},"primaryImageOfPage":{"@id":"https:\/\/psicopico.com\/producto\/consulta-psicologia-express\/#primaryimage"},"image":{"@id":"https:\/\/psicopico.com\/producto\/consulta-psicologia-express\/#primaryimage"},"thumbnailUrl":"https:\/\/i0.wp.com\/psicopico.com\/wp-content\/uploads\/2018\/04\/psicologia-online.png?fit=1280%2C730&ssl=1","datePublished":"2018-04-16T17:19:41+00:00","dateModified":"2021-05-24T18:14:52+00:00","breadcrumb":{"@id":"https:\/\/psicopico.com\/producto\/consulta-psicologia-express\/#breadcrumb"},"inLanguage":"gal-GAL","potentialAction":[{"@type":"ReadAction","target":["https:\/\/psicopico.com\/producto\/consulta-psicologia-express\/"]}]},{"@type":"ImageObject","inLanguage":"gal-GAL","@id":"https:\/\/psicopico.com\/producto\/consulta-psicologia-express\/#primaryimage","url":"https:\/\/i0.wp.com\/psicopico.com\/wp-content\/uploads\/2018\/04\/psicologia-online.png?fit=1280%2C730&ssl=1","contentUrl":"https:\/\/i0.wp.com\/psicopico.com\/wp-content\/uploads\/2018\/04\/psicologia-online.png?fit=1280%2C730&ssl=1","width":1280,"height":730},{"@type":"BreadcrumbList","@id":"https:\/\/psicopico.com\/producto\/consulta-psicologia-express\/#breadcrumb","itemListElement":[{"@type":"ListItem","position":1,"name":"Inicio","item":"https:\/\/psicopico.com\/"},{"@type":"ListItem","position":2,"name":"Productos","item":"https:\/\/psicopico.com\/shop\/"},{"@type":"ListItem","position":3,"name":"Consulta Express"}]},{"@type":"WebSite","@id":"https:\/\/psicopico.com\/#website","url":"https:\/\/psicopico.com\/","name":"PsicoPico","description":"Psicopico - Psicolox\u00eda Online por Iv\u00e1n Pico","publisher":{"@id":"https:\/\/psicopico.com\/#organization"},"potentialAction":[{"@type":"SearchAction","target":{"@type":"EntryPoint","urlTemplate":"https:\/\/psicopico.com\/?s={search_term_string}"},"query-input":{"@type":"PropertyValueSpecification","valueRequired":true,"valueName":"search_term_string"}}],"inLanguage":"gal-GAL"},{"@type":"Organization","@id":"https:\/\/psicopico.com\/#organization","name":"Psicopico","url":"https:\/\/psicopico.com\/","logo":{"@type":"ImageObject","inLanguage":"gal-GAL","@id":"https:\/\/psicopico.com\/#\/schema\/logo\/image\/","url":"https:\/\/i0.wp.com\/psicopico.com\/wp-content\/uploads\/2015\/12\/logowebpsicopico.png?fit=377%2C113&ssl=1","contentUrl":"https:\/\/i0.wp.com\/psicopico.com\/wp-content\/uploads\/2015\/12\/logowebpsicopico.png?fit=377%2C113&ssl=1","width":"377","height":"113","caption":"Psicopico"},"image":{"@id":"https:\/\/psicopico.com\/#\/schema\/logo\/image\/"},"sameAs":["https:\/\/es-la.facebook.com\/psicopicopsicologia\/","https:\/\/x.com\/psicopico","https:\/\/instagram.com\/psicopico","https:\/\/es.linkedin.com\/in\/iv\u00e1n-pico-mart\u00ednez-5bb46873","https:\/\/www.pinterest.es\/psicopico\/","https:\/\/www.youtube.com\/channel\/UCwM4gAydCyOv_3sBkqVb74Q"]}]}},"jetpack_sharing_enabled":true,"_links":{"self":[{"href":"https:\/\/psicopico.com\/gl\/wp-json\/wp\/v2\/product\/4259","targetHints":{"allow":["GET"]}}],"collection":[{"href":"https:\/\/psicopico.com\/gl\/wp-json\/wp\/v2\/product"}],"about":[{"href":"https:\/\/psicopico.com\/gl\/wp-json\/wp\/v2\/types\/product"}],"wp:featuredmedia":[{"embeddable":true,"href":"https:\/\/psicopico.com\/gl\/wp-json\/wp\/v2\/media\/4263"}],"wp:attachment":[{"href":"https:\/\/psicopico.com\/gl\/wp-json\/wp\/v2\/media?parent=4259"}],"wp:term":[{"taxonomy":"product_brand","embeddable":true,"href":"https:\/\/psicopico.com\/gl\/wp-json\/wp\/v2\/product_brand?post=4259"},{"taxonomy":"product_cat","embeddable":true,"href":"https:\/\/psicopico.com\/gl\/wp-json\/wp\/v2\/product_cat?post=4259"},{"taxonomy":"product_tag","embeddable":true,"href":"https:\/\/psicopico.com\/gl\/wp-json\/wp\/v2\/product_tag?post=4259"}],"curies":[{"name":"wp","href":"https:\/\/api.w.org\/{rel}","templated":true}]}}