{"id":8846,"date":"2023-02-22T21:28:03","date_gmt":"2023-02-22T20:28:03","guid":{"rendered":"https:\/\/psicopico.com\/?page_id=8846"},"modified":"2023-02-23T18:37:48","modified_gmt":"2023-02-23T17:37:48","slug":"libros-de-psicologia-recomendados","status":"publish","type":"page","link":"https:\/\/psicopico.com\/gl\/libros-de-psicologia-recomendados\/","title":{"rendered":"(Espa\u00f1ol) Libros de Psicolog\u00eda Recomendados"},"content":{"rendered":"<p class=\"qtranxs-available-languages-message qtranxs-available-languages-message-gl\">Esta noticia non est\u00e1 dispo\u00f1ible en galego...sent\u00edmolo. Proba en castel\u00e1n. Apertas! For the sake of viewer convenience, the content is shown below in the alternative language. You may click the link to switch the active language.<\/p><h2>Recomendados: descubre los mejores t\u00edtulos de autores de renombre en el campo de la psicolog\u00eda<\/h2>\n<p>Aqu\u00ed encontrar\u00e1s una selecci\u00f3n cuidadosamente curada de los mejores libros de psicolog\u00eda de renombrados autores en el campo, como Daniel Kahneman, Carol Dweck, Martin Seligman y muchos m\u00e1s. Nuestro objetivo es proporcionarte una experiencia de compra agradable y satisfactoria, ofreci\u00e9ndote libros que te ayudar\u00e1n a comprender mejor la mente humana, a desarrollar habilidades emocionales y a mejorar tu bienestar emocional. Nuestros libros son perfectos tanto para profesionales en el campo de la psicolog\u00eda como para aquellos que simplemente buscan aprender m\u00e1s acerca de s\u00ed mismos y del mundo que los rodea.<\/p>\n<h2>\u00daltimas novedades en libros de psicolog\u00eda recomendados<\/h2>\n<p><iframe style=\"width: 120px; height: 240px;\" src=\"\/\/rcm-eu.amazon-adsystem.com\/e\/cm?lt1=_blank&amp;bc1=000000&amp;IS2=1&amp;bg1=FFFFFF&amp;fc1=000000&amp;lc1=0000FF&amp;t=psicopico-21&amp;language=es_ES&amp;o=30&amp;p=8&amp;l=as4&amp;m=amazon&amp;f=ifr&amp;ref=as_ss_li_til&amp;asins=8419248304&amp;linkId=96ac55f2459a01c8f4bc751ddc12ceff\" frameborder=\"0\" marginwidth=\"0\" marginheight=\"0\" scrolling=\"no\" sandbox=\"allow-popups allow-scripts allow-modals allow-forms allow-same-origin\"><\/iframe>\u00a0 \u00a0 \u00a0<iframe style=\"width: 120px; height: 240px;\" src=\"\/\/rcm-eu.amazon-adsystem.com\/e\/cm?lt1=_blank&amp;bc1=000000&amp;IS2=1&amp;bg1=FFFFFF&amp;fc1=000000&amp;lc1=0000FF&amp;t=psicopico-21&amp;language=es_ES&amp;o=30&amp;p=8&amp;l=as4&amp;m=amazon&amp;f=ifr&amp;ref=as_ss_li_til&amp;asins=842705081X&amp;linkId=b16a83418f6a148af2eeee2aeced0fcd\" frameborder=\"0\" marginwidth=\"0\" marginheight=\"0\" scrolling=\"no\" sandbox=\"allow-popups allow-scripts allow-modals allow-forms allow-same-origin\"><\/iframe>\u00a0 \u00a0 \u00a0<iframe style=\"width: 120px; height: 240px;\" src=\"\/\/rcm-eu.amazon-adsystem.com\/e\/cm?lt1=_blank&amp;bc1=000000&amp;IS2=1&amp;bg1=FFFFFF&amp;fc1=000000&amp;lc1=0000FF&amp;t=psicopico-21&amp;language=es_ES&amp;o=30&amp;p=8&amp;l=as4&amp;m=amazon&amp;f=ifr&amp;ref=as_ss_li_til&amp;asins=8418594683&amp;linkId=3b6cff65ec33e6c77c3d5b74044593c5\" frameborder=\"0\" marginwidth=\"0\" marginheight=\"0\" scrolling=\"no\" sandbox=\"allow-popups allow-scripts allow-modals allow-forms allow-same-origin\"><\/iframe>\u00a0 \u00a0 \u00a0<iframe style=\"width: 120px; height: 240px;\" src=\"\/\/rcm-eu.amazon-adsystem.com\/e\/cm?lt1=_blank&amp;bc1=000000&amp;IS2=1&amp;bg1=FFFFFF&amp;fc1=000000&amp;lc1=0000FF&amp;t=psicopico-21&amp;language=es_ES&amp;o=30&amp;p=8&amp;l=as4&amp;m=amazon&amp;f=ifr&amp;ref=as_ss_li_til&amp;asins=B0BGFHKJP6&amp;linkId=3b9dc8267037ff224aa9da7aeaa0b1e7\" frameborder=\"0\" marginwidth=\"0\" marginheight=\"0\" scrolling=\"no\" sandbox=\"allow-popups allow-scripts allow-modals allow-forms allow-same-origin\"><\/iframe>\u00a0 \u00a0\u00a0 <iframe style=\"width: 120px; height: 240px;\" src=\"\/\/rcm-eu.amazon-adsystem.com\/e\/cm?lt1=_blank&amp;bc1=000000&amp;IS2=1&amp;bg1=FFFFFF&amp;fc1=000000&amp;lc1=0000FF&amp;t=psicopico-21&amp;language=es_ES&amp;o=30&amp;p=8&amp;l=as4&amp;m=amazon&amp;f=ifr&amp;ref=as_ss_li_til&amp;asins=8498750784&amp;linkId=b5e2c30ea8cb6177cb78e17d3496e8e7\" frameborder=\"0\" marginwidth=\"0\" marginheight=\"0\" scrolling=\"no\" sandbox=\"allow-popups allow-scripts allow-modals allow-forms allow-same-origin\"><\/iframe>\u00a0 \u00a0<iframe style=\"width: 120px; height: 240px;\" src=\"\/\/rcm-eu.amazon-adsystem.com\/e\/cm?lt1=_blank&amp;bc1=000000&amp;IS2=1&amp;bg1=FFFFFF&amp;fc1=000000&amp;lc1=0000FF&amp;t=psicopico-21&amp;language=es_ES&amp;o=30&amp;p=8&amp;l=as4&amp;m=amazon&amp;f=ifr&amp;ref=as_ss_li_til&amp;asins=8402427790&amp;linkId=9f0401a3073cc79b800ed63ef706f3df\" frameborder=\"0\" marginwidth=\"0\" marginheight=\"0\" scrolling=\"no\" sandbox=\"allow-popups allow-scripts allow-modals allow-forms allow-same-origin\"><\/iframe><\/p>\n<p>&nbsp;<\/p>\n<p>&nbsp;<\/p>\n<h2>Cl\u00e1sicos recomendados<\/h2>\n<p><iframe style=\"width: 120px; height: 240px;\" src=\"\/\/rcm-eu.amazon-adsystem.com\/e\/cm?lt1=_blank&amp;bc1=000000&amp;IS2=1&amp;bg1=FFFFFF&amp;fc1=000000&amp;lc1=0000FF&amp;t=psicopico-21&amp;language=es_ES&amp;o=30&amp;p=8&amp;l=as4&amp;m=amazon&amp;f=ifr&amp;ref=as_ss_li_til&amp;asins=8490322503&amp;linkId=cbba468f9e0b551c91fdaff224c68c65\" frameborder=\"0\" marginwidth=\"0\" marginheight=\"0\" scrolling=\"no\" sandbox=\"allow-popups allow-scripts allow-modals allow-forms allow-same-origin\"><\/iframe>\u00a0 \u00a0<iframe style=\"width: 120px; height: 240px;\" src=\"\/\/rcm-eu.amazon-adsystem.com\/e\/cm?lt1=_blank&amp;bc1=000000&amp;IS2=1&amp;bg1=FFFFFF&amp;fc1=000000&amp;lc1=0000FF&amp;t=psicopico-21&amp;language=es_ES&amp;o=30&amp;p=8&amp;l=as4&amp;m=amazon&amp;f=ifr&amp;ref=as_ss_li_til&amp;asins=8499085520&amp;linkId=2b70446eaf0248644da7025d2e5274af\" frameborder=\"0\" marginwidth=\"0\" marginheight=\"0\" scrolling=\"no\" sandbox=\"allow-popups allow-scripts allow-modals allow-forms allow-same-origin\"><\/iframe>\u00a0 <iframe style=\"width: 120px; height: 240px;\" src=\"\/\/rcm-eu.amazon-adsystem.com\/e\/cm?lt1=_blank&amp;bc1=000000&amp;IS2=1&amp;bg1=FFFFFF&amp;fc1=000000&amp;lc1=0000FF&amp;t=psicopico-21&amp;language=es_ES&amp;o=30&amp;p=8&amp;l=as4&amp;m=amazon&amp;f=ifr&amp;ref=as_ss_li_til&amp;asins=8449332885&amp;linkId=7c69f7a44dd07f4e37fc3b10215252a4\" frameborder=\"0\" marginwidth=\"0\" marginheight=\"0\" scrolling=\"no\" sandbox=\"allow-popups allow-scripts allow-modals allow-forms allow-same-origin\"><\/iframe>\u00a0 \u00a0<iframe style=\"width: 120px; height: 240px;\" src=\"\/\/rcm-eu.amazon-adsystem.com\/e\/cm?lt1=_blank&amp;bc1=000000&amp;IS2=1&amp;bg1=FFFFFF&amp;fc1=000000&amp;lc1=0000FF&amp;t=psicopico-21&amp;language=es_ES&amp;o=30&amp;p=8&amp;l=as4&amp;m=amazon&amp;f=ifr&amp;ref=as_ss_li_til&amp;asins=8430605916&amp;linkId=9e17c61eae2c3b687717de229f12f7d2\" frameborder=\"0\" marginwidth=\"0\" marginheight=\"0\" scrolling=\"no\" sandbox=\"allow-popups allow-scripts allow-modals allow-forms allow-same-origin\"><\/iframe>","protected":false},"excerpt":{"rendered":"<p>Esta noticia non est\u00e1 dispo\u00f1ible en galego&#8230;sent\u00edmolo. Proba en castel\u00e1n. Apertas! For the sake of viewer convenience, the content is shown below in the alternative language. You may click the link to switch the active language.Recomendados: descubre los mejores t\u00edtulos de autores de renombre en el campo de la psicolog\u00eda Aqu\u00ed encontrar\u00e1s una selecci\u00f3n cuidadosamente [&hellip;]<\/p>\n","protected":false},"author":1,"featured_media":0,"parent":0,"menu_order":0,"comment_status":"closed","ping_status":"closed","template":"","meta":{"_joinchat":[],"footnotes":""},"class_list":["post-8846","page","type-page","status-publish","hentry"],"yoast_head":"<!-- This site is optimized with the Yoast SEO plugin v27.4 - https:\/\/yoast.com\/product\/yoast-seo-wordpress\/ -->\n<title>(Espa\u00f1ol) Libros de Psicolog\u00eda Recomendados - PsicoPico<\/title>\n<meta name=\"robots\" content=\"index, follow, max-snippet:-1, max-image-preview:large, max-video-preview:-1\" \/>\n<link rel=\"canonical\" href=\"https:\/\/psicopico.com\/libros-de-psicologia-recomendados\/\" \/>\n<meta property=\"og:locale\" content=\"en_US\" \/>\n<meta property=\"og:type\" content=\"article\" \/>\n<meta property=\"og:title\" content=\"(Espa\u00f1ol) Libros de Psicolog\u00eda Recomendados - PsicoPico\" \/>\n<meta property=\"og:description\" content=\"Esta noticia non est\u00e1 dispo\u00f1ible en galego...sent\u00edmolo. Proba en castel\u00e1n. Apertas! For the sake of viewer convenience, the content is shown below in the alternative language. You may click the link to switch the active language.Recomendados: descubre los mejores t\u00edtulos de autores de renombre en el campo de la psicolog\u00eda Aqu\u00ed encontrar\u00e1s una selecci\u00f3n cuidadosamente [&hellip;]\" \/>\n<meta property=\"og:url\" content=\"https:\/\/psicopico.com\/libros-de-psicologia-recomendados\/\" \/>\n<meta property=\"og:site_name\" content=\"PsicoPico\" \/>\n<meta property=\"article:publisher\" content=\"https:\/\/es-la.facebook.com\/psicopicopsicologia\/\" \/>\n<meta property=\"article:modified_time\" content=\"2023-02-23T17:37:48+00:00\" \/>\n<meta name=\"twitter:card\" content=\"summary_large_image\" \/>\n<meta name=\"twitter:site\" content=\"@psicopico\" \/>\n<meta name=\"twitter:label1\" content=\"Est. reading time\" \/>\n\t<meta name=\"twitter:data1\" content=\"1 minute\" \/>\n<script type=\"application\/ld+json\" class=\"yoast-schema-graph\">{\"@context\":\"https:\\\/\\\/schema.org\",\"@graph\":[{\"@type\":\"WebPage\",\"@id\":\"https:\\\/\\\/psicopico.com\\\/libros-de-psicologia-recomendados\\\/\",\"url\":\"https:\\\/\\\/psicopico.com\\\/libros-de-psicologia-recomendados\\\/\",\"name\":\"(Espa\u00f1ol) Libros de Psicolog\u00eda Recomendados - PsicoPico\",\"isPartOf\":{\"@id\":\"https:\\\/\\\/psicopico.com\\\/#website\"},\"datePublished\":\"2023-02-22T20:28:03+00:00\",\"dateModified\":\"2023-02-23T17:37:48+00:00\",\"breadcrumb\":{\"@id\":\"https:\\\/\\\/psicopico.com\\\/libros-de-psicologia-recomendados\\\/#breadcrumb\"},\"inLanguage\":\"gal-GAL\",\"potentialAction\":[{\"@type\":\"ReadAction\",\"target\":[\"https:\\\/\\\/psicopico.com\\\/libros-de-psicologia-recomendados\\\/\"]}]},{\"@type\":\"BreadcrumbList\",\"@id\":\"https:\\\/\\\/psicopico.com\\\/libros-de-psicologia-recomendados\\\/#breadcrumb\",\"itemListElement\":[{\"@type\":\"ListItem\",\"position\":1,\"name\":\"Inicio\",\"item\":\"https:\\\/\\\/psicopico.com\\\/\"},{\"@type\":\"ListItem\",\"position\":2,\"name\":\"Libros de Psicolog\u00eda Recomendados\"}]},{\"@type\":\"WebSite\",\"@id\":\"https:\\\/\\\/psicopico.com\\\/#website\",\"url\":\"https:\\\/\\\/psicopico.com\\\/\",\"name\":\"PsicoPico\",\"description\":\"Psicopico - Psicolox\u00eda Online por Iv\u00e1n Pico\",\"publisher\":{\"@id\":\"https:\\\/\\\/psicopico.com\\\/#organization\"},\"potentialAction\":[{\"@type\":\"SearchAction\",\"target\":{\"@type\":\"EntryPoint\",\"urlTemplate\":\"https:\\\/\\\/psicopico.com\\\/?s={search_term_string}\"},\"query-input\":{\"@type\":\"PropertyValueSpecification\",\"valueRequired\":true,\"valueName\":\"search_term_string\"}}],\"inLanguage\":\"gal-GAL\"},{\"@type\":\"Organization\",\"@id\":\"https:\\\/\\\/psicopico.com\\\/#organization\",\"name\":\"Psicopico\",\"url\":\"https:\\\/\\\/psicopico.com\\\/\",\"logo\":{\"@type\":\"ImageObject\",\"inLanguage\":\"gal-GAL\",\"@id\":\"https:\\\/\\\/psicopico.com\\\/#\\\/schema\\\/logo\\\/image\\\/\",\"url\":\"https:\\\/\\\/i0.wp.com\\\/psicopico.com\\\/wp-content\\\/uploads\\\/2015\\\/12\\\/logowebpsicopico.png?fit=377%2C113&ssl=1\",\"contentUrl\":\"https:\\\/\\\/i0.wp.com\\\/psicopico.com\\\/wp-content\\\/uploads\\\/2015\\\/12\\\/logowebpsicopico.png?fit=377%2C113&ssl=1\",\"width\":\"377\",\"height\":\"113\",\"caption\":\"Psicopico\"},\"image\":{\"@id\":\"https:\\\/\\\/psicopico.com\\\/#\\\/schema\\\/logo\\\/image\\\/\"},\"sameAs\":[\"https:\\\/\\\/es-la.facebook.com\\\/psicopicopsicologia\\\/\",\"https:\\\/\\\/x.com\\\/psicopico\",\"https:\\\/\\\/instagram.com\\\/psicopico\",\"https:\\\/\\\/es.linkedin.com\\\/in\\\/iv\u00e1n-pico-mart\u00ednez-5bb46873\",\"https:\\\/\\\/www.pinterest.es\\\/psicopico\\\/\",\"https:\\\/\\\/www.youtube.com\\\/channel\\\/UCwM4gAydCyOv_3sBkqVb74Q\"]}]}<\/script>\n<!-- \/ Yoast SEO plugin. -->","yoast_head_json":{"title":"(Espa\u00f1ol) Libros de Psicolog\u00eda Recomendados - PsicoPico","robots":{"index":"index","follow":"follow","max-snippet":"max-snippet:-1","max-image-preview":"max-image-preview:large","max-video-preview":"max-video-preview:-1"},"canonical":"https:\/\/psicopico.com\/libros-de-psicologia-recomendados\/","og_locale":"en_US","og_type":"article","og_title":"(Espa\u00f1ol) Libros de Psicolog\u00eda Recomendados - PsicoPico","og_description":"Esta noticia non est\u00e1 dispo\u00f1ible en galego...sent\u00edmolo. Proba en castel\u00e1n. Apertas! For the sake of viewer convenience, the content is shown below in the alternative language. You may click the link to switch the active language.Recomendados: descubre los mejores t\u00edtulos de autores de renombre en el campo de la psicolog\u00eda Aqu\u00ed encontrar\u00e1s una selecci\u00f3n cuidadosamente [&hellip;]","og_url":"https:\/\/psicopico.com\/libros-de-psicologia-recomendados\/","og_site_name":"PsicoPico","article_publisher":"https:\/\/es-la.facebook.com\/psicopicopsicologia\/","article_modified_time":"2023-02-23T17:37:48+00:00","twitter_card":"summary_large_image","twitter_site":"@psicopico","twitter_misc":{"Est. reading time":"1 minute"},"schema":{"@context":"https:\/\/schema.org","@graph":[{"@type":"WebPage","@id":"https:\/\/psicopico.com\/libros-de-psicologia-recomendados\/","url":"https:\/\/psicopico.com\/libros-de-psicologia-recomendados\/","name":"(Espa\u00f1ol) Libros de Psicolog\u00eda Recomendados - PsicoPico","isPartOf":{"@id":"https:\/\/psicopico.com\/#website"},"datePublished":"2023-02-22T20:28:03+00:00","dateModified":"2023-02-23T17:37:48+00:00","breadcrumb":{"@id":"https:\/\/psicopico.com\/libros-de-psicologia-recomendados\/#breadcrumb"},"inLanguage":"gal-GAL","potentialAction":[{"@type":"ReadAction","target":["https:\/\/psicopico.com\/libros-de-psicologia-recomendados\/"]}]},{"@type":"BreadcrumbList","@id":"https:\/\/psicopico.com\/libros-de-psicologia-recomendados\/#breadcrumb","itemListElement":[{"@type":"ListItem","position":1,"name":"Inicio","item":"https:\/\/psicopico.com\/"},{"@type":"ListItem","position":2,"name":"Libros de Psicolog\u00eda Recomendados"}]},{"@type":"WebSite","@id":"https:\/\/psicopico.com\/#website","url":"https:\/\/psicopico.com\/","name":"PsicoPico","description":"Psicopico - Psicolox\u00eda Online por Iv\u00e1n Pico","publisher":{"@id":"https:\/\/psicopico.com\/#organization"},"potentialAction":[{"@type":"SearchAction","target":{"@type":"EntryPoint","urlTemplate":"https:\/\/psicopico.com\/?s={search_term_string}"},"query-input":{"@type":"PropertyValueSpecification","valueRequired":true,"valueName":"search_term_string"}}],"inLanguage":"gal-GAL"},{"@type":"Organization","@id":"https:\/\/psicopico.com\/#organization","name":"Psicopico","url":"https:\/\/psicopico.com\/","logo":{"@type":"ImageObject","inLanguage":"gal-GAL","@id":"https:\/\/psicopico.com\/#\/schema\/logo\/image\/","url":"https:\/\/i0.wp.com\/psicopico.com\/wp-content\/uploads\/2015\/12\/logowebpsicopico.png?fit=377%2C113&ssl=1","contentUrl":"https:\/\/i0.wp.com\/psicopico.com\/wp-content\/uploads\/2015\/12\/logowebpsicopico.png?fit=377%2C113&ssl=1","width":"377","height":"113","caption":"Psicopico"},"image":{"@id":"https:\/\/psicopico.com\/#\/schema\/logo\/image\/"},"sameAs":["https:\/\/es-la.facebook.com\/psicopicopsicologia\/","https:\/\/x.com\/psicopico","https:\/\/instagram.com\/psicopico","https:\/\/es.linkedin.com\/in\/iv\u00e1n-pico-mart\u00ednez-5bb46873","https:\/\/www.pinterest.es\/psicopico\/","https:\/\/www.youtube.com\/channel\/UCwM4gAydCyOv_3sBkqVb74Q"]}]}},"jetpack_shortlink":"https:\/\/wp.me\/P6Zx58-2iG","jetpack_sharing_enabled":true,"_links":{"self":[{"href":"https:\/\/psicopico.com\/gl\/wp-json\/wp\/v2\/pages\/8846","targetHints":{"allow":["GET"]}}],"collection":[{"href":"https:\/\/psicopico.com\/gl\/wp-json\/wp\/v2\/pages"}],"about":[{"href":"https:\/\/psicopico.com\/gl\/wp-json\/wp\/v2\/types\/page"}],"author":[{"embeddable":true,"href":"https:\/\/psicopico.com\/gl\/wp-json\/wp\/v2\/users\/1"}],"replies":[{"embeddable":true,"href":"https:\/\/psicopico.com\/gl\/wp-json\/wp\/v2\/comments?post=8846"}],"version-history":[{"count":0,"href":"https:\/\/psicopico.com\/gl\/wp-json\/wp\/v2\/pages\/8846\/revisions"}],"wp:attachment":[{"href":"https:\/\/psicopico.com\/gl\/wp-json\/wp\/v2\/media?parent=8846"}],"curies":[{"name":"wp","href":"https:\/\/api.w.org\/{rel}","templated":true}]}}