{"id":8807,"date":"2023-02-22T20:49:26","date_gmt":"2023-02-22T19:49:26","guid":{"rendered":"https:\/\/psicopico.com\/?page_id=8807"},"modified":"2023-09-01T22:31:22","modified_gmt":"2023-09-01T21:31:22","slug":"libros-psicologia","status":"publish","type":"page","link":"https:\/\/psicopico.com\/gl\/libros-psicologia\/","title":{"rendered":"Biblioteca"},"content":{"rendered":"<p class=\"qtranxs-available-languages-message qtranxs-available-languages-message-gl\">Esta noticia non est\u00e1 dispo\u00f1ible en galego...sent\u00edmolo. Proba en castel\u00e1n. Apertas! For the sake of viewer convenience, the content is shown below in the alternative language. You may click the link to switch the active language.<\/p>Desde cl\u00e1sicos de la psicolog\u00eda hasta los \u00faltimos avances en neurociencia y comportamiento humano, aqu\u00ed tienes una selecci\u00f3n de libros que te brindan acceso a una gran variedad de enfoques y perspectivas para ayudarte a entender la mente humana.<\/p>\n<h2>Para psic\u00f3logos, estudiantes y aficionados: descubre los mejores libros de psicolog\u00eda<\/h2>\n<p><strong><a href=\"https:\/\/psicopico.com\/libros-de-psicologia-recomendados\/\">Ver libros recomendados<\/a><\/strong><\/p>\n<p>As\u00ed que, \u00bfpor qu\u00e9 esperar? Comienza tu viaje hacia una mejor comprensi\u00f3n de ti mismo y de los dem\u00e1s con esta selecci\u00f3n de libros de psicolog\u00eda.<\/p>\n<h2>Categor\u00edas<\/h2>\n<p>Para que no te pierdas ninguna tem\u00e1tica, hemos ordenado algunos de los temas m\u00e1s comunes en el mundo de la psicolog\u00eda para que explores entre el amplio cat\u00e1logo. No olvides revisar nuestros libros recomendados.<\/p>\n<ul>\n<li><a href=\"https:\/\/www.amazon.es\/gp\/search?ie=UTF8&amp;tag=psicopico-21&amp;linkCode=ur2&amp;linkId=718aa5e1b87977e973601c92f57fa4b3&amp;camp=3638&amp;creative=24630&amp;index=books&amp;keywords=libros psicologia uned\">Psicolog\u00eda UNED<\/a><\/li>\n<li><a href=\"https:\/\/www.amazon.es\/gp\/search?ie=UTF8&amp;tag=psicopico-21&amp;linkCode=ur2&amp;linkId=9c3d74224db3115ccbe6baa5b5ae4331&amp;camp=3638&amp;creative=24630&amp;index=books&amp;keywords=psicolog\u00eda cl\u00ednica\">Psicolog\u00eda cl\u00ednica<\/a><\/li>\n<li style=\"text-align: left;\"><a href=\"https:\/\/www.amazon.es\/gp\/search?ie=UTF8&amp;tag=psicopico-21&amp;linkCode=ur2&amp;linkId=45fc48d03bae27e86a0ed6584bb1dce3&amp;camp=3638&amp;creative=24630&amp;index=books&amp;keywords=psicolog\u00eda infantil\">Psicolog\u00eda infantil<\/a><\/li>\n<li style=\"text-align: left;\"><a href=\"https:\/\/www.amazon.es\/gp\/search?ie=UTF8&amp;tag=psicopico-21&amp;linkCode=ur2&amp;linkId=134cbf1c75a59de721a6af233bccae31&amp;camp=3638&amp;creative=24630&amp;index=books&amp;keywords=psicolog\u00eda deportiva\">Psicolog\u00eda deportiva<\/a><\/li>\n<li style=\"text-align: left;\"><a href=\"https:\/\/amzn.to\/40GSaP1\">Psicolog\u00eda social<\/a><\/li>\n<li style=\"text-align: left;\"><a href=\"https:\/\/amzn.to\/438bN43\">Psicolog\u00eda cognitiva<\/a><\/li>\n<li style=\"text-align: left;\"><a href=\"https:\/\/amzn.to\/3ZGQJ1F\">Psicolog\u00eda del desarrollo<\/a><\/li>\n<li style=\"text-align: left;\"><a href=\"https:\/\/amzn.to\/3Ml0Ar6\">Psicolog\u00eda educativa<\/a><\/li>\n<li style=\"text-align: left;\"><a href=\"https:\/\/amzn.to\/3nSepmk\">Psicolog\u00eda forense<\/a><\/li>\n<li style=\"text-align: left;\"><a href=\"https:\/\/amzn.to\/3KC82Ni\">Psicolog\u00eda positiva<\/a><\/li>\n<li style=\"text-align: left;\"><a href=\"https:\/\/amzn.to\/3KBWHNb\">Neuropsicolog\u00eda<\/a><\/li>\n<li style=\"text-align: left;\"><a href=\"https:\/\/amzn.to\/3ZJ25Cf\">Psicolog\u00eda de la personalidad<\/a><\/li>\n<li style=\"text-align: left;\"><a href=\"https:\/\/amzn.to\/3nP25DL\">Psicopatolog\u00eda<\/a><\/li>\n<li style=\"text-align: left;\"><a href=\"https:\/\/amzn.to\/3ZCWq0E\">Psicolog\u00eda de la salud<\/a><\/li>\n<li style=\"text-align: left;\"><a href=\"https:\/\/amzn.to\/3KabgpO\">Psicolog\u00eda del trabajo y organizacional<\/a><\/li>\n<li style=\"text-align: left;\"><a href=\"https:\/\/amzn.to\/3m5ZVyZ\">Psicolog\u00eda transpersonal<\/a><\/li>\n<li style=\"text-align: left;\"><a href=\"https:\/\/amzn.to\/3KziUew\">Psicolog\u00eda evolutiva<\/a><\/li>\n<li style=\"text-align: left;\"><a href=\"https:\/\/amzn.to\/3GGC5kz\">Psicolog\u00eda ambiental<\/a><\/li>\n<li style=\"text-align: left;\"><a href=\"https:\/\/amzn.to\/3U9xmgs\">Psicolog\u00eda de la emoci\u00f3n<\/a><\/li>\n<li style=\"text-align: left;\"><a href=\"https:\/\/amzn.to\/3U9Qf2O\">Psicolog\u00eda comparada<\/a><\/li>\n<li style=\"text-align: left;\"><a href=\"https:\/\/amzn.to\/3UaZQGM\">Psicolog\u00eda cultural<\/a><\/li>\n<\/ul>\n<p><strong><a href=\"https:\/\/www.amazon.es\/gp\/search?ie=UTF8&amp;tag=psicopico-21&amp;linkCode=ur2&amp;linkId=d332709045169e36c1e058872c4af5a4&amp;camp=3638&amp;creative=24630&amp;index=books&amp;keywords=libro psicolog\u00eda\" target=\"_blank\" rel=\"noopener\">Ver todos los libros sobre Psicolog\u00eda<\/a><\/strong><\/p>\n<h2>\u00daltimas novedades en libros de psicolog\u00eda recomendados<\/h2>\n<p><iframe style=\"width: 120px; height: 240px;\" src=\"\/\/rcm-eu.amazon-adsystem.com\/e\/cm?lt1=_blank&amp;bc1=000000&amp;IS2=1&amp;bg1=FFFFFF&amp;fc1=000000&amp;lc1=0000FF&amp;t=psicopico-21&amp;language=es_ES&amp;o=30&amp;p=8&amp;l=as4&amp;m=amazon&amp;f=ifr&amp;ref=as_ss_li_til&amp;asins=8419248304&amp;linkId=96ac55f2459a01c8f4bc751ddc12ceff\" frameborder=\"0\" marginwidth=\"0\" marginheight=\"0\" scrolling=\"no\" sandbox=\"allow-popups allow-scripts allow-modals allow-forms allow-same-origin\" data-mce-fragment=\"1\"><\/iframe>\u00a0 \u00a0 \u00a0<iframe style=\"width: 120px; height: 240px;\" src=\"\/\/rcm-eu.amazon-adsystem.com\/e\/cm?lt1=_blank&amp;bc1=000000&amp;IS2=1&amp;bg1=FFFFFF&amp;fc1=000000&amp;lc1=0000FF&amp;t=psicopico-21&amp;language=es_ES&amp;o=30&amp;p=8&amp;l=as4&amp;m=amazon&amp;f=ifr&amp;ref=as_ss_li_til&amp;asins=842705081X&amp;linkId=b16a83418f6a148af2eeee2aeced0fcd\" frameborder=\"0\" marginwidth=\"0\" marginheight=\"0\" scrolling=\"no\" sandbox=\"allow-popups allow-scripts allow-modals allow-forms allow-same-origin\" data-mce-fragment=\"1\"><\/iframe>\u00a0 \u00a0 \u00a0<iframe style=\"width: 120px; height: 240px;\" src=\"\/\/rcm-eu.amazon-adsystem.com\/e\/cm?lt1=_blank&amp;bc1=000000&amp;IS2=1&amp;bg1=FFFFFF&amp;fc1=000000&amp;lc1=0000FF&amp;t=psicopico-21&amp;language=es_ES&amp;o=30&amp;p=8&amp;l=as4&amp;m=amazon&amp;f=ifr&amp;ref=as_ss_li_til&amp;asins=8418594683&amp;linkId=3b6cff65ec33e6c77c3d5b74044593c5\" frameborder=\"0\" marginwidth=\"0\" marginheight=\"0\" scrolling=\"no\" sandbox=\"allow-popups allow-scripts allow-modals allow-forms allow-same-origin\" data-mce-fragment=\"1\"><\/iframe>\u00a0 \u00a0 \u00a0<iframe style=\"width: 120px; height: 240px;\" src=\"\/\/rcm-eu.amazon-adsystem.com\/e\/cm?lt1=_blank&amp;bc1=000000&amp;IS2=1&amp;bg1=FFFFFF&amp;fc1=000000&amp;lc1=0000FF&amp;t=psicopico-21&amp;language=es_ES&amp;o=30&amp;p=8&amp;l=as4&amp;m=amazon&amp;f=ifr&amp;ref=as_ss_li_til&amp;asins=B0BGFHKJP6&amp;linkId=3b9dc8267037ff224aa9da7aeaa0b1e7\" frameborder=\"0\" marginwidth=\"0\" marginheight=\"0\" scrolling=\"no\" sandbox=\"allow-popups allow-scripts allow-modals allow-forms allow-same-origin\" data-mce-fragment=\"1\"><\/iframe>\u00a0 \u00a0 \u00a0 <iframe style=\"width: 120px; height: 240px;\" src=\"\/\/rcm-eu.amazon-adsystem.com\/e\/cm?lt1=_blank&amp;bc1=000000&amp;IS2=1&amp;bg1=FFFFFF&amp;fc1=000000&amp;lc1=0000FF&amp;t=psicopico-21&amp;language=es_ES&amp;o=30&amp;p=8&amp;l=as4&amp;m=amazon&amp;f=ifr&amp;ref=as_ss_li_til&amp;asins=8402427790&amp;linkId=9f0401a3073cc79b800ed63ef706f3df\" frameborder=\"0\" marginwidth=\"0\" marginheight=\"0\" scrolling=\"no\" sandbox=\"allow-popups allow-scripts allow-modals allow-forms allow-same-origin\" data-mce-fragment=\"1\"><\/iframe>","protected":false},"excerpt":{"rendered":"<p>Esta noticia non est\u00e1 dispo\u00f1ible en galego&#8230;sent\u00edmolo. Proba en castel\u00e1n. Apertas! For the sake of viewer convenience, the content is shown below in the alternative language. You may click the link to switch the active language.Desde cl\u00e1sicos de la psicolog\u00eda hasta los \u00faltimos avances en neurociencia y comportamiento humano, aqu\u00ed tienes una selecci\u00f3n de libros [&hellip;]<\/p>\n","protected":false},"author":1,"featured_media":8843,"parent":0,"menu_order":0,"comment_status":"closed","ping_status":"closed","template":"template-full-width.php","meta":{"_joinchat":[],"footnotes":""},"class_list":["post-8807","page","type-page","status-publish","has-post-thumbnail","hentry"],"yoast_head":"<!-- This site is optimized with the Yoast SEO plugin v27.4 - https:\/\/yoast.com\/product\/yoast-seo-wordpress\/ -->\n<title>Biblioteca - PsicoPico<\/title>\n<meta name=\"robots\" content=\"index, follow, max-snippet:-1, max-image-preview:large, max-video-preview:-1\" \/>\n<link rel=\"canonical\" href=\"https:\/\/psicopico.com\/libros-psicologia\/\" \/>\n<meta property=\"og:locale\" content=\"en_US\" \/>\n<meta property=\"og:type\" content=\"article\" \/>\n<meta property=\"og:title\" content=\"Biblioteca - PsicoPico\" \/>\n<meta property=\"og:description\" content=\"Esta noticia non est\u00e1 dispo\u00f1ible en galego...sent\u00edmolo. Proba en castel\u00e1n. Apertas! For the sake of viewer convenience, the content is shown below in the alternative language. You may click the link to switch the active language.Desde cl\u00e1sicos de la psicolog\u00eda hasta los \u00faltimos avances en neurociencia y comportamiento humano, aqu\u00ed tienes una selecci\u00f3n de libros [&hellip;]\" \/>\n<meta property=\"og:url\" content=\"https:\/\/psicopico.com\/libros-psicologia\/\" \/>\n<meta property=\"og:site_name\" content=\"PsicoPico\" \/>\n<meta property=\"article:publisher\" content=\"https:\/\/es-la.facebook.com\/psicopicopsicologia\/\" \/>\n<meta property=\"article:modified_time\" content=\"2023-09-01T21:31:22+00:00\" \/>\n<meta property=\"og:image\" content=\"https:\/\/psicopico.com\/wp-content\/uploads\/2023\/02\/libros-psicologia-.png\" \/>\n\t<meta property=\"og:image:width\" content=\"770\" \/>\n\t<meta property=\"og:image:height\" content=\"115\" \/>\n\t<meta property=\"og:image:type\" content=\"image\/png\" \/>\n<meta name=\"twitter:card\" content=\"summary_large_image\" \/>\n<meta name=\"twitter:site\" content=\"@psicopico\" \/>\n<meta name=\"twitter:label1\" content=\"Est. reading time\" \/>\n\t<meta name=\"twitter:data1\" content=\"1 minute\" \/>\n<script type=\"application\/ld+json\" class=\"yoast-schema-graph\">{\"@context\":\"https:\\\/\\\/schema.org\",\"@graph\":[{\"@type\":\"WebPage\",\"@id\":\"https:\\\/\\\/psicopico.com\\\/libros-psicologia\\\/\",\"url\":\"https:\\\/\\\/psicopico.com\\\/libros-psicologia\\\/\",\"name\":\"Biblioteca - PsicoPico\",\"isPartOf\":{\"@id\":\"https:\\\/\\\/psicopico.com\\\/#website\"},\"primaryImageOfPage\":{\"@id\":\"https:\\\/\\\/psicopico.com\\\/libros-psicologia\\\/#primaryimage\"},\"image\":{\"@id\":\"https:\\\/\\\/psicopico.com\\\/libros-psicologia\\\/#primaryimage\"},\"thumbnailUrl\":\"https:\\\/\\\/i0.wp.com\\\/psicopico.com\\\/wp-content\\\/uploads\\\/2023\\\/02\\\/libros-psicologia-.png?fit=770%2C115&ssl=1\",\"datePublished\":\"2023-02-22T19:49:26+00:00\",\"dateModified\":\"2023-09-01T21:31:22+00:00\",\"breadcrumb\":{\"@id\":\"https:\\\/\\\/psicopico.com\\\/libros-psicologia\\\/#breadcrumb\"},\"inLanguage\":\"gal-GAL\",\"potentialAction\":[{\"@type\":\"ReadAction\",\"target\":[\"https:\\\/\\\/psicopico.com\\\/libros-psicologia\\\/\"]}]},{\"@type\":\"ImageObject\",\"inLanguage\":\"gal-GAL\",\"@id\":\"https:\\\/\\\/psicopico.com\\\/libros-psicologia\\\/#primaryimage\",\"url\":\"https:\\\/\\\/i0.wp.com\\\/psicopico.com\\\/wp-content\\\/uploads\\\/2023\\\/02\\\/libros-psicologia-.png?fit=770%2C115&ssl=1\",\"contentUrl\":\"https:\\\/\\\/i0.wp.com\\\/psicopico.com\\\/wp-content\\\/uploads\\\/2023\\\/02\\\/libros-psicologia-.png?fit=770%2C115&ssl=1\",\"width\":770,\"height\":115},{\"@type\":\"BreadcrumbList\",\"@id\":\"https:\\\/\\\/psicopico.com\\\/libros-psicologia\\\/#breadcrumb\",\"itemListElement\":[{\"@type\":\"ListItem\",\"position\":1,\"name\":\"Inicio\",\"item\":\"https:\\\/\\\/psicopico.com\\\/\"},{\"@type\":\"ListItem\",\"position\":2,\"name\":\"Mejores libros de psicolog\u00eda\"}]},{\"@type\":\"WebSite\",\"@id\":\"https:\\\/\\\/psicopico.com\\\/#website\",\"url\":\"https:\\\/\\\/psicopico.com\\\/\",\"name\":\"PsicoPico\",\"description\":\"Psicopico - Psicolox\u00eda Online por Iv\u00e1n Pico\",\"publisher\":{\"@id\":\"https:\\\/\\\/psicopico.com\\\/#organization\"},\"potentialAction\":[{\"@type\":\"SearchAction\",\"target\":{\"@type\":\"EntryPoint\",\"urlTemplate\":\"https:\\\/\\\/psicopico.com\\\/?s={search_term_string}\"},\"query-input\":{\"@type\":\"PropertyValueSpecification\",\"valueRequired\":true,\"valueName\":\"search_term_string\"}}],\"inLanguage\":\"gal-GAL\"},{\"@type\":\"Organization\",\"@id\":\"https:\\\/\\\/psicopico.com\\\/#organization\",\"name\":\"Psicopico\",\"url\":\"https:\\\/\\\/psicopico.com\\\/\",\"logo\":{\"@type\":\"ImageObject\",\"inLanguage\":\"gal-GAL\",\"@id\":\"https:\\\/\\\/psicopico.com\\\/#\\\/schema\\\/logo\\\/image\\\/\",\"url\":\"https:\\\/\\\/i0.wp.com\\\/psicopico.com\\\/wp-content\\\/uploads\\\/2015\\\/12\\\/logowebpsicopico.png?fit=377%2C113&ssl=1\",\"contentUrl\":\"https:\\\/\\\/i0.wp.com\\\/psicopico.com\\\/wp-content\\\/uploads\\\/2015\\\/12\\\/logowebpsicopico.png?fit=377%2C113&ssl=1\",\"width\":\"377\",\"height\":\"113\",\"caption\":\"Psicopico\"},\"image\":{\"@id\":\"https:\\\/\\\/psicopico.com\\\/#\\\/schema\\\/logo\\\/image\\\/\"},\"sameAs\":[\"https:\\\/\\\/es-la.facebook.com\\\/psicopicopsicologia\\\/\",\"https:\\\/\\\/x.com\\\/psicopico\",\"https:\\\/\\\/instagram.com\\\/psicopico\",\"https:\\\/\\\/es.linkedin.com\\\/in\\\/iv\u00e1n-pico-mart\u00ednez-5bb46873\",\"https:\\\/\\\/www.pinterest.es\\\/psicopico\\\/\",\"https:\\\/\\\/www.youtube.com\\\/channel\\\/UCwM4gAydCyOv_3sBkqVb74Q\"]}]}<\/script>\n<!-- \/ Yoast SEO plugin. -->","yoast_head_json":{"title":"Biblioteca - PsicoPico","robots":{"index":"index","follow":"follow","max-snippet":"max-snippet:-1","max-image-preview":"max-image-preview:large","max-video-preview":"max-video-preview:-1"},"canonical":"https:\/\/psicopico.com\/libros-psicologia\/","og_locale":"en_US","og_type":"article","og_title":"Biblioteca - PsicoPico","og_description":"Esta noticia non est\u00e1 dispo\u00f1ible en galego...sent\u00edmolo. Proba en castel\u00e1n. Apertas! For the sake of viewer convenience, the content is shown below in the alternative language. You may click the link to switch the active language.Desde cl\u00e1sicos de la psicolog\u00eda hasta los \u00faltimos avances en neurociencia y comportamiento humano, aqu\u00ed tienes una selecci\u00f3n de libros [&hellip;]","og_url":"https:\/\/psicopico.com\/libros-psicologia\/","og_site_name":"PsicoPico","article_publisher":"https:\/\/es-la.facebook.com\/psicopicopsicologia\/","article_modified_time":"2023-09-01T21:31:22+00:00","og_image":[{"width":770,"height":115,"url":"https:\/\/psicopico.com\/wp-content\/uploads\/2023\/02\/libros-psicologia-.png","type":"image\/png"}],"twitter_card":"summary_large_image","twitter_site":"@psicopico","twitter_misc":{"Est. reading time":"1 minute"},"schema":{"@context":"https:\/\/schema.org","@graph":[{"@type":"WebPage","@id":"https:\/\/psicopico.com\/libros-psicologia\/","url":"https:\/\/psicopico.com\/libros-psicologia\/","name":"Biblioteca - PsicoPico","isPartOf":{"@id":"https:\/\/psicopico.com\/#website"},"primaryImageOfPage":{"@id":"https:\/\/psicopico.com\/libros-psicologia\/#primaryimage"},"image":{"@id":"https:\/\/psicopico.com\/libros-psicologia\/#primaryimage"},"thumbnailUrl":"https:\/\/i0.wp.com\/psicopico.com\/wp-content\/uploads\/2023\/02\/libros-psicologia-.png?fit=770%2C115&ssl=1","datePublished":"2023-02-22T19:49:26+00:00","dateModified":"2023-09-01T21:31:22+00:00","breadcrumb":{"@id":"https:\/\/psicopico.com\/libros-psicologia\/#breadcrumb"},"inLanguage":"gal-GAL","potentialAction":[{"@type":"ReadAction","target":["https:\/\/psicopico.com\/libros-psicologia\/"]}]},{"@type":"ImageObject","inLanguage":"gal-GAL","@id":"https:\/\/psicopico.com\/libros-psicologia\/#primaryimage","url":"https:\/\/i0.wp.com\/psicopico.com\/wp-content\/uploads\/2023\/02\/libros-psicologia-.png?fit=770%2C115&ssl=1","contentUrl":"https:\/\/i0.wp.com\/psicopico.com\/wp-content\/uploads\/2023\/02\/libros-psicologia-.png?fit=770%2C115&ssl=1","width":770,"height":115},{"@type":"BreadcrumbList","@id":"https:\/\/psicopico.com\/libros-psicologia\/#breadcrumb","itemListElement":[{"@type":"ListItem","position":1,"name":"Inicio","item":"https:\/\/psicopico.com\/"},{"@type":"ListItem","position":2,"name":"Mejores libros de psicolog\u00eda"}]},{"@type":"WebSite","@id":"https:\/\/psicopico.com\/#website","url":"https:\/\/psicopico.com\/","name":"PsicoPico","description":"Psicopico - Psicolox\u00eda Online por Iv\u00e1n Pico","publisher":{"@id":"https:\/\/psicopico.com\/#organization"},"potentialAction":[{"@type":"SearchAction","target":{"@type":"EntryPoint","urlTemplate":"https:\/\/psicopico.com\/?s={search_term_string}"},"query-input":{"@type":"PropertyValueSpecification","valueRequired":true,"valueName":"search_term_string"}}],"inLanguage":"gal-GAL"},{"@type":"Organization","@id":"https:\/\/psicopico.com\/#organization","name":"Psicopico","url":"https:\/\/psicopico.com\/","logo":{"@type":"ImageObject","inLanguage":"gal-GAL","@id":"https:\/\/psicopico.com\/#\/schema\/logo\/image\/","url":"https:\/\/i0.wp.com\/psicopico.com\/wp-content\/uploads\/2015\/12\/logowebpsicopico.png?fit=377%2C113&ssl=1","contentUrl":"https:\/\/i0.wp.com\/psicopico.com\/wp-content\/uploads\/2015\/12\/logowebpsicopico.png?fit=377%2C113&ssl=1","width":"377","height":"113","caption":"Psicopico"},"image":{"@id":"https:\/\/psicopico.com\/#\/schema\/logo\/image\/"},"sameAs":["https:\/\/es-la.facebook.com\/psicopicopsicologia\/","https:\/\/x.com\/psicopico","https:\/\/instagram.com\/psicopico","https:\/\/es.linkedin.com\/in\/iv\u00e1n-pico-mart\u00ednez-5bb46873","https:\/\/www.pinterest.es\/psicopico\/","https:\/\/www.youtube.com\/channel\/UCwM4gAydCyOv_3sBkqVb74Q"]}]}},"jetpack_shortlink":"https:\/\/wp.me\/P6Zx58-2i3","jetpack_sharing_enabled":true,"_links":{"self":[{"href":"https:\/\/psicopico.com\/gl\/wp-json\/wp\/v2\/pages\/8807","targetHints":{"allow":["GET"]}}],"collection":[{"href":"https:\/\/psicopico.com\/gl\/wp-json\/wp\/v2\/pages"}],"about":[{"href":"https:\/\/psicopico.com\/gl\/wp-json\/wp\/v2\/types\/page"}],"author":[{"embeddable":true,"href":"https:\/\/psicopico.com\/gl\/wp-json\/wp\/v2\/users\/1"}],"replies":[{"embeddable":true,"href":"https:\/\/psicopico.com\/gl\/wp-json\/wp\/v2\/comments?post=8807"}],"version-history":[{"count":0,"href":"https:\/\/psicopico.com\/gl\/wp-json\/wp\/v2\/pages\/8807\/revisions"}],"wp:featuredmedia":[{"embeddable":true,"href":"https:\/\/psicopico.com\/gl\/wp-json\/wp\/v2\/media\/8843"}],"wp:attachment":[{"href":"https:\/\/psicopico.com\/gl\/wp-json\/wp\/v2\/media?parent=8807"}],"curies":[{"name":"wp","href":"https:\/\/api.w.org\/{rel}","templated":true}]}}