{"id":802,"date":"2016-01-11T17:08:36","date_gmt":"2016-01-11T17:08:36","guid":{"rendered":"http:\/\/psicopico.com\/?page_id=802"},"modified":"2016-01-11T17:21:28","modified_gmt":"2016-01-11T17:21:28","slug":"diccionario-fobias-s-t-u","status":"publish","type":"page","link":"https:\/\/psicopico.com\/gl\/diccionario-fobias\/diccionario-fobias-s-t-u\/","title":{"rendered":"(Espa\u00f1ol) Diccionario Fobias -S-T-U"},"content":{"rendered":"<p class=\"qtranxs-available-languages-message qtranxs-available-languages-message-gl\">Esta noticia non est\u00e1 dispo\u00f1ible en galego...sent\u00edmolo. Proba en castel\u00e1n. Apertas! For the sake of viewer convenience, the content is shown below in this site default language. You may click one of the links to switch the site language to another available language.<\/p><h1 style=\"text-align: center;\">\u00a0<a href=\"http:\/\/psicopico.com\/diccionario-fobias\/\">A<\/a> <a href=\"http:\/\/psicopico.com\/diccionario-fobias-bc\/\">BC<\/a> <a href=\"http:\/\/psicopico.com\/diccionario-fobias-de\/\">DE<\/a> <a href=\"http:\/\/psicopico.com\/phobics-glosary-fgh\/\">FGH<\/a> <a href=\"http:\/\/psicopico.com\/diccionario-fobias-ijkl\/\">IJKL<\/a> <a href=\"http:\/\/psicopico.com\/diccionario-fobias-m-n-o\/\">MNO<\/a> <a href=\"http:\/\/psicopico.com\/phobics-dictionary-pqr\/\">PQR<\/a> <a href=\"http:\/\/psicopico.com\/diccionario-fobias-s-t-u\/\">STU<\/a> <a href=\"http:\/\/psicopico.com\/diccionario-fobias-v-w-x-y-z\/\">VXYZ<\/a><\/h1>\n<h1 style=\"text-align: center;\"><div class=\"mks_separator\" style=\"border-bottom: 2px solid;\"><\/div><\/h1>\n<h2>S<\/h2>\n<p><b>Sarmasofobia<\/b>: Tener miedo al coqueteo y losjuegos sexuales.<\/p>\n<p><b>Satanofobia<\/b>: Tener miedo a Sat\u00e1n.<\/p>\n<p><b>Selacofobia<\/b>: Tener miedo a los tiburones.<\/p>\n<p><b>Selafobia<\/b>: Tener miedo a los relampagueos o flashes de luz repentinos.<\/p>\n<p><b>Selenofobia<\/b>: Tener miedo a la luna.<\/p>\n<p><b>Seplofobia<\/b>: Tener miedo a las sustancias putrefactas.<\/p>\n<p><b>Sidafobia<\/b>: Tener miedo a padecer el SIDA.<\/p>\n<p><b>Siderodromofobia<\/b>: Tener miedo a los trenes.<\/p>\n<p><b>Siderofobia<\/b>: Tener miedo a las estrellas.<\/p>\n<p><b>Sifilofobia<\/b>: Tener miedo a la s\u00edfilis.<\/p>\n<p><b>Simbolofobia<\/b>: Tener miedo a padecer los simbolismos y las m\u00e1quinas simb\u00f3licas, como rodenadores u otras.<\/p>\n<p><b>Simetrofobia<\/b>: Tener miedo a la simetr\u00eda.<\/p>\n<p><b>Singenesofobia<\/b>: Tener miedo a los parientes o familiares.<\/p>\n<p><b>Sinistrofobia<\/b>: Tener miedo a las cosas que se encuentran a la izquierda y a los zurdos.<\/p>\n<p><b>Sinofobia<\/b>: Tener miedo a la China, los chinos y su sociedad.<\/p>\n<p><b>Sitiofobia<\/b>: Tener miedo al alimento.<\/p>\n<p><b>Sociofobia<\/b>: Tener miedo a la sociedad.<\/p>\n<p><b>Sofofobia<\/b>: Tener miedo a aprender.<\/p>\n<p><b>Somnifobia<\/b>: Tener miedo a dormir.<\/p>\n<p><b>Soteriofobia<\/b>: Tener miedo a depender de otros.<\/p>\n<h1 style=\"text-align: center;\">\u00a0<a href=\"http:\/\/psicopico.com\/diccionario-fobias\/\">A<\/a> <a href=\"http:\/\/psicopico.com\/diccionario-fobias-bc\/\">BC<\/a> <a href=\"http:\/\/psicopico.com\/diccionario-fobias-de\/\">DE<\/a> <a href=\"http:\/\/psicopico.com\/phobics-glosary-fgh\/\">FGH<\/a> <a href=\"http:\/\/psicopico.com\/diccionario-fobias-ijkl\/\">IJKL<\/a> <a href=\"http:\/\/psicopico.com\/diccionario-fobias-m-n-o\/\">MNO<\/a> <a href=\"http:\/\/psicopico.com\/phobics-dictionary-pqr\/\">PQR<\/a> <a href=\"http:\/\/psicopico.com\/diccionario-fobias-s-t-u\/\">STU<\/a> <a href=\"http:\/\/psicopico.com\/diccionario-fobias-v-w-x-y-z\/\">VXYZ<\/a><\/h1>\n<h1 style=\"text-align: left;\">T<\/h1>\n<p><b>Tacofobia<\/b>: Tener miedo a la velocidad.<\/p>\n<p><b>Taeniafobia<\/b>: Tener miedo a tener la tenia o solitaria.<\/p>\n<p><b>Tafefobia o tapefobia<\/b>: Tener miedo a ser enterrado vivo.<\/p>\n<p><b>Talasofobia<\/b>: Tener miedo al mar.<\/p>\n<p><b>Tanatofobia<\/b>: Tener miedo a la muerte.<\/p>\n<p><b>Tapinofobia<\/b>: Tener miedo a contagiar alguna enfermedad a otros.<\/p>\n<p><b>Tasofobia<\/b>: Tener miedo al ocio.<\/p>\n<p><b>Teratofobia<\/b>: Tener miedo a los monstruos.<\/p>\n<p><b>Taurofobia<\/b>: Tener miedo a los toros.<\/p>\n<p><b>Teatrofobia<\/b>: Tener miedo a los teatros.<\/p>\n<p><b>Tecnofobia<\/b>: Tener miedo a los adelantos tecnol\u00f3gicos.<\/p>\n<p><b>Telefonofobia<\/b>: Tener miedo a los tel\u00e9fonos.<\/p>\n<p><b>Teofobia<\/b>: Tener miedo a Dios y\/o a las religiones.<\/p>\n<p><b>Teologicofobia<\/b>: Tener miedo a la teolog\u00eda.<\/p>\n<p><b>Teratofobia<\/b>: Tener miedo las personas con deformaciones.<\/p>\n<p><b>Termofobia<\/b>: Tener miedo al calor.<\/p>\n<p><b>Testofobia<\/b>: Tener miedo los tests y cuestionarios.<\/p>\n<p><b>Tetanofobia<\/b>: Tener miedo al t\u00e9tanos.<\/p>\n<p><b>Tetrafobia<\/b>: Tener miedo al n\u00famero 4.<\/p>\n<p><b>Teutonofobia<\/b>: Tener miedo o aversi\u00f3n a Alemania, los alemanes, su sociedad y cultura.<\/p>\n<p><b>Textofobia<\/b>: Tener miedo unas determinadas telas o tejidos.<\/p>\n<p><b>Tiranofobia<\/b>: Tener miedo los tiranos.<\/p>\n<p><b>Tocofobia<\/b>: Tener miedo al embarazo y al parto.<\/p>\n<p><b>Tomofobia<\/b>: Tener miedo a la cirug\u00eda.<\/p>\n<p><b>Tonitrofobia<\/b>: Tener miedo a los truenos; a las tormentas.<\/p>\n<p><b>Topofobia<\/b>: Tener miedo a un lugar particular, o a ciertos lugares.<\/p>\n<p><b>Toxifobia, toxofobia, toxicofobia<\/b>: Temor a ser envenenado, a las toxinas.<\/p>\n<p><b>Traumatofobia<\/b>: Tener miedo al padecer accidentes, a lesionarse o a las heridas<\/p>\n<p><b>Tredecafobia<\/b>: Tener miedo al n\u00famero trece, a la mala suerte.<\/p>\n<p><b>Tremofobia<\/b>: Tener miedo a los terremotos.<\/p>\n<p><b>Tricofobia<\/b>: Tener miedo al cabello.<\/p>\n<p><b>Tricopatofobia<\/b>: Tener miedo a las enfermedades y patolog\u00edas del cabello.<\/p>\n<p><b>Tripanofobia<\/b> : Tener miedo a la inoculaci\u00f3n mediante inyecciones.<\/p>\n<p><b>Triquinofobia<\/b>: Tener miedo a la triquinosis y a la comida posiblemente envenenada<\/p>\n<p><b>Triskaidekafobia, triscadecafobia<\/b>: Tener miedo irracional al n\u00famero trece.<\/p>\n<h2>U<\/h2>\n<p><b>Uranofobia<\/b>: Tener miedo al cielo y al para\u00edso.<\/p>\n<p><b>Urofobia<\/b>: Tener miedo a la orina.<\/p>\n<h1 style=\"text-align: center;\">\u00a0<a href=\"http:\/\/psicopico.com\/diccionario-fobias\/\">A<\/a> <a href=\"http:\/\/psicopico.com\/diccionario-fobias-bc\/\">BC<\/a> <a href=\"http:\/\/psicopico.com\/diccionario-fobias-de\/\">DE<\/a> <a href=\"http:\/\/psicopico.com\/phobics-glosary-fgh\/\">FGH<\/a> <a href=\"http:\/\/psicopico.com\/diccionario-fobias-ijkl\/\">IJKL<\/a> <a href=\"http:\/\/psicopico.com\/diccionario-fobias-m-n-o\/\">MNO<\/a> <a href=\"http:\/\/psicopico.com\/phobics-dictionary-pqr\/\">PQR<\/a> <a href=\"http:\/\/psicopico.com\/diccionario-fobias-s-t-u\/\">STU<\/a> <a href=\"http:\/\/psicopico.com\/diccionario-fobias-v-w-x-y-z\/\">VXYZ<\/a><\/h1>\n<h1 style=\"text-align: center;\"><div class=\"mks_separator\" style=\"border-bottom: 2px solid;\"><\/div><\/h1>","protected":false},"excerpt":{"rendered":"<p>Esta noticia non est\u00e1 dispo\u00f1ible en galego&#8230;sent\u00edmolo. Proba en castel\u00e1n. Apertas! For the sake of viewer convenience, the content is shown below in this site default language. You may click one of the links to switch the site language to another available language.\u00a0A BC DE FGH IJKL MNO PQR STU VXYZ S Sarmasofobia: Tener miedo [&hellip;]<\/p>\n","protected":false},"author":1,"featured_media":0,"parent":742,"menu_order":0,"comment_status":"closed","ping_status":"closed","template":"","meta":{"_joinchat":[],"footnotes":""},"class_list":["post-802","page","type-page","status-publish","hentry"],"yoast_head":"<!-- This site is optimized with the Yoast SEO plugin v27.4 - https:\/\/yoast.com\/product\/yoast-seo-wordpress\/ -->\n<title>(Espa\u00f1ol) Diccionario Fobias -S-T-U - PsicoPico<\/title>\n<meta name=\"robots\" content=\"index, follow, max-snippet:-1, max-image-preview:large, max-video-preview:-1\" \/>\n<link rel=\"canonical\" href=\"https:\/\/psicopico.com\/en\/diccionario-fobias\/diccionario-fobias-s-t-u\/\" \/>\n<meta property=\"og:locale\" content=\"en_US\" \/>\n<meta property=\"og:type\" content=\"article\" \/>\n<meta property=\"og:title\" content=\"(Espa\u00f1ol) Diccionario Fobias -S-T-U - PsicoPico\" \/>\n<meta property=\"og:description\" content=\"Esta noticia non est\u00e1 dispo\u00f1ible en galego...sent\u00edmolo. Proba en castel\u00e1n. Apertas! For the sake of viewer convenience, the content is shown below in this site default language. You may click one of the links to switch the site language to another available language.\u00a0A BC DE FGH IJKL MNO PQR STU VXYZ S Sarmasofobia: Tener miedo [&hellip;]\" \/>\n<meta property=\"og:url\" content=\"https:\/\/psicopico.com\/en\/diccionario-fobias\/diccionario-fobias-s-t-u\/\" \/>\n<meta property=\"og:site_name\" content=\"PsicoPico\" \/>\n<meta property=\"article:publisher\" content=\"https:\/\/es-la.facebook.com\/psicopicopsicologia\/\" \/>\n<meta property=\"article:modified_time\" content=\"2016-01-11T17:21:28+00:00\" \/>\n<meta name=\"twitter:card\" content=\"summary_large_image\" \/>\n<meta name=\"twitter:site\" content=\"@psicopico\" \/>\n<meta name=\"twitter:label1\" content=\"Est. reading time\" \/>\n\t<meta name=\"twitter:data1\" content=\"5 minutes\" \/>\n<script type=\"application\/ld+json\" class=\"yoast-schema-graph\">{\"@context\":\"https:\\\/\\\/schema.org\",\"@graph\":[{\"@type\":\"WebPage\",\"@id\":\"https:\\\/\\\/psicopico.com\\\/en\\\/diccionario-fobias\\\/diccionario-fobias-s-t-u\\\/\",\"url\":\"https:\\\/\\\/psicopico.com\\\/en\\\/diccionario-fobias\\\/diccionario-fobias-s-t-u\\\/\",\"name\":\"(Espa\u00f1ol) Diccionario Fobias -S-T-U - PsicoPico\",\"isPartOf\":{\"@id\":\"https:\\\/\\\/psicopico.com\\\/#website\"},\"datePublished\":\"2016-01-11T17:08:36+00:00\",\"dateModified\":\"2016-01-11T17:21:28+00:00\",\"breadcrumb\":{\"@id\":\"https:\\\/\\\/psicopico.com\\\/en\\\/diccionario-fobias\\\/diccionario-fobias-s-t-u\\\/#breadcrumb\"},\"inLanguage\":\"gal-GAL\",\"potentialAction\":[{\"@type\":\"ReadAction\",\"target\":[\"https:\\\/\\\/psicopico.com\\\/en\\\/diccionario-fobias\\\/diccionario-fobias-s-t-u\\\/\"]}]},{\"@type\":\"BreadcrumbList\",\"@id\":\"https:\\\/\\\/psicopico.com\\\/en\\\/diccionario-fobias\\\/diccionario-fobias-s-t-u\\\/#breadcrumb\",\"itemListElement\":[{\"@type\":\"ListItem\",\"position\":1,\"name\":\"Inicio\",\"item\":\"https:\\\/\\\/psicopico.com\\\/\"},{\"@type\":\"ListItem\",\"position\":2,\"name\":\"Phobics Dictionary\",\"item\":\"https:\\\/\\\/psicopico.com\\\/en\\\/diccionario-fobias\\\/\"},{\"@type\":\"ListItem\",\"position\":3,\"name\":\"Diccionario Fobias|S-R-U\"}]},{\"@type\":\"WebSite\",\"@id\":\"https:\\\/\\\/psicopico.com\\\/#website\",\"url\":\"https:\\\/\\\/psicopico.com\\\/\",\"name\":\"PsicoPico\",\"description\":\"Psicopico - Psicolox\u00eda Online por Iv\u00e1n Pico\",\"publisher\":{\"@id\":\"https:\\\/\\\/psicopico.com\\\/#organization\"},\"potentialAction\":[{\"@type\":\"SearchAction\",\"target\":{\"@type\":\"EntryPoint\",\"urlTemplate\":\"https:\\\/\\\/psicopico.com\\\/?s={search_term_string}\"},\"query-input\":{\"@type\":\"PropertyValueSpecification\",\"valueRequired\":true,\"valueName\":\"search_term_string\"}}],\"inLanguage\":\"gal-GAL\"},{\"@type\":\"Organization\",\"@id\":\"https:\\\/\\\/psicopico.com\\\/#organization\",\"name\":\"Psicopico\",\"url\":\"https:\\\/\\\/psicopico.com\\\/\",\"logo\":{\"@type\":\"ImageObject\",\"inLanguage\":\"gal-GAL\",\"@id\":\"https:\\\/\\\/psicopico.com\\\/#\\\/schema\\\/logo\\\/image\\\/\",\"url\":\"https:\\\/\\\/i0.wp.com\\\/psicopico.com\\\/wp-content\\\/uploads\\\/2015\\\/12\\\/logowebpsicopico.png?fit=377%2C113&ssl=1\",\"contentUrl\":\"https:\\\/\\\/i0.wp.com\\\/psicopico.com\\\/wp-content\\\/uploads\\\/2015\\\/12\\\/logowebpsicopico.png?fit=377%2C113&ssl=1\",\"width\":\"377\",\"height\":\"113\",\"caption\":\"Psicopico\"},\"image\":{\"@id\":\"https:\\\/\\\/psicopico.com\\\/#\\\/schema\\\/logo\\\/image\\\/\"},\"sameAs\":[\"https:\\\/\\\/es-la.facebook.com\\\/psicopicopsicologia\\\/\",\"https:\\\/\\\/x.com\\\/psicopico\",\"https:\\\/\\\/instagram.com\\\/psicopico\",\"https:\\\/\\\/es.linkedin.com\\\/in\\\/iv\u00e1n-pico-mart\u00ednez-5bb46873\",\"https:\\\/\\\/www.pinterest.es\\\/psicopico\\\/\",\"https:\\\/\\\/www.youtube.com\\\/channel\\\/UCwM4gAydCyOv_3sBkqVb74Q\"]}]}<\/script>\n<!-- \/ Yoast SEO plugin. -->","yoast_head_json":{"title":"(Espa\u00f1ol) Diccionario Fobias -S-T-U - PsicoPico","robots":{"index":"index","follow":"follow","max-snippet":"max-snippet:-1","max-image-preview":"max-image-preview:large","max-video-preview":"max-video-preview:-1"},"canonical":"https:\/\/psicopico.com\/en\/diccionario-fobias\/diccionario-fobias-s-t-u\/","og_locale":"en_US","og_type":"article","og_title":"(Espa\u00f1ol) Diccionario Fobias -S-T-U - PsicoPico","og_description":"Esta noticia non est\u00e1 dispo\u00f1ible en galego...sent\u00edmolo. Proba en castel\u00e1n. Apertas! For the sake of viewer convenience, the content is shown below in this site default language. You may click one of the links to switch the site language to another available language.\u00a0A BC DE FGH IJKL MNO PQR STU VXYZ S Sarmasofobia: Tener miedo [&hellip;]","og_url":"https:\/\/psicopico.com\/en\/diccionario-fobias\/diccionario-fobias-s-t-u\/","og_site_name":"PsicoPico","article_publisher":"https:\/\/es-la.facebook.com\/psicopicopsicologia\/","article_modified_time":"2016-01-11T17:21:28+00:00","twitter_card":"summary_large_image","twitter_site":"@psicopico","twitter_misc":{"Est. reading time":"5 minutes"},"schema":{"@context":"https:\/\/schema.org","@graph":[{"@type":"WebPage","@id":"https:\/\/psicopico.com\/en\/diccionario-fobias\/diccionario-fobias-s-t-u\/","url":"https:\/\/psicopico.com\/en\/diccionario-fobias\/diccionario-fobias-s-t-u\/","name":"(Espa\u00f1ol) Diccionario Fobias -S-T-U - PsicoPico","isPartOf":{"@id":"https:\/\/psicopico.com\/#website"},"datePublished":"2016-01-11T17:08:36+00:00","dateModified":"2016-01-11T17:21:28+00:00","breadcrumb":{"@id":"https:\/\/psicopico.com\/en\/diccionario-fobias\/diccionario-fobias-s-t-u\/#breadcrumb"},"inLanguage":"gal-GAL","potentialAction":[{"@type":"ReadAction","target":["https:\/\/psicopico.com\/en\/diccionario-fobias\/diccionario-fobias-s-t-u\/"]}]},{"@type":"BreadcrumbList","@id":"https:\/\/psicopico.com\/en\/diccionario-fobias\/diccionario-fobias-s-t-u\/#breadcrumb","itemListElement":[{"@type":"ListItem","position":1,"name":"Inicio","item":"https:\/\/psicopico.com\/"},{"@type":"ListItem","position":2,"name":"Phobics Dictionary","item":"https:\/\/psicopico.com\/en\/diccionario-fobias\/"},{"@type":"ListItem","position":3,"name":"Diccionario Fobias|S-R-U"}]},{"@type":"WebSite","@id":"https:\/\/psicopico.com\/#website","url":"https:\/\/psicopico.com\/","name":"PsicoPico","description":"Psicopico - Psicolox\u00eda Online por Iv\u00e1n Pico","publisher":{"@id":"https:\/\/psicopico.com\/#organization"},"potentialAction":[{"@type":"SearchAction","target":{"@type":"EntryPoint","urlTemplate":"https:\/\/psicopico.com\/?s={search_term_string}"},"query-input":{"@type":"PropertyValueSpecification","valueRequired":true,"valueName":"search_term_string"}}],"inLanguage":"gal-GAL"},{"@type":"Organization","@id":"https:\/\/psicopico.com\/#organization","name":"Psicopico","url":"https:\/\/psicopico.com\/","logo":{"@type":"ImageObject","inLanguage":"gal-GAL","@id":"https:\/\/psicopico.com\/#\/schema\/logo\/image\/","url":"https:\/\/i0.wp.com\/psicopico.com\/wp-content\/uploads\/2015\/12\/logowebpsicopico.png?fit=377%2C113&ssl=1","contentUrl":"https:\/\/i0.wp.com\/psicopico.com\/wp-content\/uploads\/2015\/12\/logowebpsicopico.png?fit=377%2C113&ssl=1","width":"377","height":"113","caption":"Psicopico"},"image":{"@id":"https:\/\/psicopico.com\/#\/schema\/logo\/image\/"},"sameAs":["https:\/\/es-la.facebook.com\/psicopicopsicologia\/","https:\/\/x.com\/psicopico","https:\/\/instagram.com\/psicopico","https:\/\/es.linkedin.com\/in\/iv\u00e1n-pico-mart\u00ednez-5bb46873","https:\/\/www.pinterest.es\/psicopico\/","https:\/\/www.youtube.com\/channel\/UCwM4gAydCyOv_3sBkqVb74Q"]}]}},"jetpack_shortlink":"https:\/\/wp.me\/P6Zx58-cW","jetpack_sharing_enabled":true,"_links":{"self":[{"href":"https:\/\/psicopico.com\/gl\/wp-json\/wp\/v2\/pages\/802","targetHints":{"allow":["GET"]}}],"collection":[{"href":"https:\/\/psicopico.com\/gl\/wp-json\/wp\/v2\/pages"}],"about":[{"href":"https:\/\/psicopico.com\/gl\/wp-json\/wp\/v2\/types\/page"}],"author":[{"embeddable":true,"href":"https:\/\/psicopico.com\/gl\/wp-json\/wp\/v2\/users\/1"}],"replies":[{"embeddable":true,"href":"https:\/\/psicopico.com\/gl\/wp-json\/wp\/v2\/comments?post=802"}],"version-history":[{"count":0,"href":"https:\/\/psicopico.com\/gl\/wp-json\/wp\/v2\/pages\/802\/revisions"}],"up":[{"embeddable":true,"href":"https:\/\/psicopico.com\/gl\/wp-json\/wp\/v2\/pages\/742"}],"wp:attachment":[{"href":"https:\/\/psicopico.com\/gl\/wp-json\/wp\/v2\/media?parent=802"}],"curies":[{"name":"wp","href":"https:\/\/api.w.org\/{rel}","templated":true}]}}