{"id":799,"date":"2016-01-11T17:06:04","date_gmt":"2016-01-11T17:06:04","guid":{"rendered":"http:\/\/psicopico.com\/?page_id=799"},"modified":"2016-01-11T17:36:07","modified_gmt":"2016-01-11T17:36:07","slug":"phobics-dictionary-pqr","status":"publish","type":"page","link":"https:\/\/psicopico.com\/gl\/diccionario-fobias\/phobics-dictionary-pqr\/","title":{"rendered":"(Espa\u00f1ol) Diccionario Fobias &#8211; PQR"},"content":{"rendered":"<p class=\"qtranxs-available-languages-message qtranxs-available-languages-message-gl\">Esta noticia non est\u00e1 dispo\u00f1ible en galego...sent\u00edmolo. Proba en castel\u00e1n. Apertas! For the sake of viewer convenience, the content is shown below in this site default language. You may click one of the links to switch the site language to another available language.<\/p><h1 style=\"text-align: center;\">\u00a0<a href=\"http:\/\/psicopico.com\/diccionario-fobias\/\">A<\/a> <a href=\"http:\/\/psicopico.com\/diccionario-fobias-bc\/\">BC<\/a> <a href=\"http:\/\/psicopico.com\/diccionario-fobias-de\/\">DE<\/a> <a href=\"http:\/\/psicopico.com\/phobics-glosary-fgh\/\">FGH<\/a> <a href=\"http:\/\/psicopico.com\/diccionario-fobias-ijkl\/\">IJKL<\/a> <a href=\"http:\/\/psicopico.com\/diccionario-fobias-m-n-o\/\">MNO<\/a> <a href=\"http:\/\/psicopico.com\/phobics-dictionary-pqr\/\">PQR<\/a> <a href=\"http:\/\/psicopico.com\/diccionario-fobias-s-t-u\/\">STU<\/a> <a href=\"http:\/\/psicopico.com\/diccionario-fobias-v-w-x-y-z\/\">VXYZ<\/a><\/h1>\n<h1 style=\"text-align: center;\"><div class=\"mks_separator\" style=\"border-bottom: 2px solid;\"><\/div><\/h1>\n<h2>P<\/h2>\n<p><b>Pagafobia<\/b>: Tener miedo a las heladas y a las escarchas.<\/p>\n<p><b>Panfobia, pantofobia, polifobia, omnifobia<\/b>: Tener miedo a todo, es un miedo inespec\u00edfico e incluso hacia el miedo mismo.<\/p>\n<p><b>Panzofobia<\/b>: Tener miedo a sufrir y a ponerse enfermo.<\/p>\n<p><b>Papafobia<\/b>: Tener miedo a los Papas.<\/p>\n<p><b>Papirofobia<\/b>: Tener miedo a los papeles.<\/p>\n<p><b>Parafobia<\/b>: Tener miedo a las perversiones sexuales.<\/p>\n<p><b>Parascevedecatriafobia<\/b>: Tener miedo a los d\u00edas &#8220;viernes 13&#8221; o &#8220;martes 13&#8221;.<\/p>\n<p><b>Parasitofobia<\/b>: Tener miedo a los par\u00e1sitos.<\/p>\n<p><b>Partenofobia<\/b>: Tener miedo a las muchachas v\u00edrgenes o p\u00faberes.<\/p>\n<p><b>Patofobia<\/b>: Temor a sufrir enfermedades.<\/p>\n<p><b>Patriofobia, patroiofobia<\/b>: Tener miedo a la herencia.<\/p>\n<p><b>Pecatofobia<\/b>: Tener miedo a cometer pecados de alguna clase.<\/p>\n<p><b>Ppediculofobia<\/b>: Tener miedo a los piojos.<\/p>\n<p><b>Pedofobia<\/b>: Tener miedo a los ni\u00f1os.<\/p>\n<p><b>Peladofobia<\/b>: Tener miedo a las personas calvas.<\/p>\n<p><b>Pelagrafobia<\/b>: Tener miedo a la pelagra, enfermedad caracterizada por la dermatitis, des\u00f3rdenes gastrointestinales, s\u00edntomas nerviosos centrales y asociada a una dieta deficiente en vitaminas y prote\u00ednas.<\/p>\n<p><b>Peniafobia<\/b>: Temor a la pobreza.<\/p>\n<p><b>Penterafobia<\/b>: Tener miedo a la suegra.<\/p>\n<p><b>Piretofobia<\/b>: Tener miedo a la fiebre alta.<\/p>\n<p><b>Pirofobia<\/b>: Tener miedo al fuego.<\/p>\n<p><b>Placofobia<\/b>: Tener miedo a las l\u00e1pidas funerarias.<\/p>\n<p><b>Plutofobia<\/b>: Tener miedo a la riqueza y la opulencia.<\/p>\n<p><b>Pluviofobia<\/b>: Tener miedo a la lluvia.<\/p>\n<p><b>Pneumatofobia<\/b>: Tener miedo a los esp\u00edritus.<\/p>\n<p><b>Pnigofobia, pnigerofobia<\/b>: Tener miedo a ser estrangulado o a la sofocaci\u00f3n.<\/p>\n<p><b>Pogonofobia<\/b>: Tener miedo a las barbas.<\/p>\n<p><b>Poinefobia<\/b>: Tener miedo al castigo.<\/p>\n<p><b>Polifobia<\/b>: Tener miedo a muchas cosas, tener muchas fobias.<\/p>\n<p><b>Poliosofobia<\/b>: Tener miedo a padecer poliomelitis.<\/p>\n<p><b>Politicofobia<\/b>: Tener miedo a la pol\u00edtica.<\/p>\n<p><b>Ponofobia<\/b>: Tener miedo al dolor.<\/p>\n<p><b>Potamofobia<\/b>: Tener miedo a los r\u00edos.<\/p>\n<p><b>Potofobia<\/b>: Tener miedo a beber alcohol<\/p>\n<p><b>Proctofobia<\/b>: Tener miedo a las heces.<\/p>\n<p><b>Pselismofobia<\/b>: Tener miedo a tartamudear.<\/p>\n<p><b>Psicofobia<\/b>: Tener miedo a la mente.<\/p>\n<p><b>Psicopatofobia<\/b>: Tener miedo a volverse loco<\/p>\n<p><b>Ptisiofobia, tuberculofobia<\/b>: Tener miedo a la tuberculosis.<\/p>\n<p><b>Pternofobia<\/b>: Tener miedo a las plumas.<\/p>\n<p><b>Pupafobia<\/b>: Tener miedo a los t\u00edteres y\/o mu\u00f1ecos.<\/p>\n<h2>Q<\/h2>\n<p><b>Querofobia<\/b>: Tener miedo a la alegr\u00eda.<\/p>\n<p><b>Quifofobia<\/b>: Tener miedo a agacharse.<\/p>\n<p><b>Quimifobia<\/b>: Tener miedo a los productos qu\u00edmicos.<\/p>\n<p><b>Quiraptofobia<\/b>: Tener miedo a ser tocado.<\/p>\n<p><b>Querofobia o chirofobia<\/b>: Tener miedo a las manos.<\/p>\n<h2>R<\/h2>\n<p><b>Rabdofobia<\/b>: Tener miedo a la magia.<\/p>\n<p><b>Radiofobia<\/b>: Tener miedo a la radiaci\u00f3n.<\/p>\n<p><b>Ranidafobia<\/b>: Tener miedo a las ranas.<\/p>\n<p><b>Rectofobia<\/b>: Tener miedo al recto, o a sus enfermedades.<\/p>\n<p><b>Ripofobia<\/b>: Tener miedo a la defecaci\u00f3n.<\/p>\n<p><b>Ritifobia<\/b>: Tener miedo a tener arrugas.<\/p>\n<p><b>Rupofobia<\/b>: Tener miedo o aversi\u00f3n a la suciedad.<\/p>\n<p><b>Rusofobia<\/b>: Tener miedo o aversi\u00f3n a los rusos, su sociedad y cultura.<\/p>\n<h1 style=\"text-align: center;\">\u00a0<a href=\"http:\/\/psicopico.com\/diccionario-fobias\/\">A<\/a> <a href=\"http:\/\/psicopico.com\/diccionario-fobias-bc\/\">BC<\/a> <a href=\"http:\/\/psicopico.com\/diccionario-fobias-de\/\">DE<\/a> <a href=\"http:\/\/psicopico.com\/phobics-glosary-fgh\/\">FGH<\/a> <a href=\"http:\/\/psicopico.com\/diccionario-fobias-ijkl\/\">IJKL<\/a> <a href=\"http:\/\/psicopico.com\/diccionario-fobias-m-n-o\/\">MNO<\/a> <a href=\"http:\/\/psicopico.com\/phobics-dictionary-pqr\/\">PQR<\/a> <a href=\"http:\/\/psicopico.com\/diccionario-fobias-s-t-u\/\">STU<\/a> <a href=\"http:\/\/psicopico.com\/diccionario-fobias-v-w-x-y-z\/\">VXYZ<\/a><\/h1>\n<h1 style=\"text-align: center;\"><div class=\"mks_separator\" style=\"border-bottom: 2px solid;\"><\/div><\/h1>","protected":false},"excerpt":{"rendered":"<p>Esta noticia non est\u00e1 dispo\u00f1ible en galego&#8230;sent\u00edmolo. Proba en castel\u00e1n. Apertas! For the sake of viewer convenience, the content is shown below in this site default language. You may click one of the links to switch the site language to another available language.\u00a0A BC DE FGH IJKL MNO PQR STU VXYZ P Pagafobia: Tener miedo [&hellip;]<\/p>\n","protected":false},"author":1,"featured_media":0,"parent":742,"menu_order":0,"comment_status":"closed","ping_status":"closed","template":"","meta":{"_joinchat":[],"footnotes":""},"class_list":["post-799","page","type-page","status-publish","hentry"],"yoast_head":"<!-- This site is optimized with the Yoast SEO plugin v27.4 - https:\/\/yoast.com\/product\/yoast-seo-wordpress\/ -->\n<title>(Espa\u00f1ol) Diccionario Fobias - PQR - PsicoPico<\/title>\n<meta name=\"robots\" content=\"index, follow, max-snippet:-1, max-image-preview:large, max-video-preview:-1\" \/>\n<link rel=\"canonical\" href=\"https:\/\/psicopico.com\/en\/diccionario-fobias\/phobics-dictionary-pqr\/\" \/>\n<meta property=\"og:locale\" content=\"en_US\" \/>\n<meta property=\"og:type\" content=\"article\" \/>\n<meta property=\"og:title\" content=\"(Espa\u00f1ol) Diccionario Fobias - PQR - PsicoPico\" \/>\n<meta property=\"og:description\" content=\"Esta noticia non est\u00e1 dispo\u00f1ible en galego...sent\u00edmolo. Proba en castel\u00e1n. Apertas! For the sake of viewer convenience, the content is shown below in this site default language. You may click one of the links to switch the site language to another available language.\u00a0A BC DE FGH IJKL MNO PQR STU VXYZ P Pagafobia: Tener miedo [&hellip;]\" \/>\n<meta property=\"og:url\" content=\"https:\/\/psicopico.com\/en\/diccionario-fobias\/phobics-dictionary-pqr\/\" \/>\n<meta property=\"og:site_name\" content=\"PsicoPico\" \/>\n<meta property=\"article:publisher\" content=\"https:\/\/es-la.facebook.com\/psicopicopsicologia\/\" \/>\n<meta property=\"article:modified_time\" content=\"2016-01-11T17:36:07+00:00\" \/>\n<meta name=\"twitter:card\" content=\"summary_large_image\" \/>\n<meta name=\"twitter:site\" content=\"@psicopico\" \/>\n<meta name=\"twitter:label1\" content=\"Est. reading time\" \/>\n\t<meta name=\"twitter:data1\" content=\"4 minutes\" \/>\n<script type=\"application\/ld+json\" class=\"yoast-schema-graph\">{\"@context\":\"https:\\\/\\\/schema.org\",\"@graph\":[{\"@type\":\"WebPage\",\"@id\":\"https:\\\/\\\/psicopico.com\\\/en\\\/diccionario-fobias\\\/phobics-dictionary-pqr\\\/\",\"url\":\"https:\\\/\\\/psicopico.com\\\/en\\\/diccionario-fobias\\\/phobics-dictionary-pqr\\\/\",\"name\":\"(Espa\u00f1ol) Diccionario Fobias - PQR - PsicoPico\",\"isPartOf\":{\"@id\":\"https:\\\/\\\/psicopico.com\\\/#website\"},\"datePublished\":\"2016-01-11T17:06:04+00:00\",\"dateModified\":\"2016-01-11T17:36:07+00:00\",\"breadcrumb\":{\"@id\":\"https:\\\/\\\/psicopico.com\\\/en\\\/diccionario-fobias\\\/phobics-dictionary-pqr\\\/#breadcrumb\"},\"inLanguage\":\"gal-GAL\",\"potentialAction\":[{\"@type\":\"ReadAction\",\"target\":[\"https:\\\/\\\/psicopico.com\\\/en\\\/diccionario-fobias\\\/phobics-dictionary-pqr\\\/\"]}]},{\"@type\":\"BreadcrumbList\",\"@id\":\"https:\\\/\\\/psicopico.com\\\/en\\\/diccionario-fobias\\\/phobics-dictionary-pqr\\\/#breadcrumb\",\"itemListElement\":[{\"@type\":\"ListItem\",\"position\":1,\"name\":\"Inicio\",\"item\":\"https:\\\/\\\/psicopico.com\\\/\"},{\"@type\":\"ListItem\",\"position\":2,\"name\":\"Phobics Dictionary\",\"item\":\"https:\\\/\\\/psicopico.com\\\/en\\\/diccionario-fobias\\\/\"},{\"@type\":\"ListItem\",\"position\":3,\"name\":\"Phobics Dictionary &#8211; PQR\"}]},{\"@type\":\"WebSite\",\"@id\":\"https:\\\/\\\/psicopico.com\\\/#website\",\"url\":\"https:\\\/\\\/psicopico.com\\\/\",\"name\":\"PsicoPico\",\"description\":\"Psicopico - Psicolox\u00eda Online por Iv\u00e1n Pico\",\"publisher\":{\"@id\":\"https:\\\/\\\/psicopico.com\\\/#organization\"},\"potentialAction\":[{\"@type\":\"SearchAction\",\"target\":{\"@type\":\"EntryPoint\",\"urlTemplate\":\"https:\\\/\\\/psicopico.com\\\/?s={search_term_string}\"},\"query-input\":{\"@type\":\"PropertyValueSpecification\",\"valueRequired\":true,\"valueName\":\"search_term_string\"}}],\"inLanguage\":\"gal-GAL\"},{\"@type\":\"Organization\",\"@id\":\"https:\\\/\\\/psicopico.com\\\/#organization\",\"name\":\"Psicopico\",\"url\":\"https:\\\/\\\/psicopico.com\\\/\",\"logo\":{\"@type\":\"ImageObject\",\"inLanguage\":\"gal-GAL\",\"@id\":\"https:\\\/\\\/psicopico.com\\\/#\\\/schema\\\/logo\\\/image\\\/\",\"url\":\"https:\\\/\\\/i0.wp.com\\\/psicopico.com\\\/wp-content\\\/uploads\\\/2015\\\/12\\\/logowebpsicopico.png?fit=377%2C113&ssl=1\",\"contentUrl\":\"https:\\\/\\\/i0.wp.com\\\/psicopico.com\\\/wp-content\\\/uploads\\\/2015\\\/12\\\/logowebpsicopico.png?fit=377%2C113&ssl=1\",\"width\":\"377\",\"height\":\"113\",\"caption\":\"Psicopico\"},\"image\":{\"@id\":\"https:\\\/\\\/psicopico.com\\\/#\\\/schema\\\/logo\\\/image\\\/\"},\"sameAs\":[\"https:\\\/\\\/es-la.facebook.com\\\/psicopicopsicologia\\\/\",\"https:\\\/\\\/x.com\\\/psicopico\",\"https:\\\/\\\/instagram.com\\\/psicopico\",\"https:\\\/\\\/es.linkedin.com\\\/in\\\/iv\u00e1n-pico-mart\u00ednez-5bb46873\",\"https:\\\/\\\/www.pinterest.es\\\/psicopico\\\/\",\"https:\\\/\\\/www.youtube.com\\\/channel\\\/UCwM4gAydCyOv_3sBkqVb74Q\"]}]}<\/script>\n<!-- \/ Yoast SEO plugin. -->","yoast_head_json":{"title":"(Espa\u00f1ol) Diccionario Fobias - PQR - PsicoPico","robots":{"index":"index","follow":"follow","max-snippet":"max-snippet:-1","max-image-preview":"max-image-preview:large","max-video-preview":"max-video-preview:-1"},"canonical":"https:\/\/psicopico.com\/en\/diccionario-fobias\/phobics-dictionary-pqr\/","og_locale":"en_US","og_type":"article","og_title":"(Espa\u00f1ol) Diccionario Fobias - PQR - PsicoPico","og_description":"Esta noticia non est\u00e1 dispo\u00f1ible en galego...sent\u00edmolo. Proba en castel\u00e1n. Apertas! For the sake of viewer convenience, the content is shown below in this site default language. You may click one of the links to switch the site language to another available language.\u00a0A BC DE FGH IJKL MNO PQR STU VXYZ P Pagafobia: Tener miedo [&hellip;]","og_url":"https:\/\/psicopico.com\/en\/diccionario-fobias\/phobics-dictionary-pqr\/","og_site_name":"PsicoPico","article_publisher":"https:\/\/es-la.facebook.com\/psicopicopsicologia\/","article_modified_time":"2016-01-11T17:36:07+00:00","twitter_card":"summary_large_image","twitter_site":"@psicopico","twitter_misc":{"Est. reading time":"4 minutes"},"schema":{"@context":"https:\/\/schema.org","@graph":[{"@type":"WebPage","@id":"https:\/\/psicopico.com\/en\/diccionario-fobias\/phobics-dictionary-pqr\/","url":"https:\/\/psicopico.com\/en\/diccionario-fobias\/phobics-dictionary-pqr\/","name":"(Espa\u00f1ol) Diccionario Fobias - PQR - PsicoPico","isPartOf":{"@id":"https:\/\/psicopico.com\/#website"},"datePublished":"2016-01-11T17:06:04+00:00","dateModified":"2016-01-11T17:36:07+00:00","breadcrumb":{"@id":"https:\/\/psicopico.com\/en\/diccionario-fobias\/phobics-dictionary-pqr\/#breadcrumb"},"inLanguage":"gal-GAL","potentialAction":[{"@type":"ReadAction","target":["https:\/\/psicopico.com\/en\/diccionario-fobias\/phobics-dictionary-pqr\/"]}]},{"@type":"BreadcrumbList","@id":"https:\/\/psicopico.com\/en\/diccionario-fobias\/phobics-dictionary-pqr\/#breadcrumb","itemListElement":[{"@type":"ListItem","position":1,"name":"Inicio","item":"https:\/\/psicopico.com\/"},{"@type":"ListItem","position":2,"name":"Phobics Dictionary","item":"https:\/\/psicopico.com\/en\/diccionario-fobias\/"},{"@type":"ListItem","position":3,"name":"Phobics Dictionary &#8211; PQR"}]},{"@type":"WebSite","@id":"https:\/\/psicopico.com\/#website","url":"https:\/\/psicopico.com\/","name":"PsicoPico","description":"Psicopico - Psicolox\u00eda Online por Iv\u00e1n Pico","publisher":{"@id":"https:\/\/psicopico.com\/#organization"},"potentialAction":[{"@type":"SearchAction","target":{"@type":"EntryPoint","urlTemplate":"https:\/\/psicopico.com\/?s={search_term_string}"},"query-input":{"@type":"PropertyValueSpecification","valueRequired":true,"valueName":"search_term_string"}}],"inLanguage":"gal-GAL"},{"@type":"Organization","@id":"https:\/\/psicopico.com\/#organization","name":"Psicopico","url":"https:\/\/psicopico.com\/","logo":{"@type":"ImageObject","inLanguage":"gal-GAL","@id":"https:\/\/psicopico.com\/#\/schema\/logo\/image\/","url":"https:\/\/i0.wp.com\/psicopico.com\/wp-content\/uploads\/2015\/12\/logowebpsicopico.png?fit=377%2C113&ssl=1","contentUrl":"https:\/\/i0.wp.com\/psicopico.com\/wp-content\/uploads\/2015\/12\/logowebpsicopico.png?fit=377%2C113&ssl=1","width":"377","height":"113","caption":"Psicopico"},"image":{"@id":"https:\/\/psicopico.com\/#\/schema\/logo\/image\/"},"sameAs":["https:\/\/es-la.facebook.com\/psicopicopsicologia\/","https:\/\/x.com\/psicopico","https:\/\/instagram.com\/psicopico","https:\/\/es.linkedin.com\/in\/iv\u00e1n-pico-mart\u00ednez-5bb46873","https:\/\/www.pinterest.es\/psicopico\/","https:\/\/www.youtube.com\/channel\/UCwM4gAydCyOv_3sBkqVb74Q"]}]}},"jetpack_shortlink":"https:\/\/wp.me\/P6Zx58-cT","jetpack_sharing_enabled":true,"_links":{"self":[{"href":"https:\/\/psicopico.com\/gl\/wp-json\/wp\/v2\/pages\/799","targetHints":{"allow":["GET"]}}],"collection":[{"href":"https:\/\/psicopico.com\/gl\/wp-json\/wp\/v2\/pages"}],"about":[{"href":"https:\/\/psicopico.com\/gl\/wp-json\/wp\/v2\/types\/page"}],"author":[{"embeddable":true,"href":"https:\/\/psicopico.com\/gl\/wp-json\/wp\/v2\/users\/1"}],"replies":[{"embeddable":true,"href":"https:\/\/psicopico.com\/gl\/wp-json\/wp\/v2\/comments?post=799"}],"version-history":[{"count":0,"href":"https:\/\/psicopico.com\/gl\/wp-json\/wp\/v2\/pages\/799\/revisions"}],"up":[{"embeddable":true,"href":"https:\/\/psicopico.com\/gl\/wp-json\/wp\/v2\/pages\/742"}],"wp:attachment":[{"href":"https:\/\/psicopico.com\/gl\/wp-json\/wp\/v2\/media?parent=799"}],"curies":[{"name":"wp","href":"https:\/\/api.w.org\/{rel}","templated":true}]}}