{"id":796,"date":"2016-01-11T17:00:41","date_gmt":"2016-01-11T17:00:41","guid":{"rendered":"http:\/\/psicopico.com\/?page_id=796"},"modified":"2016-01-11T17:26:43","modified_gmt":"2016-01-11T17:26:43","slug":"diccionario-fobias-m-n-o","status":"publish","type":"page","link":"https:\/\/psicopico.com\/gl\/diccionario-fobias\/diccionario-fobias-m-n-o\/","title":{"rendered":"(Espa\u00f1ol) Diccionario Fobias|M-N-O"},"content":{"rendered":"<p class=\"qtranxs-available-languages-message qtranxs-available-languages-message-gl\">Esta noticia non est\u00e1 dispo\u00f1ible en galego...sent\u00edmolo. Proba en castel\u00e1n. Apertas! For the sake of viewer convenience, the content is shown below in this site default language. You may click one of the links to switch the site language to another available language.<\/p><h1 style=\"text-align: center;\">\u00a0<a href=\"http:\/\/psicopico.com\/diccionario-fobias\/\">A<\/a> <a href=\"http:\/\/psicopico.com\/diccionario-fobias-bc\/\">BC<\/a> <a href=\"http:\/\/psicopico.com\/diccionario-fobias-de\/\">DE<\/a> <a href=\"http:\/\/psicopico.com\/phobics-glosary-fgh\/\">FGH<\/a> <a href=\"http:\/\/psicopico.com\/diccionario-fobias-ijkl\/\">IJKL<\/a> <a href=\"http:\/\/psicopico.com\/diccionario-fobias-m-n-o\/\">MNO<\/a> <a href=\"http:\/\/psicopico.com\/phobics-dictionary-pqr\/\">PQR<\/a> <a href=\"http:\/\/psicopico.com\/diccionario-fobias-s-t-u\/\">STU<\/a> <a href=\"http:\/\/psicopico.com\/diccionario-fobias-v-w-x-y-z\/\">VXYZ<\/a><\/h1>\n<h1 style=\"text-align: center;\"><div class=\"mks_separator\" style=\"border-bottom: 2px solid;\"><\/div><\/h1>\n<h2>M<\/h2>\n<p><b>Macrofobia<\/b>: Tener miedo a las largas esperas.<\/p>\n<p><b>Maguerirocofobia<\/b>: Tener miedo a cocinar o preparar alimentos.<\/p>\n<p><b>Maieusiofobia<\/b>: Tener miedo al embarazo.<\/p>\n<p><b>Malaxofobia<\/b>: Tener miedo a los juegos amorosos.<\/p>\n<p><b>Maniafobia<\/b>: Tener miedo la demencia o volverse loco.<\/p>\n<p><b>Mastigofobia o poneifobia<\/b>: Tener miedo a los castigos.<\/p>\n<p><b>Mecanofobia<\/b>: Tener miedo a las m\u00e1quinas y\/o maquinarias.<\/p>\n<p><b>Megalofobia<\/b>: Tener miedo las cosas grandes.<\/p>\n<p><b>Melanofobia<\/b>: Tener miedo al color negro.<\/p>\n<p><b>Melisofobia<\/b>: Tener miedo a las abejas.<\/p>\n<p><b>Melofobia<\/b>: Tener miedo o aversi\u00f3n hacia la m\u00fasica.<\/p>\n<p><b>Meningitofobia<\/b>: Tener miedo a la meningitis y enfermedades del cerebro.<\/p>\n<p><b>Menofobia<\/b>: Tener miedo a la menstruaci\u00f3n.<\/p>\n<p><b>Merintofobia<\/b>: Tener miedo a ser atado o a ser obligado.<\/p>\n<p><b>Metalofobia<\/b>: Tener miedo a los metales.<\/p>\n<p><b>Metatesiofobia<\/b>: Tener miedo los cambios.<\/p>\n<p><b>Meteorofobia<\/b>: Tener miedo los meteoros o meteoritos.<\/p>\n<p><b>Metifobia o potofobia<\/b>: Tener miedo al alcohol.<\/p>\n<p><b>Metrofobia<\/b>: Tener miedo o aversi\u00f3n hacia la poes\u00eda.<\/p>\n<p><b>Micofobia<\/b>: Tener miedo a las setas.<\/p>\n<p><b>Microbiofobia<\/b>: Tener miedo a los microbios.<\/p>\n<p><b>Microfobia<\/b>: Tener miedo a los g\u00e9rmenes, a las cosas peque\u00f1as.<\/p>\n<p><b>Mirmecofobia<\/b>: Tener miedo a las hormigas.<\/p>\n<p><b>Misofobia<\/b>: Tener miedo al polvo o a la contaminaci\u00f3n.<\/p>\n<p><b>Mitofobia<\/b>: Tener miedo a las mentiras.<\/p>\n<p><b>Mixofobia o xenofobia<\/b>: Tener miedo o aversi\u00f3n a mezclarse con otras razas o culturas.<\/p>\n<p><b>Mnemofobia<\/b>: Tener miedo los recuerdos.<\/p>\n<p><b>Monofobia<\/b>: Tener miedo a una sola cosa en particular.<\/p>\n<p><b>Monopatofobia<\/b>: Tener miedo contraer enfermedades dr\u00f3nicas o terminales.<\/p>\n<p><b>Motefobia<\/b>: Tener miedo a las polillas.<\/p>\n<p><b>Motorfobia<\/b>: Tener miedo los autom\u00f3viles.<\/p>\n<p><b>Musicofobia<\/b>: Tener miedo a la m\u00fasica.<\/p>\n<p><b>Musofobia<\/b>: Tener miedo a los ratones.<\/p>\n<h1 style=\"text-align: center;\">\u00a0<a href=\"http:\/\/psicopico.com\/diccionario-fobias\/\">A<\/a> <a href=\"http:\/\/psicopico.com\/diccionario-fobias-bc\/\">BC<\/a> <a href=\"http:\/\/psicopico.com\/diccionario-fobias-de\/\">DE<\/a> <a href=\"http:\/\/psicopico.com\/phobics-glosary-fgh\/\">FGH<\/a> <a href=\"http:\/\/psicopico.com\/diccionario-fobias-ijkl\/\">IJKL<\/a> <a href=\"http:\/\/psicopico.com\/diccionario-fobias-m-n-o\/\">MNO<\/a> <a href=\"http:\/\/psicopico.com\/phobics-dictionary-pqr\/\">PQR<\/a> <a href=\"http:\/\/psicopico.com\/diccionario-fobias-s-t-u\/\">STU<\/a> <a href=\"http:\/\/psicopico.com\/diccionario-fobias-v-w-x-y-z\/\">VXYZ<\/a><\/h1>\n<h1 style=\"text-align: left;\">N<\/h1>\n<p><b>Nebulafobia<\/b>: Tener miedo a la niebla.<\/p>\n<p><b>Necrofobia<\/b>: Tener miedo a la muerte, a los cad\u00e1veres.<\/p>\n<p><b>Nefofobia<\/b>: Tener miedo a las nubes.<\/p>\n<p><b>Negrofobia<\/b>: Tener miedo a la gente negra, a los afroamericanos.<\/p>\n<p><b>Nelofobia<\/b>: Tener miedo a los vidrios o cristales.<\/p>\n<p><b>Nemofobia<\/b>: Tener miedo a la anemia.<\/p>\n<p><b>Neofarmacofobia<\/b>: Tener miedo a los nuevos medicamentos y\/o nuevas drogas.<\/p>\n<p><b>Neofobia<\/b>: Tener miedo a la novedad, a las cosas nuevas, a nuevas experiencias.<\/p>\n<p><b>Neumatifobia<\/b>: Tener miedo a los esp\u00edritus.<\/p>\n<p><b>Nictofobia<\/b>: Tener miedo a la noche o a la oscuridad.<\/p>\n<p><b>Nictohilofobia<\/b>: Tener miedo a los bosques oscuros.<\/p>\n<p><b>Noctifobia<\/b>: Tener miedo a la noche.<\/p>\n<p><b>Nomatofobia<\/b>: Tener miedo a los nombres.<\/p>\n<p><b>Nosofobia<\/b>: Tener miedo a las enfermedades.<\/p>\n<p><b>Nostofobia<\/b>: Tener miedo a volver a casa.<\/p>\n<p><b>Nucleomitufobia<\/b>: Tener miedo a las armas nucleares.<\/p>\n<p><b>Nudofobia<\/b>: Tener miedo a la desnudez.<\/p>\n<p><b>Numerofobia<\/b>: Tener miedo a los n\u00fameros.<\/p>\n<h2>O<\/h2>\n<p><b>Obesofobia<\/b>: Tener miedo a la obesidad o estar gordo.<\/p>\n<p><b>Ocofobia<\/b>: Tener miedo a los autom\u00f3viles.<\/p>\n<p><b>Oclofobia<\/b>: Tener miedo a la mafia, a los g\u00e1ngsters.<\/p>\n<p><b>Octofobia<\/b>: Tener miedo al n\u00famero 8.<\/p>\n<p><b>Odinofobia<\/b>: Tener miedo a padecer dolor.<\/p>\n<p><b>Odontofobia<\/b>: Tener miedo a ir al dentista.<\/p>\n<p><b>Oenofobia<\/b>: Tener miedo al vino.<\/p>\n<p><b>Ofidiofobia<\/b>: Tener miedo a las serpientes.<\/p>\n<p><b>Oftalcofobia<\/b>: Tener miedo a los olores.<\/p>\n<p><b>Omatofobia<\/b>: Tener miedo a los ojos.<\/p>\n<p><b>Ombrofobia<\/b>: Tener miedo a la lluvia.<\/p>\n<p><b>Onirofobia<\/b>: Tener miedo a los sue\u00f1os y a so\u00f1ar..<\/p>\n<p><b>Onomatofobia<\/b> Tener miedo de un nombre o de una palabra en particular.<\/p>\n<p><b>Opiofobia<\/b>: Tener miedo a experimentos m\u00e9dicos.<\/p>\n<p><b>Optofobia<\/b>: Tener miedo a abrir los ojos.<\/p>\n<p><b>Ornitofobia<\/b>: Tener miedo a los p\u00e1jaros.<\/p>\n<p><b>Ortofobia<\/b>: Tener miedo a la propiedad.<\/p>\n<p><b>Ostraconofobia<\/b>: Tener miedo al marisco y las ostras.<\/p>\n<h1 style=\"text-align: center;\">\u00a0<a href=\"http:\/\/psicopico.com\/diccionario-fobias\/\">A<\/a> <a href=\"http:\/\/psicopico.com\/diccionario-fobias-bc\/\">BC<\/a> <a href=\"http:\/\/psicopico.com\/diccionario-fobias-de\/\">DE<\/a> <a href=\"http:\/\/psicopico.com\/phobics-glosary-fgh\/\">FGH<\/a> <a href=\"http:\/\/psicopico.com\/diccionario-fobias-ijkl\/\">IJKL<\/a> <a href=\"http:\/\/psicopico.com\/diccionario-fobias-m-n-o\/\">MNO<\/a> <a href=\"http:\/\/psicopico.com\/phobics-dictionary-pqr\/\">PQR<\/a> <a href=\"http:\/\/psicopico.com\/diccionario-fobias-s-t-u\/\">STU<\/a> <a href=\"http:\/\/psicopico.com\/diccionario-fobias-v-w-x-y-z\/\">VXYZ<\/a><\/h1>\n<h1 style=\"text-align: center;\"><div class=\"mks_separator\" style=\"border-bottom: 2px solid;\"><\/div><\/h1>","protected":false},"excerpt":{"rendered":"<p>Esta noticia non est\u00e1 dispo\u00f1ible en galego&#8230;sent\u00edmolo. Proba en castel\u00e1n. Apertas! For the sake of viewer convenience, the content is shown below in this site default language. You may click one of the links to switch the site language to another available language.\u00a0A BC DE FGH IJKL MNO PQR STU VXYZ M Macrofobia: Tener miedo [&hellip;]<\/p>\n","protected":false},"author":1,"featured_media":0,"parent":742,"menu_order":0,"comment_status":"closed","ping_status":"closed","template":"","meta":{"_joinchat":[],"footnotes":""},"class_list":["post-796","page","type-page","status-publish","hentry"],"yoast_head":"<!-- This site is optimized with the Yoast SEO plugin v27.4 - https:\/\/yoast.com\/product\/yoast-seo-wordpress\/ -->\n<title>(Espa\u00f1ol) Diccionario Fobias|M-N-O - PsicoPico<\/title>\n<meta name=\"robots\" content=\"index, follow, max-snippet:-1, max-image-preview:large, max-video-preview:-1\" \/>\n<link rel=\"canonical\" href=\"https:\/\/psicopico.com\/en\/diccionario-fobias\/diccionario-fobias-m-n-o\/\" \/>\n<meta property=\"og:locale\" content=\"en_US\" \/>\n<meta property=\"og:type\" content=\"article\" \/>\n<meta property=\"og:title\" content=\"(Espa\u00f1ol) Diccionario Fobias|M-N-O - PsicoPico\" \/>\n<meta property=\"og:description\" content=\"Esta noticia non est\u00e1 dispo\u00f1ible en galego...sent\u00edmolo. Proba en castel\u00e1n. Apertas! For the sake of viewer convenience, the content is shown below in this site default language. You may click one of the links to switch the site language to another available language.\u00a0A BC DE FGH IJKL MNO PQR STU VXYZ M Macrofobia: Tener miedo [&hellip;]\" \/>\n<meta property=\"og:url\" content=\"https:\/\/psicopico.com\/en\/diccionario-fobias\/diccionario-fobias-m-n-o\/\" \/>\n<meta property=\"og:site_name\" content=\"PsicoPico\" \/>\n<meta property=\"article:publisher\" content=\"https:\/\/es-la.facebook.com\/psicopicopsicologia\/\" \/>\n<meta property=\"article:modified_time\" content=\"2016-01-11T17:26:43+00:00\" \/>\n<meta name=\"twitter:card\" content=\"summary_large_image\" \/>\n<meta name=\"twitter:site\" content=\"@psicopico\" \/>\n<meta name=\"twitter:label1\" content=\"Est. reading time\" \/>\n\t<meta name=\"twitter:data1\" content=\"5 minutes\" \/>\n<script type=\"application\/ld+json\" class=\"yoast-schema-graph\">{\"@context\":\"https:\\\/\\\/schema.org\",\"@graph\":[{\"@type\":\"WebPage\",\"@id\":\"https:\\\/\\\/psicopico.com\\\/en\\\/diccionario-fobias\\\/diccionario-fobias-m-n-o\\\/\",\"url\":\"https:\\\/\\\/psicopico.com\\\/en\\\/diccionario-fobias\\\/diccionario-fobias-m-n-o\\\/\",\"name\":\"(Espa\u00f1ol) Diccionario Fobias|M-N-O - PsicoPico\",\"isPartOf\":{\"@id\":\"https:\\\/\\\/psicopico.com\\\/#website\"},\"datePublished\":\"2016-01-11T17:00:41+00:00\",\"dateModified\":\"2016-01-11T17:26:43+00:00\",\"breadcrumb\":{\"@id\":\"https:\\\/\\\/psicopico.com\\\/en\\\/diccionario-fobias\\\/diccionario-fobias-m-n-o\\\/#breadcrumb\"},\"inLanguage\":\"gal-GAL\",\"potentialAction\":[{\"@type\":\"ReadAction\",\"target\":[\"https:\\\/\\\/psicopico.com\\\/en\\\/diccionario-fobias\\\/diccionario-fobias-m-n-o\\\/\"]}]},{\"@type\":\"BreadcrumbList\",\"@id\":\"https:\\\/\\\/psicopico.com\\\/en\\\/diccionario-fobias\\\/diccionario-fobias-m-n-o\\\/#breadcrumb\",\"itemListElement\":[{\"@type\":\"ListItem\",\"position\":1,\"name\":\"Inicio\",\"item\":\"https:\\\/\\\/psicopico.com\\\/\"},{\"@type\":\"ListItem\",\"position\":2,\"name\":\"Phobics Dictionary\",\"item\":\"https:\\\/\\\/psicopico.com\\\/en\\\/diccionario-fobias\\\/\"},{\"@type\":\"ListItem\",\"position\":3,\"name\":\"Phobics Dictionary &#8211; MNO\"}]},{\"@type\":\"WebSite\",\"@id\":\"https:\\\/\\\/psicopico.com\\\/#website\",\"url\":\"https:\\\/\\\/psicopico.com\\\/\",\"name\":\"PsicoPico\",\"description\":\"Psicopico - Psicolox\u00eda Online por Iv\u00e1n Pico\",\"publisher\":{\"@id\":\"https:\\\/\\\/psicopico.com\\\/#organization\"},\"potentialAction\":[{\"@type\":\"SearchAction\",\"target\":{\"@type\":\"EntryPoint\",\"urlTemplate\":\"https:\\\/\\\/psicopico.com\\\/?s={search_term_string}\"},\"query-input\":{\"@type\":\"PropertyValueSpecification\",\"valueRequired\":true,\"valueName\":\"search_term_string\"}}],\"inLanguage\":\"gal-GAL\"},{\"@type\":\"Organization\",\"@id\":\"https:\\\/\\\/psicopico.com\\\/#organization\",\"name\":\"Psicopico\",\"url\":\"https:\\\/\\\/psicopico.com\\\/\",\"logo\":{\"@type\":\"ImageObject\",\"inLanguage\":\"gal-GAL\",\"@id\":\"https:\\\/\\\/psicopico.com\\\/#\\\/schema\\\/logo\\\/image\\\/\",\"url\":\"https:\\\/\\\/i0.wp.com\\\/psicopico.com\\\/wp-content\\\/uploads\\\/2015\\\/12\\\/logowebpsicopico.png?fit=377%2C113&ssl=1\",\"contentUrl\":\"https:\\\/\\\/i0.wp.com\\\/psicopico.com\\\/wp-content\\\/uploads\\\/2015\\\/12\\\/logowebpsicopico.png?fit=377%2C113&ssl=1\",\"width\":\"377\",\"height\":\"113\",\"caption\":\"Psicopico\"},\"image\":{\"@id\":\"https:\\\/\\\/psicopico.com\\\/#\\\/schema\\\/logo\\\/image\\\/\"},\"sameAs\":[\"https:\\\/\\\/es-la.facebook.com\\\/psicopicopsicologia\\\/\",\"https:\\\/\\\/x.com\\\/psicopico\",\"https:\\\/\\\/instagram.com\\\/psicopico\",\"https:\\\/\\\/es.linkedin.com\\\/in\\\/iv\u00e1n-pico-mart\u00ednez-5bb46873\",\"https:\\\/\\\/www.pinterest.es\\\/psicopico\\\/\",\"https:\\\/\\\/www.youtube.com\\\/channel\\\/UCwM4gAydCyOv_3sBkqVb74Q\"]}]}<\/script>\n<!-- \/ Yoast SEO plugin. -->","yoast_head_json":{"title":"(Espa\u00f1ol) Diccionario Fobias|M-N-O - PsicoPico","robots":{"index":"index","follow":"follow","max-snippet":"max-snippet:-1","max-image-preview":"max-image-preview:large","max-video-preview":"max-video-preview:-1"},"canonical":"https:\/\/psicopico.com\/en\/diccionario-fobias\/diccionario-fobias-m-n-o\/","og_locale":"en_US","og_type":"article","og_title":"(Espa\u00f1ol) Diccionario Fobias|M-N-O - PsicoPico","og_description":"Esta noticia non est\u00e1 dispo\u00f1ible en galego...sent\u00edmolo. Proba en castel\u00e1n. Apertas! For the sake of viewer convenience, the content is shown below in this site default language. You may click one of the links to switch the site language to another available language.\u00a0A BC DE FGH IJKL MNO PQR STU VXYZ M Macrofobia: Tener miedo [&hellip;]","og_url":"https:\/\/psicopico.com\/en\/diccionario-fobias\/diccionario-fobias-m-n-o\/","og_site_name":"PsicoPico","article_publisher":"https:\/\/es-la.facebook.com\/psicopicopsicologia\/","article_modified_time":"2016-01-11T17:26:43+00:00","twitter_card":"summary_large_image","twitter_site":"@psicopico","twitter_misc":{"Est. reading time":"5 minutes"},"schema":{"@context":"https:\/\/schema.org","@graph":[{"@type":"WebPage","@id":"https:\/\/psicopico.com\/en\/diccionario-fobias\/diccionario-fobias-m-n-o\/","url":"https:\/\/psicopico.com\/en\/diccionario-fobias\/diccionario-fobias-m-n-o\/","name":"(Espa\u00f1ol) Diccionario Fobias|M-N-O - PsicoPico","isPartOf":{"@id":"https:\/\/psicopico.com\/#website"},"datePublished":"2016-01-11T17:00:41+00:00","dateModified":"2016-01-11T17:26:43+00:00","breadcrumb":{"@id":"https:\/\/psicopico.com\/en\/diccionario-fobias\/diccionario-fobias-m-n-o\/#breadcrumb"},"inLanguage":"gal-GAL","potentialAction":[{"@type":"ReadAction","target":["https:\/\/psicopico.com\/en\/diccionario-fobias\/diccionario-fobias-m-n-o\/"]}]},{"@type":"BreadcrumbList","@id":"https:\/\/psicopico.com\/en\/diccionario-fobias\/diccionario-fobias-m-n-o\/#breadcrumb","itemListElement":[{"@type":"ListItem","position":1,"name":"Inicio","item":"https:\/\/psicopico.com\/"},{"@type":"ListItem","position":2,"name":"Phobics Dictionary","item":"https:\/\/psicopico.com\/en\/diccionario-fobias\/"},{"@type":"ListItem","position":3,"name":"Phobics Dictionary &#8211; MNO"}]},{"@type":"WebSite","@id":"https:\/\/psicopico.com\/#website","url":"https:\/\/psicopico.com\/","name":"PsicoPico","description":"Psicopico - Psicolox\u00eda Online por Iv\u00e1n Pico","publisher":{"@id":"https:\/\/psicopico.com\/#organization"},"potentialAction":[{"@type":"SearchAction","target":{"@type":"EntryPoint","urlTemplate":"https:\/\/psicopico.com\/?s={search_term_string}"},"query-input":{"@type":"PropertyValueSpecification","valueRequired":true,"valueName":"search_term_string"}}],"inLanguage":"gal-GAL"},{"@type":"Organization","@id":"https:\/\/psicopico.com\/#organization","name":"Psicopico","url":"https:\/\/psicopico.com\/","logo":{"@type":"ImageObject","inLanguage":"gal-GAL","@id":"https:\/\/psicopico.com\/#\/schema\/logo\/image\/","url":"https:\/\/i0.wp.com\/psicopico.com\/wp-content\/uploads\/2015\/12\/logowebpsicopico.png?fit=377%2C113&ssl=1","contentUrl":"https:\/\/i0.wp.com\/psicopico.com\/wp-content\/uploads\/2015\/12\/logowebpsicopico.png?fit=377%2C113&ssl=1","width":"377","height":"113","caption":"Psicopico"},"image":{"@id":"https:\/\/psicopico.com\/#\/schema\/logo\/image\/"},"sameAs":["https:\/\/es-la.facebook.com\/psicopicopsicologia\/","https:\/\/x.com\/psicopico","https:\/\/instagram.com\/psicopico","https:\/\/es.linkedin.com\/in\/iv\u00e1n-pico-mart\u00ednez-5bb46873","https:\/\/www.pinterest.es\/psicopico\/","https:\/\/www.youtube.com\/channel\/UCwM4gAydCyOv_3sBkqVb74Q"]}]}},"jetpack_shortlink":"https:\/\/wp.me\/P6Zx58-cQ","jetpack_sharing_enabled":true,"_links":{"self":[{"href":"https:\/\/psicopico.com\/gl\/wp-json\/wp\/v2\/pages\/796","targetHints":{"allow":["GET"]}}],"collection":[{"href":"https:\/\/psicopico.com\/gl\/wp-json\/wp\/v2\/pages"}],"about":[{"href":"https:\/\/psicopico.com\/gl\/wp-json\/wp\/v2\/types\/page"}],"author":[{"embeddable":true,"href":"https:\/\/psicopico.com\/gl\/wp-json\/wp\/v2\/users\/1"}],"replies":[{"embeddable":true,"href":"https:\/\/psicopico.com\/gl\/wp-json\/wp\/v2\/comments?post=796"}],"version-history":[{"count":0,"href":"https:\/\/psicopico.com\/gl\/wp-json\/wp\/v2\/pages\/796\/revisions"}],"up":[{"embeddable":true,"href":"https:\/\/psicopico.com\/gl\/wp-json\/wp\/v2\/pages\/742"}],"wp:attachment":[{"href":"https:\/\/psicopico.com\/gl\/wp-json\/wp\/v2\/media?parent=796"}],"curies":[{"name":"wp","href":"https:\/\/api.w.org\/{rel}","templated":true}]}}