{"id":789,"date":"2016-01-11T16:54:01","date_gmt":"2016-01-11T16:54:01","guid":{"rendered":"http:\/\/psicopico.com\/?page_id=789"},"modified":"2016-01-11T17:25:27","modified_gmt":"2016-01-11T17:25:27","slug":"phobics-glosary-fgh","status":"publish","type":"page","link":"https:\/\/psicopico.com\/gl\/diccionario-fobias\/phobics-glosary-fgh\/","title":{"rendered":"(Espa\u00f1ol) Diccionario Fobias &#8211; FGH"},"content":{"rendered":"<p class=\"qtranxs-available-languages-message qtranxs-available-languages-message-gl\">Esta noticia non est\u00e1 dispo\u00f1ible en galego...sent\u00edmolo. Proba en castel\u00e1n. Apertas! For the sake of viewer convenience, the content is shown below in this site default language. You may click one of the links to switch the site language to another available language.<\/p><h1 style=\"text-align: center;\">\u00a0<a href=\"http:\/\/psicopico.com\/diccionario-fobias\/\">A<\/a> <a href=\"http:\/\/psicopico.com\/diccionario-fobias-bc\/\">BC<\/a> <a href=\"http:\/\/psicopico.com\/diccionario-fobias-de\/\">DE<\/a> <a href=\"http:\/\/psicopico.com\/phobics-glosary-fgh\/\">FGH<\/a> <a href=\"http:\/\/psicopico.com\/diccionario-fobias-ijkl\/\">IJKL<\/a> <a href=\"http:\/\/psicopico.com\/diccionario-fobias-m-n-o\/\">MNO<\/a> <a href=\"http:\/\/psicopico.com\/phobics-dictionary-pqr\/\">PQR<\/a> <a href=\"http:\/\/psicopico.com\/diccionario-fobias-s-t-u\/\">STU<\/a> <a href=\"http:\/\/psicopico.com\/diccionario-fobias-v-w-x-y-z\/\">VXYZ<\/a><\/h1>\n<h1 style=\"text-align: center;\"><div class=\"mks_separator\" style=\"border-bottom: 2px solid;\"><\/div><\/h1>\n<h2>F<\/h2>\n<p><b>Fagofobia<\/b>: Tener miedo a comer.<\/p>\n<p><b>Falacrofobia<\/b>: Tener miedo a quedarse calvo.<\/p>\n<p><b>Falofobia<\/b>: Tener miedo a tener erecciones.<\/p>\n<p><b>Farmacofobia<\/b>: Tener miedo a las medicinas y\/o las drogas.<\/p>\n<p><b>Fasmofobia<\/b>: Tener miedo a los fantasmas.<\/p>\n<p><b>Febrifobia<\/b>: Tener miedo a la fiebre.<\/p>\n<p><b>Felinofobia<\/b>: Tener miedo a los felinos en general.<\/p>\n<p><b>Fengofobia<\/b>: Tener miedo a la luz del d\u00eda.<\/p>\n<p><b>Filemafobia<\/b>: Tener miedo a dar o recibir besos.<\/p>\n<p><b>Filofobia<\/b>: Tener miedo al amor.<\/p>\n<p><b>Filosofobia<\/b>: Tener miedo a la filosof\u00eda.<\/p>\n<p><b>Fobia social<\/b>: Tener miedo a ser juzgado negativamente en el \u00e1mbito social.<\/p>\n<p><b>Fobofobia<\/b>: Tener miedo las fobias y a temer.<\/p>\n<p><b>Fonofobia<\/b>: Tener miedo al ruido.<\/p>\n<p><b>Fotofobia<\/b>: Tener miedo a la luz.<\/p>\n<p><b>Fotoaugliafobia<\/b>: Tener miedo a las luces brillantes.<\/p>\n<p><b>Francofobia o galofobia<\/b>: Tener miedo o rechazo hacia Francia, a los franceses y su sociedad.<\/p>\n<p><b>Frenofobia<\/b>: Tener miedo a pensar.<\/p>\n<p><b>Frigoofobia<\/b>: Tener miedo al fr\u00edo.<\/p>\n<h2>G<\/h2>\n<p><b>Galeofobia<\/b>: Tener miedo a los tiburones.<\/p>\n<p><b>Gametofobia o gamofobia<\/b>: Tener miedo al matrimonio.<\/p>\n<p><b>Gatofobia<\/b>: Tener miedo a los gatos.<\/p>\n<p><b>Gefirofobia<\/b>: Tener miedo a cruzar puentes.<\/p>\n<p><b>Geliofobia<\/b>: Tener miedo a la risa.<\/p>\n<p><b>Genofobia<\/b>: Tener miedo al sexo.<\/p>\n<p><b>Genufobia<\/b>: Tener miedo a las rodillas.<\/p>\n<p><b>Gerascofobia<\/b>: Tener miedo a la vejez<\/p>\n<p><b>Germanofobia<\/b>: Tener miedo o rechazo a Alemania, los alemanes y su cultuura.<\/p>\n<p><b>Gerontofobia<\/b>: Tener miedo a los ancianos.<\/p>\n<p><b>Geumatofobia<\/b>: Tener miedo al sabor o al gusto.<\/p>\n<p><b>Gimnofobia<\/b>: Tener miedo a la desnudez.<\/p>\n<p><b>Ginefobia<\/b>: Tener miedo a la mujer.<\/p>\n<p><b>Glosofobia<\/b>: Tener miedo a hablar.<\/p>\n<p><b>Grafofobia<\/b>: Tener miedo, angusta de escribir.<\/p>\n<p><b>Gringofobia<\/b>: Tener miedo a los norteamericanos.<\/p>\n<h1 style=\"text-align: center;\">\u00a0<a href=\"http:\/\/psicopico.com\/diccionario-fobias\/\">A<\/a> <a href=\"http:\/\/psicopico.com\/diccionario-fobias-bc\/\">BC<\/a> <a href=\"http:\/\/psicopico.com\/diccionario-fobias-de\/\">DE<\/a> <a href=\"http:\/\/psicopico.com\/phobics-glosary-fgh\/\">FGH<\/a> <a href=\"http:\/\/psicopico.com\/diccionario-fobias-ijkl\/\">IJKL<\/a> <a href=\"http:\/\/psicopico.com\/diccionario-fobias-m-n-o\/\">MNO<\/a> <a href=\"http:\/\/psicopico.com\/phobics-dictionary-pqr\/\">PQR<\/a> <a href=\"http:\/\/psicopico.com\/diccionario-fobias-s-t-u\/\">STU<\/a> <a href=\"http:\/\/psicopico.com\/diccionario-fobias-v-w-x-y-z\/\">VXYZ<\/a><\/h1>\n<h1 style=\"text-align: left;\">H<\/h1>\n<p><b>Hadefobia o estigiofobia<\/b>: Tener miedo al infierno.<\/p>\n<p><b>Hafefobia o hefefobia<\/b>: Temor a ser tocado.<\/p>\n<p><b>Hagiofobia<\/b>: Temor a los santos, a los lugares sagrados.<\/p>\n<p><b>Hamartofobia<\/b>: Tener miedo al pecado.<\/p>\n<p><b>Hapofobia<\/b>: Tener miedo a tocar a alguien.<\/p>\n<p><b>Harpaxofobia<\/b>: Tener miedo a los ladrones. Tener miedo a ser perseguido por un crimen.<\/p>\n<p><b>Hedonofobia<\/b>: Tener miedo al placer.<\/p>\n<p><b>Helenofobia<\/b>: Temor a los t\u00e9rminos griegos.<\/p>\n<p><b>Heliofobia<\/b>: Tener miedo al Sol.<\/p>\n<p><b>Helmintofobia<\/b>: Tener miedo a los gusanos.<\/p>\n<p><b>Hematofobia o hemofobia<\/b>: Tener miedo a la sangre.<\/p>\n<p><b>Herpetofobia<\/b>: Tener miedo a los reptiles.<\/p>\n<p><b>Heterofobia<\/b>: Tener miedo al sexo opuesto.<\/p>\n<p><b>Hexakosioihexekontahexafobia<\/b>: Tener miedo al n\u00famero 666.<\/p>\n<p><b>Hialofobia<\/b>: Tener miedo los cristales.<\/p>\n<p><b>Hidrargiofobia<\/b>: Tener miedo las medicinas con base de mercurio.<\/p>\n<p><b>Hidrofobia<\/b>: Tener miedo al agua, a ahogarse y a nadar.<\/p>\n<p><b>Hidrofobofobia o lisofobia<\/b>: Tener miedo a la rabia, a la hidrofobia.<\/p>\n<p><b>Hierofobia<\/b>: Tener miedo a los sacerdotes.<\/p>\n<p><b>Higrofobia<\/b>: Tener miedo a la humedad, a la lluvia, al agua.<\/p>\n<p><b>Hipengiofobia<\/b>: Tener miedo tener responsabilidad.<\/p>\n<p><b>Hipnofobia<\/b>: Tener miedo a dormir y\/o ser hipnotizado.<\/p>\n<p><b>Hipopotomonstrosesquipedaliofobia<\/b>: Tener miedo las palabras largas.<\/p>\n<p><b>Hobofobia<\/b>: Tener miedo a los vagabundos.<\/p>\n<p><b>Hodofobia<\/b>: Tener miedo a los viajes por carretera.<\/p>\n<p><b>Homiclofobia<\/b>: Tener miedo a la niebla.<\/p>\n<p><b>Homilofobia<\/b>: Tener miedo a los sermones.<\/p>\n<p><b>Homofobia<\/b>: Tener miedo o aversi\u00f3n a la homosexualidad<\/p>\n<p><b>Hormefobia<\/b>: Tener miedo al shock<\/p>\n<h1 style=\"text-align: center;\">\u00a0<a href=\"http:\/\/psicopico.com\/diccionario-fobias\/\">A<\/a> <a href=\"http:\/\/psicopico.com\/diccionario-fobias-bc\/\">BC<\/a> <a href=\"http:\/\/psicopico.com\/diccionario-fobias-de\/\">DE<\/a> <a href=\"http:\/\/psicopico.com\/phobics-glosary-fgh\/\">FGH<\/a> <a href=\"http:\/\/psicopico.com\/diccionario-fobias-ijkl\/\">IJKL<\/a> <a href=\"http:\/\/psicopico.com\/diccionario-fobias-m-n-o\/\">MNO<\/a> <a href=\"http:\/\/psicopico.com\/phobics-dictionary-pqr\/\">PQR<\/a> <a href=\"http:\/\/psicopico.com\/diccionario-fobias-s-t-u\/\">STU<\/a> <a href=\"http:\/\/psicopico.com\/diccionario-fobias-v-w-x-y-z\/\">VXYZ<\/a><\/h1>\n<h1 style=\"text-align: center;\"><div class=\"mks_separator\" style=\"border-bottom: 2px solid;\"><\/div><\/h1>","protected":false},"excerpt":{"rendered":"<p>Esta noticia non est\u00e1 dispo\u00f1ible en galego&#8230;sent\u00edmolo. Proba en castel\u00e1n. Apertas! For the sake of viewer convenience, the content is shown below in this site default language. You may click one of the links to switch the site language to another available language.\u00a0A BC DE FGH IJKL MNO PQR STU VXYZ F Fagofobia: Tener miedo [&hellip;]<\/p>\n","protected":false},"author":1,"featured_media":0,"parent":742,"menu_order":0,"comment_status":"closed","ping_status":"closed","template":"","meta":{"_joinchat":[],"footnotes":""},"class_list":["post-789","page","type-page","status-publish","hentry"],"yoast_head":"<!-- This site is optimized with the Yoast SEO plugin v27.4 - https:\/\/yoast.com\/product\/yoast-seo-wordpress\/ -->\n<title>(Espa\u00f1ol) Diccionario Fobias - FGH - PsicoPico<\/title>\n<meta name=\"robots\" content=\"index, follow, max-snippet:-1, max-image-preview:large, max-video-preview:-1\" \/>\n<link rel=\"canonical\" href=\"https:\/\/psicopico.com\/en\/diccionario-fobias\/phobics-glosary-fgh\/\" \/>\n<meta property=\"og:locale\" content=\"en_US\" \/>\n<meta property=\"og:type\" content=\"article\" \/>\n<meta property=\"og:title\" content=\"(Espa\u00f1ol) Diccionario Fobias - FGH - PsicoPico\" \/>\n<meta property=\"og:description\" content=\"Esta noticia non est\u00e1 dispo\u00f1ible en galego...sent\u00edmolo. Proba en castel\u00e1n. Apertas! For the sake of viewer convenience, the content is shown below in this site default language. You may click one of the links to switch the site language to another available language.\u00a0A BC DE FGH IJKL MNO PQR STU VXYZ F Fagofobia: Tener miedo [&hellip;]\" \/>\n<meta property=\"og:url\" content=\"https:\/\/psicopico.com\/en\/diccionario-fobias\/phobics-glosary-fgh\/\" \/>\n<meta property=\"og:site_name\" content=\"PsicoPico\" \/>\n<meta property=\"article:publisher\" content=\"https:\/\/es-la.facebook.com\/psicopicopsicologia\/\" \/>\n<meta property=\"article:modified_time\" content=\"2016-01-11T17:25:27+00:00\" \/>\n<meta name=\"twitter:card\" content=\"summary_large_image\" \/>\n<meta name=\"twitter:site\" content=\"@psicopico\" \/>\n<meta name=\"twitter:label1\" content=\"Est. reading time\" \/>\n\t<meta name=\"twitter:data1\" content=\"4 minutes\" \/>\n<script type=\"application\/ld+json\" class=\"yoast-schema-graph\">{\"@context\":\"https:\\\/\\\/schema.org\",\"@graph\":[{\"@type\":\"WebPage\",\"@id\":\"https:\\\/\\\/psicopico.com\\\/en\\\/diccionario-fobias\\\/phobics-glosary-fgh\\\/\",\"url\":\"https:\\\/\\\/psicopico.com\\\/en\\\/diccionario-fobias\\\/phobics-glosary-fgh\\\/\",\"name\":\"(Espa\u00f1ol) Diccionario Fobias - FGH - PsicoPico\",\"isPartOf\":{\"@id\":\"https:\\\/\\\/psicopico.com\\\/#website\"},\"datePublished\":\"2016-01-11T16:54:01+00:00\",\"dateModified\":\"2016-01-11T17:25:27+00:00\",\"breadcrumb\":{\"@id\":\"https:\\\/\\\/psicopico.com\\\/en\\\/diccionario-fobias\\\/phobics-glosary-fgh\\\/#breadcrumb\"},\"inLanguage\":\"gal-GAL\",\"potentialAction\":[{\"@type\":\"ReadAction\",\"target\":[\"https:\\\/\\\/psicopico.com\\\/en\\\/diccionario-fobias\\\/phobics-glosary-fgh\\\/\"]}]},{\"@type\":\"BreadcrumbList\",\"@id\":\"https:\\\/\\\/psicopico.com\\\/en\\\/diccionario-fobias\\\/phobics-glosary-fgh\\\/#breadcrumb\",\"itemListElement\":[{\"@type\":\"ListItem\",\"position\":1,\"name\":\"Inicio\",\"item\":\"https:\\\/\\\/psicopico.com\\\/\"},{\"@type\":\"ListItem\",\"position\":2,\"name\":\"Phobics Dictionary\",\"item\":\"https:\\\/\\\/psicopico.com\\\/en\\\/diccionario-fobias\\\/\"},{\"@type\":\"ListItem\",\"position\":3,\"name\":\"Phobics Glosary &#8211; FGH\"}]},{\"@type\":\"WebSite\",\"@id\":\"https:\\\/\\\/psicopico.com\\\/#website\",\"url\":\"https:\\\/\\\/psicopico.com\\\/\",\"name\":\"PsicoPico\",\"description\":\"Psicopico - Psicolox\u00eda Online por Iv\u00e1n Pico\",\"publisher\":{\"@id\":\"https:\\\/\\\/psicopico.com\\\/#organization\"},\"potentialAction\":[{\"@type\":\"SearchAction\",\"target\":{\"@type\":\"EntryPoint\",\"urlTemplate\":\"https:\\\/\\\/psicopico.com\\\/?s={search_term_string}\"},\"query-input\":{\"@type\":\"PropertyValueSpecification\",\"valueRequired\":true,\"valueName\":\"search_term_string\"}}],\"inLanguage\":\"gal-GAL\"},{\"@type\":\"Organization\",\"@id\":\"https:\\\/\\\/psicopico.com\\\/#organization\",\"name\":\"Psicopico\",\"url\":\"https:\\\/\\\/psicopico.com\\\/\",\"logo\":{\"@type\":\"ImageObject\",\"inLanguage\":\"gal-GAL\",\"@id\":\"https:\\\/\\\/psicopico.com\\\/#\\\/schema\\\/logo\\\/image\\\/\",\"url\":\"https:\\\/\\\/i0.wp.com\\\/psicopico.com\\\/wp-content\\\/uploads\\\/2015\\\/12\\\/logowebpsicopico.png?fit=377%2C113&ssl=1\",\"contentUrl\":\"https:\\\/\\\/i0.wp.com\\\/psicopico.com\\\/wp-content\\\/uploads\\\/2015\\\/12\\\/logowebpsicopico.png?fit=377%2C113&ssl=1\",\"width\":\"377\",\"height\":\"113\",\"caption\":\"Psicopico\"},\"image\":{\"@id\":\"https:\\\/\\\/psicopico.com\\\/#\\\/schema\\\/logo\\\/image\\\/\"},\"sameAs\":[\"https:\\\/\\\/es-la.facebook.com\\\/psicopicopsicologia\\\/\",\"https:\\\/\\\/x.com\\\/psicopico\",\"https:\\\/\\\/instagram.com\\\/psicopico\",\"https:\\\/\\\/es.linkedin.com\\\/in\\\/iv\u00e1n-pico-mart\u00ednez-5bb46873\",\"https:\\\/\\\/www.pinterest.es\\\/psicopico\\\/\",\"https:\\\/\\\/www.youtube.com\\\/channel\\\/UCwM4gAydCyOv_3sBkqVb74Q\"]}]}<\/script>\n<!-- \/ Yoast SEO plugin. -->","yoast_head_json":{"title":"(Espa\u00f1ol) Diccionario Fobias - FGH - PsicoPico","robots":{"index":"index","follow":"follow","max-snippet":"max-snippet:-1","max-image-preview":"max-image-preview:large","max-video-preview":"max-video-preview:-1"},"canonical":"https:\/\/psicopico.com\/en\/diccionario-fobias\/phobics-glosary-fgh\/","og_locale":"en_US","og_type":"article","og_title":"(Espa\u00f1ol) Diccionario Fobias - FGH - PsicoPico","og_description":"Esta noticia non est\u00e1 dispo\u00f1ible en galego...sent\u00edmolo. Proba en castel\u00e1n. Apertas! For the sake of viewer convenience, the content is shown below in this site default language. You may click one of the links to switch the site language to another available language.\u00a0A BC DE FGH IJKL MNO PQR STU VXYZ F Fagofobia: Tener miedo [&hellip;]","og_url":"https:\/\/psicopico.com\/en\/diccionario-fobias\/phobics-glosary-fgh\/","og_site_name":"PsicoPico","article_publisher":"https:\/\/es-la.facebook.com\/psicopicopsicologia\/","article_modified_time":"2016-01-11T17:25:27+00:00","twitter_card":"summary_large_image","twitter_site":"@psicopico","twitter_misc":{"Est. reading time":"4 minutes"},"schema":{"@context":"https:\/\/schema.org","@graph":[{"@type":"WebPage","@id":"https:\/\/psicopico.com\/en\/diccionario-fobias\/phobics-glosary-fgh\/","url":"https:\/\/psicopico.com\/en\/diccionario-fobias\/phobics-glosary-fgh\/","name":"(Espa\u00f1ol) Diccionario Fobias - FGH - PsicoPico","isPartOf":{"@id":"https:\/\/psicopico.com\/#website"},"datePublished":"2016-01-11T16:54:01+00:00","dateModified":"2016-01-11T17:25:27+00:00","breadcrumb":{"@id":"https:\/\/psicopico.com\/en\/diccionario-fobias\/phobics-glosary-fgh\/#breadcrumb"},"inLanguage":"gal-GAL","potentialAction":[{"@type":"ReadAction","target":["https:\/\/psicopico.com\/en\/diccionario-fobias\/phobics-glosary-fgh\/"]}]},{"@type":"BreadcrumbList","@id":"https:\/\/psicopico.com\/en\/diccionario-fobias\/phobics-glosary-fgh\/#breadcrumb","itemListElement":[{"@type":"ListItem","position":1,"name":"Inicio","item":"https:\/\/psicopico.com\/"},{"@type":"ListItem","position":2,"name":"Phobics Dictionary","item":"https:\/\/psicopico.com\/en\/diccionario-fobias\/"},{"@type":"ListItem","position":3,"name":"Phobics Glosary &#8211; FGH"}]},{"@type":"WebSite","@id":"https:\/\/psicopico.com\/#website","url":"https:\/\/psicopico.com\/","name":"PsicoPico","description":"Psicopico - Psicolox\u00eda Online por Iv\u00e1n Pico","publisher":{"@id":"https:\/\/psicopico.com\/#organization"},"potentialAction":[{"@type":"SearchAction","target":{"@type":"EntryPoint","urlTemplate":"https:\/\/psicopico.com\/?s={search_term_string}"},"query-input":{"@type":"PropertyValueSpecification","valueRequired":true,"valueName":"search_term_string"}}],"inLanguage":"gal-GAL"},{"@type":"Organization","@id":"https:\/\/psicopico.com\/#organization","name":"Psicopico","url":"https:\/\/psicopico.com\/","logo":{"@type":"ImageObject","inLanguage":"gal-GAL","@id":"https:\/\/psicopico.com\/#\/schema\/logo\/image\/","url":"https:\/\/i0.wp.com\/psicopico.com\/wp-content\/uploads\/2015\/12\/logowebpsicopico.png?fit=377%2C113&ssl=1","contentUrl":"https:\/\/i0.wp.com\/psicopico.com\/wp-content\/uploads\/2015\/12\/logowebpsicopico.png?fit=377%2C113&ssl=1","width":"377","height":"113","caption":"Psicopico"},"image":{"@id":"https:\/\/psicopico.com\/#\/schema\/logo\/image\/"},"sameAs":["https:\/\/es-la.facebook.com\/psicopicopsicologia\/","https:\/\/x.com\/psicopico","https:\/\/instagram.com\/psicopico","https:\/\/es.linkedin.com\/in\/iv\u00e1n-pico-mart\u00ednez-5bb46873","https:\/\/www.pinterest.es\/psicopico\/","https:\/\/www.youtube.com\/channel\/UCwM4gAydCyOv_3sBkqVb74Q"]}]}},"jetpack_shortlink":"https:\/\/wp.me\/P6Zx58-cJ","jetpack_sharing_enabled":true,"_links":{"self":[{"href":"https:\/\/psicopico.com\/gl\/wp-json\/wp\/v2\/pages\/789","targetHints":{"allow":["GET"]}}],"collection":[{"href":"https:\/\/psicopico.com\/gl\/wp-json\/wp\/v2\/pages"}],"about":[{"href":"https:\/\/psicopico.com\/gl\/wp-json\/wp\/v2\/types\/page"}],"author":[{"embeddable":true,"href":"https:\/\/psicopico.com\/gl\/wp-json\/wp\/v2\/users\/1"}],"replies":[{"embeddable":true,"href":"https:\/\/psicopico.com\/gl\/wp-json\/wp\/v2\/comments?post=789"}],"version-history":[{"count":0,"href":"https:\/\/psicopico.com\/gl\/wp-json\/wp\/v2\/pages\/789\/revisions"}],"up":[{"embeddable":true,"href":"https:\/\/psicopico.com\/gl\/wp-json\/wp\/v2\/pages\/742"}],"wp:attachment":[{"href":"https:\/\/psicopico.com\/gl\/wp-json\/wp\/v2\/media?parent=789"}],"curies":[{"name":"wp","href":"https:\/\/api.w.org\/{rel}","templated":true}]}}