{"id":785,"date":"2016-01-11T16:47:57","date_gmt":"2016-01-11T16:47:57","guid":{"rendered":"http:\/\/psicopico.com\/?page_id=785"},"modified":"2016-02-28T13:46:49","modified_gmt":"2016-02-28T12:46:49","slug":"diccionario-fobias-de","status":"publish","type":"page","link":"https:\/\/psicopico.com\/gl\/diccionario-fobias\/diccionario-fobias-de\/","title":{"rendered":"(Espa\u00f1ol) Diccionario Fobias &#8211; DE"},"content":{"rendered":"<p class=\"qtranxs-available-languages-message qtranxs-available-languages-message-gl\">Esta noticia non est\u00e1 dispo\u00f1ible en galego...sent\u00edmolo. Proba en castel\u00e1n. Apertas! For the sake of viewer convenience, the content is shown below in this site default language. You may click one of the links to switch the site language to another available language.<\/p><h1 style=\"text-align: center;\">\u00a0<a href=\"http:\/\/psicopico.com\/diccionario-fobias\/\">A<\/a> <a href=\"http:\/\/psicopico.com\/diccionario-fobias-bc\/\">BC<\/a> <a href=\"http:\/\/psicopico.com\/diccionario-fobias-de\/\">DE<\/a> <a href=\"http:\/\/psicopico.com\/phobics-glosary-fgh\/\">FGH<\/a> <a href=\"http:\/\/psicopico.com\/diccionario-fobias-ijkl\/\">IJKL<\/a> <a href=\"http:\/\/psicopico.com\/diccionario-fobias-m-n-o\/\">MNO<\/a> <a href=\"http:\/\/psicopico.com\/phobics-dictionary-pqr\/\">PQR<\/a> <a href=\"http:\/\/psicopico.com\/diccionario-fobias-s-t-u\/\">STU<\/a> <a href=\"http:\/\/psicopico.com\/diccionario-fobias-v-w-x-y-z\/\">VXYZ<\/a><\/h1>\n<h1 style=\"text-align: center;\"><div class=\"mks_separator\" style=\"border-bottom: 2px solid;\"><\/div><\/h1>\n<h2>D<\/h2>\n<p><b>Decidofobia<\/b>: Tener miedo a tomar decisiones.<\/p>\n<p><b>Defecaloesiofobia<\/b>: Tener miedo a tener dolores abdominales o de tripa.<\/p>\n<p><b>Dementofobia<\/b>: Tener miedo a la locura o a volverse loco.<\/p>\n<p><b>Demofobia<\/b>: Tener miedo a las multitudes.<\/p>\n<p><b>Demonofobia<\/b>: Tener miedo a los demonios.<\/p>\n<p><b>Dendrofobia<\/b>: Tener miedo a los \u00e1rboles.<\/p>\n<p><b>Dentofobia<\/b>: Tener miedo a a ir al dentista.<\/p>\n<p><b>Dermatopatofobia<\/b>: Tener miedo a las enfermedades de la piel.<\/p>\n<p><b>Dermatosiofobia<\/b>: Tener miedo a la piel, a las verrugas.<\/p>\n<p><b>Deshabiliofobia<\/b>: Tener miedo a desnudarse delante de alguien.<\/p>\n<p><strong>Deuterofobia<\/strong>: Miedo a los lunes.<\/p>\n<p><b>Dextrofobia<\/b>: Tener miedo a los objetos que est\u00e9n en el lado derecho del cuerpo.<\/p>\n<p><b>Diabetofobia<\/b>: Tener miedo a padecer diabetes.<\/p>\n<p><b>Didascaleinofobia<\/b>: Tener miedo a ir a la escuela.<\/p>\n<p><b>Dikefobia<\/b>: Tener miedo a la justicia.<\/p>\n<p><b>Dinofobia<\/b>: Tener miedo a padecer mareo.<\/p>\n<p><b>Diplopiafobia<\/b>: Tener miedo a ver doble.<\/p>\n<p><b>Dipsofobia<\/b>: Tener miedo a la la bebida y a emborracharse.<\/p>\n<p><b>Diquefobia<\/b>: Tener miedo a la justicia.<\/p>\n<p><b>Dismorfofobia<\/b>: Tener miedo a las deformidades del propio cuerpo, con preocupaci\u00f3n excesiva hacia la apariencia f\u00edsica y creyendo que tienen algo deforme.<\/p>\n<p><b>Distiquifobia<\/b>: Tener miedo a los accidentes.<\/p>\n<p><b>Dorafobia<\/b>: Tener miedo a la piel.<\/p>\n<p><b>Dromofobia<\/b>: Tener miedo a cruzar una calle o carretera.<\/p>\n<h1 style=\"text-align: center;\">\u00a0<a href=\"http:\/\/psicopico.com\/diccionario-fobias\/\">A<\/a> <a href=\"http:\/\/psicopico.com\/diccionario-fobias-bc\/\">BC<\/a> <a href=\"http:\/\/psicopico.com\/diccionario-fobias-de\/\">DE<\/a> <a href=\"http:\/\/psicopico.com\/phobics-glosary-fgh\/\">FGH<\/a> <a href=\"http:\/\/psicopico.com\/diccionario-fobias-ijkl\/\">IJKL<\/a> <a href=\"http:\/\/psicopico.com\/diccionario-fobias-m-n-o\/\">MNO<\/a> <a href=\"http:\/\/psicopico.com\/phobics-dictionary-pqr\/\">PQR<\/a> <a href=\"http:\/\/psicopico.com\/diccionario-fobias-s-t-u\/\">STU<\/a> <a href=\"http:\/\/psicopico.com\/diccionario-fobias-v-w-x-y-z\/\">VXYZ<\/a><\/h1>\n<h1 style=\"text-align: center;\"><div class=\"mks_separator\" style=\"border-bottom: 2px solid;\"><\/div><\/h1>\n<h2>E<\/h2>\n<p><b>Eclesiofobia<\/b>: Tener miedo a las Iglesias.<\/p>\n<p><b>Ecofobia, oecofobia, oikofobia<\/b>: Tener miedo al hogar.<\/p>\n<p><b>Efebifobia<\/b>: Tener miedo a los adolescentes.<\/p>\n<p><b>Eicofobia<\/b>: Tener miedo a los alrededores del hogar.<\/p>\n<p><b>Eisoptrofobia<\/b>: Tener miedo a los espejos.<\/p>\n<p><b>Electrofobia<\/b>: Tener miedo a la electricidad y a una posible electrocuci\u00f3n.<\/p>\n<p><b>Eleuterofobia<\/b>: Tener miedo a la libertad.<\/p>\n<p><b>Emetofobia<\/b>: Tener miedo a vomitar.<\/p>\n<p><b>Enetofobia<\/b>: Tener miedo a los alfileres.<\/p>\n<p><b>Enosiofobia<\/b>: Tener miedo a cometer un pecado capital.<\/p>\n<p><b>Entomofobia<\/b>: Tener miedo a los insectos.<\/p>\n<p><b>Eosofobia<\/b> : Tener miedo al amanecer, a la salida del sol y la luz diurna.<\/p>\n<p><b>Epistaxiofobia<\/b>: Tener miedo a padecer hemorragia nasal.<\/p>\n<p><b>Epistemiofobia<\/b>: Tener miedo a adquirir nuevos conocimientos.<\/p>\n<p><b>Equinofobia<\/b>: Tener miedo a los caballos.<\/p>\n<p><b>Eremiofobia<\/b>: Tener miedo a estar solo.<\/p>\n<p><b>Ereutrofobia<\/b>: Tener miedo a ruborizarse delante de alguien.<\/p>\n<p><b>Ergofobia<\/b>: Tener miedo al trabajo.<\/p>\n<p><b>Eritrofobia<\/b>: Tener miedo al color rojo.<\/p>\n<p><b>Ermitofobia<\/b>: Tener miedo a estar solo.<\/p>\n<p><b>Erotofobia<\/b>: Tener miedo al sexo y al erotismo en general.<\/p>\n<p><b>Escatofobia<\/b>: Tener miedo a las heces o materia fecal.<\/p>\n<p><b>Esciofobia<\/b>: Tener miedo a las sombras.<\/p>\n<p><b>Escolequifobia<\/b>: Tener miedo a los gusanos.<\/p>\n<p><b>Escolionofobia<\/b>: Tener miedo al colegio.<\/p>\n<p><b>Escopofobia, Escoptofobia<\/b>: Tener miedo a ser visto o ser mirado fijamente.<\/p>\n<p><b>Escotofobia<\/b>: Tener miedo a la oscuridad.<\/p>\n<p><b>Escotomafobia<\/b>: Tener miedo a la ceguera o a no poder ver parcialmente.<\/p>\n<p><b>Escriptofobia<\/b>: Tener miedo de escribir en p\u00fablico.<\/p>\n<p><b>Especsofobia<\/b>: Tener miedo a las avispas.<\/p>\n<p><b>Espetrofobia<\/b>: Tener miedo a los fantasmas o espectros.<\/p>\n<p><b>Espermatofobia<\/b>: Tener miedo al semen.<\/p>\n<p><b>Esquelerofobia<\/b>: Tener miedo a personas malvadas y ladrones.<\/p>\n<p><b>Esquiofobia<\/b>: Tener miedo a las sombras.<\/p>\n<p><b>Estasofobia<\/b>: Tener miedo a estar parado.<\/p>\n<p><b>Estaurofobia<\/b>: Tener miedo a las cruces y\/o crucifijos.<\/p>\n<p><b>Estenofobia<\/b>: Tener miedo a estar en lugares estrechos.<\/p>\n<p><b>Estigiofobia<\/b>: Tener miedo al infierno.<\/p>\n<p><b>Eufobia<\/b>: Tener miedo a recibir buenas noticias.<\/p>\n<p><b>Eurotofobia<\/b>: Tener miedo a los genitales femeninos.<\/p>\n<h1 style=\"text-align: center;\">\u00a0<a href=\"http:\/\/psicopico.com\/diccionario-fobias\/\">A<\/a> <a href=\"http:\/\/psicopico.com\/diccionario-fobias-bc\/\">BC<\/a> <a href=\"http:\/\/psicopico.com\/diccionario-fobias-de\/\">DE<\/a> <a href=\"http:\/\/psicopico.com\/phobics-glosary-fgh\/\">FGH<\/a> <a href=\"http:\/\/psicopico.com\/diccionario-fobias-ijkl\/\">IJKL<\/a> <a href=\"http:\/\/psicopico.com\/diccionario-fobias-m-n-o\/\">MNO<\/a> <a href=\"http:\/\/psicopico.com\/phobics-dictionary-pqr\/\">PQR<\/a> <a href=\"http:\/\/psicopico.com\/diccionario-fobias-s-t-u\/\">STU<\/a> <a href=\"http:\/\/psicopico.com\/diccionario-fobias-v-w-x-y-z\/\">VXYZ<\/a><\/h1>\n<h1 style=\"text-align: center;\"><div class=\"mks_separator\" style=\"border-bottom: 2px solid;\"><\/div><\/h1>","protected":false},"excerpt":{"rendered":"<p>Esta noticia non est\u00e1 dispo\u00f1ible en galego&#8230;sent\u00edmolo. Proba en castel\u00e1n. Apertas! For the sake of viewer convenience, the content is shown below in this site default language. You may click one of the links to switch the site language to another available language.\u00a0A BC DE FGH IJKL MNO PQR STU VXYZ D Decidofobia: Tener miedo [&hellip;]<\/p>\n","protected":false},"author":1,"featured_media":0,"parent":742,"menu_order":0,"comment_status":"closed","ping_status":"closed","template":"","meta":{"_joinchat":[],"footnotes":""},"class_list":["post-785","page","type-page","status-publish","hentry"],"yoast_head":"<!-- This site is optimized with the Yoast SEO plugin v27.4 - https:\/\/yoast.com\/product\/yoast-seo-wordpress\/ -->\n<title>Diccionario de Fobias | PsicoPico<\/title>\n<meta name=\"description\" content=\"Descubre las fobias m\u00e1s raras y curiosas en este listado de miedos irracionales. \u00a0\" \/>\n<meta name=\"robots\" content=\"index, follow, max-snippet:-1, max-image-preview:large, max-video-preview:-1\" \/>\n<link rel=\"canonical\" href=\"https:\/\/psicopico.com\/en\/diccionario-fobias\/diccionario-fobias-de\/\" \/>\n<meta property=\"og:locale\" content=\"en_US\" \/>\n<meta property=\"og:type\" content=\"article\" \/>\n<meta property=\"og:title\" content=\"Diccionario de Fobias | PsicoPico\" \/>\n<meta property=\"og:description\" content=\"Descubre las fobias m\u00e1s raras y curiosas en este listado de miedos irracionales. \u00a0\" \/>\n<meta property=\"og:url\" content=\"https:\/\/psicopico.com\/en\/diccionario-fobias\/diccionario-fobias-de\/\" \/>\n<meta property=\"og:site_name\" content=\"PsicoPico\" \/>\n<meta property=\"article:publisher\" content=\"https:\/\/es-la.facebook.com\/psicopicopsicologia\/\" \/>\n<meta property=\"article:modified_time\" content=\"2016-02-28T12:46:49+00:00\" \/>\n<meta name=\"twitter:card\" content=\"summary_large_image\" \/>\n<meta name=\"twitter:site\" content=\"@psicopico\" \/>\n<meta name=\"twitter:label1\" content=\"Est. reading time\" \/>\n\t<meta name=\"twitter:data1\" content=\"4 minutes\" \/>\n<script type=\"application\/ld+json\" class=\"yoast-schema-graph\">{\"@context\":\"https:\\\/\\\/schema.org\",\"@graph\":[{\"@type\":\"WebPage\",\"@id\":\"https:\\\/\\\/psicopico.com\\\/en\\\/diccionario-fobias\\\/diccionario-fobias-de\\\/\",\"url\":\"https:\\\/\\\/psicopico.com\\\/en\\\/diccionario-fobias\\\/diccionario-fobias-de\\\/\",\"name\":\"Diccionario de Fobias | PsicoPico\",\"isPartOf\":{\"@id\":\"https:\\\/\\\/psicopico.com\\\/#website\"},\"datePublished\":\"2016-01-11T16:47:57+00:00\",\"dateModified\":\"2016-02-28T12:46:49+00:00\",\"description\":\"Descubre las fobias m\u00e1s raras y curiosas en este listado de miedos irracionales. \u00a0\",\"breadcrumb\":{\"@id\":\"https:\\\/\\\/psicopico.com\\\/en\\\/diccionario-fobias\\\/diccionario-fobias-de\\\/#breadcrumb\"},\"inLanguage\":\"gal-GAL\",\"potentialAction\":[{\"@type\":\"ReadAction\",\"target\":[\"https:\\\/\\\/psicopico.com\\\/en\\\/diccionario-fobias\\\/diccionario-fobias-de\\\/\"]}]},{\"@type\":\"BreadcrumbList\",\"@id\":\"https:\\\/\\\/psicopico.com\\\/en\\\/diccionario-fobias\\\/diccionario-fobias-de\\\/#breadcrumb\",\"itemListElement\":[{\"@type\":\"ListItem\",\"position\":1,\"name\":\"Inicio\",\"item\":\"https:\\\/\\\/psicopico.com\\\/\"},{\"@type\":\"ListItem\",\"position\":2,\"name\":\"Phobics Dictionary\",\"item\":\"https:\\\/\\\/psicopico.com\\\/en\\\/diccionario-fobias\\\/\"},{\"@type\":\"ListItem\",\"position\":3,\"name\":\"(Espa\u00f1ol) Diccionario Fobias &#8211; DE\"}]},{\"@type\":\"WebSite\",\"@id\":\"https:\\\/\\\/psicopico.com\\\/#website\",\"url\":\"https:\\\/\\\/psicopico.com\\\/\",\"name\":\"PsicoPico\",\"description\":\"Psicopico - Psicolox\u00eda Online por Iv\u00e1n Pico\",\"publisher\":{\"@id\":\"https:\\\/\\\/psicopico.com\\\/#organization\"},\"potentialAction\":[{\"@type\":\"SearchAction\",\"target\":{\"@type\":\"EntryPoint\",\"urlTemplate\":\"https:\\\/\\\/psicopico.com\\\/?s={search_term_string}\"},\"query-input\":{\"@type\":\"PropertyValueSpecification\",\"valueRequired\":true,\"valueName\":\"search_term_string\"}}],\"inLanguage\":\"gal-GAL\"},{\"@type\":\"Organization\",\"@id\":\"https:\\\/\\\/psicopico.com\\\/#organization\",\"name\":\"Psicopico\",\"url\":\"https:\\\/\\\/psicopico.com\\\/\",\"logo\":{\"@type\":\"ImageObject\",\"inLanguage\":\"gal-GAL\",\"@id\":\"https:\\\/\\\/psicopico.com\\\/#\\\/schema\\\/logo\\\/image\\\/\",\"url\":\"https:\\\/\\\/i0.wp.com\\\/psicopico.com\\\/wp-content\\\/uploads\\\/2015\\\/12\\\/logowebpsicopico.png?fit=377%2C113&ssl=1\",\"contentUrl\":\"https:\\\/\\\/i0.wp.com\\\/psicopico.com\\\/wp-content\\\/uploads\\\/2015\\\/12\\\/logowebpsicopico.png?fit=377%2C113&ssl=1\",\"width\":\"377\",\"height\":\"113\",\"caption\":\"Psicopico\"},\"image\":{\"@id\":\"https:\\\/\\\/psicopico.com\\\/#\\\/schema\\\/logo\\\/image\\\/\"},\"sameAs\":[\"https:\\\/\\\/es-la.facebook.com\\\/psicopicopsicologia\\\/\",\"https:\\\/\\\/x.com\\\/psicopico\",\"https:\\\/\\\/instagram.com\\\/psicopico\",\"https:\\\/\\\/es.linkedin.com\\\/in\\\/iv\u00e1n-pico-mart\u00ednez-5bb46873\",\"https:\\\/\\\/www.pinterest.es\\\/psicopico\\\/\",\"https:\\\/\\\/www.youtube.com\\\/channel\\\/UCwM4gAydCyOv_3sBkqVb74Q\"]}]}<\/script>\n<!-- \/ Yoast SEO plugin. -->","yoast_head_json":{"title":"Diccionario de Fobias | PsicoPico","description":"Descubre las fobias m\u00e1s raras y curiosas en este listado de miedos irracionales. \u00a0","robots":{"index":"index","follow":"follow","max-snippet":"max-snippet:-1","max-image-preview":"max-image-preview:large","max-video-preview":"max-video-preview:-1"},"canonical":"https:\/\/psicopico.com\/en\/diccionario-fobias\/diccionario-fobias-de\/","og_locale":"en_US","og_type":"article","og_title":"Diccionario de Fobias | PsicoPico","og_description":"Descubre las fobias m\u00e1s raras y curiosas en este listado de miedos irracionales. \u00a0","og_url":"https:\/\/psicopico.com\/en\/diccionario-fobias\/diccionario-fobias-de\/","og_site_name":"PsicoPico","article_publisher":"https:\/\/es-la.facebook.com\/psicopicopsicologia\/","article_modified_time":"2016-02-28T12:46:49+00:00","twitter_card":"summary_large_image","twitter_site":"@psicopico","twitter_misc":{"Est. reading time":"4 minutes"},"schema":{"@context":"https:\/\/schema.org","@graph":[{"@type":"WebPage","@id":"https:\/\/psicopico.com\/en\/diccionario-fobias\/diccionario-fobias-de\/","url":"https:\/\/psicopico.com\/en\/diccionario-fobias\/diccionario-fobias-de\/","name":"Diccionario de Fobias | PsicoPico","isPartOf":{"@id":"https:\/\/psicopico.com\/#website"},"datePublished":"2016-01-11T16:47:57+00:00","dateModified":"2016-02-28T12:46:49+00:00","description":"Descubre las fobias m\u00e1s raras y curiosas en este listado de miedos irracionales. \u00a0","breadcrumb":{"@id":"https:\/\/psicopico.com\/en\/diccionario-fobias\/diccionario-fobias-de\/#breadcrumb"},"inLanguage":"gal-GAL","potentialAction":[{"@type":"ReadAction","target":["https:\/\/psicopico.com\/en\/diccionario-fobias\/diccionario-fobias-de\/"]}]},{"@type":"BreadcrumbList","@id":"https:\/\/psicopico.com\/en\/diccionario-fobias\/diccionario-fobias-de\/#breadcrumb","itemListElement":[{"@type":"ListItem","position":1,"name":"Inicio","item":"https:\/\/psicopico.com\/"},{"@type":"ListItem","position":2,"name":"Phobics Dictionary","item":"https:\/\/psicopico.com\/en\/diccionario-fobias\/"},{"@type":"ListItem","position":3,"name":"(Espa\u00f1ol) Diccionario Fobias &#8211; DE"}]},{"@type":"WebSite","@id":"https:\/\/psicopico.com\/#website","url":"https:\/\/psicopico.com\/","name":"PsicoPico","description":"Psicopico - Psicolox\u00eda Online por Iv\u00e1n Pico","publisher":{"@id":"https:\/\/psicopico.com\/#organization"},"potentialAction":[{"@type":"SearchAction","target":{"@type":"EntryPoint","urlTemplate":"https:\/\/psicopico.com\/?s={search_term_string}"},"query-input":{"@type":"PropertyValueSpecification","valueRequired":true,"valueName":"search_term_string"}}],"inLanguage":"gal-GAL"},{"@type":"Organization","@id":"https:\/\/psicopico.com\/#organization","name":"Psicopico","url":"https:\/\/psicopico.com\/","logo":{"@type":"ImageObject","inLanguage":"gal-GAL","@id":"https:\/\/psicopico.com\/#\/schema\/logo\/image\/","url":"https:\/\/i0.wp.com\/psicopico.com\/wp-content\/uploads\/2015\/12\/logowebpsicopico.png?fit=377%2C113&ssl=1","contentUrl":"https:\/\/i0.wp.com\/psicopico.com\/wp-content\/uploads\/2015\/12\/logowebpsicopico.png?fit=377%2C113&ssl=1","width":"377","height":"113","caption":"Psicopico"},"image":{"@id":"https:\/\/psicopico.com\/#\/schema\/logo\/image\/"},"sameAs":["https:\/\/es-la.facebook.com\/psicopicopsicologia\/","https:\/\/x.com\/psicopico","https:\/\/instagram.com\/psicopico","https:\/\/es.linkedin.com\/in\/iv\u00e1n-pico-mart\u00ednez-5bb46873","https:\/\/www.pinterest.es\/psicopico\/","https:\/\/www.youtube.com\/channel\/UCwM4gAydCyOv_3sBkqVb74Q"]}]}},"jetpack_shortlink":"https:\/\/wp.me\/P6Zx58-cF","jetpack_sharing_enabled":true,"_links":{"self":[{"href":"https:\/\/psicopico.com\/gl\/wp-json\/wp\/v2\/pages\/785","targetHints":{"allow":["GET"]}}],"collection":[{"href":"https:\/\/psicopico.com\/gl\/wp-json\/wp\/v2\/pages"}],"about":[{"href":"https:\/\/psicopico.com\/gl\/wp-json\/wp\/v2\/types\/page"}],"author":[{"embeddable":true,"href":"https:\/\/psicopico.com\/gl\/wp-json\/wp\/v2\/users\/1"}],"replies":[{"embeddable":true,"href":"https:\/\/psicopico.com\/gl\/wp-json\/wp\/v2\/comments?post=785"}],"version-history":[{"count":0,"href":"https:\/\/psicopico.com\/gl\/wp-json\/wp\/v2\/pages\/785\/revisions"}],"up":[{"embeddable":true,"href":"https:\/\/psicopico.com\/gl\/wp-json\/wp\/v2\/pages\/742"}],"wp:attachment":[{"href":"https:\/\/psicopico.com\/gl\/wp-json\/wp\/v2\/media?parent=785"}],"curies":[{"name":"wp","href":"https:\/\/api.w.org\/{rel}","templated":true}]}}