{"id":778,"date":"2016-01-11T16:27:53","date_gmt":"2016-01-11T16:27:53","guid":{"rendered":"http:\/\/psicopico.com\/?page_id=778"},"modified":"2016-01-11T17:24:06","modified_gmt":"2016-01-11T17:24:06","slug":"diccionario-fobias-bc","status":"publish","type":"page","link":"https:\/\/psicopico.com\/gl\/diccionario-fobias\/diccionario-fobias-bc\/","title":{"rendered":"(Espa\u00f1ol) Diccionario Fobias &#8211; BC"},"content":{"rendered":"<p class=\"qtranxs-available-languages-message qtranxs-available-languages-message-gl\">Esta noticia non est\u00e1 dispo\u00f1ible en galego...sent\u00edmolo. Proba en castel\u00e1n. Apertas! For the sake of viewer convenience, the content is shown below in this site default language. You may click one of the links to switch the site language to another available language.<\/p><h1 style=\"text-align: center;\">\u00a0<a href=\"http:\/\/psicopico.com\/diccionario-fobias\/\">A<\/a> <a href=\"http:\/\/psicopico.com\/diccionario-fobias-bc\/\">BC<\/a> <a href=\"http:\/\/psicopico.com\/diccionario-fobias-de\/\">DE<\/a> <a href=\"http:\/\/psicopico.com\/phobics-glosary-fgh\/\">FGH<\/a> <a href=\"http:\/\/psicopico.com\/diccionario-fobias-ijkl\/\">IJKL<\/a> <a href=\"http:\/\/psicopico.com\/diccionario-fobias-m-n-o\/\">MNO<\/a> <a href=\"http:\/\/psicopico.com\/phobics-dictionary-pqr\/\">PQR<\/a> <a href=\"http:\/\/psicopico.com\/diccionario-fobias-s-t-u\/\">STU<\/a> <a href=\"http:\/\/psicopico.com\/diccionario-fobias-v-w-x-y-z\/\">VXYZ<\/a><\/h1>\n<h1 style=\"text-align: center;\"><div class=\"mks_separator\" style=\"border-bottom: 2px solid;\"><\/div><\/h1>\n<h2>B<\/h2>\n<p><b>Bacilofobia<\/b>: Tener miedo a los microbios y a las enfermedades que puedan transmitir.<\/p>\n<p><b>Bacteriofobia<\/b>: Tener miedo a las bacterias y a las enfermedades que se puedan contraer con ellas.<\/p>\n<p><b>Balistofobia<\/b>: Tener miedo a las balas, municiones, misiles&#8230;.<\/p>\n<p><b>Barofobia<\/b>: Tener miedo a la fuerza de la gravedad terrestre.<\/p>\n<p><b>Basofobia<\/b>: Tener miedo a caerse al caminar y a la incapacidad de permanecer en pie.<\/p>\n<p><b>Bathofobia<\/b>: Tener miedo a las profundidades.<\/p>\n<p><b>Batmofobia<\/b>: Tener miedo a las escaleras y\/o pendientes abruptas.<\/p>\n<p><b>Batraciofobia<\/b>: Tener miedo a los anfibios o batracios; como salamandras, ranas, sapos, etc.<\/p>\n<p><b>Belonefobia o aicmofobia<\/b>: Tener miedo a las agujas y los alfileres.<\/p>\n<p><b>Bibliofobia<\/b>: Tener miedo a los libros y la lectura.<\/p>\n<p><b>Blenofobia<\/b>: Tener miedo a las cosas viscosas.<\/p>\n<p><b>Bogifobia<\/b>: Tener miedo al Hombre del Saco (en ingl\u00e9s, &#8220;Bogeyman&#8221;), a los duendes o espectros.<\/p>\n<p><b>Bolsefobia<\/b>: Tener miedo a los comunistas y bolcheviques.<\/p>\n<p><b>Botanofobia<\/b>: Tener miedo a lo bot\u00e1nico como plantas, \u00e1rboles o flores.<\/p>\n<p><b>Bromidrosifobia o bromidrofobia<\/b>: Tener miedo a al mal olor corporal propio o ajeno.<\/p>\n<p><b>Brontofobia<\/b>: Tener miedo a las tormentas, con rayos y truenos.<\/p>\n<p><b>Bufonofobia<\/b>: Tener miedo a los sapos.<\/p>\n<p>&nbsp;<\/p>\n<h2>C<\/h2>\n<p><b>Cacofobia<\/b>: Tener miedo a las personas y las cosas feas en general.<\/p>\n<p><b>Caetofobia<\/b>: Tener miedo al pero y los seres peludos.<\/p>\n<p><b>Cainofobia<\/b>: Tener miedo a fallar y\/o ser vencido.<\/p>\n<p><b>Cainolofobia o cainotofobia<\/b>: Tener miedo a las novedades.<\/p>\n<p><b>Caliginefobia<\/b>: Tener miedo a mujeres hermosas.<\/p>\n<p><b>Cancerofobia, carcinofobia, cancerfobia<\/b>: Tener miedo al c\u00e1ncer.<\/p>\n<p><b>Cardiofobia<\/b>: Tener miedo al coraz\u00f3n y a padecer enfermedades del mismo.<\/p>\n<p><b>Carnofobia<\/b>: Tener miedo a la carne.<\/p>\n<p><b>Carofobia<\/b>: Tener miedo a la picaz\u00f3n.<\/p>\n<p><b>Catagelofobia<\/b>: Tener miedo a hacer el rid\u00edculo.<\/p>\n<p><b>Catapedafobia<\/b>: Tener miedo a saltar.<\/p>\n<p><b>Catisofobia<\/b>: Tener miedo a sentarse.<\/p>\n<p><b>Catoptrofobia<\/b>: Tener miedo a los espejos.<\/p>\n<p><b>Cenofobia<\/b>: Tener miedo a los grandes espacios, al vac\u00edo.<\/p>\n<p><b>Centofobia<\/b>: Tener miedo a aceptar nuevas ideas y que \u00e9stas cambien las ideas ya establecidas o el entorno conocido.<\/p>\n<p><b>Cheimafobia<\/b>: Tener miedo a al fr\u00edo.<\/p>\n<p><b>Chemofobia<\/b>: Tener miedo a los productos qu\u00edmicos.<\/p>\n<p><b>Chirofobia<\/b>: Tener miedo a las manos.<\/p>\n<p><b>Cianofobia<\/b>: Tener miedo alcolor azul.<\/p>\n<p><b>Ciberfobia<\/b>: Tener miedo a los oredenadores y\/o a Internet.<\/p>\n<p><b>Cibofobia<\/b>: Tener miedo al alimento.<\/p>\n<p><b>Ciclofobia<\/b>: Tener miedo a las bicicletas y a conducirlas.<\/p>\n<p><b>Cimofobia<\/b>: Tener miedo a las olas y movimientos ondulatorios.<\/p>\n<p><b>Cinofobia<\/b>: Tener miedo a los perros.<\/p>\n<p><b>Cionofobia<\/b>: Tener miedo a la nieve.<\/p>\n<p><b>Cipridofobia<\/b>: Tener miedo a las prostitutas y a las enfermedades ven\u00e9reas que \u00e9stas puedan trasmitir.<\/p>\n<p><b>Claustrofobia<\/b>: Tener miedo a los lugares cerrados.<\/p>\n<p><b>Cleinofobia o clitrofobia<\/b>: Tener miedo a ser encerrado.<\/p>\n<p><b>Cleptofobia<\/b>: Tener miedo a robar.<\/p>\n<p><b>Clinofobia<\/b>: Tener miedo de ir a la cama.<\/p>\n<p><b>Clorofobia<\/b>: Tener miedo al color verde.<\/p>\n<p><b>Cnidofobia<\/b>: Tener miedo a las picaduras de insectos y a sus aguijones.<\/p>\n<p><b>Coimetrofobia<\/b>: Tener miedo a los cementerios.<\/p>\n<p><b>Coinonifobia<\/b>: Tener miedo a las habitaciones.<\/p>\n<p><b>Coitofobia<\/b>: Tener miedo al coito o relaciones sexuales.<\/p>\n<p><b>Colerofobia<\/b>: Tener miedo a enfadarse.<\/p>\n<p><b>Colpofobia<\/b>: Tener miedo a los genitales, en especial los femeninos.<\/p>\n<p><b>Cometofobia<\/b>: Tener miedo a los cometas.<\/p>\n<p><b>Copofobia<\/b>: Tener miedo a cansarse o fatigarse.<\/p>\n<p><b>Coprofobia<\/b>: Tener miedo a los excrementos o heces.<\/p>\n<p><b>Corofobia<\/b>: Tener miedo a bailar.<\/p>\n<p><b>Counterfobia<\/b>: Cuando un f\u00f3bico encuentra placer al encontrarse en situaciones que le atemorizan.<\/p>\n<p><b>Cremnofobia<\/b>: Tener miedo a los precipicios y abismos.<\/p>\n<p><b>Cropostasofobia<\/b>: Tener miedo al estre\u00f1imiento.<\/p>\n<p><b>Criofobia<\/b>: Tener miedo del hielo y las heladas.<\/p>\n<p><b>Crisofobia<\/b>: Tener miedo al color naranja.<\/p>\n<p><b>Cristalofobia<\/b>: Tener miedo a los cristales o vidrios.<\/p>\n<p><b>Cromatofobia o cromofobia<\/b>: Tener miedo a los colores en general.<\/p>\n<p><b>Crometofobia<\/b>: Tener miedo al dinero y a tocarlo.<\/p>\n<p><b>Cronofobia<\/b>: Tener miedo al paso del tiempo.<\/p>\n<p><b>Crronomentrofobia<\/b>: Tener miedo a los relojes.<\/p>\n<h1 style=\"text-align: center;\">\u00a0<a href=\"http:\/\/psicopico.com\/diccionario-fobias\/\">A<\/a> <a href=\"http:\/\/psicopico.com\/diccionario-fobias-bc\/\">BC<\/a> <a href=\"http:\/\/psicopico.com\/diccionario-fobias-de\/\">DE<\/a> <a href=\"http:\/\/psicopico.com\/phobics-glosary-fgh\/\">FGH<\/a> <a href=\"http:\/\/psicopico.com\/diccionario-fobias-ijkl\/\">IJKL<\/a> <a href=\"http:\/\/psicopico.com\/diccionario-fobias-m-n-o\/\">MNO<\/a> <a href=\"http:\/\/psicopico.com\/phobics-dictionary-pqr\/\">PQR<\/a> <a href=\"http:\/\/psicopico.com\/diccionario-fobias-s-t-u\/\">STU<\/a> <a href=\"http:\/\/psicopico.com\/diccionario-fobias-v-w-x-y-z\/\">VXYZ<\/a><\/h1>\n<h1 style=\"text-align: center;\"><div class=\"mks_separator\" style=\"border-bottom: 2px solid;\"><\/div><\/h1>","protected":false},"excerpt":{"rendered":"<p>Esta noticia non est\u00e1 dispo\u00f1ible en galego&#8230;sent\u00edmolo. Proba en castel\u00e1n. Apertas! For the sake of viewer convenience, the content is shown below in this site default language. You may click one of the links to switch the site language to another available language.\u00a0A BC DE FGH IJKL MNO PQR STU VXYZ B Bacilofobia: Tener miedo [&hellip;]<\/p>\n","protected":false},"author":1,"featured_media":0,"parent":742,"menu_order":0,"comment_status":"closed","ping_status":"closed","template":"","meta":{"_joinchat":[],"footnotes":""},"class_list":["post-778","page","type-page","status-publish","hentry"],"yoast_head":"<!-- This site is optimized with the Yoast SEO plugin v27.4 - https:\/\/yoast.com\/product\/yoast-seo-wordpress\/ -->\n<title>Diccionario de Fobias - B | PsicoPico | Psicolog\u00eda Online\u00a0<\/title>\n<meta name=\"description\" content=\"Diccionario de fobias. Lista de fobias por orden alfab\u00e9tico. Curiosea y descubre el nombre cient\u00edfico de determinados miedos.\u00a0\" \/>\n<meta name=\"robots\" content=\"index, follow, max-snippet:-1, max-image-preview:large, max-video-preview:-1\" \/>\n<link rel=\"canonical\" href=\"https:\/\/psicopico.com\/en\/diccionario-fobias\/diccionario-fobias-bc\/\" \/>\n<meta property=\"og:locale\" content=\"en_US\" \/>\n<meta property=\"og:type\" content=\"article\" \/>\n<meta property=\"og:title\" content=\"Diccionario de Fobias - B | PsicoPico | Psicolog\u00eda Online\u00a0\" \/>\n<meta property=\"og:description\" content=\"Diccionario de fobias. Lista de fobias por orden alfab\u00e9tico. Curiosea y descubre el nombre cient\u00edfico de determinados miedos.\u00a0\" \/>\n<meta property=\"og:url\" content=\"https:\/\/psicopico.com\/en\/diccionario-fobias\/diccionario-fobias-bc\/\" \/>\n<meta property=\"og:site_name\" content=\"PsicoPico\" \/>\n<meta property=\"article:publisher\" content=\"https:\/\/es-la.facebook.com\/psicopicopsicologia\/\" \/>\n<meta property=\"article:modified_time\" content=\"2016-01-11T17:24:06+00:00\" \/>\n<meta name=\"twitter:card\" content=\"summary_large_image\" \/>\n<meta name=\"twitter:site\" content=\"@psicopico\" \/>\n<meta name=\"twitter:label1\" content=\"Est. reading time\" \/>\n\t<meta name=\"twitter:data1\" content=\"5 minutes\" \/>\n<script type=\"application\/ld+json\" class=\"yoast-schema-graph\">{\"@context\":\"https:\\\/\\\/schema.org\",\"@graph\":[{\"@type\":\"WebPage\",\"@id\":\"https:\\\/\\\/psicopico.com\\\/en\\\/diccionario-fobias\\\/diccionario-fobias-bc\\\/\",\"url\":\"https:\\\/\\\/psicopico.com\\\/en\\\/diccionario-fobias\\\/diccionario-fobias-bc\\\/\",\"name\":\"Diccionario de Fobias - B | PsicoPico | Psicolog\u00eda Online\u00a0\",\"isPartOf\":{\"@id\":\"https:\\\/\\\/psicopico.com\\\/#website\"},\"datePublished\":\"2016-01-11T16:27:53+00:00\",\"dateModified\":\"2016-01-11T17:24:06+00:00\",\"description\":\"Diccionario de fobias. Lista de fobias por orden alfab\u00e9tico. Curiosea y descubre el nombre cient\u00edfico de determinados miedos.\u00a0\",\"breadcrumb\":{\"@id\":\"https:\\\/\\\/psicopico.com\\\/en\\\/diccionario-fobias\\\/diccionario-fobias-bc\\\/#breadcrumb\"},\"inLanguage\":\"gal-GAL\",\"potentialAction\":[{\"@type\":\"ReadAction\",\"target\":[\"https:\\\/\\\/psicopico.com\\\/en\\\/diccionario-fobias\\\/diccionario-fobias-bc\\\/\"]}]},{\"@type\":\"BreadcrumbList\",\"@id\":\"https:\\\/\\\/psicopico.com\\\/en\\\/diccionario-fobias\\\/diccionario-fobias-bc\\\/#breadcrumb\",\"itemListElement\":[{\"@type\":\"ListItem\",\"position\":1,\"name\":\"Inicio\",\"item\":\"https:\\\/\\\/psicopico.com\\\/\"},{\"@type\":\"ListItem\",\"position\":2,\"name\":\"Phobics Dictionary\",\"item\":\"https:\\\/\\\/psicopico.com\\\/en\\\/diccionario-fobias\\\/\"},{\"@type\":\"ListItem\",\"position\":3,\"name\":\"Dictionary of phobics &#8211; BC\"}]},{\"@type\":\"WebSite\",\"@id\":\"https:\\\/\\\/psicopico.com\\\/#website\",\"url\":\"https:\\\/\\\/psicopico.com\\\/\",\"name\":\"PsicoPico\",\"description\":\"Psicopico - Psicolox\u00eda Online por Iv\u00e1n Pico\",\"publisher\":{\"@id\":\"https:\\\/\\\/psicopico.com\\\/#organization\"},\"potentialAction\":[{\"@type\":\"SearchAction\",\"target\":{\"@type\":\"EntryPoint\",\"urlTemplate\":\"https:\\\/\\\/psicopico.com\\\/?s={search_term_string}\"},\"query-input\":{\"@type\":\"PropertyValueSpecification\",\"valueRequired\":true,\"valueName\":\"search_term_string\"}}],\"inLanguage\":\"gal-GAL\"},{\"@type\":\"Organization\",\"@id\":\"https:\\\/\\\/psicopico.com\\\/#organization\",\"name\":\"Psicopico\",\"url\":\"https:\\\/\\\/psicopico.com\\\/\",\"logo\":{\"@type\":\"ImageObject\",\"inLanguage\":\"gal-GAL\",\"@id\":\"https:\\\/\\\/psicopico.com\\\/#\\\/schema\\\/logo\\\/image\\\/\",\"url\":\"https:\\\/\\\/i0.wp.com\\\/psicopico.com\\\/wp-content\\\/uploads\\\/2015\\\/12\\\/logowebpsicopico.png?fit=377%2C113&ssl=1\",\"contentUrl\":\"https:\\\/\\\/i0.wp.com\\\/psicopico.com\\\/wp-content\\\/uploads\\\/2015\\\/12\\\/logowebpsicopico.png?fit=377%2C113&ssl=1\",\"width\":\"377\",\"height\":\"113\",\"caption\":\"Psicopico\"},\"image\":{\"@id\":\"https:\\\/\\\/psicopico.com\\\/#\\\/schema\\\/logo\\\/image\\\/\"},\"sameAs\":[\"https:\\\/\\\/es-la.facebook.com\\\/psicopicopsicologia\\\/\",\"https:\\\/\\\/x.com\\\/psicopico\",\"https:\\\/\\\/instagram.com\\\/psicopico\",\"https:\\\/\\\/es.linkedin.com\\\/in\\\/iv\u00e1n-pico-mart\u00ednez-5bb46873\",\"https:\\\/\\\/www.pinterest.es\\\/psicopico\\\/\",\"https:\\\/\\\/www.youtube.com\\\/channel\\\/UCwM4gAydCyOv_3sBkqVb74Q\"]}]}<\/script>\n<!-- \/ Yoast SEO plugin. -->","yoast_head_json":{"title":"Diccionario de Fobias - B | PsicoPico | Psicolog\u00eda Online\u00a0","description":"Diccionario de fobias. Lista de fobias por orden alfab\u00e9tico. Curiosea y descubre el nombre cient\u00edfico de determinados miedos.\u00a0","robots":{"index":"index","follow":"follow","max-snippet":"max-snippet:-1","max-image-preview":"max-image-preview:large","max-video-preview":"max-video-preview:-1"},"canonical":"https:\/\/psicopico.com\/en\/diccionario-fobias\/diccionario-fobias-bc\/","og_locale":"en_US","og_type":"article","og_title":"Diccionario de Fobias - B | PsicoPico | Psicolog\u00eda Online\u00a0","og_description":"Diccionario de fobias. Lista de fobias por orden alfab\u00e9tico. Curiosea y descubre el nombre cient\u00edfico de determinados miedos.\u00a0","og_url":"https:\/\/psicopico.com\/en\/diccionario-fobias\/diccionario-fobias-bc\/","og_site_name":"PsicoPico","article_publisher":"https:\/\/es-la.facebook.com\/psicopicopsicologia\/","article_modified_time":"2016-01-11T17:24:06+00:00","twitter_card":"summary_large_image","twitter_site":"@psicopico","twitter_misc":{"Est. reading time":"5 minutes"},"schema":{"@context":"https:\/\/schema.org","@graph":[{"@type":"WebPage","@id":"https:\/\/psicopico.com\/en\/diccionario-fobias\/diccionario-fobias-bc\/","url":"https:\/\/psicopico.com\/en\/diccionario-fobias\/diccionario-fobias-bc\/","name":"Diccionario de Fobias - B | PsicoPico | Psicolog\u00eda Online\u00a0","isPartOf":{"@id":"https:\/\/psicopico.com\/#website"},"datePublished":"2016-01-11T16:27:53+00:00","dateModified":"2016-01-11T17:24:06+00:00","description":"Diccionario de fobias. Lista de fobias por orden alfab\u00e9tico. Curiosea y descubre el nombre cient\u00edfico de determinados miedos.\u00a0","breadcrumb":{"@id":"https:\/\/psicopico.com\/en\/diccionario-fobias\/diccionario-fobias-bc\/#breadcrumb"},"inLanguage":"gal-GAL","potentialAction":[{"@type":"ReadAction","target":["https:\/\/psicopico.com\/en\/diccionario-fobias\/diccionario-fobias-bc\/"]}]},{"@type":"BreadcrumbList","@id":"https:\/\/psicopico.com\/en\/diccionario-fobias\/diccionario-fobias-bc\/#breadcrumb","itemListElement":[{"@type":"ListItem","position":1,"name":"Inicio","item":"https:\/\/psicopico.com\/"},{"@type":"ListItem","position":2,"name":"Phobics Dictionary","item":"https:\/\/psicopico.com\/en\/diccionario-fobias\/"},{"@type":"ListItem","position":3,"name":"Dictionary of phobics &#8211; BC"}]},{"@type":"WebSite","@id":"https:\/\/psicopico.com\/#website","url":"https:\/\/psicopico.com\/","name":"PsicoPico","description":"Psicopico - Psicolox\u00eda Online por Iv\u00e1n Pico","publisher":{"@id":"https:\/\/psicopico.com\/#organization"},"potentialAction":[{"@type":"SearchAction","target":{"@type":"EntryPoint","urlTemplate":"https:\/\/psicopico.com\/?s={search_term_string}"},"query-input":{"@type":"PropertyValueSpecification","valueRequired":true,"valueName":"search_term_string"}}],"inLanguage":"gal-GAL"},{"@type":"Organization","@id":"https:\/\/psicopico.com\/#organization","name":"Psicopico","url":"https:\/\/psicopico.com\/","logo":{"@type":"ImageObject","inLanguage":"gal-GAL","@id":"https:\/\/psicopico.com\/#\/schema\/logo\/image\/","url":"https:\/\/i0.wp.com\/psicopico.com\/wp-content\/uploads\/2015\/12\/logowebpsicopico.png?fit=377%2C113&ssl=1","contentUrl":"https:\/\/i0.wp.com\/psicopico.com\/wp-content\/uploads\/2015\/12\/logowebpsicopico.png?fit=377%2C113&ssl=1","width":"377","height":"113","caption":"Psicopico"},"image":{"@id":"https:\/\/psicopico.com\/#\/schema\/logo\/image\/"},"sameAs":["https:\/\/es-la.facebook.com\/psicopicopsicologia\/","https:\/\/x.com\/psicopico","https:\/\/instagram.com\/psicopico","https:\/\/es.linkedin.com\/in\/iv\u00e1n-pico-mart\u00ednez-5bb46873","https:\/\/www.pinterest.es\/psicopico\/","https:\/\/www.youtube.com\/channel\/UCwM4gAydCyOv_3sBkqVb74Q"]}]}},"jetpack_shortlink":"https:\/\/wp.me\/P6Zx58-cy","jetpack_sharing_enabled":true,"_links":{"self":[{"href":"https:\/\/psicopico.com\/gl\/wp-json\/wp\/v2\/pages\/778","targetHints":{"allow":["GET"]}}],"collection":[{"href":"https:\/\/psicopico.com\/gl\/wp-json\/wp\/v2\/pages"}],"about":[{"href":"https:\/\/psicopico.com\/gl\/wp-json\/wp\/v2\/types\/page"}],"author":[{"embeddable":true,"href":"https:\/\/psicopico.com\/gl\/wp-json\/wp\/v2\/users\/1"}],"replies":[{"embeddable":true,"href":"https:\/\/psicopico.com\/gl\/wp-json\/wp\/v2\/comments?post=778"}],"version-history":[{"count":0,"href":"https:\/\/psicopico.com\/gl\/wp-json\/wp\/v2\/pages\/778\/revisions"}],"up":[{"embeddable":true,"href":"https:\/\/psicopico.com\/gl\/wp-json\/wp\/v2\/pages\/742"}],"wp:attachment":[{"href":"https:\/\/psicopico.com\/gl\/wp-json\/wp\/v2\/media?parent=778"}],"curies":[{"name":"wp","href":"https:\/\/api.w.org\/{rel}","templated":true}]}}