{"id":745,"date":"2016-01-08T17:49:26","date_gmt":"2016-01-08T17:49:26","guid":{"rendered":"http:\/\/psicopico.com\/?page_id=745"},"modified":"2021-01-26T14:50:38","modified_gmt":"2021-01-26T13:50:38","slug":"diccionarios-psicologia","status":"publish","type":"page","link":"https:\/\/psicopico.com\/gl\/diccionarios-psicologia\/","title":{"rendered":"(Espa\u00f1ol) Diccionarios Psicolog\u00eda"},"content":{"rendered":"<p class=\"qtranxs-available-languages-message qtranxs-available-languages-message-gl\">Esta noticia non est\u00e1 dispo\u00f1ible en galego...sent\u00edmolo. Proba en castel\u00e1n. Apertas! For the sake of viewer convenience, the content is shown below in the alternative language. You may click the link to switch the active language.<\/p>La psicolog\u00eda es la ciencia del comportamiento humano, que es mucho, y por tanto abarca un sinf\u00edn de terminolog\u00eda y conceptos. Ya seas psic\u00f3logo o no, tener un <strong>buen diccionario de psicolog\u00eda<\/strong> a tu disposici\u00f3n y f\u00e1cil acceso te ayudar\u00e1 a comprender mejor el mundo de la conducta y pensamiento humano.<\/p>\n<h2>Un diccionario de psicolog\u00eda: la herramienta indispensable para estudiantes y psic\u00f3logos<\/h2>\n<p>Selecciona entre las recopilaciones de t\u00e9rminos psicol\u00f3gicos de diferentes \u00e1reas ordenados por orden alfab\u00e9tico.<\/p>\n<a class=\"mks_button mks_button_large squared\" href=\"https:\/\/psicopico.com\/diccionario-psicologia-general\/\" target=\"_self\" style=\"color: #FFFFFF; background-color: #1e73be;\" ><i class=\"fa fa-book\"><\/i>Psicolog\u00eda General<\/a>\u00a0<a class=\"mks_button mks_button_large squared\" href=\"https:\/\/psicopico.com\/diccionario-fobias\/\" target=\"_self\" style=\"color: #FFFFFF; background-color: #1e73be;\" ><i class=\"fa fa-bug\"><\/i>Fobias<\/a>\u00a0<a class=\"mks_button mks_button_large squared\" href=\"https:\/\/psicopico.com\/diccionarios-psicologia\/diccionario-deporte\" target=\"_self\" style=\"color: #FFFFFF; background-color: #1e73be;\" ><i class=\"fa fa-dribbble\"><\/i>Deporte<\/a>\u00a0<a class=\"mks_button mks_button_large squared\" href=\"https:\/\/psicopico.com\/diccionarios-psicologia\/coaching\/\/?lang=es\" target=\"_self\" style=\"color: #FFFFFF; background-color: #1e73be;\" ><i class=\"fa fa-paper-plane\"><\/i>Coaching<\/a>\n<p>El diccionario\u00a0de t\u00e9rminos generales es muy amplio por lo que recomendamos el uso del <strong>buscador<\/strong> de esta misma p\u00e1gina, de la barra lateral o superior del men\u00fa, para ir directamente al t\u00e9rmino buscado.<\/p>\n<div class=\"mks_separator\" style=\"height: 10px;\"><\/div>\n<p>Si ves alg\u00fan error o quieres a\u00f1adir alg\u00fan t\u00e9rmino, por favor ponte en contacto con nosotros a trav\u00e9s de nuestro formulario de contacto, toda ayuda es buena \ud83d\ude09<\/p>\n<p>&nbsp;<\/p>\n<p>Enjoy it!<\/p>\n<p>&nbsp;<\/p>\n<p>&nbsp;","protected":false},"excerpt":{"rendered":"<p>Esta noticia non est\u00e1 dispo\u00f1ible en galego&#8230;sent\u00edmolo. Proba en castel\u00e1n. Apertas! For the sake of viewer convenience, the content is shown below in the alternative language. You may click the link to switch the active language.La psicolog\u00eda es la ciencia del comportamiento humano, que es mucho, y por tanto abarca un sinf\u00edn de terminolog\u00eda y [&hellip;]<\/p>\n","protected":false},"author":1,"featured_media":0,"parent":0,"menu_order":0,"comment_status":"closed","ping_status":"closed","template":"","meta":{"_joinchat":[],"footnotes":""},"class_list":["post-745","page","type-page","status-publish","hentry"],"yoast_head":"<!-- This site is optimized with the Yoast SEO plugin v27.4 - https:\/\/yoast.com\/product\/yoast-seo-wordpress\/ -->\n<title>(Espa\u00f1ol) Diccionarios Psicolog\u00eda - PsicoPico<\/title>\n<meta name=\"robots\" content=\"index, follow, max-snippet:-1, max-image-preview:large, max-video-preview:-1\" \/>\n<link rel=\"canonical\" href=\"https:\/\/psicopico.com\/diccionarios-psicologia\/\" \/>\n<meta property=\"og:locale\" content=\"en_US\" \/>\n<meta property=\"og:type\" content=\"article\" \/>\n<meta property=\"og:title\" content=\"(Espa\u00f1ol) Diccionarios Psicolog\u00eda - PsicoPico\" \/>\n<meta property=\"og:description\" content=\"Esta noticia non est\u00e1 dispo\u00f1ible en galego...sent\u00edmolo. Proba en castel\u00e1n. Apertas! For the sake of viewer convenience, the content is shown below in the alternative language. You may click the link to switch the active language.La psicolog\u00eda es la ciencia del comportamiento humano, que es mucho, y por tanto abarca un sinf\u00edn de terminolog\u00eda y [&hellip;]\" \/>\n<meta property=\"og:url\" content=\"https:\/\/psicopico.com\/diccionarios-psicologia\/\" \/>\n<meta property=\"og:site_name\" content=\"PsicoPico\" \/>\n<meta property=\"article:publisher\" content=\"https:\/\/es-la.facebook.com\/psicopicopsicologia\/\" \/>\n<meta property=\"article:modified_time\" content=\"2021-01-26T13:50:38+00:00\" \/>\n<meta name=\"twitter:card\" content=\"summary_large_image\" \/>\n<meta name=\"twitter:site\" content=\"@psicopico\" \/>\n<meta name=\"twitter:label1\" content=\"Est. reading time\" \/>\n\t<meta name=\"twitter:data1\" content=\"1 minute\" \/>\n<script type=\"application\/ld+json\" class=\"yoast-schema-graph\">{\"@context\":\"https:\\\/\\\/schema.org\",\"@graph\":[{\"@type\":\"WebPage\",\"@id\":\"https:\\\/\\\/psicopico.com\\\/diccionarios-psicologia\\\/\",\"url\":\"https:\\\/\\\/psicopico.com\\\/diccionarios-psicologia\\\/\",\"name\":\"(Espa\u00f1ol) Diccionarios Psicolog\u00eda - PsicoPico\",\"isPartOf\":{\"@id\":\"https:\\\/\\\/psicopico.com\\\/#website\"},\"datePublished\":\"2016-01-08T17:49:26+00:00\",\"dateModified\":\"2021-01-26T13:50:38+00:00\",\"breadcrumb\":{\"@id\":\"https:\\\/\\\/psicopico.com\\\/diccionarios-psicologia\\\/#breadcrumb\"},\"inLanguage\":\"gal-GAL\",\"potentialAction\":[{\"@type\":\"ReadAction\",\"target\":[\"https:\\\/\\\/psicopico.com\\\/diccionarios-psicologia\\\/\"]}]},{\"@type\":\"BreadcrumbList\",\"@id\":\"https:\\\/\\\/psicopico.com\\\/diccionarios-psicologia\\\/#breadcrumb\",\"itemListElement\":[{\"@type\":\"ListItem\",\"position\":1,\"name\":\"Inicio\",\"item\":\"https:\\\/\\\/psicopico.com\\\/\"},{\"@type\":\"ListItem\",\"position\":2,\"name\":\"Diccionarios Psicolog\u00eda\"}]},{\"@type\":\"WebSite\",\"@id\":\"https:\\\/\\\/psicopico.com\\\/#website\",\"url\":\"https:\\\/\\\/psicopico.com\\\/\",\"name\":\"PsicoPico\",\"description\":\"Psicopico - Psicolox\u00eda Online por Iv\u00e1n Pico\",\"publisher\":{\"@id\":\"https:\\\/\\\/psicopico.com\\\/#organization\"},\"potentialAction\":[{\"@type\":\"SearchAction\",\"target\":{\"@type\":\"EntryPoint\",\"urlTemplate\":\"https:\\\/\\\/psicopico.com\\\/?s={search_term_string}\"},\"query-input\":{\"@type\":\"PropertyValueSpecification\",\"valueRequired\":true,\"valueName\":\"search_term_string\"}}],\"inLanguage\":\"gal-GAL\"},{\"@type\":\"Organization\",\"@id\":\"https:\\\/\\\/psicopico.com\\\/#organization\",\"name\":\"Psicopico\",\"url\":\"https:\\\/\\\/psicopico.com\\\/\",\"logo\":{\"@type\":\"ImageObject\",\"inLanguage\":\"gal-GAL\",\"@id\":\"https:\\\/\\\/psicopico.com\\\/#\\\/schema\\\/logo\\\/image\\\/\",\"url\":\"https:\\\/\\\/i0.wp.com\\\/psicopico.com\\\/wp-content\\\/uploads\\\/2015\\\/12\\\/logowebpsicopico.png?fit=377%2C113&ssl=1\",\"contentUrl\":\"https:\\\/\\\/i0.wp.com\\\/psicopico.com\\\/wp-content\\\/uploads\\\/2015\\\/12\\\/logowebpsicopico.png?fit=377%2C113&ssl=1\",\"width\":\"377\",\"height\":\"113\",\"caption\":\"Psicopico\"},\"image\":{\"@id\":\"https:\\\/\\\/psicopico.com\\\/#\\\/schema\\\/logo\\\/image\\\/\"},\"sameAs\":[\"https:\\\/\\\/es-la.facebook.com\\\/psicopicopsicologia\\\/\",\"https:\\\/\\\/x.com\\\/psicopico\",\"https:\\\/\\\/instagram.com\\\/psicopico\",\"https:\\\/\\\/es.linkedin.com\\\/in\\\/iv\u00e1n-pico-mart\u00ednez-5bb46873\",\"https:\\\/\\\/www.pinterest.es\\\/psicopico\\\/\",\"https:\\\/\\\/www.youtube.com\\\/channel\\\/UCwM4gAydCyOv_3sBkqVb74Q\"]}]}<\/script>\n<!-- \/ Yoast SEO plugin. -->","yoast_head_json":{"title":"(Espa\u00f1ol) Diccionarios Psicolog\u00eda - PsicoPico","robots":{"index":"index","follow":"follow","max-snippet":"max-snippet:-1","max-image-preview":"max-image-preview:large","max-video-preview":"max-video-preview:-1"},"canonical":"https:\/\/psicopico.com\/diccionarios-psicologia\/","og_locale":"en_US","og_type":"article","og_title":"(Espa\u00f1ol) Diccionarios Psicolog\u00eda - PsicoPico","og_description":"Esta noticia non est\u00e1 dispo\u00f1ible en galego...sent\u00edmolo. Proba en castel\u00e1n. Apertas! For the sake of viewer convenience, the content is shown below in the alternative language. You may click the link to switch the active language.La psicolog\u00eda es la ciencia del comportamiento humano, que es mucho, y por tanto abarca un sinf\u00edn de terminolog\u00eda y [&hellip;]","og_url":"https:\/\/psicopico.com\/diccionarios-psicologia\/","og_site_name":"PsicoPico","article_publisher":"https:\/\/es-la.facebook.com\/psicopicopsicologia\/","article_modified_time":"2021-01-26T13:50:38+00:00","twitter_card":"summary_large_image","twitter_site":"@psicopico","twitter_misc":{"Est. reading time":"1 minute"},"schema":{"@context":"https:\/\/schema.org","@graph":[{"@type":"WebPage","@id":"https:\/\/psicopico.com\/diccionarios-psicologia\/","url":"https:\/\/psicopico.com\/diccionarios-psicologia\/","name":"(Espa\u00f1ol) Diccionarios Psicolog\u00eda - PsicoPico","isPartOf":{"@id":"https:\/\/psicopico.com\/#website"},"datePublished":"2016-01-08T17:49:26+00:00","dateModified":"2021-01-26T13:50:38+00:00","breadcrumb":{"@id":"https:\/\/psicopico.com\/diccionarios-psicologia\/#breadcrumb"},"inLanguage":"gal-GAL","potentialAction":[{"@type":"ReadAction","target":["https:\/\/psicopico.com\/diccionarios-psicologia\/"]}]},{"@type":"BreadcrumbList","@id":"https:\/\/psicopico.com\/diccionarios-psicologia\/#breadcrumb","itemListElement":[{"@type":"ListItem","position":1,"name":"Inicio","item":"https:\/\/psicopico.com\/"},{"@type":"ListItem","position":2,"name":"Diccionarios Psicolog\u00eda"}]},{"@type":"WebSite","@id":"https:\/\/psicopico.com\/#website","url":"https:\/\/psicopico.com\/","name":"PsicoPico","description":"Psicopico - Psicolox\u00eda Online por Iv\u00e1n Pico","publisher":{"@id":"https:\/\/psicopico.com\/#organization"},"potentialAction":[{"@type":"SearchAction","target":{"@type":"EntryPoint","urlTemplate":"https:\/\/psicopico.com\/?s={search_term_string}"},"query-input":{"@type":"PropertyValueSpecification","valueRequired":true,"valueName":"search_term_string"}}],"inLanguage":"gal-GAL"},{"@type":"Organization","@id":"https:\/\/psicopico.com\/#organization","name":"Psicopico","url":"https:\/\/psicopico.com\/","logo":{"@type":"ImageObject","inLanguage":"gal-GAL","@id":"https:\/\/psicopico.com\/#\/schema\/logo\/image\/","url":"https:\/\/i0.wp.com\/psicopico.com\/wp-content\/uploads\/2015\/12\/logowebpsicopico.png?fit=377%2C113&ssl=1","contentUrl":"https:\/\/i0.wp.com\/psicopico.com\/wp-content\/uploads\/2015\/12\/logowebpsicopico.png?fit=377%2C113&ssl=1","width":"377","height":"113","caption":"Psicopico"},"image":{"@id":"https:\/\/psicopico.com\/#\/schema\/logo\/image\/"},"sameAs":["https:\/\/es-la.facebook.com\/psicopicopsicologia\/","https:\/\/x.com\/psicopico","https:\/\/instagram.com\/psicopico","https:\/\/es.linkedin.com\/in\/iv\u00e1n-pico-mart\u00ednez-5bb46873","https:\/\/www.pinterest.es\/psicopico\/","https:\/\/www.youtube.com\/channel\/UCwM4gAydCyOv_3sBkqVb74Q"]}]}},"jetpack_shortlink":"https:\/\/wp.me\/P6Zx58-c1","jetpack_sharing_enabled":true,"_links":{"self":[{"href":"https:\/\/psicopico.com\/gl\/wp-json\/wp\/v2\/pages\/745","targetHints":{"allow":["GET"]}}],"collection":[{"href":"https:\/\/psicopico.com\/gl\/wp-json\/wp\/v2\/pages"}],"about":[{"href":"https:\/\/psicopico.com\/gl\/wp-json\/wp\/v2\/types\/page"}],"author":[{"embeddable":true,"href":"https:\/\/psicopico.com\/gl\/wp-json\/wp\/v2\/users\/1"}],"replies":[{"embeddable":true,"href":"https:\/\/psicopico.com\/gl\/wp-json\/wp\/v2\/comments?post=745"}],"version-history":[{"count":0,"href":"https:\/\/psicopico.com\/gl\/wp-json\/wp\/v2\/pages\/745\/revisions"}],"wp:attachment":[{"href":"https:\/\/psicopico.com\/gl\/wp-json\/wp\/v2\/media?parent=745"}],"curies":[{"name":"wp","href":"https:\/\/api.w.org\/{rel}","templated":true}]}}