{"id":742,"date":"2016-01-08T17:44:50","date_gmt":"2016-01-08T17:44:50","guid":{"rendered":"http:\/\/psicopico.com\/?page_id=742"},"modified":"2016-01-11T17:18:55","modified_gmt":"2016-01-11T17:18:55","slug":"diccionario-fobias","status":"publish","type":"page","link":"https:\/\/psicopico.com\/gl\/diccionario-fobias\/","title":{"rendered":"(Espa\u00f1ol) Diccionario Fobias"},"content":{"rendered":"<p class=\"qtranxs-available-languages-message qtranxs-available-languages-message-gl\">Esta noticia non est\u00e1 dispo\u00f1ible en galego...sent\u00edmolo. Proba en castel\u00e1n. Apertas! For the sake of viewer convenience, the content is shown below in this site default language. You may click one of the links to switch the site language to another available language.<\/p><h1 style=\"text-align: center;\">\u00a0<a href=\"http:\/\/psicopico.com\/diccionario-fobias\/\">A<\/a> <a href=\"http:\/\/psicopico.com\/diccionario-fobias-bc\/\">BC<\/a> <a href=\"http:\/\/psicopico.com\/diccionario-fobias-de\/\">DE<\/a> <a href=\"http:\/\/psicopico.com\/phobics-glosary-fgh\/\">FGH<\/a> <a href=\"http:\/\/psicopico.com\/diccionario-fobias-ijkl\/\">IJKL<\/a> <a href=\"http:\/\/psicopico.com\/diccionario-fobias-m-n-o\/\">MNO<\/a> <a href=\"http:\/\/psicopico.com\/phobics-dictionary-pqr\/\">PQR<\/a> <a href=\"http:\/\/psicopico.com\/diccionario-fobias-s-t-u\/\">STU<\/a> <a href=\"http:\/\/psicopico.com\/diccionario-fobias-v-w-x-y-z\/\">VXYZ<\/a><\/h1>\n<h1 style=\"text-align: center;\"><div class=\"mks_separator\" style=\"border-bottom: 2px solid;\"><\/div><\/h1>\n<div class=\"row padding-top-40\">\n<div class=\"col-xs-12 col-sm-12 col-md-12 col-lg-12 margin-bottom-20\">\n<h2>A<\/h2>\n<p><b>Ablutofobia<\/b>: Tener miedo a lavarse o a ba\u00f1arse.<\/p>\n<p><b>Acarofobia<\/b>: Del griego akari, \u00e1caro; es el miedo irracional a los \u00e1caros, la picadura de los insectos y a los insectos que pican.<\/p>\n<p><b>Acerofobia<\/b>: Tener miedo a los \u00e1cidos.<\/p>\n<p><b>Acluofobia<\/b>: Tener miedo a la oscuridad.<\/p>\n<p><b>Acrofobia<\/b>: Tener miedo a las alturas (no confundir con V\u00e9rtigo).<\/p>\n<p><b>Acusticofobia<\/b>: Tener miedo a los ruidos.<\/p>\n<p><b>Aeroacrofobia<\/b>: Tener miedo a los lugares abiertos y altos.<\/p>\n<p><b>Aerofobia o aviatofobia<\/b>: Tener miedo a volar con aviones.<\/p>\n<p><b>Afenfosfobia o hafefobia<\/b>: Tener miedo a ser tocado, por la posible contaminaci\u00f3n o la invasi\u00f3n del espacio privado.<\/p>\n<p><b>Agateofobia, dementofobia o maniafobia<\/b>: Tener miedo a la locura o a volverse loco.<\/p>\n<p><b>Agirofobia<\/b>: Tener miedo a cruzar la calle por temor a ser atropellado.<\/p>\n<p><b>Agliofobia<\/b>: Tener miedo a experimentar alguna clase de dolor.<\/p>\n<p><b>Agorafobia<\/b>: Tener miedo a lugares abiertos, a los cerrados con multitudes y en general a cualquiera del que la persona considere que no es posible huir de \u00e9l de forma inmediata, para volver a un lugar &#8220;seguro&#8221; como puede ser el hogar.<\/p>\n<p><b>Agrafobia<\/b>: Tener miedo un posible abuso sexual.<\/p>\n<p><b>Agrizoofobia<\/b>: Tener miedo a los animales salvajes.<\/p>\n<p><b>Aicmofobia<\/b>: Tener miedo a los objetos puntiagudos como las agujas u otros.<\/p>\n<p><b>Ailurofobia<\/b>: Tener miedo a encontrarse frente a un gato.<\/p>\n<p><b>Albuminurofobia<\/b>: Tener miedo a tener alguna enfermedad renal.<\/p>\n<p><b>Alectrofobia<\/b>: Tener miedo a los gallos, gallinas y aves de corral en general.<\/p>\n<p><b>Algofobia o agliofobia<\/b>: Tener miedo a experimentar alguna clase de dolor.<\/p>\n<p><b>Alliumfobia<\/b>: Tener miedo a los ajos.<\/p>\n<\/div>\n<\/div>\n<div class=\"row padding-top-20\">\n<div class=\"col-xs-12 col-sm-12 col-md-12 col-lg-12 margin-bottom-20\"><b>Allodoxafobia<\/b>: Tener miedo a emitir una opini\u00f3n propia.<\/div>\n<\/div>\n<div class=\"row margin-bottom-20\">\n<div class=\"col-xs-12 col-sm-12 col-md-12 col-lg-12\">\n<p><b>Altofobia<\/b>: Tener miedo a las alturas.<\/p>\n<p><b>Amathofobia<\/b>: Tener miedo al polvo que se acumula.<\/p>\n<p><b>Amaxofobia<\/b>: Tener miedo a los veh\u00edculos, sobretodo a conducirlos y circular con ellos.<\/p>\n<p><b>Ambulofobia o estasifobia<\/b>: Tener miedo a caminar o permanecer de pie.<\/p>\n<p><b>Amicofobia<\/b>: Tener miedo a ara\u00f1arse, a rascarse o a ser ara\u00f1ado.<\/p>\n<p><b>Amnesifobia<\/b>: Tener miedo a tener amnesia o perder la propia memoris.<\/p>\n<p><b>Anablefobia<\/b>: Tener miedo de mirar hacia arriba.<\/p>\n<p><b>Ancrofobia o anemofobia<\/b>: Tener miedo al viento.<\/p>\n<p><b>Androfobia<\/b>: Tener miedo o aversi\u00f3n hacia los hombres.<\/p>\n<p><b>Anginofobia<\/b>: Tener miedo a atragantarse, ahogarse a causa de tener anginas inflamadas.<\/p>\n<p><b>Anglofobia<\/b>: Tener miedo o aversi\u00f3n a Inglaterra, su cultura, los ingleses, o a cualquier cosa inglesa.<\/p>\n<p><b>Angrofobia<\/b>: Tener miedo a enfadarse, enojarse o ser molestado.<\/p>\n<p><b>Anquilofobia<\/b>: Tener miedo a la inmovilidad de alguna parte del cuerpo, especialmente por ser escayolado.<\/p>\n<p><b>Antlofobia<\/b>: Tener miedo a sufrir una inundaci\u00f3n.<\/p>\n<p><b>Antofobia o antrofobia<\/b>: Tener miedo a las flores y a tenerlas cerca.<\/p>\n<p><b>Antropofobia<\/b>: Tener miedo a las personas y a la sociedad en general.<\/p>\n<p><b>Anuptafobia<\/b>: Tener miedo a no casarse nunca y quedarse soltero\/a.<\/p>\n<p><b>Apeirofobia<\/b>: Tener miedo al infinito.<\/p>\n<p><b>Apifobia<\/b>: Tener miedo a las abejas y\/o a las avispas.<\/p>\n<p><b>Apotemnofobia<\/b>: Tener miedo de las personas con amputaciones en el cuerpo.<\/p>\n<p><b>Aracnofobia o aracnefobia<\/b>: Tener miedo a las ara\u00f1as.<\/p>\n<p><b>Araquibutirofobia<\/b>: Tener miedo a que la manteca de man\u00ed o una sustancia parecida que se pegue en el paladar.<\/p>\n<p><b>Aritmofobia<\/b>: Tener miedo a los n\u00fameros y las matem\u00e1ticas en general.<\/p>\n<p><b>Arsonfobia<\/b>: Tener miedo al fuego y a los incendios.<\/p>\n<p><b>Asimetrofobia<\/b>: Tener miedo de las cosas asim\u00e9tricas.<\/p>\n<p><b>Astenofobia<\/b>: Tener miedo a debilitarse y\/o desmayarse.<\/p>\n<p><b>Astrapofobia<\/b>: Tener miedo a las tormentas, los truenos y los rel\u00e1mpagos.<\/p>\n<p><b>Astrofobia<\/b>: Tener miedo de las estrellas y del espacio.<\/p>\n<p><b>Ataxiofobia<\/b>: Tener miedo a la ataxia o descoordinaci\u00f3n muscular.<\/p>\n<p><b>Ataxofobia<\/b>: Tener miedo a al desorden.<\/p>\n<p><b>Atazagorafobia<\/b>: Tener miedo olvidar, a ser olvidado o a ser ignorado.<\/p>\n<p><b>Atefobia<\/b>: Tener miedo a las ruinas antiguas.<\/p>\n<p><b>Atelofobia<\/b>: Tener miedo a la imperfecci\u00f3n, propia o ajena.<\/p>\n<p><b>Atiquifobia<\/b>: Tener miedo al fracaso, a equivocarse o cometer errores.<\/p>\n<p><b>Atomosofobia<\/b>: Tener miedo de las explosiones nucleares y armas at\u00f3micas.<\/p>\n<p><b>Aulofobia<\/b>: Tener miedo a las flautas.<\/p>\n<p><b>Aurofobia<\/b>: Tener miedo al oro.<\/p>\n<p><b>Aurorafobia<\/b>: Tener miedo a las auroras boreales.<\/p>\n<p><b>Autodisomofobia<\/b>: Tener miedo a alguien que desprende un olor desagradable.<\/p>\n<p><b>Autofobia<\/b>: Tener miedo a la soledad, estar solo o incluso tener miedo de uno mismo.<\/p>\n<p><b>Aut\u00f3matonofobia<\/b>: Tener miedo a los mu\u00f1ecos de ventr\u00edlocuos, animales mec\u00e1nicos, figuras de cera y en general todo aquello que represente un ser vivo de forma artificial.<\/p>\n<p><b>Automisofobia<\/b>: Tener miedo a estar sucio o mancharse.<\/p>\n<\/div>\n<\/div>\n<div class=\"row margin-bottom-20\">\n<h1 style=\"text-align: center;\">\u00a0<a href=\"http:\/\/psicopico.com\/diccionario-fobias\/\">A<\/a> <a href=\"http:\/\/psicopico.com\/diccionario-fobias-bc\/\">BC<\/a> <a href=\"http:\/\/psicopico.com\/diccionario-fobias-de\/\">DE<\/a> <a href=\"http:\/\/psicopico.com\/phobics-glosary-fgh\/\">FGH<\/a> <a href=\"http:\/\/psicopico.com\/diccionario-fobias-ijkl\/\">IJKL<\/a> <a href=\"http:\/\/psicopico.com\/diccionario-fobias-m-n-o\/\">MNO<\/a> <a href=\"http:\/\/psicopico.com\/phobics-dictionary-pqr\/\">PQR<\/a> <a href=\"http:\/\/psicopico.com\/diccionario-fobias-s-t-u\/\">STU<\/a> <a href=\"http:\/\/psicopico.com\/diccionario-fobias-v-w-x-y-z\/\">VXYZ<\/a><\/h1>\n<h1 style=\"text-align: center;\"><div class=\"mks_separator\" style=\"border-bottom: 2px solid;\"><\/div><\/h1>\n<\/div>","protected":false},"excerpt":{"rendered":"<p>Esta noticia non est\u00e1 dispo\u00f1ible en galego&#8230;sent\u00edmolo. Proba en castel\u00e1n. Apertas! For the sake of viewer convenience, the content is shown below in this site default language. You may click one of the links to switch the site language to another available language.\u00a0A BC DE FGH IJKL MNO PQR STU VXYZ A Ablutofobia: Tener miedo [&hellip;]<\/p>\n","protected":false},"author":1,"featured_media":0,"parent":0,"menu_order":0,"comment_status":"closed","ping_status":"closed","template":"","meta":{"_joinchat":[],"footnotes":""},"class_list":["post-742","page","type-page","status-publish","hentry"],"yoast_head":"<!-- This site is optimized with the Yoast SEO plugin v27.4 - https:\/\/yoast.com\/product\/yoast-seo-wordpress\/ -->\n<title>Diccionario de Fobias | PsicoPico\u00a0<\/title>\n<meta name=\"description\" content=\"Descubre las fobias m\u00e1s curiosas. Los miedos psicol\u00f3gicos m\u00e1s irracionales en este listado por orden alfab\u00e9tico. \u00a0\" \/>\n<meta name=\"robots\" content=\"index, follow, max-snippet:-1, max-image-preview:large, max-video-preview:-1\" \/>\n<link rel=\"canonical\" href=\"https:\/\/psicopico.com\/en\/diccionario-fobias\/\" \/>\n<meta property=\"og:locale\" content=\"en_US\" \/>\n<meta property=\"og:type\" content=\"article\" \/>\n<meta property=\"og:title\" content=\"Diccionario de Fobias | PsicoPico\u00a0\" \/>\n<meta property=\"og:description\" content=\"Descubre las fobias m\u00e1s curiosas. Los miedos psicol\u00f3gicos m\u00e1s irracionales en este listado por orden alfab\u00e9tico. \u00a0\" \/>\n<meta property=\"og:url\" content=\"https:\/\/psicopico.com\/en\/diccionario-fobias\/\" \/>\n<meta property=\"og:site_name\" content=\"PsicoPico\" \/>\n<meta property=\"article:publisher\" content=\"https:\/\/es-la.facebook.com\/psicopicopsicologia\/\" \/>\n<meta property=\"article:modified_time\" content=\"2016-01-11T17:18:55+00:00\" \/>\n<meta name=\"twitter:card\" content=\"summary_large_image\" \/>\n<meta name=\"twitter:site\" content=\"@psicopico\" \/>\n<meta name=\"twitter:label1\" content=\"Est. reading time\" \/>\n\t<meta name=\"twitter:data1\" content=\"6 minutes\" \/>\n<script type=\"application\/ld+json\" class=\"yoast-schema-graph\">{\"@context\":\"https:\\\/\\\/schema.org\",\"@graph\":[{\"@type\":\"WebPage\",\"@id\":\"https:\\\/\\\/psicopico.com\\\/en\\\/diccionario-fobias\\\/\",\"url\":\"https:\\\/\\\/psicopico.com\\\/en\\\/diccionario-fobias\\\/\",\"name\":\"Diccionario de Fobias | PsicoPico\u00a0\",\"isPartOf\":{\"@id\":\"https:\\\/\\\/psicopico.com\\\/#website\"},\"datePublished\":\"2016-01-08T17:44:50+00:00\",\"dateModified\":\"2016-01-11T17:18:55+00:00\",\"description\":\"Descubre las fobias m\u00e1s curiosas. Los miedos psicol\u00f3gicos m\u00e1s irracionales en este listado por orden alfab\u00e9tico. \u00a0\",\"breadcrumb\":{\"@id\":\"https:\\\/\\\/psicopico.com\\\/en\\\/diccionario-fobias\\\/#breadcrumb\"},\"inLanguage\":\"gal-GAL\",\"potentialAction\":[{\"@type\":\"ReadAction\",\"target\":[\"https:\\\/\\\/psicopico.com\\\/en\\\/diccionario-fobias\\\/\"]}]},{\"@type\":\"BreadcrumbList\",\"@id\":\"https:\\\/\\\/psicopico.com\\\/en\\\/diccionario-fobias\\\/#breadcrumb\",\"itemListElement\":[{\"@type\":\"ListItem\",\"position\":1,\"name\":\"Inicio\",\"item\":\"https:\\\/\\\/psicopico.com\\\/\"},{\"@type\":\"ListItem\",\"position\":2,\"name\":\"Phobics Dictionary\"}]},{\"@type\":\"WebSite\",\"@id\":\"https:\\\/\\\/psicopico.com\\\/#website\",\"url\":\"https:\\\/\\\/psicopico.com\\\/\",\"name\":\"PsicoPico\",\"description\":\"Psicopico - Psicolox\u00eda Online por Iv\u00e1n Pico\",\"publisher\":{\"@id\":\"https:\\\/\\\/psicopico.com\\\/#organization\"},\"potentialAction\":[{\"@type\":\"SearchAction\",\"target\":{\"@type\":\"EntryPoint\",\"urlTemplate\":\"https:\\\/\\\/psicopico.com\\\/?s={search_term_string}\"},\"query-input\":{\"@type\":\"PropertyValueSpecification\",\"valueRequired\":true,\"valueName\":\"search_term_string\"}}],\"inLanguage\":\"gal-GAL\"},{\"@type\":\"Organization\",\"@id\":\"https:\\\/\\\/psicopico.com\\\/#organization\",\"name\":\"Psicopico\",\"url\":\"https:\\\/\\\/psicopico.com\\\/\",\"logo\":{\"@type\":\"ImageObject\",\"inLanguage\":\"gal-GAL\",\"@id\":\"https:\\\/\\\/psicopico.com\\\/#\\\/schema\\\/logo\\\/image\\\/\",\"url\":\"https:\\\/\\\/i0.wp.com\\\/psicopico.com\\\/wp-content\\\/uploads\\\/2015\\\/12\\\/logowebpsicopico.png?fit=377%2C113&ssl=1\",\"contentUrl\":\"https:\\\/\\\/i0.wp.com\\\/psicopico.com\\\/wp-content\\\/uploads\\\/2015\\\/12\\\/logowebpsicopico.png?fit=377%2C113&ssl=1\",\"width\":\"377\",\"height\":\"113\",\"caption\":\"Psicopico\"},\"image\":{\"@id\":\"https:\\\/\\\/psicopico.com\\\/#\\\/schema\\\/logo\\\/image\\\/\"},\"sameAs\":[\"https:\\\/\\\/es-la.facebook.com\\\/psicopicopsicologia\\\/\",\"https:\\\/\\\/x.com\\\/psicopico\",\"https:\\\/\\\/instagram.com\\\/psicopico\",\"https:\\\/\\\/es.linkedin.com\\\/in\\\/iv\u00e1n-pico-mart\u00ednez-5bb46873\",\"https:\\\/\\\/www.pinterest.es\\\/psicopico\\\/\",\"https:\\\/\\\/www.youtube.com\\\/channel\\\/UCwM4gAydCyOv_3sBkqVb74Q\"]}]}<\/script>\n<!-- \/ Yoast SEO plugin. -->","yoast_head_json":{"title":"Diccionario de Fobias | PsicoPico\u00a0","description":"Descubre las fobias m\u00e1s curiosas. Los miedos psicol\u00f3gicos m\u00e1s irracionales en este listado por orden alfab\u00e9tico. \u00a0","robots":{"index":"index","follow":"follow","max-snippet":"max-snippet:-1","max-image-preview":"max-image-preview:large","max-video-preview":"max-video-preview:-1"},"canonical":"https:\/\/psicopico.com\/en\/diccionario-fobias\/","og_locale":"en_US","og_type":"article","og_title":"Diccionario de Fobias | PsicoPico\u00a0","og_description":"Descubre las fobias m\u00e1s curiosas. Los miedos psicol\u00f3gicos m\u00e1s irracionales en este listado por orden alfab\u00e9tico. \u00a0","og_url":"https:\/\/psicopico.com\/en\/diccionario-fobias\/","og_site_name":"PsicoPico","article_publisher":"https:\/\/es-la.facebook.com\/psicopicopsicologia\/","article_modified_time":"2016-01-11T17:18:55+00:00","twitter_card":"summary_large_image","twitter_site":"@psicopico","twitter_misc":{"Est. reading time":"6 minutes"},"schema":{"@context":"https:\/\/schema.org","@graph":[{"@type":"WebPage","@id":"https:\/\/psicopico.com\/en\/diccionario-fobias\/","url":"https:\/\/psicopico.com\/en\/diccionario-fobias\/","name":"Diccionario de Fobias | PsicoPico\u00a0","isPartOf":{"@id":"https:\/\/psicopico.com\/#website"},"datePublished":"2016-01-08T17:44:50+00:00","dateModified":"2016-01-11T17:18:55+00:00","description":"Descubre las fobias m\u00e1s curiosas. Los miedos psicol\u00f3gicos m\u00e1s irracionales en este listado por orden alfab\u00e9tico. \u00a0","breadcrumb":{"@id":"https:\/\/psicopico.com\/en\/diccionario-fobias\/#breadcrumb"},"inLanguage":"gal-GAL","potentialAction":[{"@type":"ReadAction","target":["https:\/\/psicopico.com\/en\/diccionario-fobias\/"]}]},{"@type":"BreadcrumbList","@id":"https:\/\/psicopico.com\/en\/diccionario-fobias\/#breadcrumb","itemListElement":[{"@type":"ListItem","position":1,"name":"Inicio","item":"https:\/\/psicopico.com\/"},{"@type":"ListItem","position":2,"name":"Phobics Dictionary"}]},{"@type":"WebSite","@id":"https:\/\/psicopico.com\/#website","url":"https:\/\/psicopico.com\/","name":"PsicoPico","description":"Psicopico - Psicolox\u00eda Online por Iv\u00e1n Pico","publisher":{"@id":"https:\/\/psicopico.com\/#organization"},"potentialAction":[{"@type":"SearchAction","target":{"@type":"EntryPoint","urlTemplate":"https:\/\/psicopico.com\/?s={search_term_string}"},"query-input":{"@type":"PropertyValueSpecification","valueRequired":true,"valueName":"search_term_string"}}],"inLanguage":"gal-GAL"},{"@type":"Organization","@id":"https:\/\/psicopico.com\/#organization","name":"Psicopico","url":"https:\/\/psicopico.com\/","logo":{"@type":"ImageObject","inLanguage":"gal-GAL","@id":"https:\/\/psicopico.com\/#\/schema\/logo\/image\/","url":"https:\/\/i0.wp.com\/psicopico.com\/wp-content\/uploads\/2015\/12\/logowebpsicopico.png?fit=377%2C113&ssl=1","contentUrl":"https:\/\/i0.wp.com\/psicopico.com\/wp-content\/uploads\/2015\/12\/logowebpsicopico.png?fit=377%2C113&ssl=1","width":"377","height":"113","caption":"Psicopico"},"image":{"@id":"https:\/\/psicopico.com\/#\/schema\/logo\/image\/"},"sameAs":["https:\/\/es-la.facebook.com\/psicopicopsicologia\/","https:\/\/x.com\/psicopico","https:\/\/instagram.com\/psicopico","https:\/\/es.linkedin.com\/in\/iv\u00e1n-pico-mart\u00ednez-5bb46873","https:\/\/www.pinterest.es\/psicopico\/","https:\/\/www.youtube.com\/channel\/UCwM4gAydCyOv_3sBkqVb74Q"]}]}},"jetpack_shortlink":"https:\/\/wp.me\/P6Zx58-bY","jetpack_sharing_enabled":true,"_links":{"self":[{"href":"https:\/\/psicopico.com\/gl\/wp-json\/wp\/v2\/pages\/742","targetHints":{"allow":["GET"]}}],"collection":[{"href":"https:\/\/psicopico.com\/gl\/wp-json\/wp\/v2\/pages"}],"about":[{"href":"https:\/\/psicopico.com\/gl\/wp-json\/wp\/v2\/types\/page"}],"author":[{"embeddable":true,"href":"https:\/\/psicopico.com\/gl\/wp-json\/wp\/v2\/users\/1"}],"replies":[{"embeddable":true,"href":"https:\/\/psicopico.com\/gl\/wp-json\/wp\/v2\/comments?post=742"}],"version-history":[{"count":0,"href":"https:\/\/psicopico.com\/gl\/wp-json\/wp\/v2\/pages\/742\/revisions"}],"wp:attachment":[{"href":"https:\/\/psicopico.com\/gl\/wp-json\/wp\/v2\/media?parent=742"}],"curies":[{"name":"wp","href":"https:\/\/api.w.org\/{rel}","templated":true}]}}