{"id":582,"date":"2015-12-29T23:34:20","date_gmt":"2015-12-29T23:34:20","guid":{"rendered":"http:\/\/psicopico.com\/?page_id=582"},"modified":"2015-12-30T12:08:20","modified_gmt":"2015-12-30T12:08:20","slug":"diccionario-psicologia-general-letra-d","status":"publish","type":"page","link":"https:\/\/psicopico.com\/gl\/diccionario-psicologia-general\/diccionario-psicologia-general-letra-d\/","title":{"rendered":"(Espa\u00f1ol) Diccionario Psicolog\u00eda General &#8211; Letra D"},"content":{"rendered":"<p class=\"qtranxs-available-languages-message qtranxs-available-languages-message-gl\">Esta noticia non est\u00e1 dispo\u00f1ible en galego...sent\u00edmolo. Proba en castel\u00e1n. Apertas! For the sake of viewer convenience, the content is shown below in the alternative language. You may click the link to switch the active language.<\/p><h2 style=\"text-align: center;\">\u00a0<a href=\"http:\/\/psicopico.com\/diccionario-psicologia-general\/\">A<\/a> <a href=\"http:\/\/psicopico.com\/diccionario-psicologia-general\/diccionario-psicologia-general-letra-b\/\">B<\/a> <a href=\"http:\/\/psicopico.com\/diccionario-psicologia-general\/diccionario-psicologia-general-letra-c\/\">C<\/a> <a href=\"http:\/\/psicopico.com\/diccionario-psicologia-general\/diccionario-psicologia-general-letra-d\/\">D<\/a> <a href=\"http:\/\/psicopico.com\/diccionario-psicologia-general\/diccionario-psicologia-general-letra-e\/\">E<\/a> <a href=\"http:\/\/psicopico.com\/diccionario-psicologia-general\/diccionario-psicologia-general-letra-f\/\">F<\/a> <a href=\"http:\/\/psicopico.com\/diccionario-psicologia-general\/diccionario-psicologia-general-letra-g\/\">G<\/a> <a href=\"http:\/\/psicopico.com\/diccionario-psicologia-general\/diccionario-psicologia-general-letra-h\/\">H<\/a> <a href=\"http:\/\/psicopico.com\/diccionario-psicologia-general\/diccionario-psicologia-general-letra-i\/\">I<\/a>\u00a0<a href=\"http:\/\/psicopico.com\/diccionario-psicologia-general\/diccionario-psicologia-general-letra-l\/\">L<\/a> <a href=\"http:\/\/psicopico.com\/diccionario-psicologia-general\/diccionario-psicologia-general-letra-m\/\">M<\/a> <a href=\"http:\/\/psicopico.com\/diccionario-psicologia-general\/diccionario-psicologia-general-letra-n\/\">N<\/a> <a href=\"http:\/\/psicopico.com\/diccionario-psicologia-general\/diccionario-psicologia-general-letra\/\">O<\/a> <a href=\"http:\/\/psicopico.com\/diccionario-psicologia-general\/diccionario-psicologia-general-letra-p\/\">P<\/a>\u00a0<a href=\"http:\/\/psicopico.com\/diccionario-psicologia-general\/diccionario-psicologia-general-letra-i\/diccionario-psicologia-general-letra-r\/\">R<\/a> <a href=\"http:\/\/psicopico.com\/diccionario-psicologia-general\/608-2\/\">S<\/a> <a href=\"http:\/\/psicopico.com\/diccionario-psicologia-general\/diccionario-psicologia-general-letra-t\/\">T<\/a>\u00a0<a href=\"http:\/\/psicopico.com\/diccionario-psicologia-general\/diccionario-psicologia-general-letra-v\/\">V<\/a>\u00a0<a href=\"http:\/\/psicopico.com\/diccionario-psicologia-general\/diccionario-psicologia-general-letras-x-z\/\">XYZ<\/a><\/h2>\n<h1><span style=\"font-size: 16px; line-height: 1.5;\"><div class=\"mks_separator\" style=\"border-bottom: 2px solid;\"><\/div><\/span><\/h1>\n<div class=\"row padding-top-20\">\n<div class=\"col-xs-12 col-sm-12 col-md-12 col-lg-12\">\n<h3>D<\/h3>\n<p><b>Delirium Tremens.<\/b> Constituye una espantosa reacci\u00f3n del enfermo alcoh\u00f3lico presa de horrorosas alucinaciones. El terror experimentado es tan intenso que puede provocar la fuga, el suicidio o incluso el asesinato.<\/p>\n<p><b>Delusion. <\/b>Idea falsa fija, que presenta resistencia a ser modificada aunque datos objetivos la contrar\u00eden.<\/p>\n<p><b>Dependencia del campo.<\/b> Caracter\u00edstica del estilo cognitivo que tiende a basarse fundamentalmente en indicadores externos para formular juicios perceptuales.<\/p>\n<p><b>Desplazamiento de la agresi\u00f3n. <\/b>Se produce desplazamiento de la agresi\u00f3n cuando una conducta agresiva, ya sea verbal o f\u00edsica, se traslada de la fuente original de frustraci\u00f3n a un objeto sustitutivo.<\/p>\n<p><b>Desarrollo cognitivo.<\/b> Crecimiento que tiene el intelecto en el curso del tiempo, la maduraci\u00f3n de los procesos superiores de pensamiento desde la infancia hasta la adultez.<\/p>\n<p><b>Desarrollo psicosexual.<\/b> Combinaci\u00f3n de la maduraci\u00f3n biol\u00f3gica y aprendizaje que genera cambios tanto en la conducta sexual como en la personalidad, desde la infancia hasta la edad adulta y a lo largo de esta \u00faltima.<\/p>\n<p><b>Desarrollo psicosocial.<\/b> Crecimiento de la personalidad de un sujeto en relaci\u00f3n con los dem\u00e1s y en su condici\u00f3n de miembro de una sociedad, desde la infancia y a lo largo de su vida.<\/p>\n<p><b>Descarrilamiento (p\u00e9rdida de asociaciones).<\/b> Patr\u00f3n de lenguaje en el que las ideas de una persona se separan entre s\u00ed de modo que no guardan relaci\u00f3n mutua alguna o s\u00f3lo est\u00e1n relacionadas tangencialmente. Al pasar de una frase o oraci\u00f3n a otra, el sujeto cambia idiosincr\u00e1sicamente el tema desde un marco de referencia a otro, pudiendo decir las cosas seg\u00fan una yuxtaposici\u00f3n que carece de relaciones significativas. El trastorno tiene lugar entre oraciones, a diferencia de la incoherencia, donde el trastorno se produce dentro de las oraciones. Un cambio ocasional de tema inadvertido o sin conexi\u00f3n obvia no constituye descarrilamiento.<\/p>\n<p><b>Desorientaci\u00f3n.<\/b> Confusi\u00f3n acerca de la hora del d\u00eda, la fecha o la estaci\u00f3n (temporal), acerca de donde se encuentra uno (lugar) o de qui\u00e9n es (persona).<\/p>\n<p><b>Despersonalizaci\u00f3n.<\/b> Alteraci\u00f3n de la percepci\u00f3n o experiencia de uno mismo, de modo que uno se siente separado del propio cuerpo o de los propios procesos mentales, como si se tratara de un observador exterior (p. ej., sinti\u00e9ndose como si uno estuviera so\u00f1ando).<\/p>\n<\/div>\n<\/div>\n<div class=\"row padding-top-20\">\n<div class=\"col-xs-12 col-sm-12 col-md-12 col-lg-12 margin-bottom-20\"><b>Desplazamiento.<\/b> El individuo se enfrenta a conflictos emocionales y amenazas de origen interno o externo reconociendo o generalizando un sentimiento o una respuesta a un objeto hacia otro habitualmente menos importante.<\/div>\n<\/div>\n<div class=\"row margin-bottom-20\">\n<div class=\"col-xs-12 col-sm-12 col-md-12 col-lg-12\">\n<p><b>Desrealizaci\u00f3n.<\/b> Alteraci\u00f3n de la percepci\u00f3n o experiencia del mundo externo de manera que \u00e9ste parece extra\u00f1o e irreal (p. ej., las personas pueden parecer desconocidas o mec\u00e1nicas).<\/p>\n<p><b>Desviaci\u00f3n est\u00e1ndar. <\/b>La desviaci\u00f3n est\u00e1ndar es una medida de la dispersi\u00f3n de un conjunto de puntajes alrededor de la media. Para obtener la desviaci\u00f3n est\u00e1ndar se empieza por restar la media de cada uno de los puntajes, con lo cual se llega a una nueva serie de valores denominados puntajes de desviaci\u00f3n. Luego se elevan al cuadrado estos puntajes de desviaci\u00f3n, se suman los cuadrados y se divide la suma por el n\u00famero de valores que integran la serie, con el fin de obtener la desviaci\u00f3n cuadr\u00e1tica media o variando. La desviaci\u00f3n est\u00e1ndar es la ra\u00edz cuadrada de la desviaci\u00f3n cuadr\u00e1tica media o variancia.<\/p>\n<p><b>Desviaci\u00f3n sexual.<\/b> Anomal\u00eda en la elecci\u00f3n del est\u00edmulo adecuado para la excitaci\u00f3n sexual.<\/p>\n<p><b>Deterioro mental. <\/b>P\u00e9rdida de algunas de las capacidades intelectuales de la persona.<\/p>\n<p><b>Devaluaci\u00f3n.<\/b> El individuo se enfrenta a conflictos emocionales y amenazas de origen interno o externo atribuyendo cualidades exageradamente negativas a s\u00ed mismo o a los dem\u00e1s.<\/p>\n<p><b>Dimensi\u00f3n corporal. <\/b>William H. Sheldon, m\u00e9dico y psic\u00f3logo, propuso tres dimensiones corporales; la <i>endomorfia<\/i>, la <i>mesomorfia<\/i> y la <i>ectomorf\u00eda<\/i>. La<i>endomorfia<\/i> predispone a! sujeto a tener un cuerpo blando y fl\u00e1ccido; la <i>mesomorfia<\/i> lo predispone a tener un cuerpo compacto y de fuerte musculatura; la <i>ectomorf\u00eda<\/i> lo predispone a tener un cuerpo delgado y fr\u00e1gil.<\/p>\n<p><b>Din\u00e1mica, Psicolog\u00eda.<\/b> Corriente de la Psicolog\u00eda que sostiene que cualquier fen\u00f3meno ps\u00edquico es puesto en movimiento por fuerzas surgidas desde el interior del individuo.<\/p>\n<p><b>Disartria.<\/b> Articulaci\u00f3n imperfecta del habla debido a alteraciones del control muscular.<\/p>\n<p><b>Discinesia.<\/b> Distorsi\u00f3n de movimientos voluntarios con actividad muscular involuntaria.<\/p>\n<p><b>Discromatopsia.<\/b> Nombre gen\u00e9rico que agrupa a todas las enfermedades caracterizadas por un trastorno de la visi\u00f3n de los colores.<\/p>\n<p><b>Disforia por la identidad sexual. <\/b>Disgusto persistente por algunas, o todas, de las caracter\u00edsticas f\u00edsicas o papeles sociales que connotan el propio sexo biol\u00f3gico.<\/p>\n<p><b>Dismenorrea.<\/b> Dolor en la menstruaci\u00f3n.<\/p>\n<p><b>Disociaci\u00f3n.<\/b> Alteraci\u00f3n de las funciones normalmente integradas de conciencia, memoria, identidad, o percepci\u00f3n del ambiente, ciertos comportamientos o pensamientos pierden la relaci\u00f3n normal con el resto de la personalidad y act\u00faan de una manera aut\u00f3noma. El trastorno puede ser repentino o gradual, transitorio o cr\u00f3nico.<\/p>\n<p><b>Disomnia.<\/b> Trastornos primarios del sue\u00f1o o del despenar caracterizados por insomnio o hipersomnia como principal s\u00edntoma actual. Las disomnias son trastornos de la cantidad, la calidad o la temporalidad del sue\u00f1o.<\/p>\n<p><b>Disonancia cognitiva. <\/b>Cuando existen dos ideas conscientes en el individuo, pero son antag\u00f3nicas entre s\u00ed.<\/p>\n<p><b>Disposici\u00f3n mental. <\/b>La disposici\u00f3n (o actitud mental) es un estado de preparaci\u00f3n para pensar o percibir de una manera determinada. Es una tendencia que gobierna decisivamente la cognici\u00f3n.<\/p>\n<p><b>Dispareunia.<\/b> Coito doloroso.<\/p>\n<p><b>Dispersi\u00f3n<\/b>. <i>V\u00e9ase<\/i> Descarrilamiento.<\/p>\n<p><b>Diston\u00eda.<\/b> Alteraci\u00f3n del tono muscular.<\/p>\n<p><b>Diston\u00eda vegetativa.<\/b> Deficiente coordinaci\u00f3n de las funciones de las dos grandes vertientes del sistema nervioso vegetativo: simp\u00e1tico y parasimp\u00e1tico. Provoca alteraciones en el funcionamiento org\u00e1nico como palpitaciones, sudores, etc.<\/p>\n<p><b>Distraibilidad.<\/b> Incapacidad para mantener la atenci\u00f3n, esto es, el pase de un \u00e1rea o tema a otro, con una provocaci\u00f3n m\u00ednima, o fijaci\u00f3n excesiva de la atenci\u00f3n en est\u00edmulos externos poco importantes o irrelevantes.<\/p>\n<p><b>Doble ligadura.<\/b> Es un proceso de comunicaci\u00f3n tiene lugar una doble ligadura cuando una de las personas formula a la otra dos declaraciones o le imparte dos instrucciones que son contradictorias desde el punto de vista l\u00f3gico.<\/p>\n<p><b>Droga.<\/b> Sustancia sint\u00e9tica o natural que modifica temporalmente el estado de conciencia.<\/p>\n<p><b>Dualismo.<\/b> Concepci\u00f3n seg\u00fan la cual, la mente y la materia son dos entidades distintas.<\/p>\n<h2 style=\"text-align: center;\">\u00a0<a href=\"http:\/\/psicopico.com\/diccionario-psicologia-general\/\">A<\/a> <a href=\"http:\/\/psicopico.com\/diccionario-psicologia-general\/diccionario-psicologia-general-letra-b\/\">B<\/a> <a href=\"http:\/\/psicopico.com\/diccionario-psicologia-general\/diccionario-psicologia-general-letra-c\/\">C<\/a> <a href=\"http:\/\/psicopico.com\/diccionario-psicologia-general\/diccionario-psicologia-general-letra-d\/\">D<\/a> <a href=\"http:\/\/psicopico.com\/diccionario-psicologia-general\/diccionario-psicologia-general-letra-e\/\">E<\/a> <a href=\"http:\/\/psicopico.com\/diccionario-psicologia-general\/diccionario-psicologia-general-letra-f\/\">F<\/a> <a href=\"http:\/\/psicopico.com\/diccionario-psicologia-general\/diccionario-psicologia-general-letra-g\/\">G<\/a> <a href=\"http:\/\/psicopico.com\/diccionario-psicologia-general\/diccionario-psicologia-general-letra-h\/\">H<\/a> <a href=\"http:\/\/psicopico.com\/diccionario-psicologia-general\/diccionario-psicologia-general-letra-i\/\">I<\/a>\u00a0<a href=\"http:\/\/psicopico.com\/diccionario-psicologia-general\/diccionario-psicologia-general-letra-l\/\">L<\/a> <a href=\"http:\/\/psicopico.com\/diccionario-psicologia-general\/diccionario-psicologia-general-letra-m\/\">M<\/a> <a href=\"http:\/\/psicopico.com\/diccionario-psicologia-general\/diccionario-psicologia-general-letra-n\/\">N<\/a> <a href=\"http:\/\/psicopico.com\/diccionario-psicologia-general\/diccionario-psicologia-general-letra\/\">O<\/a> <a href=\"http:\/\/psicopico.com\/diccionario-psicologia-general\/diccionario-psicologia-general-letra-p\/\">P<\/a>\u00a0<a href=\"http:\/\/psicopico.com\/diccionario-psicologia-general\/diccionario-psicologia-general-letra-i\/diccionario-psicologia-general-letra-r\/\">R<\/a> <a href=\"http:\/\/psicopico.com\/diccionario-psicologia-general\/608-2\/\">S<\/a> <a href=\"http:\/\/psicopico.com\/diccionario-psicologia-general\/diccionario-psicologia-general-letra-t\/\">T<\/a>\u00a0<a href=\"http:\/\/psicopico.com\/diccionario-psicologia-general\/diccionario-psicologia-general-letra-v\/\">V<\/a>\u00a0<a href=\"http:\/\/psicopico.com\/diccionario-psicologia-general\/diccionario-psicologia-general-letras-x-z\/\">XYZ<\/a><\/h2>\n<p>&nbsp;<\/p>\n<\/div>\n<p>&nbsp;<\/p>\n<\/div>","protected":false},"excerpt":{"rendered":"<p>Esta noticia non est\u00e1 dispo\u00f1ible en galego&#8230;sent\u00edmolo. Proba en castel\u00e1n. Apertas! For the sake of viewer convenience, the content is shown below in the alternative language. You may click the link to switch the active language.\u00a0A B C D E F G H I\u00a0L M N O P\u00a0R S T\u00a0V\u00a0XYZ D Delirium Tremens. Constituye una [&hellip;]<\/p>\n","protected":false},"author":1,"featured_media":0,"parent":565,"menu_order":0,"comment_status":"closed","ping_status":"closed","template":"","meta":{"_joinchat":[],"footnotes":""},"class_list":["post-582","page","type-page","status-publish","hentry"],"yoast_head":"<!-- This site is optimized with the Yoast SEO plugin v27.4 - https:\/\/yoast.com\/product\/yoast-seo-wordpress\/ -->\n<title>(Espa\u00f1ol) Diccionario Psicolog\u00eda General - Letra D - PsicoPico<\/title>\n<meta name=\"robots\" content=\"index, follow, max-snippet:-1, max-image-preview:large, max-video-preview:-1\" \/>\n<link rel=\"canonical\" href=\"https:\/\/psicopico.com\/diccionario-psicologia-general\/diccionario-psicologia-general-letra-d\/\" \/>\n<meta property=\"og:locale\" content=\"en_US\" \/>\n<meta property=\"og:type\" content=\"article\" \/>\n<meta property=\"og:title\" content=\"(Espa\u00f1ol) Diccionario Psicolog\u00eda General - Letra D - PsicoPico\" \/>\n<meta property=\"og:description\" content=\"Esta noticia non est\u00e1 dispo\u00f1ible en galego...sent\u00edmolo. Proba en castel\u00e1n. Apertas! For the sake of viewer convenience, the content is shown below in the alternative language. You may click the link to switch the active language.\u00a0A B C D E F G H I\u00a0L M N O P\u00a0R S T\u00a0V\u00a0XYZ D Delirium Tremens. Constituye una [&hellip;]\" \/>\n<meta property=\"og:url\" content=\"https:\/\/psicopico.com\/diccionario-psicologia-general\/diccionario-psicologia-general-letra-d\/\" \/>\n<meta property=\"og:site_name\" content=\"PsicoPico\" \/>\n<meta property=\"article:publisher\" content=\"https:\/\/es-la.facebook.com\/psicopicopsicologia\/\" \/>\n<meta property=\"article:modified_time\" content=\"2015-12-30T12:08:20+00:00\" \/>\n<meta name=\"twitter:card\" content=\"summary_large_image\" \/>\n<meta name=\"twitter:site\" content=\"@psicopico\" \/>\n<meta name=\"twitter:label1\" content=\"Est. reading time\" \/>\n\t<meta name=\"twitter:data1\" content=\"6 minutes\" \/>\n<script type=\"application\/ld+json\" class=\"yoast-schema-graph\">{\"@context\":\"https:\\\/\\\/schema.org\",\"@graph\":[{\"@type\":\"WebPage\",\"@id\":\"https:\\\/\\\/psicopico.com\\\/diccionario-psicologia-general\\\/diccionario-psicologia-general-letra-d\\\/\",\"url\":\"https:\\\/\\\/psicopico.com\\\/diccionario-psicologia-general\\\/diccionario-psicologia-general-letra-d\\\/\",\"name\":\"(Espa\u00f1ol) Diccionario Psicolog\u00eda General - Letra D - PsicoPico\",\"isPartOf\":{\"@id\":\"https:\\\/\\\/psicopico.com\\\/#website\"},\"datePublished\":\"2015-12-29T23:34:20+00:00\",\"dateModified\":\"2015-12-30T12:08:20+00:00\",\"breadcrumb\":{\"@id\":\"https:\\\/\\\/psicopico.com\\\/diccionario-psicologia-general\\\/diccionario-psicologia-general-letra-d\\\/#breadcrumb\"},\"inLanguage\":\"gal-GAL\",\"potentialAction\":[{\"@type\":\"ReadAction\",\"target\":[\"https:\\\/\\\/psicopico.com\\\/diccionario-psicologia-general\\\/diccionario-psicologia-general-letra-d\\\/\"]}]},{\"@type\":\"BreadcrumbList\",\"@id\":\"https:\\\/\\\/psicopico.com\\\/diccionario-psicologia-general\\\/diccionario-psicologia-general-letra-d\\\/#breadcrumb\",\"itemListElement\":[{\"@type\":\"ListItem\",\"position\":1,\"name\":\"Inicio\",\"item\":\"https:\\\/\\\/psicopico.com\\\/\"},{\"@type\":\"ListItem\",\"position\":2,\"name\":\"Diccionario de Psicolog\u00eda General\",\"item\":\"https:\\\/\\\/psicopico.com\\\/diccionario-psicologia-general\\\/\"},{\"@type\":\"ListItem\",\"position\":3,\"name\":\"Diccionario Psicolog\u00eda General &#8211; Letra D\"}]},{\"@type\":\"WebSite\",\"@id\":\"https:\\\/\\\/psicopico.com\\\/#website\",\"url\":\"https:\\\/\\\/psicopico.com\\\/\",\"name\":\"PsicoPico\",\"description\":\"Psicopico - Psicolox\u00eda Online por Iv\u00e1n Pico\",\"publisher\":{\"@id\":\"https:\\\/\\\/psicopico.com\\\/#organization\"},\"potentialAction\":[{\"@type\":\"SearchAction\",\"target\":{\"@type\":\"EntryPoint\",\"urlTemplate\":\"https:\\\/\\\/psicopico.com\\\/?s={search_term_string}\"},\"query-input\":{\"@type\":\"PropertyValueSpecification\",\"valueRequired\":true,\"valueName\":\"search_term_string\"}}],\"inLanguage\":\"gal-GAL\"},{\"@type\":\"Organization\",\"@id\":\"https:\\\/\\\/psicopico.com\\\/#organization\",\"name\":\"Psicopico\",\"url\":\"https:\\\/\\\/psicopico.com\\\/\",\"logo\":{\"@type\":\"ImageObject\",\"inLanguage\":\"gal-GAL\",\"@id\":\"https:\\\/\\\/psicopico.com\\\/#\\\/schema\\\/logo\\\/image\\\/\",\"url\":\"https:\\\/\\\/i0.wp.com\\\/psicopico.com\\\/wp-content\\\/uploads\\\/2015\\\/12\\\/logowebpsicopico.png?fit=377%2C113&ssl=1\",\"contentUrl\":\"https:\\\/\\\/i0.wp.com\\\/psicopico.com\\\/wp-content\\\/uploads\\\/2015\\\/12\\\/logowebpsicopico.png?fit=377%2C113&ssl=1\",\"width\":\"377\",\"height\":\"113\",\"caption\":\"Psicopico\"},\"image\":{\"@id\":\"https:\\\/\\\/psicopico.com\\\/#\\\/schema\\\/logo\\\/image\\\/\"},\"sameAs\":[\"https:\\\/\\\/es-la.facebook.com\\\/psicopicopsicologia\\\/\",\"https:\\\/\\\/x.com\\\/psicopico\",\"https:\\\/\\\/instagram.com\\\/psicopico\",\"https:\\\/\\\/es.linkedin.com\\\/in\\\/iv\u00e1n-pico-mart\u00ednez-5bb46873\",\"https:\\\/\\\/www.pinterest.es\\\/psicopico\\\/\",\"https:\\\/\\\/www.youtube.com\\\/channel\\\/UCwM4gAydCyOv_3sBkqVb74Q\"]}]}<\/script>\n<!-- \/ Yoast SEO plugin. -->","yoast_head_json":{"title":"(Espa\u00f1ol) Diccionario Psicolog\u00eda General - Letra D - PsicoPico","robots":{"index":"index","follow":"follow","max-snippet":"max-snippet:-1","max-image-preview":"max-image-preview:large","max-video-preview":"max-video-preview:-1"},"canonical":"https:\/\/psicopico.com\/diccionario-psicologia-general\/diccionario-psicologia-general-letra-d\/","og_locale":"en_US","og_type":"article","og_title":"(Espa\u00f1ol) Diccionario Psicolog\u00eda General - Letra D - PsicoPico","og_description":"Esta noticia non est\u00e1 dispo\u00f1ible en galego...sent\u00edmolo. Proba en castel\u00e1n. Apertas! For the sake of viewer convenience, the content is shown below in the alternative language. You may click the link to switch the active language.\u00a0A B C D E F G H I\u00a0L M N O P\u00a0R S T\u00a0V\u00a0XYZ D Delirium Tremens. Constituye una [&hellip;]","og_url":"https:\/\/psicopico.com\/diccionario-psicologia-general\/diccionario-psicologia-general-letra-d\/","og_site_name":"PsicoPico","article_publisher":"https:\/\/es-la.facebook.com\/psicopicopsicologia\/","article_modified_time":"2015-12-30T12:08:20+00:00","twitter_card":"summary_large_image","twitter_site":"@psicopico","twitter_misc":{"Est. reading time":"6 minutes"},"schema":{"@context":"https:\/\/schema.org","@graph":[{"@type":"WebPage","@id":"https:\/\/psicopico.com\/diccionario-psicologia-general\/diccionario-psicologia-general-letra-d\/","url":"https:\/\/psicopico.com\/diccionario-psicologia-general\/diccionario-psicologia-general-letra-d\/","name":"(Espa\u00f1ol) Diccionario Psicolog\u00eda General - Letra D - PsicoPico","isPartOf":{"@id":"https:\/\/psicopico.com\/#website"},"datePublished":"2015-12-29T23:34:20+00:00","dateModified":"2015-12-30T12:08:20+00:00","breadcrumb":{"@id":"https:\/\/psicopico.com\/diccionario-psicologia-general\/diccionario-psicologia-general-letra-d\/#breadcrumb"},"inLanguage":"gal-GAL","potentialAction":[{"@type":"ReadAction","target":["https:\/\/psicopico.com\/diccionario-psicologia-general\/diccionario-psicologia-general-letra-d\/"]}]},{"@type":"BreadcrumbList","@id":"https:\/\/psicopico.com\/diccionario-psicologia-general\/diccionario-psicologia-general-letra-d\/#breadcrumb","itemListElement":[{"@type":"ListItem","position":1,"name":"Inicio","item":"https:\/\/psicopico.com\/"},{"@type":"ListItem","position":2,"name":"Diccionario de Psicolog\u00eda General","item":"https:\/\/psicopico.com\/diccionario-psicologia-general\/"},{"@type":"ListItem","position":3,"name":"Diccionario Psicolog\u00eda General &#8211; Letra D"}]},{"@type":"WebSite","@id":"https:\/\/psicopico.com\/#website","url":"https:\/\/psicopico.com\/","name":"PsicoPico","description":"Psicopico - Psicolox\u00eda Online por Iv\u00e1n Pico","publisher":{"@id":"https:\/\/psicopico.com\/#organization"},"potentialAction":[{"@type":"SearchAction","target":{"@type":"EntryPoint","urlTemplate":"https:\/\/psicopico.com\/?s={search_term_string}"},"query-input":{"@type":"PropertyValueSpecification","valueRequired":true,"valueName":"search_term_string"}}],"inLanguage":"gal-GAL"},{"@type":"Organization","@id":"https:\/\/psicopico.com\/#organization","name":"Psicopico","url":"https:\/\/psicopico.com\/","logo":{"@type":"ImageObject","inLanguage":"gal-GAL","@id":"https:\/\/psicopico.com\/#\/schema\/logo\/image\/","url":"https:\/\/i0.wp.com\/psicopico.com\/wp-content\/uploads\/2015\/12\/logowebpsicopico.png?fit=377%2C113&ssl=1","contentUrl":"https:\/\/i0.wp.com\/psicopico.com\/wp-content\/uploads\/2015\/12\/logowebpsicopico.png?fit=377%2C113&ssl=1","width":"377","height":"113","caption":"Psicopico"},"image":{"@id":"https:\/\/psicopico.com\/#\/schema\/logo\/image\/"},"sameAs":["https:\/\/es-la.facebook.com\/psicopicopsicologia\/","https:\/\/x.com\/psicopico","https:\/\/instagram.com\/psicopico","https:\/\/es.linkedin.com\/in\/iv\u00e1n-pico-mart\u00ednez-5bb46873","https:\/\/www.pinterest.es\/psicopico\/","https:\/\/www.youtube.com\/channel\/UCwM4gAydCyOv_3sBkqVb74Q"]}]}},"jetpack_shortlink":"https:\/\/wp.me\/P6Zx58-9o","jetpack_sharing_enabled":true,"_links":{"self":[{"href":"https:\/\/psicopico.com\/gl\/wp-json\/wp\/v2\/pages\/582","targetHints":{"allow":["GET"]}}],"collection":[{"href":"https:\/\/psicopico.com\/gl\/wp-json\/wp\/v2\/pages"}],"about":[{"href":"https:\/\/psicopico.com\/gl\/wp-json\/wp\/v2\/types\/page"}],"author":[{"embeddable":true,"href":"https:\/\/psicopico.com\/gl\/wp-json\/wp\/v2\/users\/1"}],"replies":[{"embeddable":true,"href":"https:\/\/psicopico.com\/gl\/wp-json\/wp\/v2\/comments?post=582"}],"version-history":[{"count":0,"href":"https:\/\/psicopico.com\/gl\/wp-json\/wp\/v2\/pages\/582\/revisions"}],"up":[{"embeddable":true,"href":"https:\/\/psicopico.com\/gl\/wp-json\/wp\/v2\/pages\/565"}],"wp:attachment":[{"href":"https:\/\/psicopico.com\/gl\/wp-json\/wp\/v2\/media?parent=582"}],"curies":[{"name":"wp","href":"https:\/\/api.w.org\/{rel}","templated":true}]}}