{"id":4308,"date":"2018-04-21T13:05:18","date_gmt":"2018-04-21T12:05:18","guid":{"rendered":"https:\/\/psicopico.com\/?page_id=4308"},"modified":"2020-11-26T13:22:34","modified_gmt":"2020-11-26T12:22:34","slug":"servicios-psicologia","status":"publish","type":"page","link":"https:\/\/psicopico.com\/gl\/servicios-psicologia\/","title":{"rendered":"(Espa\u00f1ol) Servicios de psicolog\u00eda"},"content":{"rendered":"<p class=\"qtranxs-available-languages-message qtranxs-available-languages-message-gl\">Esta noticia non est\u00e1 dispo\u00f1ible en galego...sent\u00edmolo. Proba en castel\u00e1n. Apertas! For the sake of viewer convenience, the content is shown below in the alternative language. You may click the link to switch the active language.<\/p><h2>\u00a1Estoy para ayudarte!<\/h2>\n<p>La psicolog\u00eda es la ciencia del comportamiento humano y a partir de ella intenta dar soluciones eficientes a problemas concretos relacionados con la conducta humana. A veces entender como funciona el mundo que te rodea consigue el el mundo tambi\u00e9n te entienda a ti.<\/p>\n<p>Empieza desde 18 \u20ac.<\/p>\n<p>Si necesitas asesoramiento u orientaci\u00f3n psicol\u00f3gica profesional puedes elegir entre nuestras diversas opciones:<\/p>\n<p style=\"text-align: center;\"><span style=\"font-size: 20px;\"><a class=\"mks_button mks_button_large squared\" href=\"https:\/\/psicopico.com\/producto\/consulta-psicologia-express\/\" target=\"_self\" style=\"color: #FFFFFF; background-color: #1e73be;\" ><i class=\"icon-plane\"><\/i>Consulta Express<\/a>\u00a0<a class=\"mks_button mks_button_large squared\" href=\"https:\/\/psicopico.com\/tarifas-planas\/\" target=\"_self\" style=\"color: #FFFFFF; background-color: #3abc7d;\" ><i class=\"icon-speech\"><\/i>Tarifas planas<\/a> <a class=\"mks_button mks_button_large squared\" href=\"https:\/\/psicopico.com\/cita\/\" target=\"_self\" style=\"color: #FFFFFF; background-color: #8224e3;\" ><i class=\"fa fa-laptop\"><\/i>Consulta en directo<\/a><\/span><\/p>\n<p style=\"text-align: center;\"><i class=\"icon-bubbles\" style=\"color: #1e73be\"><\/i>\u00a0Chat propio | <i class=\"fa fa-video-camera\" style=\"color: #1e73be\"><\/i>\u00a0Videoconferencia privada | <i class=\"icon-graduation\" style=\"color: #1e73be\"><\/i> Psic\u00f3logos profesionales colegiados. |<i class=\"fa fa-user-secret\" style=\"color: #1e73be\"><\/i> An\u00f3nimo (si quieres)<\/p>\n<p style=\"text-align: center;\"><i class=\"icon-key\" style=\"color: #1e73be\"><\/i> Seguro y confidencial |\u00a0<i class=\"icon-check\" style=\"color: #1e73be\"><\/i> F\u00e1cil y sencillo de usar, <strong>sin instalaciones. <\/strong>|<strong>\u00a0<\/strong><i class=\"fa fa-check\" style=\"color: #1e73be\"><\/i> Empieza ahora.<\/p>\n<figure id=\"attachment_4317\" aria-describedby=\"caption-attachment-4317\" style=\"width: 1024px\" class=\"wp-caption aligncenter\"><a href=\"https:\/\/psicopico.com\/ivan-pico-psicologo-lugo\/\"><img data-recalc-dims=\"1\" loading=\"lazy\" decoding=\"async\" class=\"wp-image-4317 size-large\" src=\"https:\/\/i0.wp.com\/psicopico.com\/wp-content\/uploads\/2018\/04\/4.jpg?resize=1024%2C576&#038;ssl=1\" alt=\"\" width=\"1024\" height=\"576\" srcset=\"https:\/\/i0.wp.com\/psicopico.com\/wp-content\/uploads\/2018\/04\/4.jpg?resize=1024%2C576&amp;ssl=1 1024w, https:\/\/i0.wp.com\/psicopico.com\/wp-content\/uploads\/2018\/04\/4.jpg?resize=300%2C168&amp;ssl=1 300w, https:\/\/i0.wp.com\/psicopico.com\/wp-content\/uploads\/2018\/04\/4.jpg?resize=768%2C432&amp;ssl=1 768w, https:\/\/i0.wp.com\/psicopico.com\/wp-content\/uploads\/2018\/04\/4.jpg?resize=990%2C557&amp;ssl=1 990w, https:\/\/i0.wp.com\/psicopico.com\/wp-content\/uploads\/2018\/04\/4.jpg?resize=1320%2C743&amp;ssl=1 1320w, https:\/\/i0.wp.com\/psicopico.com\/wp-content\/uploads\/2018\/04\/4.jpg?resize=470%2C264&amp;ssl=1 470w, https:\/\/i0.wp.com\/psicopico.com\/wp-content\/uploads\/2018\/04\/4.jpg?resize=640%2C360&amp;ssl=1 640w, https:\/\/i0.wp.com\/psicopico.com\/wp-content\/uploads\/2018\/04\/4.jpg?resize=215%2C120&amp;ssl=1 215w, https:\/\/i0.wp.com\/psicopico.com\/wp-content\/uploads\/2018\/04\/4.jpg?resize=414%2C232&amp;ssl=1 414w, https:\/\/i0.wp.com\/psicopico.com\/wp-content\/uploads\/2018\/04\/4.jpg?resize=600%2C338&amp;ssl=1 600w, https:\/\/i0.wp.com\/psicopico.com\/wp-content\/uploads\/2018\/04\/4.jpg?w=2048&amp;ssl=1 2048w\" sizes=\"auto, (max-width: 1024px) 100vw, 1024px\" \/><\/a><figcaption id=\"caption-attachment-4317\" class=\"wp-caption-text\">Iv\u00e1n Pico | Psic\u00f3logo colegiado G-05480<\/figcaption><\/figure>\n<h3>Servicios destacados:<\/h3>\n<div class=\"mks_col \">\n<div class=\"mks_one_half \">\n<ul>\n<li><strong>Psicolog\u00eda personal<\/strong> (counseling, orientaci\u00f3n, reestructuraci\u00f3n cognitiva, procesos de cambio&#8230;).<\/li>\n<li><strong>Psicolog\u00eda deportiva\u00a0<\/strong>(deportes de equipo e individuales).<\/li>\n<li><strong>Psicolog\u00eda de esports<\/strong> (rendimiento deportivo y prevenci\u00f3n en el uso de videojuegos).<\/li>\n<li><strong>Asesoramiento para clubes deportivos <\/strong>(metodolog\u00eda de ense\u00f1anza-aprendizaje, comunicaci\u00f3n, liderazgo, \u00e9tica y valores, formaci\u00f3n, conflictos familiares, conciliaci\u00f3n, mentoring&#8230;)<\/li>\n<li><strong>Orientaci\u00f3n profesional<\/strong>, b\u00fasqueda de empleo y orientaci\u00f3n laboral.<\/li>\n<li><strong>Re-educaci\u00f3n conductual y cognitiva<\/strong> personalizada. Entrena tu mente.\u00a0<\/div> <div class=\"mks_one_half \"><\/div><\/li>\n<li><strong>Inteligencia emocional y bienestar emocional<\/strong> (autoconsciencia personal, automotivaci\u00f3n, resiliencia, empat\u00eda, habilidades sociales&#8230;)<\/li>\n<li><strong>Preparaci\u00f3n de oposiciones y estudios.\u00a0<\/strong><\/li>\n<li><strong>Orientaci\u00f3n escolar<\/strong> (t\u00e9cnicas de estudios, orientaci\u00f3n vocacional&#8230;)<\/li>\n<li><strong>Orientaci\u00f3n de proyecto vital.<\/strong><\/li>\n<li><strong>Conciliaci\u00f3n laboral-vital.\u00a0<\/strong><\/li>\n<li><strong>Conflictos interpersonales<\/strong> (celos pareja, relaciones, familia, hijos&#8230;).<\/div><\/li>\n<\/ul>\n<p>&nbsp;<\/p>\n<h3>Contacto<\/h3>\n<p><span style=\"font-size: 14pt;\"><strong>Email<\/strong>: info@psicopico.com<\/span><\/p>\n<p><span style=\"font-size: 14pt;\"><strong><i class=\"fa fa-whatsapp\" style=\"color: #81d742\"><\/i> Mobile\u00a0&amp; <a href=\"https:\/\/wa.me\/34627404796\">Whatsapp<\/a>: <\/strong>+34 627404796<\/span><\/p>\n<p>Pide m\u00e1s informaci\u00f3n directamente por <strong><a href=\"https:\/\/wa.me\/34627404796\" target=\"_blank\" rel=\"noopener noreferrer\">Whatsapp<\/a><\/strong>.<\/p>\n<p><strong>Formulario de contacto:<\/strong><\/p>\n<p><!--NoAds--><\/p>\n[contact-form-7 id=&#8221;3258&#8243; title=&#8221;Formulario de contacto 1&#8243;]\n<p><span style=\"font-size: 10px;\">Ver <a href=\"https:\/\/psicopico.com\/terminos-condiciones-uso-servicios-online\/\">t\u00e9rminos y condiciones<\/a>.\u00a0<\/span><\/p>\n<p>&nbsp;<\/p>\n<p>&nbsp;<\/p>\n<p style=\"text-align: center;\"><strong><a href=\"https:\/\/psicopico.com\/sesion-online\" target=\"_blank\" rel=\"noopener noreferrer\">Acceder a mi sesi\u00f3n online<\/a><\/strong><a href=\"https:\/\/psicopico.com\/sesion-online\" target=\"_blank\" rel=\"noopener noreferrer\"><img loading=\"lazy\" decoding=\"async\" class=\"wp-image-4183 size-full aligncenter\" src=\"https:\/\/i0.wp.com\/psicopico.com\/wp-content\/uploads\/2018\/04\/sesion-online.png?resize=300%2C190&amp;ssl=1\" alt=\"\" width=\"300\" height=\"190\" data-attachment-id=\"4183\" data-permalink=\"https:\/\/psicopico.com\/tarifas-planas\/sesion-online-2\/\" data-orig-file=\"https:\/\/i0.wp.com\/psicopico.com\/wp-content\/uploads\/2018\/04\/sesion-online.png?fit=300%2C190&amp;ssl=1\" data-orig-size=\"300,190\" data-comments-opened=\"1\" data-image-meta=\"{&quot;aperture&quot;:&quot;0&quot;,&quot;credit&quot;:&quot;&quot;,&quot;camera&quot;:&quot;&quot;,&quot;caption&quot;:&quot;&quot;,&quot;created_timestamp&quot;:&quot;0&quot;,&quot;copyright&quot;:&quot;&quot;,&quot;focal_length&quot;:&quot;0&quot;,&quot;iso&quot;:&quot;0&quot;,&quot;shutter_speed&quot;:&quot;0&quot;,&quot;title&quot;:&quot;&quot;,&quot;orientation&quot;:&quot;0&quot;}\" data-image-title=\"sesion-online\" data-image-description=\"\" data-medium-file=\"https:\/\/i0.wp.com\/psicopico.com\/wp-content\/uploads\/2018\/04\/sesion-online.png?fit=300%2C190&amp;ssl=1\" data-large-file=\"https:\/\/i0.wp.com\/psicopico.com\/wp-content\/uploads\/2018\/04\/sesion-online.png?fit=300%2C190&amp;ssl=1\" \/><\/a><\/p>\n<p style=\"text-align: center;\"><span style=\"font-size: 12px;\">Si est\u00e1s en una situaci\u00f3n peligrosa, l\u00edmite o de emergencia, no recurras a esta web y solicita asistencia en servicios de urgencia.<\/span><\/p>\n<p style=\"text-align: center;\"><span style=\"font-size: 12px;\">Llama al\u00a0<a href=\"tel:112\">112<\/a>\u00a0para emergencias.<\/span><\/p>\n<p>&nbsp;","protected":false},"excerpt":{"rendered":"<p>Esta noticia non est\u00e1 dispo\u00f1ible en galego&#8230;sent\u00edmolo. Proba en castel\u00e1n. Apertas! For the sake of viewer convenience, the content is shown below in the alternative language. You may click the link to switch the active language.\u00a1Estoy para ayudarte! La psicolog\u00eda es la ciencia del comportamiento humano y a partir de ella intenta dar soluciones eficientes [&hellip;]<\/p>\n","protected":false},"author":1,"featured_media":0,"parent":0,"menu_order":0,"comment_status":"closed","ping_status":"closed","template":"template-full-width.php","meta":{"_joinchat":[],"footnotes":""},"class_list":["post-4308","page","type-page","status-publish","hentry"],"yoast_head":"<!-- This site is optimized with the Yoast SEO plugin v27.4 - https:\/\/yoast.com\/product\/yoast-seo-wordpress\/ -->\n<title>(Espa\u00f1ol) Servicios de psicolog\u00eda - PsicoPico<\/title>\n<meta name=\"robots\" content=\"index, follow, max-snippet:-1, max-image-preview:large, max-video-preview:-1\" \/>\n<link rel=\"canonical\" href=\"https:\/\/psicopico.com\/servicios-psicologia\/\" \/>\n<meta property=\"og:locale\" content=\"en_US\" \/>\n<meta property=\"og:type\" content=\"article\" \/>\n<meta property=\"og:title\" content=\"(Espa\u00f1ol) Servicios de psicolog\u00eda - PsicoPico\" \/>\n<meta property=\"og:description\" content=\"Esta noticia non est\u00e1 dispo\u00f1ible en galego...sent\u00edmolo. Proba en castel\u00e1n. Apertas! For the sake of viewer convenience, the content is shown below in the alternative language. You may click the link to switch the active language.\u00a1Estoy para ayudarte! La psicolog\u00eda es la ciencia del comportamiento humano y a partir de ella intenta dar soluciones eficientes [&hellip;]\" \/>\n<meta property=\"og:url\" content=\"https:\/\/psicopico.com\/servicios-psicologia\/\" \/>\n<meta property=\"og:site_name\" content=\"PsicoPico\" \/>\n<meta property=\"article:publisher\" content=\"https:\/\/es-la.facebook.com\/psicopicopsicologia\/\" \/>\n<meta property=\"article:modified_time\" content=\"2020-11-26T12:22:34+00:00\" \/>\n<meta property=\"og:image\" content=\"https:\/\/psicopico.com\/wp-content\/uploads\/2018\/04\/4-1024x576.jpg\" \/>\n<meta name=\"twitter:card\" content=\"summary_large_image\" \/>\n<meta name=\"twitter:site\" content=\"@psicopico\" \/>\n<meta name=\"twitter:label1\" content=\"Est. reading time\" \/>\n\t<meta name=\"twitter:data1\" content=\"2 minutes\" \/>\n<script type=\"application\/ld+json\" class=\"yoast-schema-graph\">{\"@context\":\"https:\\\/\\\/schema.org\",\"@graph\":[{\"@type\":\"WebPage\",\"@id\":\"https:\\\/\\\/psicopico.com\\\/servicios-psicologia\\\/\",\"url\":\"https:\\\/\\\/psicopico.com\\\/servicios-psicologia\\\/\",\"name\":\"(Espa\u00f1ol) Servicios de psicolog\u00eda - PsicoPico\",\"isPartOf\":{\"@id\":\"https:\\\/\\\/psicopico.com\\\/#website\"},\"primaryImageOfPage\":{\"@id\":\"https:\\\/\\\/psicopico.com\\\/servicios-psicologia\\\/#primaryimage\"},\"image\":{\"@id\":\"https:\\\/\\\/psicopico.com\\\/servicios-psicologia\\\/#primaryimage\"},\"thumbnailUrl\":\"https:\\\/\\\/psicopico.com\\\/wp-content\\\/uploads\\\/2018\\\/04\\\/4-1024x576.jpg\",\"datePublished\":\"2018-04-21T12:05:18+00:00\",\"dateModified\":\"2020-11-26T12:22:34+00:00\",\"breadcrumb\":{\"@id\":\"https:\\\/\\\/psicopico.com\\\/servicios-psicologia\\\/#breadcrumb\"},\"inLanguage\":\"gal-GAL\",\"potentialAction\":[{\"@type\":\"ReadAction\",\"target\":[\"https:\\\/\\\/psicopico.com\\\/servicios-psicologia\\\/\"]}]},{\"@type\":\"ImageObject\",\"inLanguage\":\"gal-GAL\",\"@id\":\"https:\\\/\\\/psicopico.com\\\/servicios-psicologia\\\/#primaryimage\",\"url\":\"https:\\\/\\\/psicopico.com\\\/wp-content\\\/uploads\\\/2018\\\/04\\\/4-1024x576.jpg\",\"contentUrl\":\"https:\\\/\\\/psicopico.com\\\/wp-content\\\/uploads\\\/2018\\\/04\\\/4-1024x576.jpg\"},{\"@type\":\"BreadcrumbList\",\"@id\":\"https:\\\/\\\/psicopico.com\\\/servicios-psicologia\\\/#breadcrumb\",\"itemListElement\":[{\"@type\":\"ListItem\",\"position\":1,\"name\":\"Inicio\",\"item\":\"https:\\\/\\\/psicopico.com\\\/\"},{\"@type\":\"ListItem\",\"position\":2,\"name\":\"Servicios de psicolog\u00eda\"}]},{\"@type\":\"WebSite\",\"@id\":\"https:\\\/\\\/psicopico.com\\\/#website\",\"url\":\"https:\\\/\\\/psicopico.com\\\/\",\"name\":\"PsicoPico\",\"description\":\"Psicopico - Psicolox\u00eda Online por Iv\u00e1n Pico\",\"publisher\":{\"@id\":\"https:\\\/\\\/psicopico.com\\\/#organization\"},\"potentialAction\":[{\"@type\":\"SearchAction\",\"target\":{\"@type\":\"EntryPoint\",\"urlTemplate\":\"https:\\\/\\\/psicopico.com\\\/?s={search_term_string}\"},\"query-input\":{\"@type\":\"PropertyValueSpecification\",\"valueRequired\":true,\"valueName\":\"search_term_string\"}}],\"inLanguage\":\"gal-GAL\"},{\"@type\":\"Organization\",\"@id\":\"https:\\\/\\\/psicopico.com\\\/#organization\",\"name\":\"Psicopico\",\"url\":\"https:\\\/\\\/psicopico.com\\\/\",\"logo\":{\"@type\":\"ImageObject\",\"inLanguage\":\"gal-GAL\",\"@id\":\"https:\\\/\\\/psicopico.com\\\/#\\\/schema\\\/logo\\\/image\\\/\",\"url\":\"https:\\\/\\\/i0.wp.com\\\/psicopico.com\\\/wp-content\\\/uploads\\\/2015\\\/12\\\/logowebpsicopico.png?fit=377%2C113&ssl=1\",\"contentUrl\":\"https:\\\/\\\/i0.wp.com\\\/psicopico.com\\\/wp-content\\\/uploads\\\/2015\\\/12\\\/logowebpsicopico.png?fit=377%2C113&ssl=1\",\"width\":\"377\",\"height\":\"113\",\"caption\":\"Psicopico\"},\"image\":{\"@id\":\"https:\\\/\\\/psicopico.com\\\/#\\\/schema\\\/logo\\\/image\\\/\"},\"sameAs\":[\"https:\\\/\\\/es-la.facebook.com\\\/psicopicopsicologia\\\/\",\"https:\\\/\\\/x.com\\\/psicopico\",\"https:\\\/\\\/instagram.com\\\/psicopico\",\"https:\\\/\\\/es.linkedin.com\\\/in\\\/iv\u00e1n-pico-mart\u00ednez-5bb46873\",\"https:\\\/\\\/www.pinterest.es\\\/psicopico\\\/\",\"https:\\\/\\\/www.youtube.com\\\/channel\\\/UCwM4gAydCyOv_3sBkqVb74Q\"]}]}<\/script>\n<!-- \/ Yoast SEO plugin. -->","yoast_head_json":{"title":"(Espa\u00f1ol) Servicios de psicolog\u00eda - PsicoPico","robots":{"index":"index","follow":"follow","max-snippet":"max-snippet:-1","max-image-preview":"max-image-preview:large","max-video-preview":"max-video-preview:-1"},"canonical":"https:\/\/psicopico.com\/servicios-psicologia\/","og_locale":"en_US","og_type":"article","og_title":"(Espa\u00f1ol) Servicios de psicolog\u00eda - PsicoPico","og_description":"Esta noticia non est\u00e1 dispo\u00f1ible en galego...sent\u00edmolo. Proba en castel\u00e1n. Apertas! For the sake of viewer convenience, the content is shown below in the alternative language. You may click the link to switch the active language.\u00a1Estoy para ayudarte! La psicolog\u00eda es la ciencia del comportamiento humano y a partir de ella intenta dar soluciones eficientes [&hellip;]","og_url":"https:\/\/psicopico.com\/servicios-psicologia\/","og_site_name":"PsicoPico","article_publisher":"https:\/\/es-la.facebook.com\/psicopicopsicologia\/","article_modified_time":"2020-11-26T12:22:34+00:00","og_image":[{"url":"https:\/\/psicopico.com\/wp-content\/uploads\/2018\/04\/4-1024x576.jpg","type":"","width":"","height":""}],"twitter_card":"summary_large_image","twitter_site":"@psicopico","twitter_misc":{"Est. reading time":"2 minutes"},"schema":{"@context":"https:\/\/schema.org","@graph":[{"@type":"WebPage","@id":"https:\/\/psicopico.com\/servicios-psicologia\/","url":"https:\/\/psicopico.com\/servicios-psicologia\/","name":"(Espa\u00f1ol) Servicios de psicolog\u00eda - PsicoPico","isPartOf":{"@id":"https:\/\/psicopico.com\/#website"},"primaryImageOfPage":{"@id":"https:\/\/psicopico.com\/servicios-psicologia\/#primaryimage"},"image":{"@id":"https:\/\/psicopico.com\/servicios-psicologia\/#primaryimage"},"thumbnailUrl":"https:\/\/psicopico.com\/wp-content\/uploads\/2018\/04\/4-1024x576.jpg","datePublished":"2018-04-21T12:05:18+00:00","dateModified":"2020-11-26T12:22:34+00:00","breadcrumb":{"@id":"https:\/\/psicopico.com\/servicios-psicologia\/#breadcrumb"},"inLanguage":"gal-GAL","potentialAction":[{"@type":"ReadAction","target":["https:\/\/psicopico.com\/servicios-psicologia\/"]}]},{"@type":"ImageObject","inLanguage":"gal-GAL","@id":"https:\/\/psicopico.com\/servicios-psicologia\/#primaryimage","url":"https:\/\/psicopico.com\/wp-content\/uploads\/2018\/04\/4-1024x576.jpg","contentUrl":"https:\/\/psicopico.com\/wp-content\/uploads\/2018\/04\/4-1024x576.jpg"},{"@type":"BreadcrumbList","@id":"https:\/\/psicopico.com\/servicios-psicologia\/#breadcrumb","itemListElement":[{"@type":"ListItem","position":1,"name":"Inicio","item":"https:\/\/psicopico.com\/"},{"@type":"ListItem","position":2,"name":"Servicios de psicolog\u00eda"}]},{"@type":"WebSite","@id":"https:\/\/psicopico.com\/#website","url":"https:\/\/psicopico.com\/","name":"PsicoPico","description":"Psicopico - Psicolox\u00eda Online por Iv\u00e1n Pico","publisher":{"@id":"https:\/\/psicopico.com\/#organization"},"potentialAction":[{"@type":"SearchAction","target":{"@type":"EntryPoint","urlTemplate":"https:\/\/psicopico.com\/?s={search_term_string}"},"query-input":{"@type":"PropertyValueSpecification","valueRequired":true,"valueName":"search_term_string"}}],"inLanguage":"gal-GAL"},{"@type":"Organization","@id":"https:\/\/psicopico.com\/#organization","name":"Psicopico","url":"https:\/\/psicopico.com\/","logo":{"@type":"ImageObject","inLanguage":"gal-GAL","@id":"https:\/\/psicopico.com\/#\/schema\/logo\/image\/","url":"https:\/\/i0.wp.com\/psicopico.com\/wp-content\/uploads\/2015\/12\/logowebpsicopico.png?fit=377%2C113&ssl=1","contentUrl":"https:\/\/i0.wp.com\/psicopico.com\/wp-content\/uploads\/2015\/12\/logowebpsicopico.png?fit=377%2C113&ssl=1","width":"377","height":"113","caption":"Psicopico"},"image":{"@id":"https:\/\/psicopico.com\/#\/schema\/logo\/image\/"},"sameAs":["https:\/\/es-la.facebook.com\/psicopicopsicologia\/","https:\/\/x.com\/psicopico","https:\/\/instagram.com\/psicopico","https:\/\/es.linkedin.com\/in\/iv\u00e1n-pico-mart\u00ednez-5bb46873","https:\/\/www.pinterest.es\/psicopico\/","https:\/\/www.youtube.com\/channel\/UCwM4gAydCyOv_3sBkqVb74Q"]}]}},"jetpack_shortlink":"https:\/\/wp.me\/P6Zx58-17u","jetpack_sharing_enabled":true,"_links":{"self":[{"href":"https:\/\/psicopico.com\/gl\/wp-json\/wp\/v2\/pages\/4308","targetHints":{"allow":["GET"]}}],"collection":[{"href":"https:\/\/psicopico.com\/gl\/wp-json\/wp\/v2\/pages"}],"about":[{"href":"https:\/\/psicopico.com\/gl\/wp-json\/wp\/v2\/types\/page"}],"author":[{"embeddable":true,"href":"https:\/\/psicopico.com\/gl\/wp-json\/wp\/v2\/users\/1"}],"replies":[{"embeddable":true,"href":"https:\/\/psicopico.com\/gl\/wp-json\/wp\/v2\/comments?post=4308"}],"version-history":[{"count":0,"href":"https:\/\/psicopico.com\/gl\/wp-json\/wp\/v2\/pages\/4308\/revisions"}],"wp:attachment":[{"href":"https:\/\/psicopico.com\/gl\/wp-json\/wp\/v2\/media?parent=4308"}],"curies":[{"name":"wp","href":"https:\/\/api.w.org\/{rel}","templated":true}]}}