{"id":3972,"date":"2018-02-28T13:11:53","date_gmt":"2018-02-28T12:11:53","guid":{"rendered":"https:\/\/psicopico.com\/register\/"},"modified":"2018-04-12T12:11:33","modified_gmt":"2018-04-12T11:11:33","slug":"register","status":"publish","type":"page","link":"https:\/\/psicopico.com\/gl\/register\/","title":{"rendered":"Registrarse"},"content":{"rendered":"<div class=\"tml tml-login\">\n<div class=\"tml-alerts\"><\/div><form name=\"login\" action=\"https:\/\/psicopico.com\/gl\/login\/\" method=\"post\">\n<div class=\"tml-field-wrap tml-log-wrap\">\n<label class=\"tml-label\" for=\"user_login\">Username or Email Address<\/label>\n<input name=\"log\" type=\"text\" value=\"\" id=\"user_login\" autocapitalize=\"off\" class=\"tml-field\">\n<\/div>\n\n<div class=\"tml-field-wrap tml-pwd-wrap\">\n<label class=\"tml-label\" for=\"user_pass\">Password<\/label>\n<input name=\"pwd\" type=\"password\" value=\"\" id=\"user_pass\" class=\"tml-field\">\n<\/div>\n\n<!-- CAPTCHA added with CAPTCHA 4WP plugin. More information: https:\/\/captcha4wp.com --><div class=\"c4wp_captcha_field\" style=\"margin-bottom: 10px\" data-nonce=\"f00fc97f3f\"><div id=\"c4wp_captcha_field_3\" class=\"c4wp_captcha_field_div\"><\/div><\/div><!-- \/ CAPTCHA by CAPTCHA 4WP plugin -->\n<div class=\"tml-field-wrap tml-rememberme-wrap\">\n<input name=\"rememberme\" type=\"checkbox\" value=\"forever\" id=\"rememberme\" class=\"tml-checkbox\">\n<label class=\"tml-label\" for=\"rememberme\">Remember Me<\/label>\n<\/div>\n\n<div class=\"tml-field-wrap tml-submit-wrap\">\n<button name=\"submit\" type=\"submit\" class=\"tml-button\">Log In<\/button>\n<\/div>\n\n<input name=\"redirect_to\" type=\"hidden\" value=\"https:\/\/psicopico.com\/wp-admin\/\">\n\n<\/form>\n<ul class=\"tml-links\"><li class=\"tml-lostpassword-link\"><a href=\"https:\/\/psicopico.com\/gl\/lostpassword\/\">Lost your password?<\/a><\/li><\/ul><\/div>","protected":false},"excerpt":{"rendered":"<p>Esta noticia non est\u00e1 dispo\u00f1ible en galego&#8230;sent\u00edmolo. Proba en castel\u00e1n. Apertas! For the sake of viewer convenience, the content is shown below in the alternative language. You may click the link to switch the active language. Al registrarse aceptas los T\u00e9rminos y Condiciones del servicio y la Pol\u00edtica de Privacidad.\u00a0<\/p>\n","protected":false},"author":167,"featured_media":0,"parent":0,"menu_order":0,"comment_status":"closed","ping_status":"closed","template":"","meta":{"_joinchat":[],"footnotes":""},"class_list":["post-3972","page","type-page","status-publish","hentry"],"yoast_head":"<!-- This site is optimized with the Yoast SEO plugin v27.4 - https:\/\/yoast.com\/product\/yoast-seo-wordpress\/ -->\n<title>Registrarse - PsicoPico<\/title>\n<meta name=\"robots\" content=\"index, follow, max-snippet:-1, max-image-preview:large, max-video-preview:-1\" \/>\n<link rel=\"canonical\" href=\"https:\/\/psicopico.com\/en\/register\/\" \/>\n<meta property=\"og:locale\" content=\"en_US\" \/>\n<meta property=\"og:type\" content=\"article\" \/>\n<meta property=\"og:title\" content=\"Registrarse - PsicoPico\" \/>\n<meta property=\"og:description\" content=\"Esta noticia non est\u00e1 dispo\u00f1ible en galego...sent\u00edmolo. Proba en castel\u00e1n. Apertas! For the sake of viewer convenience, the content is shown below in the alternative language. You may click the link to switch the active language. Al registrarse aceptas los T\u00e9rminos y Condiciones del servicio y la Pol\u00edtica de Privacidad.\u00a0\" \/>\n<meta property=\"og:url\" content=\"https:\/\/psicopico.com\/en\/register\/\" \/>\n<meta property=\"og:site_name\" content=\"PsicoPico\" \/>\n<meta property=\"article:publisher\" content=\"https:\/\/es-la.facebook.com\/psicopicopsicologia\/\" \/>\n<meta property=\"article:modified_time\" content=\"2018-04-12T11:11:33+00:00\" \/>\n<meta name=\"twitter:card\" content=\"summary_large_image\" \/>\n<meta name=\"twitter:site\" content=\"@psicopico\" \/>\n<script type=\"application\/ld+json\" class=\"yoast-schema-graph\">{\"@context\":\"https:\\\/\\\/schema.org\",\"@graph\":[{\"@type\":\"WebPage\",\"@id\":\"https:\\\/\\\/psicopico.com\\\/en\\\/register\\\/\",\"url\":\"https:\\\/\\\/psicopico.com\\\/en\\\/register\\\/\",\"name\":\"Registrarse - PsicoPico\",\"isPartOf\":{\"@id\":\"https:\\\/\\\/psicopico.com\\\/#website\"},\"datePublished\":\"2018-02-28T12:11:53+00:00\",\"dateModified\":\"2018-04-12T11:11:33+00:00\",\"breadcrumb\":{\"@id\":\"https:\\\/\\\/psicopico.com\\\/en\\\/register\\\/#breadcrumb\"},\"inLanguage\":\"gal-GAL\",\"potentialAction\":[{\"@type\":\"ReadAction\",\"target\":[\"https:\\\/\\\/psicopico.com\\\/en\\\/register\\\/\"]}]},{\"@type\":\"BreadcrumbList\",\"@id\":\"https:\\\/\\\/psicopico.com\\\/en\\\/register\\\/#breadcrumb\",\"itemListElement\":[{\"@type\":\"ListItem\",\"position\":1,\"name\":\"Inicio\",\"item\":\"https:\\\/\\\/psicopico.com\\\/\"},{\"@type\":\"ListItem\",\"position\":2,\"name\":\"Registrarse\"}]},{\"@type\":\"WebSite\",\"@id\":\"https:\\\/\\\/psicopico.com\\\/#website\",\"url\":\"https:\\\/\\\/psicopico.com\\\/\",\"name\":\"PsicoPico\",\"description\":\"Psicopico - Psicolox\u00eda Online por Iv\u00e1n Pico\",\"publisher\":{\"@id\":\"https:\\\/\\\/psicopico.com\\\/#organization\"},\"potentialAction\":[{\"@type\":\"SearchAction\",\"target\":{\"@type\":\"EntryPoint\",\"urlTemplate\":\"https:\\\/\\\/psicopico.com\\\/?s={search_term_string}\"},\"query-input\":{\"@type\":\"PropertyValueSpecification\",\"valueRequired\":true,\"valueName\":\"search_term_string\"}}],\"inLanguage\":\"gal-GAL\"},{\"@type\":\"Organization\",\"@id\":\"https:\\\/\\\/psicopico.com\\\/#organization\",\"name\":\"Psicopico\",\"url\":\"https:\\\/\\\/psicopico.com\\\/\",\"logo\":{\"@type\":\"ImageObject\",\"inLanguage\":\"gal-GAL\",\"@id\":\"https:\\\/\\\/psicopico.com\\\/#\\\/schema\\\/logo\\\/image\\\/\",\"url\":\"https:\\\/\\\/i0.wp.com\\\/psicopico.com\\\/wp-content\\\/uploads\\\/2015\\\/12\\\/logowebpsicopico.png?fit=377%2C113&ssl=1\",\"contentUrl\":\"https:\\\/\\\/i0.wp.com\\\/psicopico.com\\\/wp-content\\\/uploads\\\/2015\\\/12\\\/logowebpsicopico.png?fit=377%2C113&ssl=1\",\"width\":\"377\",\"height\":\"113\",\"caption\":\"Psicopico\"},\"image\":{\"@id\":\"https:\\\/\\\/psicopico.com\\\/#\\\/schema\\\/logo\\\/image\\\/\"},\"sameAs\":[\"https:\\\/\\\/es-la.facebook.com\\\/psicopicopsicologia\\\/\",\"https:\\\/\\\/x.com\\\/psicopico\",\"https:\\\/\\\/instagram.com\\\/psicopico\",\"https:\\\/\\\/es.linkedin.com\\\/in\\\/iv\u00e1n-pico-mart\u00ednez-5bb46873\",\"https:\\\/\\\/www.pinterest.es\\\/psicopico\\\/\",\"https:\\\/\\\/www.youtube.com\\\/channel\\\/UCwM4gAydCyOv_3sBkqVb74Q\"]}]}<\/script>\n<!-- \/ Yoast SEO plugin. -->","yoast_head_json":{"title":"Registrarse - PsicoPico","robots":{"index":"index","follow":"follow","max-snippet":"max-snippet:-1","max-image-preview":"max-image-preview:large","max-video-preview":"max-video-preview:-1"},"canonical":"https:\/\/psicopico.com\/en\/register\/","og_locale":"en_US","og_type":"article","og_title":"Registrarse - PsicoPico","og_description":"Esta noticia non est\u00e1 dispo\u00f1ible en galego...sent\u00edmolo. Proba en castel\u00e1n. Apertas! For the sake of viewer convenience, the content is shown below in the alternative language. You may click the link to switch the active language. Al registrarse aceptas los T\u00e9rminos y Condiciones del servicio y la Pol\u00edtica de Privacidad.\u00a0","og_url":"https:\/\/psicopico.com\/en\/register\/","og_site_name":"PsicoPico","article_publisher":"https:\/\/es-la.facebook.com\/psicopicopsicologia\/","article_modified_time":"2018-04-12T11:11:33+00:00","twitter_card":"summary_large_image","twitter_site":"@psicopico","schema":{"@context":"https:\/\/schema.org","@graph":[{"@type":"WebPage","@id":"https:\/\/psicopico.com\/en\/register\/","url":"https:\/\/psicopico.com\/en\/register\/","name":"Registrarse - PsicoPico","isPartOf":{"@id":"https:\/\/psicopico.com\/#website"},"datePublished":"2018-02-28T12:11:53+00:00","dateModified":"2018-04-12T11:11:33+00:00","breadcrumb":{"@id":"https:\/\/psicopico.com\/en\/register\/#breadcrumb"},"inLanguage":"gal-GAL","potentialAction":[{"@type":"ReadAction","target":["https:\/\/psicopico.com\/en\/register\/"]}]},{"@type":"BreadcrumbList","@id":"https:\/\/psicopico.com\/en\/register\/#breadcrumb","itemListElement":[{"@type":"ListItem","position":1,"name":"Inicio","item":"https:\/\/psicopico.com\/"},{"@type":"ListItem","position":2,"name":"Registrarse"}]},{"@type":"WebSite","@id":"https:\/\/psicopico.com\/#website","url":"https:\/\/psicopico.com\/","name":"PsicoPico","description":"Psicopico - Psicolox\u00eda Online por Iv\u00e1n Pico","publisher":{"@id":"https:\/\/psicopico.com\/#organization"},"potentialAction":[{"@type":"SearchAction","target":{"@type":"EntryPoint","urlTemplate":"https:\/\/psicopico.com\/?s={search_term_string}"},"query-input":{"@type":"PropertyValueSpecification","valueRequired":true,"valueName":"search_term_string"}}],"inLanguage":"gal-GAL"},{"@type":"Organization","@id":"https:\/\/psicopico.com\/#organization","name":"Psicopico","url":"https:\/\/psicopico.com\/","logo":{"@type":"ImageObject","inLanguage":"gal-GAL","@id":"https:\/\/psicopico.com\/#\/schema\/logo\/image\/","url":"https:\/\/i0.wp.com\/psicopico.com\/wp-content\/uploads\/2015\/12\/logowebpsicopico.png?fit=377%2C113&ssl=1","contentUrl":"https:\/\/i0.wp.com\/psicopico.com\/wp-content\/uploads\/2015\/12\/logowebpsicopico.png?fit=377%2C113&ssl=1","width":"377","height":"113","caption":"Psicopico"},"image":{"@id":"https:\/\/psicopico.com\/#\/schema\/logo\/image\/"},"sameAs":["https:\/\/es-la.facebook.com\/psicopicopsicologia\/","https:\/\/x.com\/psicopico","https:\/\/instagram.com\/psicopico","https:\/\/es.linkedin.com\/in\/iv\u00e1n-pico-mart\u00ednez-5bb46873","https:\/\/www.pinterest.es\/psicopico\/","https:\/\/www.youtube.com\/channel\/UCwM4gAydCyOv_3sBkqVb74Q"]}]}},"jetpack_shortlink":"https:\/\/wp.me\/P6Zx58-124","jetpack_sharing_enabled":true,"_links":{"self":[{"href":"https:\/\/psicopico.com\/gl\/wp-json\/wp\/v2\/pages\/3972","targetHints":{"allow":["GET"]}}],"collection":[{"href":"https:\/\/psicopico.com\/gl\/wp-json\/wp\/v2\/pages"}],"about":[{"href":"https:\/\/psicopico.com\/gl\/wp-json\/wp\/v2\/types\/page"}],"author":[{"embeddable":true,"href":"https:\/\/psicopico.com\/gl\/wp-json\/wp\/v2\/users\/167"}],"replies":[{"embeddable":true,"href":"https:\/\/psicopico.com\/gl\/wp-json\/wp\/v2\/comments?post=3972"}],"version-history":[{"count":0,"href":"https:\/\/psicopico.com\/gl\/wp-json\/wp\/v2\/pages\/3972\/revisions"}],"wp:attachment":[{"href":"https:\/\/psicopico.com\/gl\/wp-json\/wp\/v2\/media?parent=3972"}],"curies":[{"name":"wp","href":"https:\/\/api.w.org\/{rel}","templated":true}]}}