{"id":361,"date":"2015-12-22T16:46:12","date_gmt":"2015-12-22T16:46:12","guid":{"rendered":"http:\/\/psicopico.com\/?page_id=361"},"modified":"2026-04-30T14:17:01","modified_gmt":"2026-04-30T13:17:01","slug":"psicologo-lugo","status":"publish","type":"page","link":"https:\/\/psicopico.com\/gl\/","title":{"rendered":"Inicio | PsicoPico &#8211; Psicolog\u00eda Online"},"content":{"rendered":"<p class=\"qtranxs-available-languages-message qtranxs-available-languages-message-gl\">Esta noticia non est\u00e1 dispo\u00f1ible en galego...sent\u00edmolo. Proba en castel\u00e1n. Apertas! For the sake of viewer convenience, the content is shown below in the alternative language. You may click the link to switch the active language.<\/p><!--more-->","protected":false},"excerpt":{"rendered":"<p>Esta noticia non est\u00e1 dispo\u00f1ible en galego&#8230;sent\u00edmolo. Proba en castel\u00e1n. Apertas! For the sake of viewer convenience, the content is shown below in the alternative language. You may click the link to switch the active language.<\/p>\n","protected":false},"author":1,"featured_media":1371,"parent":0,"menu_order":0,"comment_status":"closed","ping_status":"closed","template":"template-modules.php","meta":{"_joinchat":[],"footnotes":""},"class_list":["post-361","page","type-page","status-publish","has-post-thumbnail","hentry"],"yoast_head":"<!-- This site is optimized with the Yoast SEO plugin v27.4 - https:\/\/yoast.com\/product\/yoast-seo-wordpress\/ -->\n<title>PsicoPico | Psicolog\u00eda Online &amp; PsicoMagazine<\/title>\n<meta name=\"description\" content=\"Revista digital sobre psicolog\u00eda, neurociencias, deporte, neuromarketing, salud...Tratando de comprender al mundo o como el mundo te comprende a ti.\" \/>\n<meta name=\"robots\" content=\"index, follow, max-snippet:-1, max-image-preview:large, max-video-preview:-1\" \/>\n<link rel=\"canonical\" href=\"https:\/\/psicopico.com\/\" \/>\n<meta property=\"og:locale\" content=\"en_US\" \/>\n<meta property=\"og:type\" content=\"article\" \/>\n<meta property=\"og:title\" content=\"[:es]PsicoPico | Psicolog\u00eda para entender el comportamiento humano[:en]PsicoPico | Psicolog\u00eda Online &amp; PsicoMagazine[:gl]PsicoPico | Psicolog\u00eda Online &amp; PsicoMagazine[:]\" \/>\n<meta property=\"og:description\" content=\"{:es}Revista digital sobre psicolog\u00eda, deporte, educaci\u00f3n, neuromarketing, salud... De c\u00f3mo entender el mundo o c\u00f3mo el mundo te entiende a ti.{:en}Revista digital sobre psicolog\u00eda, neurociencias, deporte, neuromarketing, salud...Tratando de comprender al mundo o como el mundo te comprende a ti.{:gl}Revista digital sobre psicolog\u00eda, neurociencias, deporte, neuromarketing, salud...Tratando de comprender al mundo o como el mundo te comprende a ti.{:}\" \/>\n<meta property=\"og:url\" content=\"https:\/\/psicopico.com\/\" \/>\n<meta property=\"og:site_name\" content=\"PsicoPico\" \/>\n<meta property=\"article:publisher\" content=\"https:\/\/es-la.facebook.com\/psicopicopsicologia\/\" \/>\n<meta property=\"article:modified_time\" content=\"2026-04-30T13:17:01+00:00\" \/>\n<meta property=\"og:image\" content=\"https:\/\/psicopico.com\/wp-content\/uploads\/2016\/01\/psicologopicoweb.png\" \/>\n\t<meta property=\"og:image:width\" content=\"300\" \/>\n\t<meta property=\"og:image:height\" content=\"271\" \/>\n\t<meta property=\"og:image:type\" content=\"image\/png\" \/>\n<meta name=\"twitter:card\" content=\"summary_large_image\" \/>\n<meta name=\"twitter:site\" content=\"@psicopico\" \/>\n<meta name=\"twitter:label1\" content=\"Est. reading time\" \/>\n\t<meta name=\"twitter:data1\" content=\"1 minute\" \/>\n<script type=\"application\/ld+json\" class=\"yoast-schema-graph\">{\"@context\":\"https:\\\/\\\/schema.org\",\"@graph\":[{\"@type\":\"WebPage\",\"@id\":\"https:\\\/\\\/psicopico.com\\\/\",\"url\":\"https:\\\/\\\/psicopico.com\\\/\",\"name\":\"[:es]PsicoPico | Psicolog\u00eda para entender el comportamiento humano[:en]PsicoPico | Psicolog\u00eda Online & PsicoMagazine[:gl]PsicoPico | Psicolog\u00eda Online & PsicoMagazine[:]\",\"isPartOf\":{\"@id\":\"https:\\\/\\\/psicopico.com\\\/#website\"},\"primaryImageOfPage\":{\"@id\":\"https:\\\/\\\/psicopico.com\\\/#primaryimage\"},\"image\":{\"@id\":\"https:\\\/\\\/psicopico.com\\\/#primaryimage\"},\"thumbnailUrl\":\"https:\\\/\\\/i0.wp.com\\\/psicopico.com\\\/wp-content\\\/uploads\\\/2016\\\/01\\\/psicologopicoweb.png?fit=300%2C271&ssl=1\",\"datePublished\":\"2015-12-22T16:46:12+00:00\",\"dateModified\":\"2026-04-30T13:17:01+00:00\",\"description\":\"{:es}Revista digital sobre psicolog\u00eda, deporte, educaci\u00f3n, neuromarketing, salud... De c\u00f3mo entender el mundo o c\u00f3mo el mundo te entiende a ti.{:en}Revista digital sobre psicolog\u00eda, neurociencias, deporte, neuromarketing, salud...Tratando de comprender al mundo o como el mundo te comprende a ti.{:gl}Revista digital sobre psicolog\u00eda, neurociencias, deporte, neuromarketing, salud...Tratando de comprender al mundo o como el mundo te comprende a ti.{:}\",\"breadcrumb\":{\"@id\":\"https:\\\/\\\/psicopico.com\\\/#breadcrumb\"},\"inLanguage\":\"gal-GAL\",\"potentialAction\":[{\"@type\":\"ReadAction\",\"target\":[\"https:\\\/\\\/psicopico.com\\\/\"]}]},{\"@type\":\"ImageObject\",\"inLanguage\":\"gal-GAL\",\"@id\":\"https:\\\/\\\/psicopico.com\\\/#primaryimage\",\"url\":\"https:\\\/\\\/i0.wp.com\\\/psicopico.com\\\/wp-content\\\/uploads\\\/2016\\\/01\\\/psicologopicoweb.png?fit=300%2C271&ssl=1\",\"contentUrl\":\"https:\\\/\\\/i0.wp.com\\\/psicopico.com\\\/wp-content\\\/uploads\\\/2016\\\/01\\\/psicologopicoweb.png?fit=300%2C271&ssl=1\",\"width\":\"300\",\"height\":\"271\"},{\"@type\":\"BreadcrumbList\",\"@id\":\"https:\\\/\\\/psicopico.com\\\/#breadcrumb\",\"itemListElement\":[{\"@type\":\"ListItem\",\"position\":1,\"name\":\"Inicio\",\"item\":\"https:\\\/\\\/psicopico.com\\\/\"},{\"@type\":\"ListItem\",\"position\":2,\"name\":\"Inicio | PsicoPico &#8211; Psicolog\u00eda Online\"}]},{\"@type\":\"WebSite\",\"@id\":\"https:\\\/\\\/psicopico.com\\\/#website\",\"url\":\"https:\\\/\\\/psicopico.com\\\/\",\"name\":\"PsicoPico\",\"description\":\"Psicopico - Psicolox\u00eda Online por Iv\u00e1n Pico\",\"publisher\":{\"@id\":\"https:\\\/\\\/psicopico.com\\\/#organization\"},\"potentialAction\":[{\"@type\":\"SearchAction\",\"target\":{\"@type\":\"EntryPoint\",\"urlTemplate\":\"https:\\\/\\\/psicopico.com\\\/?s={search_term_string}\"},\"query-input\":{\"@type\":\"PropertyValueSpecification\",\"valueRequired\":true,\"valueName\":\"search_term_string\"}}],\"inLanguage\":\"gal-GAL\"},{\"@type\":\"Organization\",\"@id\":\"https:\\\/\\\/psicopico.com\\\/#organization\",\"name\":\"Psicopico\",\"url\":\"https:\\\/\\\/psicopico.com\\\/\",\"logo\":{\"@type\":\"ImageObject\",\"inLanguage\":\"gal-GAL\",\"@id\":\"https:\\\/\\\/psicopico.com\\\/#\\\/schema\\\/logo\\\/image\\\/\",\"url\":\"https:\\\/\\\/i0.wp.com\\\/psicopico.com\\\/wp-content\\\/uploads\\\/2015\\\/12\\\/logowebpsicopico.png?fit=377%2C113&ssl=1\",\"contentUrl\":\"https:\\\/\\\/i0.wp.com\\\/psicopico.com\\\/wp-content\\\/uploads\\\/2015\\\/12\\\/logowebpsicopico.png?fit=377%2C113&ssl=1\",\"width\":\"377\",\"height\":\"113\",\"caption\":\"Psicopico\"},\"image\":{\"@id\":\"https:\\\/\\\/psicopico.com\\\/#\\\/schema\\\/logo\\\/image\\\/\"},\"sameAs\":[\"https:\\\/\\\/es-la.facebook.com\\\/psicopicopsicologia\\\/\",\"https:\\\/\\\/x.com\\\/psicopico\",\"https:\\\/\\\/instagram.com\\\/psicopico\",\"https:\\\/\\\/es.linkedin.com\\\/in\\\/iv\u00e1n-pico-mart\u00ednez-5bb46873\",\"https:\\\/\\\/www.pinterest.es\\\/psicopico\\\/\",\"https:\\\/\\\/www.youtube.com\\\/channel\\\/UCwM4gAydCyOv_3sBkqVb74Q\"]}]}<\/script>\n<!-- \/ Yoast SEO plugin. -->","yoast_head_json":{"title":"PsicoPico | Psicolog\u00eda Online & PsicoMagazine","description":"Revista digital sobre psicolog\u00eda, neurociencias, deporte, neuromarketing, salud...Tratando de comprender al mundo o como el mundo te comprende a ti.","robots":{"index":"index","follow":"follow","max-snippet":"max-snippet:-1","max-image-preview":"max-image-preview:large","max-video-preview":"max-video-preview:-1"},"canonical":"https:\/\/psicopico.com\/","og_locale":"en_US","og_type":"article","og_title":"[:es]PsicoPico | Psicolog\u00eda para entender el comportamiento humano[:en]PsicoPico | Psicolog\u00eda Online & PsicoMagazine[:gl]PsicoPico | Psicolog\u00eda Online & PsicoMagazine[:]","og_description":"{:es}Revista digital sobre psicolog\u00eda, deporte, educaci\u00f3n, neuromarketing, salud... De c\u00f3mo entender el mundo o c\u00f3mo el mundo te entiende a ti.{:en}Revista digital sobre psicolog\u00eda, neurociencias, deporte, neuromarketing, salud...Tratando de comprender al mundo o como el mundo te comprende a ti.{:gl}Revista digital sobre psicolog\u00eda, neurociencias, deporte, neuromarketing, salud...Tratando de comprender al mundo o como el mundo te comprende a ti.{:}","og_url":"https:\/\/psicopico.com\/","og_site_name":"PsicoPico","article_publisher":"https:\/\/es-la.facebook.com\/psicopicopsicologia\/","article_modified_time":"2026-04-30T13:17:01+00:00","og_image":[{"width":300,"height":271,"url":"https:\/\/psicopico.com\/wp-content\/uploads\/2016\/01\/psicologopicoweb.png","type":"image\/png"}],"twitter_card":"summary_large_image","twitter_site":"@psicopico","twitter_misc":{"Est. reading time":"1 minute"},"schema":{"@context":"https:\/\/schema.org","@graph":[{"@type":"WebPage","@id":"https:\/\/psicopico.com\/","url":"https:\/\/psicopico.com\/","name":"[:es]PsicoPico | Psicolog\u00eda para entender el comportamiento humano[:en]PsicoPico | Psicolog\u00eda Online & PsicoMagazine[:gl]PsicoPico | Psicolog\u00eda Online & PsicoMagazine[:]","isPartOf":{"@id":"https:\/\/psicopico.com\/#website"},"primaryImageOfPage":{"@id":"https:\/\/psicopico.com\/#primaryimage"},"image":{"@id":"https:\/\/psicopico.com\/#primaryimage"},"thumbnailUrl":"https:\/\/i0.wp.com\/psicopico.com\/wp-content\/uploads\/2016\/01\/psicologopicoweb.png?fit=300%2C271&ssl=1","datePublished":"2015-12-22T16:46:12+00:00","dateModified":"2026-04-30T13:17:01+00:00","description":"{:es}Revista digital sobre psicolog\u00eda, deporte, educaci\u00f3n, neuromarketing, salud... De c\u00f3mo entender el mundo o c\u00f3mo el mundo te entiende a ti.{:en}Revista digital sobre psicolog\u00eda, neurociencias, deporte, neuromarketing, salud...Tratando de comprender al mundo o como el mundo te comprende a ti.{:gl}Revista digital sobre psicolog\u00eda, neurociencias, deporte, neuromarketing, salud...Tratando de comprender al mundo o como el mundo te comprende a ti.{:}","breadcrumb":{"@id":"https:\/\/psicopico.com\/#breadcrumb"},"inLanguage":"gal-GAL","potentialAction":[{"@type":"ReadAction","target":["https:\/\/psicopico.com\/"]}]},{"@type":"ImageObject","inLanguage":"gal-GAL","@id":"https:\/\/psicopico.com\/#primaryimage","url":"https:\/\/i0.wp.com\/psicopico.com\/wp-content\/uploads\/2016\/01\/psicologopicoweb.png?fit=300%2C271&ssl=1","contentUrl":"https:\/\/i0.wp.com\/psicopico.com\/wp-content\/uploads\/2016\/01\/psicologopicoweb.png?fit=300%2C271&ssl=1","width":"300","height":"271"},{"@type":"BreadcrumbList","@id":"https:\/\/psicopico.com\/#breadcrumb","itemListElement":[{"@type":"ListItem","position":1,"name":"Inicio","item":"https:\/\/psicopico.com\/"},{"@type":"ListItem","position":2,"name":"Inicio | PsicoPico &#8211; Psicolog\u00eda Online"}]},{"@type":"WebSite","@id":"https:\/\/psicopico.com\/#website","url":"https:\/\/psicopico.com\/","name":"PsicoPico","description":"Psicopico - Psicolox\u00eda Online por Iv\u00e1n Pico","publisher":{"@id":"https:\/\/psicopico.com\/#organization"},"potentialAction":[{"@type":"SearchAction","target":{"@type":"EntryPoint","urlTemplate":"https:\/\/psicopico.com\/?s={search_term_string}"},"query-input":{"@type":"PropertyValueSpecification","valueRequired":true,"valueName":"search_term_string"}}],"inLanguage":"gal-GAL"},{"@type":"Organization","@id":"https:\/\/psicopico.com\/#organization","name":"Psicopico","url":"https:\/\/psicopico.com\/","logo":{"@type":"ImageObject","inLanguage":"gal-GAL","@id":"https:\/\/psicopico.com\/#\/schema\/logo\/image\/","url":"https:\/\/i0.wp.com\/psicopico.com\/wp-content\/uploads\/2015\/12\/logowebpsicopico.png?fit=377%2C113&ssl=1","contentUrl":"https:\/\/i0.wp.com\/psicopico.com\/wp-content\/uploads\/2015\/12\/logowebpsicopico.png?fit=377%2C113&ssl=1","width":"377","height":"113","caption":"Psicopico"},"image":{"@id":"https:\/\/psicopico.com\/#\/schema\/logo\/image\/"},"sameAs":["https:\/\/es-la.facebook.com\/psicopicopsicologia\/","https:\/\/x.com\/psicopico","https:\/\/instagram.com\/psicopico","https:\/\/es.linkedin.com\/in\/iv\u00e1n-pico-mart\u00ednez-5bb46873","https:\/\/www.pinterest.es\/psicopico\/","https:\/\/www.youtube.com\/channel\/UCwM4gAydCyOv_3sBkqVb74Q"]}]}},"jetpack_shortlink":"https:\/\/wp.me\/P6Zx58-5P","jetpack_sharing_enabled":true,"_links":{"self":[{"href":"https:\/\/psicopico.com\/gl\/wp-json\/wp\/v2\/pages\/361","targetHints":{"allow":["GET"]}}],"collection":[{"href":"https:\/\/psicopico.com\/gl\/wp-json\/wp\/v2\/pages"}],"about":[{"href":"https:\/\/psicopico.com\/gl\/wp-json\/wp\/v2\/types\/page"}],"author":[{"embeddable":true,"href":"https:\/\/psicopico.com\/gl\/wp-json\/wp\/v2\/users\/1"}],"replies":[{"embeddable":true,"href":"https:\/\/psicopico.com\/gl\/wp-json\/wp\/v2\/comments?post=361"}],"version-history":[{"count":0,"href":"https:\/\/psicopico.com\/gl\/wp-json\/wp\/v2\/pages\/361\/revisions"}],"wp:featuredmedia":[{"embeddable":true,"href":"https:\/\/psicopico.com\/gl\/wp-json\/wp\/v2\/media\/1371"}],"wp:attachment":[{"href":"https:\/\/psicopico.com\/gl\/wp-json\/wp\/v2\/media?parent=361"}],"curies":[{"name":"wp","href":"https:\/\/api.w.org\/{rel}","templated":true}]}}