{"id":1876,"date":"2016-04-20T02:15:37","date_gmt":"2016-04-20T01:15:37","guid":{"rendered":"http:\/\/psicopico.com\/?page_id=1876"},"modified":"2016-04-20T02:17:11","modified_gmt":"2016-04-20T01:17:11","slug":"ejemplo-programa-economia-fichas","status":"publish","type":"page","link":"https:\/\/psicopico.com\/gl\/ejemplo-programa-economia-fichas\/","title":{"rendered":"Exemplo de programa de econom\u00eda de fichas"},"content":{"rendered":"Esta imagen podr\u00eda representar un programa de econom\u00eda de fichas para ni\u00f1os\/as.<\/p>\n<p>Las estrellas representan las fichas o los puntos que van consiguiendo tras buenas conductas en su camino hacia un objetivo final.<\/p>\n<p>Al acumular cierto n\u00famero de fichas se podr\u00e1n canjear por un reforzador concreto.<\/p>\n<p>Recuerda que las normas del &#8220;juego&#8221; deben de ser previamente escritas.<\/p>\n<figure id=\"attachment_1874\" aria-describedby=\"caption-attachment-1874\" style=\"width: 1024px\" class=\"wp-caption aligncenter\"><a href=\"https:\/\/i0.wp.com\/psicopico.com\/wp-content\/uploads\/2016\/04\/econom%C3%ADa-de-fichas1.jpg\"><img data-recalc-dims=\"1\" loading=\"lazy\" decoding=\"async\" class=\"size-large wp-image-1874\" src=\"https:\/\/i0.wp.com\/psicopico.com\/wp-content\/uploads\/2016\/04\/econom%C3%ADa-de-fichas1-1024x724.jpg?resize=1024%2C724\" alt=\"Ejemplo gr\u00e1fico\" width=\"1024\" height=\"724\" srcset=\"https:\/\/i0.wp.com\/psicopico.com\/wp-content\/uploads\/2016\/04\/econom%C3%ADa-de-fichas1.jpg?resize=1024%2C724&amp;ssl=1 1024w, https:\/\/i0.wp.com\/psicopico.com\/wp-content\/uploads\/2016\/04\/econom%C3%ADa-de-fichas1.jpg?resize=300%2C212&amp;ssl=1 300w, https:\/\/i0.wp.com\/psicopico.com\/wp-content\/uploads\/2016\/04\/econom%C3%ADa-de-fichas1.jpg?resize=768%2C543&amp;ssl=1 768w, https:\/\/i0.wp.com\/psicopico.com\/wp-content\/uploads\/2016\/04\/econom%C3%ADa-de-fichas1.jpg?resize=990%2C700&amp;ssl=1 990w, https:\/\/i0.wp.com\/psicopico.com\/wp-content\/uploads\/2016\/04\/econom%C3%ADa-de-fichas1.jpg?resize=1320%2C933&amp;ssl=1 1320w, https:\/\/i0.wp.com\/psicopico.com\/wp-content\/uploads\/2016\/04\/econom%C3%ADa-de-fichas1.jpg?w=1500&amp;ssl=1 1500w\" sizes=\"auto, (max-width: 1024px) 100vw, 1024px\" \/><\/a><figcaption id=\"caption-attachment-1874\" class=\"wp-caption-text\">Ejemplo gr\u00e1fico<\/figcaption><\/figure>\n<p>Recuerda consultar con un profesional sobre como aplicar esta t\u00e9cnica para las caracter\u00edsticas de un caso concreto ya que esta solo es una breve explicaci\u00f3n del proceso aplicado y cada caso ser\u00e1 afrontado de una forma espec\u00edfica.","protected":false},"excerpt":{"rendered":"<p>Esta imagen podr\u00eda representar un programa de econom\u00eda de fichas para ni\u00f1os\/as. Las estrellas representan las fichas o los puntos que van consiguiendo tras buenas conductas en su camino hacia un objetivo final. Al acumular cierto n\u00famero de fichas se podr\u00e1n canjear por un reforzador concreto. Recuerda que las normas del &#8220;juego&#8221; deben de ser [&hellip;]<\/p>\n","protected":false},"author":1,"featured_media":0,"parent":0,"menu_order":0,"comment_status":"closed","ping_status":"closed","template":"","meta":{"_joinchat":[],"footnotes":""},"class_list":["post-1876","page","type-page","status-publish","hentry"],"yoast_head":"<!-- This site is optimized with the Yoast SEO plugin v27.4 - https:\/\/yoast.com\/product\/yoast-seo-wordpress\/ -->\n<title>Exemplo de programa de econom\u00eda de fichas - PsicoPico<\/title>\n<meta name=\"robots\" content=\"index, follow, max-snippet:-1, max-image-preview:large, max-video-preview:-1\" \/>\n<link rel=\"canonical\" href=\"https:\/\/psicopico.com\/ejemplo-programa-economia-fichas\/\" \/>\n<meta property=\"og:locale\" content=\"en_US\" \/>\n<meta property=\"og:type\" content=\"article\" \/>\n<meta property=\"og:title\" content=\"Exemplo de programa de econom\u00eda de fichas - PsicoPico\" \/>\n<meta property=\"og:description\" content=\"Esta imagen podr\u00eda representar un programa de econom\u00eda de fichas para ni\u00f1os\/as. Las estrellas representan las fichas o los puntos que van consiguiendo tras buenas conductas en su camino hacia un objetivo final. Al acumular cierto n\u00famero de fichas se podr\u00e1n canjear por un reforzador concreto. Recuerda que las normas del &#8220;juego&#8221; deben de ser [&hellip;]\" \/>\n<meta property=\"og:url\" content=\"https:\/\/psicopico.com\/ejemplo-programa-economia-fichas\/\" \/>\n<meta property=\"og:site_name\" content=\"PsicoPico\" \/>\n<meta property=\"article:publisher\" content=\"https:\/\/es-la.facebook.com\/psicopicopsicologia\/\" \/>\n<meta property=\"article:modified_time\" content=\"2016-04-20T01:17:11+00:00\" \/>\n<meta property=\"og:image\" content=\"http:\/\/psicopico.com\/wp-content\/uploads\/2016\/04\/econom\u00eda-de-fichas1-1024x724.jpg\" \/>\n<meta name=\"twitter:card\" content=\"summary_large_image\" \/>\n<meta name=\"twitter:site\" content=\"@psicopico\" \/>\n<meta name=\"twitter:label1\" content=\"Est. reading time\" \/>\n\t<meta name=\"twitter:data1\" content=\"2 minutes\" \/>\n<script type=\"application\/ld+json\" class=\"yoast-schema-graph\">{\"@context\":\"https:\\\/\\\/schema.org\",\"@graph\":[{\"@type\":\"WebPage\",\"@id\":\"https:\\\/\\\/psicopico.com\\\/ejemplo-programa-economia-fichas\\\/\",\"url\":\"https:\\\/\\\/psicopico.com\\\/ejemplo-programa-economia-fichas\\\/\",\"name\":\"Exemplo de programa de econom\u00eda de fichas - PsicoPico\",\"isPartOf\":{\"@id\":\"https:\\\/\\\/psicopico.com\\\/#website\"},\"datePublished\":\"2016-04-20T01:15:37+00:00\",\"dateModified\":\"2016-04-20T01:17:11+00:00\",\"breadcrumb\":{\"@id\":\"https:\\\/\\\/psicopico.com\\\/ejemplo-programa-economia-fichas\\\/#breadcrumb\"},\"inLanguage\":\"gal-GAL\",\"potentialAction\":[{\"@type\":\"ReadAction\",\"target\":[\"https:\\\/\\\/psicopico.com\\\/ejemplo-programa-economia-fichas\\\/\"]}]},{\"@type\":\"BreadcrumbList\",\"@id\":\"https:\\\/\\\/psicopico.com\\\/ejemplo-programa-economia-fichas\\\/#breadcrumb\",\"itemListElement\":[{\"@type\":\"ListItem\",\"position\":1,\"name\":\"Inicio\",\"item\":\"https:\\\/\\\/psicopico.com\\\/\"},{\"@type\":\"ListItem\",\"position\":2,\"name\":\"Ejemplo de programa de econom\u00eda de fichas\"}]},{\"@type\":\"WebSite\",\"@id\":\"https:\\\/\\\/psicopico.com\\\/#website\",\"url\":\"https:\\\/\\\/psicopico.com\\\/\",\"name\":\"PsicoPico\",\"description\":\"Psicopico - Psicolox\u00eda Online por Iv\u00e1n Pico\",\"publisher\":{\"@id\":\"https:\\\/\\\/psicopico.com\\\/#organization\"},\"potentialAction\":[{\"@type\":\"SearchAction\",\"target\":{\"@type\":\"EntryPoint\",\"urlTemplate\":\"https:\\\/\\\/psicopico.com\\\/?s={search_term_string}\"},\"query-input\":{\"@type\":\"PropertyValueSpecification\",\"valueRequired\":true,\"valueName\":\"search_term_string\"}}],\"inLanguage\":\"gal-GAL\"},{\"@type\":\"Organization\",\"@id\":\"https:\\\/\\\/psicopico.com\\\/#organization\",\"name\":\"Psicopico\",\"url\":\"https:\\\/\\\/psicopico.com\\\/\",\"logo\":{\"@type\":\"ImageObject\",\"inLanguage\":\"gal-GAL\",\"@id\":\"https:\\\/\\\/psicopico.com\\\/#\\\/schema\\\/logo\\\/image\\\/\",\"url\":\"https:\\\/\\\/i0.wp.com\\\/psicopico.com\\\/wp-content\\\/uploads\\\/2015\\\/12\\\/logowebpsicopico.png?fit=377%2C113&ssl=1\",\"contentUrl\":\"https:\\\/\\\/i0.wp.com\\\/psicopico.com\\\/wp-content\\\/uploads\\\/2015\\\/12\\\/logowebpsicopico.png?fit=377%2C113&ssl=1\",\"width\":\"377\",\"height\":\"113\",\"caption\":\"Psicopico\"},\"image\":{\"@id\":\"https:\\\/\\\/psicopico.com\\\/#\\\/schema\\\/logo\\\/image\\\/\"},\"sameAs\":[\"https:\\\/\\\/es-la.facebook.com\\\/psicopicopsicologia\\\/\",\"https:\\\/\\\/x.com\\\/psicopico\",\"https:\\\/\\\/instagram.com\\\/psicopico\",\"https:\\\/\\\/es.linkedin.com\\\/in\\\/iv\u00e1n-pico-mart\u00ednez-5bb46873\",\"https:\\\/\\\/www.pinterest.es\\\/psicopico\\\/\",\"https:\\\/\\\/www.youtube.com\\\/channel\\\/UCwM4gAydCyOv_3sBkqVb74Q\"]}]}<\/script>\n<!-- \/ Yoast SEO plugin. -->","yoast_head_json":{"title":"Exemplo de programa de econom\u00eda de fichas - PsicoPico","robots":{"index":"index","follow":"follow","max-snippet":"max-snippet:-1","max-image-preview":"max-image-preview:large","max-video-preview":"max-video-preview:-1"},"canonical":"https:\/\/psicopico.com\/ejemplo-programa-economia-fichas\/","og_locale":"en_US","og_type":"article","og_title":"Exemplo de programa de econom\u00eda de fichas - PsicoPico","og_description":"Esta imagen podr\u00eda representar un programa de econom\u00eda de fichas para ni\u00f1os\/as. Las estrellas representan las fichas o los puntos que van consiguiendo tras buenas conductas en su camino hacia un objetivo final. Al acumular cierto n\u00famero de fichas se podr\u00e1n canjear por un reforzador concreto. Recuerda que las normas del &#8220;juego&#8221; deben de ser [&hellip;]","og_url":"https:\/\/psicopico.com\/ejemplo-programa-economia-fichas\/","og_site_name":"PsicoPico","article_publisher":"https:\/\/es-la.facebook.com\/psicopicopsicologia\/","article_modified_time":"2016-04-20T01:17:11+00:00","og_image":[{"url":"http:\/\/psicopico.com\/wp-content\/uploads\/2016\/04\/econom\u00eda-de-fichas1-1024x724.jpg","type":"","width":"","height":""}],"twitter_card":"summary_large_image","twitter_site":"@psicopico","twitter_misc":{"Est. reading time":"2 minutes"},"schema":{"@context":"https:\/\/schema.org","@graph":[{"@type":"WebPage","@id":"https:\/\/psicopico.com\/ejemplo-programa-economia-fichas\/","url":"https:\/\/psicopico.com\/ejemplo-programa-economia-fichas\/","name":"Exemplo de programa de econom\u00eda de fichas - PsicoPico","isPartOf":{"@id":"https:\/\/psicopico.com\/#website"},"datePublished":"2016-04-20T01:15:37+00:00","dateModified":"2016-04-20T01:17:11+00:00","breadcrumb":{"@id":"https:\/\/psicopico.com\/ejemplo-programa-economia-fichas\/#breadcrumb"},"inLanguage":"gal-GAL","potentialAction":[{"@type":"ReadAction","target":["https:\/\/psicopico.com\/ejemplo-programa-economia-fichas\/"]}]},{"@type":"BreadcrumbList","@id":"https:\/\/psicopico.com\/ejemplo-programa-economia-fichas\/#breadcrumb","itemListElement":[{"@type":"ListItem","position":1,"name":"Inicio","item":"https:\/\/psicopico.com\/"},{"@type":"ListItem","position":2,"name":"Ejemplo de programa de econom\u00eda de fichas"}]},{"@type":"WebSite","@id":"https:\/\/psicopico.com\/#website","url":"https:\/\/psicopico.com\/","name":"PsicoPico","description":"Psicopico - Psicolox\u00eda Online por Iv\u00e1n Pico","publisher":{"@id":"https:\/\/psicopico.com\/#organization"},"potentialAction":[{"@type":"SearchAction","target":{"@type":"EntryPoint","urlTemplate":"https:\/\/psicopico.com\/?s={search_term_string}"},"query-input":{"@type":"PropertyValueSpecification","valueRequired":true,"valueName":"search_term_string"}}],"inLanguage":"gal-GAL"},{"@type":"Organization","@id":"https:\/\/psicopico.com\/#organization","name":"Psicopico","url":"https:\/\/psicopico.com\/","logo":{"@type":"ImageObject","inLanguage":"gal-GAL","@id":"https:\/\/psicopico.com\/#\/schema\/logo\/image\/","url":"https:\/\/i0.wp.com\/psicopico.com\/wp-content\/uploads\/2015\/12\/logowebpsicopico.png?fit=377%2C113&ssl=1","contentUrl":"https:\/\/i0.wp.com\/psicopico.com\/wp-content\/uploads\/2015\/12\/logowebpsicopico.png?fit=377%2C113&ssl=1","width":"377","height":"113","caption":"Psicopico"},"image":{"@id":"https:\/\/psicopico.com\/#\/schema\/logo\/image\/"},"sameAs":["https:\/\/es-la.facebook.com\/psicopicopsicologia\/","https:\/\/x.com\/psicopico","https:\/\/instagram.com\/psicopico","https:\/\/es.linkedin.com\/in\/iv\u00e1n-pico-mart\u00ednez-5bb46873","https:\/\/www.pinterest.es\/psicopico\/","https:\/\/www.youtube.com\/channel\/UCwM4gAydCyOv_3sBkqVb74Q"]}]}},"jetpack_shortlink":"https:\/\/wp.me\/P6Zx58-ug","jetpack_sharing_enabled":true,"_links":{"self":[{"href":"https:\/\/psicopico.com\/gl\/wp-json\/wp\/v2\/pages\/1876","targetHints":{"allow":["GET"]}}],"collection":[{"href":"https:\/\/psicopico.com\/gl\/wp-json\/wp\/v2\/pages"}],"about":[{"href":"https:\/\/psicopico.com\/gl\/wp-json\/wp\/v2\/types\/page"}],"author":[{"embeddable":true,"href":"https:\/\/psicopico.com\/gl\/wp-json\/wp\/v2\/users\/1"}],"replies":[{"embeddable":true,"href":"https:\/\/psicopico.com\/gl\/wp-json\/wp\/v2\/comments?post=1876"}],"version-history":[{"count":0,"href":"https:\/\/psicopico.com\/gl\/wp-json\/wp\/v2\/pages\/1876\/revisions"}],"wp:attachment":[{"href":"https:\/\/psicopico.com\/gl\/wp-json\/wp\/v2\/media?parent=1876"}],"curies":[{"name":"wp","href":"https:\/\/api.w.org\/{rel}","templated":true}]}}