{"id":1788,"date":"2016-04-01T21:53:29","date_gmt":"2016-04-01T20:53:29","guid":{"rendered":"http:\/\/psicopico.com\/?page_id=1788"},"modified":"2016-10-04T01:28:27","modified_gmt":"2016-10-04T00:28:27","slug":"grafico-la-metafora-del-iceberg-personal-modelo-virginia-satir","status":"publish","type":"page","link":"https:\/\/psicopico.com\/gl\/grafico-la-metafora-del-iceberg-personal-modelo-virginia-satir\/","title":{"rendered":"(Espa\u00f1ol) Gr\u00e1fico de la m\u00e9tafora del Iceberg personal, el modelo de Virginia Satir"},"content":{"rendered":"<p class=\"qtranxs-available-languages-message qtranxs-available-languages-message-gl\">Esta noticia non est\u00e1 dispo\u00f1ible en galego...sent\u00edmolo. Proba en castel\u00e1n. Apertas! For the sake of viewer convenience, the content is shown below in the alternative language. You may click the link to switch the active language.<\/p><div class=\"mks_col \"><\/div>\n<div class=\"mks_one_half \">Representaci\u00f3n gr\u00e1fica de la<strong> met\u00e1fora del iceberg personal<\/strong> basado en el modelo de la psicoterapeuta especialista en terapia familiar,\u00a0<a href=\"http:\/\/psicopico.com\/os-adolescentes-non-monstruos\/\">Virginia Satir<\/a>.<\/p>\n<p>Si te gustar\u00eda que elaborase m\u00e1s gr\u00e1ficos e infograf\u00edas sobre psicolog\u00eda,puedes ponerte en contacto conmigo y enviarme tus sugerencias.<\/p>\n<p>Si te ha gustado esta, quiz\u00e1s tambi\u00e9n te interese la <strong><a href=\"http:\/\/psicopico.com\/la-rueda-las-emociones-robert-plutchik\/\">rueda de las emociones de Robert Plutchik<\/a><\/strong>, con su representaci\u00f3n gr\u00e1fica incluida.<\/p>\n<p>\u00a1Todo aporte es bien recibido! \ud83d\ude09<\/p>\n<\/div>\n<div class=\"mks_one_half \"><span style=\"color: #ffffff;\">..<\/span><\/p>\n<\/div>\n<p>Esta es la representaci\u00f3n que Virginia Satir hizo sobre su met\u00e1fora del icerber personal, en espa\u00f1ol:<\/p>\n<p><a href=\"https:\/\/i0.wp.com\/psicopico.com\/wp-content\/uploads\/2016\/04\/metafora-iceberg1.jpg\"><img data-recalc-dims=\"1\" loading=\"lazy\" decoding=\"async\" class=\"wp-image-1789 aligncenter\" src=\"https:\/\/i0.wp.com\/psicopico.com\/wp-content\/uploads\/2016\/04\/metafora-iceberg1-757x1024.jpg?resize=821%2C1110\" alt=\"metafora-iceberg\" width=\"821\" height=\"1110\" srcset=\"https:\/\/i0.wp.com\/psicopico.com\/wp-content\/uploads\/2016\/04\/metafora-iceberg1.jpg?resize=757%2C1024&amp;ssl=1 757w, https:\/\/i0.wp.com\/psicopico.com\/wp-content\/uploads\/2016\/04\/metafora-iceberg1.jpg?resize=222%2C300&amp;ssl=1 222w, https:\/\/i0.wp.com\/psicopico.com\/wp-content\/uploads\/2016\/04\/metafora-iceberg1.jpg?resize=768%2C1039&amp;ssl=1 768w, https:\/\/i0.wp.com\/psicopico.com\/wp-content\/uploads\/2016\/04\/metafora-iceberg1.jpg?resize=990%2C1339&amp;ssl=1 990w, https:\/\/i0.wp.com\/psicopico.com\/wp-content\/uploads\/2016\/04\/metafora-iceberg1.jpg?w=1200&amp;ssl=1 1200w\" sizes=\"auto, (max-width: 821px) 100vw, 821px\" \/><\/a><\/p>\n<p>Como vemos, para Satir, existen 5 niveles en el lado oscuro u oculto del iceberg y un \u00faltimo nivel m\u00e1s profundo en el que se encuentra el yo mismo real de cada persona, lo que de verdad es y representa su esencia.<\/p>\n<p>\u00a1Gracias por visitar <a href=\"http:\/\/www.psicopico.com\">PsicoPico<\/a>!","protected":false},"excerpt":{"rendered":"<p>Esta noticia non est\u00e1 dispo\u00f1ible en galego&#8230;sent\u00edmolo. Proba en castel\u00e1n. Apertas! For the sake of viewer convenience, the content is shown below in the alternative language. You may click the link to switch the active language.Esta es la representaci\u00f3n que Virginia Satir hizo sobre su met\u00e1fora del icerber personal, en espa\u00f1ol: Como vemos, para Satir, [&hellip;]<\/p>\n","protected":false},"author":1,"featured_media":0,"parent":0,"menu_order":0,"comment_status":"closed","ping_status":"closed","template":"","meta":{"_joinchat":[],"footnotes":""},"class_list":["post-1788","page","type-page","status-publish","hentry"],"yoast_head":"<!-- This site is optimized with the Yoast SEO plugin v27.3 - https:\/\/yoast.com\/product\/yoast-seo-wordpress\/ -->\n<title>(Espa\u00f1ol) Gr\u00e1fico de la m\u00e9tafora del Iceberg personal, el modelo de Virginia Satir - PsicoPico<\/title>\n<meta name=\"robots\" content=\"index, follow, max-snippet:-1, max-image-preview:large, max-video-preview:-1\" \/>\n<link rel=\"canonical\" href=\"https:\/\/psicopico.com\/en\/grafico-la-metafora-del-iceberg-personal-modelo-virginia-satir\/\" \/>\n<meta property=\"og:locale\" content=\"en_US\" \/>\n<meta property=\"og:type\" content=\"article\" \/>\n<meta property=\"og:title\" content=\"(Espa\u00f1ol) Gr\u00e1fico de la m\u00e9tafora del Iceberg personal, el modelo de Virginia Satir - PsicoPico\" \/>\n<meta property=\"og:description\" content=\"Esta noticia non est\u00e1 dispo\u00f1ible en galego...sent\u00edmolo. Proba en castel\u00e1n. Apertas! For the sake of viewer convenience, the content is shown below in the alternative language. You may click the link to switch the active language.Esta es la representaci\u00f3n que Virginia Satir hizo sobre su met\u00e1fora del icerber personal, en espa\u00f1ol: Como vemos, para Satir, [&hellip;]\" \/>\n<meta property=\"og:url\" content=\"https:\/\/psicopico.com\/en\/grafico-la-metafora-del-iceberg-personal-modelo-virginia-satir\/\" \/>\n<meta property=\"og:site_name\" content=\"PsicoPico\" \/>\n<meta property=\"article:publisher\" content=\"https:\/\/es-la.facebook.com\/psicopicopsicologia\/\" \/>\n<meta property=\"article:modified_time\" content=\"2016-10-04T00:28:27+00:00\" \/>\n<meta property=\"og:image\" content=\"http:\/\/psicopico.com\/wp-content\/uploads\/2016\/04\/metafora-iceberg1-757x1024.jpg\" \/>\n<meta name=\"twitter:card\" content=\"summary_large_image\" \/>\n<meta name=\"twitter:site\" content=\"@psicopico\" \/>\n<meta name=\"twitter:label1\" content=\"Est. reading time\" \/>\n\t<meta name=\"twitter:data1\" content=\"1 minute\" \/>\n<script type=\"application\/ld+json\" class=\"yoast-schema-graph\">{\"@context\":\"https:\\\/\\\/schema.org\",\"@graph\":[{\"@type\":\"WebPage\",\"@id\":\"https:\\\/\\\/psicopico.com\\\/en\\\/grafico-la-metafora-del-iceberg-personal-modelo-virginia-satir\\\/\",\"url\":\"https:\\\/\\\/psicopico.com\\\/en\\\/grafico-la-metafora-del-iceberg-personal-modelo-virginia-satir\\\/\",\"name\":\"(Espa\u00f1ol) Gr\u00e1fico de la m\u00e9tafora del Iceberg personal, el modelo de Virginia Satir - PsicoPico\",\"isPartOf\":{\"@id\":\"https:\\\/\\\/psicopico.com\\\/#website\"},\"primaryImageOfPage\":{\"@id\":\"https:\\\/\\\/psicopico.com\\\/en\\\/grafico-la-metafora-del-iceberg-personal-modelo-virginia-satir\\\/#primaryimage\"},\"image\":{\"@id\":\"https:\\\/\\\/psicopico.com\\\/en\\\/grafico-la-metafora-del-iceberg-personal-modelo-virginia-satir\\\/#primaryimage\"},\"thumbnailUrl\":\"http:\\\/\\\/psicopico.com\\\/wp-content\\\/uploads\\\/2016\\\/04\\\/metafora-iceberg1-757x1024.jpg\",\"datePublished\":\"2016-04-01T20:53:29+00:00\",\"dateModified\":\"2016-10-04T00:28:27+00:00\",\"breadcrumb\":{\"@id\":\"https:\\\/\\\/psicopico.com\\\/en\\\/grafico-la-metafora-del-iceberg-personal-modelo-virginia-satir\\\/#breadcrumb\"},\"inLanguage\":\"gal-GAL\",\"potentialAction\":[{\"@type\":\"ReadAction\",\"target\":[\"https:\\\/\\\/psicopico.com\\\/en\\\/grafico-la-metafora-del-iceberg-personal-modelo-virginia-satir\\\/\"]}]},{\"@type\":\"ImageObject\",\"inLanguage\":\"gal-GAL\",\"@id\":\"https:\\\/\\\/psicopico.com\\\/en\\\/grafico-la-metafora-del-iceberg-personal-modelo-virginia-satir\\\/#primaryimage\",\"url\":\"http:\\\/\\\/psicopico.com\\\/wp-content\\\/uploads\\\/2016\\\/04\\\/metafora-iceberg1-757x1024.jpg\",\"contentUrl\":\"http:\\\/\\\/psicopico.com\\\/wp-content\\\/uploads\\\/2016\\\/04\\\/metafora-iceberg1-757x1024.jpg\"},{\"@type\":\"BreadcrumbList\",\"@id\":\"https:\\\/\\\/psicopico.com\\\/en\\\/grafico-la-metafora-del-iceberg-personal-modelo-virginia-satir\\\/#breadcrumb\",\"itemListElement\":[{\"@type\":\"ListItem\",\"position\":1,\"name\":\"Inicio\",\"item\":\"https:\\\/\\\/psicopico.com\\\/\"},{\"@type\":\"ListItem\",\"position\":2,\"name\":\"(Espa\u00f1ol) Gr\u00e1fico de la m\u00e9tafora del Iceberg personal, el modelo de Virginia Satir\"}]},{\"@type\":\"WebSite\",\"@id\":\"https:\\\/\\\/psicopico.com\\\/#website\",\"url\":\"https:\\\/\\\/psicopico.com\\\/\",\"name\":\"PsicoPico\",\"description\":\"Psicopico - Psicolox\u00eda Online por Iv\u00e1n Pico\",\"publisher\":{\"@id\":\"https:\\\/\\\/psicopico.com\\\/#organization\"},\"potentialAction\":[{\"@type\":\"SearchAction\",\"target\":{\"@type\":\"EntryPoint\",\"urlTemplate\":\"https:\\\/\\\/psicopico.com\\\/?s={search_term_string}\"},\"query-input\":{\"@type\":\"PropertyValueSpecification\",\"valueRequired\":true,\"valueName\":\"search_term_string\"}}],\"inLanguage\":\"gal-GAL\"},{\"@type\":\"Organization\",\"@id\":\"https:\\\/\\\/psicopico.com\\\/#organization\",\"name\":\"Psicopico\",\"url\":\"https:\\\/\\\/psicopico.com\\\/\",\"logo\":{\"@type\":\"ImageObject\",\"inLanguage\":\"gal-GAL\",\"@id\":\"https:\\\/\\\/psicopico.com\\\/#\\\/schema\\\/logo\\\/image\\\/\",\"url\":\"https:\\\/\\\/i0.wp.com\\\/psicopico.com\\\/wp-content\\\/uploads\\\/2015\\\/12\\\/logowebpsicopico.png?fit=377%2C113&ssl=1\",\"contentUrl\":\"https:\\\/\\\/i0.wp.com\\\/psicopico.com\\\/wp-content\\\/uploads\\\/2015\\\/12\\\/logowebpsicopico.png?fit=377%2C113&ssl=1\",\"width\":\"377\",\"height\":\"113\",\"caption\":\"Psicopico\"},\"image\":{\"@id\":\"https:\\\/\\\/psicopico.com\\\/#\\\/schema\\\/logo\\\/image\\\/\"},\"sameAs\":[\"https:\\\/\\\/es-la.facebook.com\\\/psicopicopsicologia\\\/\",\"https:\\\/\\\/x.com\\\/psicopico\",\"https:\\\/\\\/instagram.com\\\/psicopico\",\"https:\\\/\\\/es.linkedin.com\\\/in\\\/iv\u00e1n-pico-mart\u00ednez-5bb46873\",\"https:\\\/\\\/www.pinterest.es\\\/psicopico\\\/\",\"https:\\\/\\\/www.youtube.com\\\/channel\\\/UCwM4gAydCyOv_3sBkqVb74Q\"]}]}<\/script>\n<!-- \/ Yoast SEO plugin. -->","yoast_head_json":{"title":"(Espa\u00f1ol) Gr\u00e1fico de la m\u00e9tafora del Iceberg personal, el modelo de Virginia Satir - PsicoPico","robots":{"index":"index","follow":"follow","max-snippet":"max-snippet:-1","max-image-preview":"max-image-preview:large","max-video-preview":"max-video-preview:-1"},"canonical":"https:\/\/psicopico.com\/en\/grafico-la-metafora-del-iceberg-personal-modelo-virginia-satir\/","og_locale":"en_US","og_type":"article","og_title":"(Espa\u00f1ol) Gr\u00e1fico de la m\u00e9tafora del Iceberg personal, el modelo de Virginia Satir - PsicoPico","og_description":"Esta noticia non est\u00e1 dispo\u00f1ible en galego...sent\u00edmolo. Proba en castel\u00e1n. Apertas! For the sake of viewer convenience, the content is shown below in the alternative language. You may click the link to switch the active language.Esta es la representaci\u00f3n que Virginia Satir hizo sobre su met\u00e1fora del icerber personal, en espa\u00f1ol: Como vemos, para Satir, [&hellip;]","og_url":"https:\/\/psicopico.com\/en\/grafico-la-metafora-del-iceberg-personal-modelo-virginia-satir\/","og_site_name":"PsicoPico","article_publisher":"https:\/\/es-la.facebook.com\/psicopicopsicologia\/","article_modified_time":"2016-10-04T00:28:27+00:00","og_image":[{"url":"http:\/\/psicopico.com\/wp-content\/uploads\/2016\/04\/metafora-iceberg1-757x1024.jpg","type":"","width":"","height":""}],"twitter_card":"summary_large_image","twitter_site":"@psicopico","twitter_misc":{"Est. reading time":"1 minute"},"schema":{"@context":"https:\/\/schema.org","@graph":[{"@type":"WebPage","@id":"https:\/\/psicopico.com\/en\/grafico-la-metafora-del-iceberg-personal-modelo-virginia-satir\/","url":"https:\/\/psicopico.com\/en\/grafico-la-metafora-del-iceberg-personal-modelo-virginia-satir\/","name":"(Espa\u00f1ol) Gr\u00e1fico de la m\u00e9tafora del Iceberg personal, el modelo de Virginia Satir - PsicoPico","isPartOf":{"@id":"https:\/\/psicopico.com\/#website"},"primaryImageOfPage":{"@id":"https:\/\/psicopico.com\/en\/grafico-la-metafora-del-iceberg-personal-modelo-virginia-satir\/#primaryimage"},"image":{"@id":"https:\/\/psicopico.com\/en\/grafico-la-metafora-del-iceberg-personal-modelo-virginia-satir\/#primaryimage"},"thumbnailUrl":"http:\/\/psicopico.com\/wp-content\/uploads\/2016\/04\/metafora-iceberg1-757x1024.jpg","datePublished":"2016-04-01T20:53:29+00:00","dateModified":"2016-10-04T00:28:27+00:00","breadcrumb":{"@id":"https:\/\/psicopico.com\/en\/grafico-la-metafora-del-iceberg-personal-modelo-virginia-satir\/#breadcrumb"},"inLanguage":"gal-GAL","potentialAction":[{"@type":"ReadAction","target":["https:\/\/psicopico.com\/en\/grafico-la-metafora-del-iceberg-personal-modelo-virginia-satir\/"]}]},{"@type":"ImageObject","inLanguage":"gal-GAL","@id":"https:\/\/psicopico.com\/en\/grafico-la-metafora-del-iceberg-personal-modelo-virginia-satir\/#primaryimage","url":"http:\/\/psicopico.com\/wp-content\/uploads\/2016\/04\/metafora-iceberg1-757x1024.jpg","contentUrl":"http:\/\/psicopico.com\/wp-content\/uploads\/2016\/04\/metafora-iceberg1-757x1024.jpg"},{"@type":"BreadcrumbList","@id":"https:\/\/psicopico.com\/en\/grafico-la-metafora-del-iceberg-personal-modelo-virginia-satir\/#breadcrumb","itemListElement":[{"@type":"ListItem","position":1,"name":"Inicio","item":"https:\/\/psicopico.com\/"},{"@type":"ListItem","position":2,"name":"(Espa\u00f1ol) Gr\u00e1fico de la m\u00e9tafora del Iceberg personal, el modelo de Virginia Satir"}]},{"@type":"WebSite","@id":"https:\/\/psicopico.com\/#website","url":"https:\/\/psicopico.com\/","name":"PsicoPico","description":"Psicopico - Psicolox\u00eda Online por Iv\u00e1n Pico","publisher":{"@id":"https:\/\/psicopico.com\/#organization"},"potentialAction":[{"@type":"SearchAction","target":{"@type":"EntryPoint","urlTemplate":"https:\/\/psicopico.com\/?s={search_term_string}"},"query-input":{"@type":"PropertyValueSpecification","valueRequired":true,"valueName":"search_term_string"}}],"inLanguage":"gal-GAL"},{"@type":"Organization","@id":"https:\/\/psicopico.com\/#organization","name":"Psicopico","url":"https:\/\/psicopico.com\/","logo":{"@type":"ImageObject","inLanguage":"gal-GAL","@id":"https:\/\/psicopico.com\/#\/schema\/logo\/image\/","url":"https:\/\/i0.wp.com\/psicopico.com\/wp-content\/uploads\/2015\/12\/logowebpsicopico.png?fit=377%2C113&ssl=1","contentUrl":"https:\/\/i0.wp.com\/psicopico.com\/wp-content\/uploads\/2015\/12\/logowebpsicopico.png?fit=377%2C113&ssl=1","width":"377","height":"113","caption":"Psicopico"},"image":{"@id":"https:\/\/psicopico.com\/#\/schema\/logo\/image\/"},"sameAs":["https:\/\/es-la.facebook.com\/psicopicopsicologia\/","https:\/\/x.com\/psicopico","https:\/\/instagram.com\/psicopico","https:\/\/es.linkedin.com\/in\/iv\u00e1n-pico-mart\u00ednez-5bb46873","https:\/\/www.pinterest.es\/psicopico\/","https:\/\/www.youtube.com\/channel\/UCwM4gAydCyOv_3sBkqVb74Q"]}]}},"jetpack_shortlink":"https:\/\/wp.me\/P6Zx58-sQ","jetpack_sharing_enabled":true,"_links":{"self":[{"href":"https:\/\/psicopico.com\/gl\/wp-json\/wp\/v2\/pages\/1788","targetHints":{"allow":["GET"]}}],"collection":[{"href":"https:\/\/psicopico.com\/gl\/wp-json\/wp\/v2\/pages"}],"about":[{"href":"https:\/\/psicopico.com\/gl\/wp-json\/wp\/v2\/types\/page"}],"author":[{"embeddable":true,"href":"https:\/\/psicopico.com\/gl\/wp-json\/wp\/v2\/users\/1"}],"replies":[{"embeddable":true,"href":"https:\/\/psicopico.com\/gl\/wp-json\/wp\/v2\/comments?post=1788"}],"version-history":[{"count":0,"href":"https:\/\/psicopico.com\/gl\/wp-json\/wp\/v2\/pages\/1788\/revisions"}],"wp:attachment":[{"href":"https:\/\/psicopico.com\/gl\/wp-json\/wp\/v2\/media?parent=1788"}],"curies":[{"name":"wp","href":"https:\/\/api.w.org\/{rel}","templated":true}]}}