{"id":1754,"date":"2016-03-29T14:08:44","date_gmt":"2016-03-29T13:08:44","guid":{"rendered":"http:\/\/psicopico.com\/?page_id=1754"},"modified":"2018-04-17T23:56:30","modified_gmt":"2018-04-17T22:56:30","slug":"grafico-ruleta-las-emociones-robert-plutchik","status":"publish","type":"page","link":"https:\/\/psicopico.com\/gl\/grafico-ruleta-las-emociones-robert-plutchik\/","title":{"rendered":"Roda das emoci\u00f3ns, de Robert Plutchik"},"content":{"rendered":"<strong><a href=\"https:\/\/psicopico.com\/la-rueda-las-emociones-robert-plutchik\/\">&lt;&lt;&lt; Volver a la explicaci\u00f3n de la Rueda de las Emociones.<\/a><\/strong><\/p>\n<p>A continuaci\u00f3n os mostramos ampliada la representaci\u00f3n gr\u00e1fica que Robert Plutchik realiz\u00f3 sobre las distintas combinaciones de las emociones. Como si se tratase de p\u00e9talos de diferentes capas las emociones m\u00e1s b\u00e1sicas van formando las m\u00e1s complejas. Los colores utilizados son los que se suelen usar para las emociones que representan. Un ejemplo muy gr\u00e1fico del amplio espectro de emociones.<\/p>\n<p><a href=\"https:\/\/i0.wp.com\/psicopico.com\/wp-content\/uploads\/2016\/03\/Rueda-emociones-Plutchik.jpg?ssl=1\"><img data-recalc-dims=\"1\" loading=\"lazy\" decoding=\"async\" class=\"wp-image-1716 aligncenter\" src=\"https:\/\/i0.wp.com\/psicopico.com\/wp-content\/uploads\/2016\/03\/Rueda-emociones-Plutchik.jpg?resize=704%2C704&#038;ssl=1\" alt=\"Rueda-emociones-Plutchik\" width=\"704\" height=\"704\" srcset=\"https:\/\/i0.wp.com\/psicopico.com\/wp-content\/uploads\/2016\/03\/Rueda-emociones-Plutchik.jpg?w=480&amp;ssl=1 480w, https:\/\/i0.wp.com\/psicopico.com\/wp-content\/uploads\/2016\/03\/Rueda-emociones-Plutchik.jpg?resize=150%2C150&amp;ssl=1 150w, https:\/\/i0.wp.com\/psicopico.com\/wp-content\/uploads\/2016\/03\/Rueda-emociones-Plutchik.jpg?resize=300%2C300&amp;ssl=1 300w, https:\/\/i0.wp.com\/psicopico.com\/wp-content\/uploads\/2016\/03\/Rueda-emociones-Plutchik.jpg?resize=50%2C50&amp;ssl=1 50w\" sizes=\"auto, (max-width: 704px) 100vw, 704px\" \/><\/a><\/p>\n<p>Si quieres saber m\u00e1s sobre las emociones y de como influyen en nuestro d\u00eda a d\u00eda te aconsejo que te pases por la secci\u00f3n sobre <a href=\"https:\/\/psicopico.com\/psicologia\/inteligencia-emocional\/\">Inteligencia Emocional<\/a> de la web. En ella se encuentran ya decenas de art\u00edculos relacionados que te pueden ayudar a mejorar tu inteligencia emocional.<\/p>\n<p>Te aconsejo este art\u00edculo para entender mejor el mundo de las emociones:<\/p>\n<p>&gt;&gt; Art\u00edculo relacionado: <a href=\"https:\/\/psicopico.com\/emociones-basicas-criterios-de-clasificacion\/\">Emociones b\u00e1sicas: criterios de clasificaci\u00f3n.\u00a0<\/a><\/p>\n<p><strong><a href=\"https:\/\/psicopico.com\/la-rueda-las-emociones-robert-plutchik\/\">&lt;&lt;&lt; Volver a la explicaci\u00f3n de la Rueda de las Emociones.<\/a><\/strong>","protected":false},"excerpt":{"rendered":"<p>&lt;&lt;&lt; Volver a la explicaci\u00f3n de la Rueda de las Emociones. A continuaci\u00f3n os mostramos ampliada la representaci\u00f3n gr\u00e1fica que Robert Plutchik realiz\u00f3 sobre las distintas combinaciones de las emociones. Como si se tratase de p\u00e9talos de diferentes capas las emociones m\u00e1s b\u00e1sicas van formando las m\u00e1s complejas. Los colores utilizados son los que se [&hellip;]<\/p>\n","protected":false},"author":1,"featured_media":0,"parent":0,"menu_order":0,"comment_status":"closed","ping_status":"closed","template":"","meta":{"_joinchat":[],"footnotes":""},"class_list":["post-1754","page","type-page","status-publish","hentry"],"yoast_head":"<!-- This site is optimized with the Yoast SEO plugin v27.4 - https:\/\/yoast.com\/product\/yoast-seo-wordpress\/ -->\n<title>Roda das emoci\u00f3ns, de Robert Plutchik - PsicoPico<\/title>\n<meta name=\"robots\" content=\"index, follow, max-snippet:-1, max-image-preview:large, max-video-preview:-1\" \/>\n<link rel=\"canonical\" href=\"https:\/\/psicopico.com\/grafico-ruleta-las-emociones-robert-plutchik\/\" \/>\n<meta property=\"og:locale\" content=\"en_US\" \/>\n<meta property=\"og:type\" content=\"article\" \/>\n<meta property=\"og:title\" content=\"Roda das emoci\u00f3ns, de Robert Plutchik - PsicoPico\" \/>\n<meta property=\"og:description\" content=\"&lt;&lt;&lt; Volver a la explicaci\u00f3n de la Rueda de las Emociones. A continuaci\u00f3n os mostramos ampliada la representaci\u00f3n gr\u00e1fica que Robert Plutchik realiz\u00f3 sobre las distintas combinaciones de las emociones. Como si se tratase de p\u00e9talos de diferentes capas las emociones m\u00e1s b\u00e1sicas van formando las m\u00e1s complejas. Los colores utilizados son los que se [&hellip;]\" \/>\n<meta property=\"og:url\" content=\"https:\/\/psicopico.com\/grafico-ruleta-las-emociones-robert-plutchik\/\" \/>\n<meta property=\"og:site_name\" content=\"PsicoPico\" \/>\n<meta property=\"article:publisher\" content=\"https:\/\/es-la.facebook.com\/psicopicopsicologia\/\" \/>\n<meta property=\"article:modified_time\" content=\"2018-04-17T22:56:30+00:00\" \/>\n<meta property=\"og:image\" content=\"https:\/\/psicopico.com\/wp-content\/uploads\/2016\/03\/Rueda-emociones-Plutchik.jpg\" \/>\n<meta name=\"twitter:card\" content=\"summary_large_image\" \/>\n<meta name=\"twitter:site\" content=\"@psicopico\" \/>\n<meta name=\"twitter:label1\" content=\"Est. reading time\" \/>\n\t<meta name=\"twitter:data1\" content=\"2 minutes\" \/>\n<script type=\"application\/ld+json\" class=\"yoast-schema-graph\">{\"@context\":\"https:\\\/\\\/schema.org\",\"@graph\":[{\"@type\":\"WebPage\",\"@id\":\"https:\\\/\\\/psicopico.com\\\/grafico-ruleta-las-emociones-robert-plutchik\\\/\",\"url\":\"https:\\\/\\\/psicopico.com\\\/grafico-ruleta-las-emociones-robert-plutchik\\\/\",\"name\":\"Roda das emoci\u00f3ns, de Robert Plutchik - PsicoPico\",\"isPartOf\":{\"@id\":\"https:\\\/\\\/psicopico.com\\\/#website\"},\"primaryImageOfPage\":{\"@id\":\"https:\\\/\\\/psicopico.com\\\/grafico-ruleta-las-emociones-robert-plutchik\\\/#primaryimage\"},\"image\":{\"@id\":\"https:\\\/\\\/psicopico.com\\\/grafico-ruleta-las-emociones-robert-plutchik\\\/#primaryimage\"},\"thumbnailUrl\":\"https:\\\/\\\/psicopico.com\\\/wp-content\\\/uploads\\\/2016\\\/03\\\/Rueda-emociones-Plutchik.jpg\",\"datePublished\":\"2016-03-29T13:08:44+00:00\",\"dateModified\":\"2018-04-17T22:56:30+00:00\",\"breadcrumb\":{\"@id\":\"https:\\\/\\\/psicopico.com\\\/grafico-ruleta-las-emociones-robert-plutchik\\\/#breadcrumb\"},\"inLanguage\":\"gal-GAL\",\"potentialAction\":[{\"@type\":\"ReadAction\",\"target\":[\"https:\\\/\\\/psicopico.com\\\/grafico-ruleta-las-emociones-robert-plutchik\\\/\"]}]},{\"@type\":\"ImageObject\",\"inLanguage\":\"gal-GAL\",\"@id\":\"https:\\\/\\\/psicopico.com\\\/grafico-ruleta-las-emociones-robert-plutchik\\\/#primaryimage\",\"url\":\"https:\\\/\\\/psicopico.com\\\/wp-content\\\/uploads\\\/2016\\\/03\\\/Rueda-emociones-Plutchik.jpg\",\"contentUrl\":\"https:\\\/\\\/psicopico.com\\\/wp-content\\\/uploads\\\/2016\\\/03\\\/Rueda-emociones-Plutchik.jpg\"},{\"@type\":\"BreadcrumbList\",\"@id\":\"https:\\\/\\\/psicopico.com\\\/grafico-ruleta-las-emociones-robert-plutchik\\\/#breadcrumb\",\"itemListElement\":[{\"@type\":\"ListItem\",\"position\":1,\"name\":\"Inicio\",\"item\":\"https:\\\/\\\/psicopico.com\\\/\"},{\"@type\":\"ListItem\",\"position\":2,\"name\":\"Rueda de las emociones, de Robert Plutchik\"}]},{\"@type\":\"WebSite\",\"@id\":\"https:\\\/\\\/psicopico.com\\\/#website\",\"url\":\"https:\\\/\\\/psicopico.com\\\/\",\"name\":\"PsicoPico\",\"description\":\"Psicopico - Psicolox\u00eda Online por Iv\u00e1n Pico\",\"publisher\":{\"@id\":\"https:\\\/\\\/psicopico.com\\\/#organization\"},\"potentialAction\":[{\"@type\":\"SearchAction\",\"target\":{\"@type\":\"EntryPoint\",\"urlTemplate\":\"https:\\\/\\\/psicopico.com\\\/?s={search_term_string}\"},\"query-input\":{\"@type\":\"PropertyValueSpecification\",\"valueRequired\":true,\"valueName\":\"search_term_string\"}}],\"inLanguage\":\"gal-GAL\"},{\"@type\":\"Organization\",\"@id\":\"https:\\\/\\\/psicopico.com\\\/#organization\",\"name\":\"Psicopico\",\"url\":\"https:\\\/\\\/psicopico.com\\\/\",\"logo\":{\"@type\":\"ImageObject\",\"inLanguage\":\"gal-GAL\",\"@id\":\"https:\\\/\\\/psicopico.com\\\/#\\\/schema\\\/logo\\\/image\\\/\",\"url\":\"https:\\\/\\\/i0.wp.com\\\/psicopico.com\\\/wp-content\\\/uploads\\\/2015\\\/12\\\/logowebpsicopico.png?fit=377%2C113&ssl=1\",\"contentUrl\":\"https:\\\/\\\/i0.wp.com\\\/psicopico.com\\\/wp-content\\\/uploads\\\/2015\\\/12\\\/logowebpsicopico.png?fit=377%2C113&ssl=1\",\"width\":\"377\",\"height\":\"113\",\"caption\":\"Psicopico\"},\"image\":{\"@id\":\"https:\\\/\\\/psicopico.com\\\/#\\\/schema\\\/logo\\\/image\\\/\"},\"sameAs\":[\"https:\\\/\\\/es-la.facebook.com\\\/psicopicopsicologia\\\/\",\"https:\\\/\\\/x.com\\\/psicopico\",\"https:\\\/\\\/instagram.com\\\/psicopico\",\"https:\\\/\\\/es.linkedin.com\\\/in\\\/iv\u00e1n-pico-mart\u00ednez-5bb46873\",\"https:\\\/\\\/www.pinterest.es\\\/psicopico\\\/\",\"https:\\\/\\\/www.youtube.com\\\/channel\\\/UCwM4gAydCyOv_3sBkqVb74Q\"]}]}<\/script>\n<!-- \/ Yoast SEO plugin. -->","yoast_head_json":{"title":"Roda das emoci\u00f3ns, de Robert Plutchik - PsicoPico","robots":{"index":"index","follow":"follow","max-snippet":"max-snippet:-1","max-image-preview":"max-image-preview:large","max-video-preview":"max-video-preview:-1"},"canonical":"https:\/\/psicopico.com\/grafico-ruleta-las-emociones-robert-plutchik\/","og_locale":"en_US","og_type":"article","og_title":"Roda das emoci\u00f3ns, de Robert Plutchik - PsicoPico","og_description":"&lt;&lt;&lt; Volver a la explicaci\u00f3n de la Rueda de las Emociones. A continuaci\u00f3n os mostramos ampliada la representaci\u00f3n gr\u00e1fica que Robert Plutchik realiz\u00f3 sobre las distintas combinaciones de las emociones. Como si se tratase de p\u00e9talos de diferentes capas las emociones m\u00e1s b\u00e1sicas van formando las m\u00e1s complejas. Los colores utilizados son los que se [&hellip;]","og_url":"https:\/\/psicopico.com\/grafico-ruleta-las-emociones-robert-plutchik\/","og_site_name":"PsicoPico","article_publisher":"https:\/\/es-la.facebook.com\/psicopicopsicologia\/","article_modified_time":"2018-04-17T22:56:30+00:00","og_image":[{"url":"https:\/\/psicopico.com\/wp-content\/uploads\/2016\/03\/Rueda-emociones-Plutchik.jpg","type":"","width":"","height":""}],"twitter_card":"summary_large_image","twitter_site":"@psicopico","twitter_misc":{"Est. reading time":"2 minutes"},"schema":{"@context":"https:\/\/schema.org","@graph":[{"@type":"WebPage","@id":"https:\/\/psicopico.com\/grafico-ruleta-las-emociones-robert-plutchik\/","url":"https:\/\/psicopico.com\/grafico-ruleta-las-emociones-robert-plutchik\/","name":"Roda das emoci\u00f3ns, de Robert Plutchik - PsicoPico","isPartOf":{"@id":"https:\/\/psicopico.com\/#website"},"primaryImageOfPage":{"@id":"https:\/\/psicopico.com\/grafico-ruleta-las-emociones-robert-plutchik\/#primaryimage"},"image":{"@id":"https:\/\/psicopico.com\/grafico-ruleta-las-emociones-robert-plutchik\/#primaryimage"},"thumbnailUrl":"https:\/\/psicopico.com\/wp-content\/uploads\/2016\/03\/Rueda-emociones-Plutchik.jpg","datePublished":"2016-03-29T13:08:44+00:00","dateModified":"2018-04-17T22:56:30+00:00","breadcrumb":{"@id":"https:\/\/psicopico.com\/grafico-ruleta-las-emociones-robert-plutchik\/#breadcrumb"},"inLanguage":"gal-GAL","potentialAction":[{"@type":"ReadAction","target":["https:\/\/psicopico.com\/grafico-ruleta-las-emociones-robert-plutchik\/"]}]},{"@type":"ImageObject","inLanguage":"gal-GAL","@id":"https:\/\/psicopico.com\/grafico-ruleta-las-emociones-robert-plutchik\/#primaryimage","url":"https:\/\/psicopico.com\/wp-content\/uploads\/2016\/03\/Rueda-emociones-Plutchik.jpg","contentUrl":"https:\/\/psicopico.com\/wp-content\/uploads\/2016\/03\/Rueda-emociones-Plutchik.jpg"},{"@type":"BreadcrumbList","@id":"https:\/\/psicopico.com\/grafico-ruleta-las-emociones-robert-plutchik\/#breadcrumb","itemListElement":[{"@type":"ListItem","position":1,"name":"Inicio","item":"https:\/\/psicopico.com\/"},{"@type":"ListItem","position":2,"name":"Rueda de las emociones, de Robert Plutchik"}]},{"@type":"WebSite","@id":"https:\/\/psicopico.com\/#website","url":"https:\/\/psicopico.com\/","name":"PsicoPico","description":"Psicopico - Psicolox\u00eda Online por Iv\u00e1n Pico","publisher":{"@id":"https:\/\/psicopico.com\/#organization"},"potentialAction":[{"@type":"SearchAction","target":{"@type":"EntryPoint","urlTemplate":"https:\/\/psicopico.com\/?s={search_term_string}"},"query-input":{"@type":"PropertyValueSpecification","valueRequired":true,"valueName":"search_term_string"}}],"inLanguage":"gal-GAL"},{"@type":"Organization","@id":"https:\/\/psicopico.com\/#organization","name":"Psicopico","url":"https:\/\/psicopico.com\/","logo":{"@type":"ImageObject","inLanguage":"gal-GAL","@id":"https:\/\/psicopico.com\/#\/schema\/logo\/image\/","url":"https:\/\/i0.wp.com\/psicopico.com\/wp-content\/uploads\/2015\/12\/logowebpsicopico.png?fit=377%2C113&ssl=1","contentUrl":"https:\/\/i0.wp.com\/psicopico.com\/wp-content\/uploads\/2015\/12\/logowebpsicopico.png?fit=377%2C113&ssl=1","width":"377","height":"113","caption":"Psicopico"},"image":{"@id":"https:\/\/psicopico.com\/#\/schema\/logo\/image\/"},"sameAs":["https:\/\/es-la.facebook.com\/psicopicopsicologia\/","https:\/\/x.com\/psicopico","https:\/\/instagram.com\/psicopico","https:\/\/es.linkedin.com\/in\/iv\u00e1n-pico-mart\u00ednez-5bb46873","https:\/\/www.pinterest.es\/psicopico\/","https:\/\/www.youtube.com\/channel\/UCwM4gAydCyOv_3sBkqVb74Q"]}]}},"jetpack_shortlink":"https:\/\/wp.me\/P6Zx58-si","jetpack_sharing_enabled":true,"_links":{"self":[{"href":"https:\/\/psicopico.com\/gl\/wp-json\/wp\/v2\/pages\/1754","targetHints":{"allow":["GET"]}}],"collection":[{"href":"https:\/\/psicopico.com\/gl\/wp-json\/wp\/v2\/pages"}],"about":[{"href":"https:\/\/psicopico.com\/gl\/wp-json\/wp\/v2\/types\/page"}],"author":[{"embeddable":true,"href":"https:\/\/psicopico.com\/gl\/wp-json\/wp\/v2\/users\/1"}],"replies":[{"embeddable":true,"href":"https:\/\/psicopico.com\/gl\/wp-json\/wp\/v2\/comments?post=1754"}],"version-history":[{"count":0,"href":"https:\/\/psicopico.com\/gl\/wp-json\/wp\/v2\/pages\/1754\/revisions"}],"wp:attachment":[{"href":"https:\/\/psicopico.com\/gl\/wp-json\/wp\/v2\/media?parent=1754"}],"curies":[{"name":"wp","href":"https:\/\/api.w.org\/{rel}","templated":true}]}}