{"id":1233,"date":"2016-01-18T15:55:52","date_gmt":"2016-01-18T15:55:52","guid":{"rendered":"http:\/\/psicopico.com\/aviso-legal\/"},"modified":"2018-04-21T14:22:06","modified_gmt":"2018-04-21T13:22:06","slug":"aviso-legal","status":"publish","type":"page","link":"https:\/\/psicopico.com\/gl\/aviso-legal\/","title":{"rendered":"Aviso legal"},"content":{"rendered":"<strong>AVISO LEGAL<\/strong><\/p>\n<p><strong>1. Identificaci\u00f3n y contacto del propietario de la web.<\/strong><\/p>\n<p>www.psicopico.com\u00a0\u00a0(en adelante la web) es propiedad de Iv\u00e1n Pico Mart\u00ednez\u00a0(en adelante el Titular) con n\u00famero de colegiado G-5480 con domicilio en Lugo, \u00a0Espa\u00f1a, y correo electr\u00f3nico info@psicopico.com.<\/p>\n<p>&nbsp;<\/p>\n<p><strong>2. \u00c1mbito de aplicaci\u00f3n<\/strong><\/p>\n<p>La navegaci\u00f3n por el sitio web del Titular implica asumir la condici\u00f3n de usuario y la aceptaci\u00f3n absoluta de lo manifestado en este Aviso Legal.<\/p>\n<p><strong>3. Edad.<\/strong><\/p>\n<p>El registro en nuestra web est\u00e1 dirigido a mayores de dieciocho (18) a\u00f1os. Si se detectara el registro de un menor de 18 a\u00f1os, esa cuenta ser\u00e1 autom\u00e1ticamente eliminada.<\/p>\n<p><strong>4. Propiedad intelectual o industrial.<\/strong><\/p>\n<p>Los contenidos de la Web, por ejemplo textos, im\u00e1genes, gr\u00e1ficos o c\u00f3digo fuente, est\u00e1n protegidos por derechos de propiedad intelectual e industrial.<\/p>\n<p>Tales contenidos no podr\u00e1n ser, por ejemplo, reproducidos o transformados sin el permiso previo y expl\u00edcito del Titular. Los usuarios pueden acceder a los contenidos y realizar copias privadas autorizadas siempre que los elementos reproducidos no sean cedidos posteriormente a terceros, ni se instalen en servidores en red, ni sean objeto de ning\u00fan tipo de explotaci\u00f3n.<\/p>\n<p><strong>5. Normas comunes de uso de la web.<\/strong><\/p>\n<p>El usuario se compromete a hacer un uso de la Web de acuerdo a las siguientes normas:<\/p>\n<ul>\n<li>No publicar\u00e1 comunicaciones comerciales a trav\u00e9s del sitio web.<\/li>\n<li>No recopilar\u00e1 contenido o informaci\u00f3n de otros usuarios.<\/li>\n<li>No cargar\u00e1 virus ni c\u00f3digo malintencionado de ning\u00fan tipo.<\/li>\n<li>No solicitar\u00e1 informaci\u00f3n de inicio de sesi\u00f3n ni acceder\u00e1 a una cuenta perteneciente a otro usuario.<\/li>\n<li>No molestar\u00e1, intimidar\u00e1 ni acosar\u00e1 a ning\u00fan usuario.<\/li>\n<li>No realizar\u00e1 actos il\u00edcitos, enga\u00f1osos, malintencionados o discriminatorios en el sitio web, de acuerdo a estas condiciones y al ordenamiento<br \/>\njur\u00eddico espa\u00f1ol.<\/li>\n<li>No har\u00e1 nada que pueda poner en peligro la seguridad de su cuenta, especialmente respecto a su contrase\u00f1a. De hecho, comunicar\u00e1 cualquier incidencia relacionada con su contrase\u00f1a, cuenta, vulneraci\u00f3n de la confidencialidad de tus datos, peligro o amenaza detectada en la seguridad de sus datos.<\/li>\n<\/ul>\n<p>El Titular podr\u00e1 eliminar cualquier contenido o suspender el servicio si seg\u00fan su propio criterio, incumple cualquiera de las normas y obligaciones descritas en este Aviso Legal.<\/p>\n<p>Para cualquier consulta o aclaraci\u00f3n sobre estas normas comunitarias en particular o estas condiciones en particular, puede contactarnos v\u00eda email.<\/p>\n<p><strong>6. Enlaces y limitaci\u00f3n de responsabilidad.<\/strong><\/p>\n<p>El establecimiento de un hiperenlace no implica en ning\u00fan caso la existencia de relaciones entre el Titular y el propietario del sitio web en la que se establezca, ni la aceptaci\u00f3n y aprobaci\u00f3n por parte del Titular de sus contenidos o servicios. Aquellas personas que se propongan establecer un hiperenlace previamente deber\u00e1n solicitar autorizaci\u00f3n por escrito al Titular. En todo caso, el hiperenlace \u00fanicamente permitir\u00e1 el acceso a la p\u00e1gina de inicio de nuestro sitio web, asimismo deber\u00e1 abstenerse de realizar manifestaciones o indicaciones falsas, inexactas o incorrectas sobre el Titular, o incluir contenidos il\u00edcitos, contrarios a las buenas costumbres y al orden p\u00fablico.<\/p>\n<p>El Titular no se responsabiliza del uso que cada usuario le d\u00e9 a los materiales puestos a disposici\u00f3n en este sitio web ni de las actuaciones que realice en base a los mismos. El contenido de la Web es de car\u00e1cter general y meramente informativo.<\/p>\n<p>El Titular no asumir\u00e1 responsabilidad por el contenido o funcionamiento de webs de terceros a los que el usuario de la Tienda pueda acceder mediante cualquier tipo de enlace.<\/p>\n<p>El Titular declina cualquier responsabilidad, hasta donde permita el ordenamiento jur\u00eddico, por los da\u00f1os y perjuicios derivados de la presencia de virus, de las actuaciones de terceros que vulneren derechos de propiedad, al honor, a la intimidad o sobre publicidad il\u00edcita.<\/p>\n<p>Si alg\u00fan usuario o tercero considera que en la Web se est\u00e1 cometiendo alg\u00fan il\u00edcito de cualquier tipo debe remitir una comunicaci\u00f3n al Titular a la direcci\u00f3n de email que aparece en nuestros datos identificativos. Deber\u00e1 identificarse debidamente especificando los hechos que denuncia.<\/p>\n<p><strong>7. Privacidad.<\/strong><\/p>\n<p>Si en la Web se recabaran datos personales, el Titular ser\u00e1 responsable de los mismos y los tratar\u00e1 con absoluta confidencialidad y seguridad. Podr\u00e1 encontrar m\u00e1s informaci\u00f3n sobre nuestra pol\u00edtica de privacidad y cookies en la p\u00e1gina espec\u00edfica de informaci\u00f3n sobre esta cuesti\u00f3n.<\/p>\n<p><strong>8. Legislaci\u00f3n aplicable, soluci\u00f3n de cuestiones controvertidas y foro competente<\/strong><\/p>\n<p>El uso de la Web se regir\u00e1 por la legislaci\u00f3n espa\u00f1ola. Cualquier controversia que surja o guarde relaci\u00f3n con el uso de la Web, ser\u00e1 sometido a la jurisdicci\u00f3n no exclusiva de los Juzgados y Tribunales del municipio donde radica el domicilio social del Titular, salvo que la normativa en vigor o el c\u00f3digo de conducta establezca foro distinto.","protected":false},"excerpt":{"rendered":"<p>AVISO LEGAL 1. Identificaci\u00f3n y contacto del propietario de la web. www.psicopico.com\u00a0\u00a0(en adelante la web) es propiedad de Iv\u00e1n Pico Mart\u00ednez\u00a0(en adelante el Titular) con n\u00famero de colegiado G-5480 con domicilio en Lugo, \u00a0Espa\u00f1a, y correo electr\u00f3nico info@psicopico.com. &nbsp; 2. \u00c1mbito de aplicaci\u00f3n La navegaci\u00f3n por el sitio web del Titular implica asumir la condici\u00f3n [&hellip;]<\/p>\n","protected":false},"author":1,"featured_media":0,"parent":0,"menu_order":0,"comment_status":"closed","ping_status":"closed","template":"template-full-width.php","meta":{"_joinchat":[],"footnotes":""},"class_list":["post-1233","page","type-page","status-publish","hentry"],"yoast_head":"<!-- This site is optimized with the Yoast SEO plugin v27.4 - https:\/\/yoast.com\/product\/yoast-seo-wordpress\/ -->\n<title>Aviso legal - PsicoPico<\/title>\n<meta name=\"robots\" content=\"index, follow, max-snippet:-1, max-image-preview:large, max-video-preview:-1\" \/>\n<link rel=\"canonical\" href=\"https:\/\/psicopico.com\/aviso-legal\/\" \/>\n<meta property=\"og:locale\" content=\"en_US\" \/>\n<meta property=\"og:type\" content=\"article\" \/>\n<meta property=\"og:title\" content=\"Aviso legal - PsicoPico\" \/>\n<meta property=\"og:description\" content=\"AVISO LEGAL 1. Identificaci\u00f3n y contacto del propietario de la web. www.psicopico.com\u00a0\u00a0(en adelante la web) es propiedad de Iv\u00e1n Pico Mart\u00ednez\u00a0(en adelante el Titular) con n\u00famero de colegiado G-5480 con domicilio en Lugo, \u00a0Espa\u00f1a, y correo electr\u00f3nico info@psicopico.com. &nbsp; 2. \u00c1mbito de aplicaci\u00f3n La navegaci\u00f3n por el sitio web del Titular implica asumir la condici\u00f3n [&hellip;]\" \/>\n<meta property=\"og:url\" content=\"https:\/\/psicopico.com\/aviso-legal\/\" \/>\n<meta property=\"og:site_name\" content=\"PsicoPico\" \/>\n<meta property=\"article:publisher\" content=\"https:\/\/es-la.facebook.com\/psicopicopsicologia\/\" \/>\n<meta property=\"article:modified_time\" content=\"2018-04-21T13:22:06+00:00\" \/>\n<meta name=\"twitter:card\" content=\"summary_large_image\" \/>\n<meta name=\"twitter:site\" content=\"@psicopico\" \/>\n<meta name=\"twitter:label1\" content=\"Est. reading time\" \/>\n\t<meta name=\"twitter:data1\" content=\"13 minutes\" \/>\n<script type=\"application\/ld+json\" class=\"yoast-schema-graph\">{\"@context\":\"https:\\\/\\\/schema.org\",\"@graph\":[{\"@type\":\"WebPage\",\"@id\":\"https:\\\/\\\/psicopico.com\\\/aviso-legal\\\/\",\"url\":\"https:\\\/\\\/psicopico.com\\\/aviso-legal\\\/\",\"name\":\"Aviso legal - PsicoPico\",\"isPartOf\":{\"@id\":\"https:\\\/\\\/psicopico.com\\\/#website\"},\"datePublished\":\"2016-01-18T15:55:52+00:00\",\"dateModified\":\"2018-04-21T13:22:06+00:00\",\"breadcrumb\":{\"@id\":\"https:\\\/\\\/psicopico.com\\\/aviso-legal\\\/#breadcrumb\"},\"inLanguage\":\"gal-GAL\",\"potentialAction\":[{\"@type\":\"ReadAction\",\"target\":[\"https:\\\/\\\/psicopico.com\\\/aviso-legal\\\/\"]}]},{\"@type\":\"BreadcrumbList\",\"@id\":\"https:\\\/\\\/psicopico.com\\\/aviso-legal\\\/#breadcrumb\",\"itemListElement\":[{\"@type\":\"ListItem\",\"position\":1,\"name\":\"Inicio\",\"item\":\"https:\\\/\\\/psicopico.com\\\/\"},{\"@type\":\"ListItem\",\"position\":2,\"name\":\"Aviso legal\"}]},{\"@type\":\"WebSite\",\"@id\":\"https:\\\/\\\/psicopico.com\\\/#website\",\"url\":\"https:\\\/\\\/psicopico.com\\\/\",\"name\":\"PsicoPico\",\"description\":\"Psicopico - Psicolox\u00eda Online por Iv\u00e1n Pico\",\"publisher\":{\"@id\":\"https:\\\/\\\/psicopico.com\\\/#organization\"},\"potentialAction\":[{\"@type\":\"SearchAction\",\"target\":{\"@type\":\"EntryPoint\",\"urlTemplate\":\"https:\\\/\\\/psicopico.com\\\/?s={search_term_string}\"},\"query-input\":{\"@type\":\"PropertyValueSpecification\",\"valueRequired\":true,\"valueName\":\"search_term_string\"}}],\"inLanguage\":\"gal-GAL\"},{\"@type\":\"Organization\",\"@id\":\"https:\\\/\\\/psicopico.com\\\/#organization\",\"name\":\"Psicopico\",\"url\":\"https:\\\/\\\/psicopico.com\\\/\",\"logo\":{\"@type\":\"ImageObject\",\"inLanguage\":\"gal-GAL\",\"@id\":\"https:\\\/\\\/psicopico.com\\\/#\\\/schema\\\/logo\\\/image\\\/\",\"url\":\"https:\\\/\\\/i0.wp.com\\\/psicopico.com\\\/wp-content\\\/uploads\\\/2015\\\/12\\\/logowebpsicopico.png?fit=377%2C113&ssl=1\",\"contentUrl\":\"https:\\\/\\\/i0.wp.com\\\/psicopico.com\\\/wp-content\\\/uploads\\\/2015\\\/12\\\/logowebpsicopico.png?fit=377%2C113&ssl=1\",\"width\":\"377\",\"height\":\"113\",\"caption\":\"Psicopico\"},\"image\":{\"@id\":\"https:\\\/\\\/psicopico.com\\\/#\\\/schema\\\/logo\\\/image\\\/\"},\"sameAs\":[\"https:\\\/\\\/es-la.facebook.com\\\/psicopicopsicologia\\\/\",\"https:\\\/\\\/x.com\\\/psicopico\",\"https:\\\/\\\/instagram.com\\\/psicopico\",\"https:\\\/\\\/es.linkedin.com\\\/in\\\/iv\u00e1n-pico-mart\u00ednez-5bb46873\",\"https:\\\/\\\/www.pinterest.es\\\/psicopico\\\/\",\"https:\\\/\\\/www.youtube.com\\\/channel\\\/UCwM4gAydCyOv_3sBkqVb74Q\"]}]}<\/script>\n<!-- \/ Yoast SEO plugin. -->","yoast_head_json":{"title":"Aviso legal - PsicoPico","robots":{"index":"index","follow":"follow","max-snippet":"max-snippet:-1","max-image-preview":"max-image-preview:large","max-video-preview":"max-video-preview:-1"},"canonical":"https:\/\/psicopico.com\/aviso-legal\/","og_locale":"en_US","og_type":"article","og_title":"Aviso legal - PsicoPico","og_description":"AVISO LEGAL 1. Identificaci\u00f3n y contacto del propietario de la web. www.psicopico.com\u00a0\u00a0(en adelante la web) es propiedad de Iv\u00e1n Pico Mart\u00ednez\u00a0(en adelante el Titular) con n\u00famero de colegiado G-5480 con domicilio en Lugo, \u00a0Espa\u00f1a, y correo electr\u00f3nico info@psicopico.com. &nbsp; 2. \u00c1mbito de aplicaci\u00f3n La navegaci\u00f3n por el sitio web del Titular implica asumir la condici\u00f3n [&hellip;]","og_url":"https:\/\/psicopico.com\/aviso-legal\/","og_site_name":"PsicoPico","article_publisher":"https:\/\/es-la.facebook.com\/psicopicopsicologia\/","article_modified_time":"2018-04-21T13:22:06+00:00","twitter_card":"summary_large_image","twitter_site":"@psicopico","twitter_misc":{"Est. reading time":"13 minutes"},"schema":{"@context":"https:\/\/schema.org","@graph":[{"@type":"WebPage","@id":"https:\/\/psicopico.com\/aviso-legal\/","url":"https:\/\/psicopico.com\/aviso-legal\/","name":"Aviso legal - PsicoPico","isPartOf":{"@id":"https:\/\/psicopico.com\/#website"},"datePublished":"2016-01-18T15:55:52+00:00","dateModified":"2018-04-21T13:22:06+00:00","breadcrumb":{"@id":"https:\/\/psicopico.com\/aviso-legal\/#breadcrumb"},"inLanguage":"gal-GAL","potentialAction":[{"@type":"ReadAction","target":["https:\/\/psicopico.com\/aviso-legal\/"]}]},{"@type":"BreadcrumbList","@id":"https:\/\/psicopico.com\/aviso-legal\/#breadcrumb","itemListElement":[{"@type":"ListItem","position":1,"name":"Inicio","item":"https:\/\/psicopico.com\/"},{"@type":"ListItem","position":2,"name":"Aviso legal"}]},{"@type":"WebSite","@id":"https:\/\/psicopico.com\/#website","url":"https:\/\/psicopico.com\/","name":"PsicoPico","description":"Psicopico - Psicolox\u00eda Online por Iv\u00e1n Pico","publisher":{"@id":"https:\/\/psicopico.com\/#organization"},"potentialAction":[{"@type":"SearchAction","target":{"@type":"EntryPoint","urlTemplate":"https:\/\/psicopico.com\/?s={search_term_string}"},"query-input":{"@type":"PropertyValueSpecification","valueRequired":true,"valueName":"search_term_string"}}],"inLanguage":"gal-GAL"},{"@type":"Organization","@id":"https:\/\/psicopico.com\/#organization","name":"Psicopico","url":"https:\/\/psicopico.com\/","logo":{"@type":"ImageObject","inLanguage":"gal-GAL","@id":"https:\/\/psicopico.com\/#\/schema\/logo\/image\/","url":"https:\/\/i0.wp.com\/psicopico.com\/wp-content\/uploads\/2015\/12\/logowebpsicopico.png?fit=377%2C113&ssl=1","contentUrl":"https:\/\/i0.wp.com\/psicopico.com\/wp-content\/uploads\/2015\/12\/logowebpsicopico.png?fit=377%2C113&ssl=1","width":"377","height":"113","caption":"Psicopico"},"image":{"@id":"https:\/\/psicopico.com\/#\/schema\/logo\/image\/"},"sameAs":["https:\/\/es-la.facebook.com\/psicopicopsicologia\/","https:\/\/x.com\/psicopico","https:\/\/instagram.com\/psicopico","https:\/\/es.linkedin.com\/in\/iv\u00e1n-pico-mart\u00ednez-5bb46873","https:\/\/www.pinterest.es\/psicopico\/","https:\/\/www.youtube.com\/channel\/UCwM4gAydCyOv_3sBkqVb74Q"]}]}},"jetpack_shortlink":"https:\/\/wp.me\/P6Zx58-jT","jetpack_sharing_enabled":true,"_links":{"self":[{"href":"https:\/\/psicopico.com\/gl\/wp-json\/wp\/v2\/pages\/1233","targetHints":{"allow":["GET"]}}],"collection":[{"href":"https:\/\/psicopico.com\/gl\/wp-json\/wp\/v2\/pages"}],"about":[{"href":"https:\/\/psicopico.com\/gl\/wp-json\/wp\/v2\/types\/page"}],"author":[{"embeddable":true,"href":"https:\/\/psicopico.com\/gl\/wp-json\/wp\/v2\/users\/1"}],"replies":[{"embeddable":true,"href":"https:\/\/psicopico.com\/gl\/wp-json\/wp\/v2\/comments?post=1233"}],"version-history":[{"count":0,"href":"https:\/\/psicopico.com\/gl\/wp-json\/wp\/v2\/pages\/1233\/revisions"}],"wp:attachment":[{"href":"https:\/\/psicopico.com\/gl\/wp-json\/wp\/v2\/media?parent=1233"}],"curies":[{"name":"wp","href":"https:\/\/api.w.org\/{rel}","templated":true}]}}