{"id":1230,"date":"2016-01-18T16:21:24","date_gmt":"2016-01-18T16:21:24","guid":{"rendered":"http:\/\/psicopico.com\/?page_id=1230"},"modified":"2018-04-21T14:22:00","modified_gmt":"2018-04-21T13:22:00","slug":"politicas-de-privacidad","status":"publish","type":"page","link":"https:\/\/psicopico.com\/gl\/politicas-de-privacidad\/","title":{"rendered":"(Espa\u00f1ol) Pol\u00edticas de Privacidad"},"content":{"rendered":"<p class=\"qtranxs-available-languages-message qtranxs-available-languages-message-gl\">Esta noticia non est\u00e1 dispo\u00f1ible en galego...sent\u00edmolo. Proba en castel\u00e1n. Apertas! For the sake of viewer convenience, the content is shown below in the alternative language. You may click the link to switch the active language.<\/p><div id=\"Blog1\" class=\"widget Blog\">\n<div class=\"blog-posts hfeed\">\n<div class=\"date-outer\">\n<div class=\"date-posts\">\n<div class=\"post-outer\">\n<div class=\"post hentry\">\n<div id=\"post-body-7683943210521302605\" class=\"post-body entry-content\">\n<div style=\"text-align: justify;\">\n<div style=\"text-align: justify;\"><b>Pol\u00edtica de Privacidad de la publicidad proporcionada en este sitio:<\/b><\/div>\n<div style=\"text-align: justify;\">Nuestro sitio utiliza el servicio publicitario Google Adsense (<a href=\"http:\/\/www.google.com\/intl\/es_ALL\/policies\/privacy\/\" target=\"_blank\" rel=\"noopener\">Politica de Privacidad<\/a>) como proveedor asociado cuyo sistema utiliza cookies para publicar anuncios en nuestro sitio, los usuarios pueden deshabilitar el uso de las cookies, las cuales jam\u00e1s ser\u00e1n utilizadas para identificar personalmente a los usuarios pero puede estudiar el comportamiento del visitante para mostrarle publicidad basada en intereses.<\/div>\n<div style=\"text-align: justify;\"><\/div>\n<div style=\"text-align: justify;\">Si no desea que se recopile informaci\u00f3n sobre su comportamiento en la red puede acceder a <a href=\"https:\/\/www.google.com\/settings\/ads\/onweb\/?sig=ACi0TCgslIiPjogK_jaun1wTs0gpej5mM0bfKSoM4mfB1cWS8XXh4uQUOVatuGPJmkaD44eMXDoAoHGZDKLs8gOD0d-YWZYqDCOYRjR7a3YCtcM8MONggrO5aFOUZ1cf-eRUNVccfNCUd6SlZBdVHQHzDH7N2d_LasWiX0tR1H1ajqK9_ctjxrg&amp;hl=en#display_main\" target=\"_blank\" rel=\"noopener\">Google Ads Preferences<\/a>\u00a0para modificar sus preferencias, o elegir <a href=\"http:\/\/www.google.com\/privacy\/ads\/\" target=\"_blank\" rel=\"noopener\">no recibir definitivamente<\/a> la cookie de la publicidad de Google.<\/div>\n<div style=\"text-align: justify;\"><\/div>\n<\/div>\n<div style=\"text-align: justify;\"><b>Pol\u00edtica de privacidad de fuentes de rastreo utilizadas en este sitio:\u00a0<\/b><\/div>\n<div style=\"text-align: justify;\">Nosotros estudiamos las preferencias de nuestros usuarios, sus caracter\u00edsticas demogr\u00e1ficas, sus patrones de tr\u00e1fico, y otra informaci\u00f3n en conjunto para comprender mejor qui\u00e9nes constituyen nuestra audiencia y qu\u00e9 es lo que usted necesita. El rastreo de las preferencias de nuestros usuarios tambi\u00e9n nos ayuda a servirle a usted los avisos publicitarios m\u00e1s relevantes.<\/div>\n<div style=\"text-align: justify;\"><\/div>\n<div style=\"text-align: justify;\">Para ello utilizamos el sistema Google Analytics (<a href=\"http:\/\/www.google.com\/intl\/es_ALL\/privacypolicy.html\" target=\"_blank\" rel=\"noopener\">Pol\u00edtica de Privacidad<\/a>) el cual puede almacenar cookies en su computadora para ayudarnos a recopilar informaci\u00f3n que ser\u00e1 utilizada \u00fanicamente con fines estad\u00edsticos y del comportamientos de los visitantes al utilizar nuestro sitio web. La informaci\u00f3n que recopila la cookie es almacenada y transmitida hacia los servidores de Google en Estados Unidos el cual utilizar\u00e1 dichos datos para recopilar su actividad en nuestro sitio y generar informes con el prop\u00f3sito de identificar el uso que hace de \u00e9l.<\/div>\n<div style=\"text-align: justify;\"><\/div>\n<div style=\"text-align: justify;\">Google podr\u00e1 proporcionar dicha informaci\u00f3n a terceros cuando as\u00ed lo requiera la legislaci\u00f3n vigente. Tal como indica el apartado Galletas o Cookies de \u00e9ste documento, usted puede configurar su navegador para rechazar el almacenamiento de las cookies en su ordenador, sin embargo, \u00e9sto puede afectar el buen funcionamiento de nuestro sitio.<\/div>\n<div style=\"text-align: justify;\"><\/div>\n<div style=\"text-align: justify;\"><b>Pol\u00edtica de protecci\u00f3n de datos personales<\/b><\/div>\n<div style=\"text-align: justify;\">Para utilizar algunos de los servicios o acceder a determinados contenidos, deber\u00e1 proporcionar previamente ciertos datos de car\u00e1cter personal que no son obligatorios a menos que se indique lo contrario y que son requeridos para poder prestarle el servicio o acceder al contenido.<strong> PsicoPico<\/strong>\u00a0podr\u00e1 utilizar esta informaci\u00f3n para prop\u00f3sitos estad\u00edsticos o de estudio del comportamiento de los visitantes en nuestros sitios. C\u00f3mo principio general, no compartimos ni revelamos la informaci\u00f3n obtenida, excepto cuando haya sido autorizada por usted, o en los siguientes casos: a) Cuando le sea requerido por una autoridad competente y previo el cumplimiento del tr\u00e1mite legal correspondiente y b) Cuando a juicio de este sitio sea necesario para hacer cumplir las condiciones de uso y dem\u00e1s t\u00e9rminos de esta p\u00e1gina, o para salvaguardar la integridad de los dem\u00e1s usuarios o del sitio. Este sitio web puede contener enlaces hacia otros sitios web ajenos de los cuales no nos responsabilizamos por las pr\u00e1cticas que hagan en materia de privacidad y protecci\u00f3n de datos personales, por lo que le recomendamos leer las pol\u00edticas de privacidad de dichos sitios. Deber\u00e1 estar consciente de que si usted voluntariamente revela informaci\u00f3n personal en l\u00ednea en un \u00e1rea p\u00fablica, esa informaci\u00f3n puede ser recogida y usada por otros. Nosotros no controlamos las acciones de nuestros visitantes y usuarios. Si desea dar de baja su suscripci\u00f3n, o modificar los datos proporcionados en su registro como usuario puede hacerlo a trav\u00e9s de este <a href=\"https:\/\/psicopico.com\/contacto\/\" target=\"_blank\" rel=\"noopener\">formulario de contacto<\/a>\u00a0o mandando un correo a <strong>info@psicopico.com<\/strong>, adem\u00e1s de atrav\u00e9s de las v\u00edas convencionales de formularios de baja proporcionados por la web.<\/div>\n<div style=\"text-align: justify;\"><\/div>\n<div style=\"text-align: justify;\"><b>Conducta Responsable<\/b><\/div>\n<div style=\"text-align: justify;\">Toda la informaci\u00f3n que facilite deber\u00e1 ser veraz. A estos efectos, usted garantiza la autenticidad de todos aquellos datos que comunique como consecuencia de la cumplimentaci\u00f3n de los formularios necesarios para la suscripci\u00f3n de los Servicios, acceso a contenidos o \u00e1reas restringidas del sitio. En todo caso usted ser\u00e1 el \u00fanico responsable de las manifestaciones falsas o inexactas que realice y de los perjuicios que cause a este sitio o a terceros por la informaci\u00f3n que facilite. Usted se compromete a actuar en forma responsable en este sitio y a tratar a otros visitantes con respeto.<\/div>\n<div style=\"text-align: justify;\"><\/div>\n<div style=\"text-align: justify;\"><b>Contacto<\/b><\/div>\n<div style=\"text-align: justify;\">Si tiene preguntas o comentarios sobre esta Pol\u00edtica, no dude en comunicarse en cualquier momento a trav\u00e9s del <a href=\"https:\/\/psicopico.com\/contacto\/\" target=\"_blank\" rel=\"noopener\">formulario de contacto<\/a> disponible en el sitio o a trav\u00e9s del correo info@psicopico.com.<\/div>\n<\/div>\n<div class=\"post-footer\"><\/div>\n<\/div>\n<\/div>\n<\/div>\n<\/div>\n<\/div>\n<\/div>\n<div id=\"HTML15\" class=\"widget HTML\"><\/div>","protected":false},"excerpt":{"rendered":"<p>Esta noticia non est\u00e1 dispo\u00f1ible en galego&#8230;sent\u00edmolo. Proba en castel\u00e1n. Apertas! For the sake of viewer convenience, the content is shown below in the alternative language. You may click the link to switch the active language. Pol\u00edtica de Privacidad de la publicidad proporcionada en este sitio: Nuestro sitio utiliza el servicio publicitario Google Adsense (Politica [&hellip;]<\/p>\n","protected":false},"author":1,"featured_media":0,"parent":0,"menu_order":0,"comment_status":"closed","ping_status":"closed","template":"template-full-width.php","meta":{"_joinchat":[],"footnotes":""},"class_list":["post-1230","page","type-page","status-publish","hentry"],"yoast_head":"<!-- This site is optimized with the Yoast SEO plugin v27.4 - https:\/\/yoast.com\/product\/yoast-seo-wordpress\/ -->\n<title>(Espa\u00f1ol) Pol\u00edticas de Privacidad - PsicoPico<\/title>\n<meta name=\"robots\" content=\"index, follow, max-snippet:-1, max-image-preview:large, max-video-preview:-1\" \/>\n<link rel=\"canonical\" href=\"https:\/\/psicopico.com\/politicas-de-privacidad\/\" \/>\n<meta property=\"og:locale\" content=\"en_US\" \/>\n<meta property=\"og:type\" content=\"article\" \/>\n<meta property=\"og:title\" content=\"(Espa\u00f1ol) Pol\u00edticas de Privacidad - PsicoPico\" \/>\n<meta property=\"og:description\" content=\"Esta noticia non est\u00e1 dispo\u00f1ible en galego...sent\u00edmolo. Proba en castel\u00e1n. Apertas! For the sake of viewer convenience, the content is shown below in the alternative language. You may click the link to switch the active language. Pol\u00edtica de Privacidad de la publicidad proporcionada en este sitio: Nuestro sitio utiliza el servicio publicitario Google Adsense (Politica [&hellip;]\" \/>\n<meta property=\"og:url\" content=\"https:\/\/psicopico.com\/politicas-de-privacidad\/\" \/>\n<meta property=\"og:site_name\" content=\"PsicoPico\" \/>\n<meta property=\"article:publisher\" content=\"https:\/\/es-la.facebook.com\/psicopicopsicologia\/\" \/>\n<meta property=\"article:modified_time\" content=\"2018-04-21T13:22:00+00:00\" \/>\n<meta name=\"twitter:card\" content=\"summary_large_image\" \/>\n<meta name=\"twitter:site\" content=\"@psicopico\" \/>\n<meta name=\"twitter:label1\" content=\"Est. reading time\" \/>\n\t<meta name=\"twitter:data1\" content=\"4 minutes\" \/>\n<script type=\"application\/ld+json\" class=\"yoast-schema-graph\">{\"@context\":\"https:\\\/\\\/schema.org\",\"@graph\":[{\"@type\":\"WebPage\",\"@id\":\"https:\\\/\\\/psicopico.com\\\/politicas-de-privacidad\\\/\",\"url\":\"https:\\\/\\\/psicopico.com\\\/politicas-de-privacidad\\\/\",\"name\":\"(Espa\u00f1ol) Pol\u00edticas de Privacidad - PsicoPico\",\"isPartOf\":{\"@id\":\"https:\\\/\\\/psicopico.com\\\/#website\"},\"datePublished\":\"2016-01-18T16:21:24+00:00\",\"dateModified\":\"2018-04-21T13:22:00+00:00\",\"breadcrumb\":{\"@id\":\"https:\\\/\\\/psicopico.com\\\/politicas-de-privacidad\\\/#breadcrumb\"},\"inLanguage\":\"gal-GAL\",\"potentialAction\":[{\"@type\":\"ReadAction\",\"target\":[\"https:\\\/\\\/psicopico.com\\\/politicas-de-privacidad\\\/\"]}]},{\"@type\":\"BreadcrumbList\",\"@id\":\"https:\\\/\\\/psicopico.com\\\/politicas-de-privacidad\\\/#breadcrumb\",\"itemListElement\":[{\"@type\":\"ListItem\",\"position\":1,\"name\":\"Inicio\",\"item\":\"https:\\\/\\\/psicopico.com\\\/\"},{\"@type\":\"ListItem\",\"position\":2,\"name\":\"Pol\u00edticas de Privacidad\"}]},{\"@type\":\"WebSite\",\"@id\":\"https:\\\/\\\/psicopico.com\\\/#website\",\"url\":\"https:\\\/\\\/psicopico.com\\\/\",\"name\":\"PsicoPico\",\"description\":\"Psicopico - Psicolox\u00eda Online por Iv\u00e1n Pico\",\"publisher\":{\"@id\":\"https:\\\/\\\/psicopico.com\\\/#organization\"},\"potentialAction\":[{\"@type\":\"SearchAction\",\"target\":{\"@type\":\"EntryPoint\",\"urlTemplate\":\"https:\\\/\\\/psicopico.com\\\/?s={search_term_string}\"},\"query-input\":{\"@type\":\"PropertyValueSpecification\",\"valueRequired\":true,\"valueName\":\"search_term_string\"}}],\"inLanguage\":\"gal-GAL\"},{\"@type\":\"Organization\",\"@id\":\"https:\\\/\\\/psicopico.com\\\/#organization\",\"name\":\"Psicopico\",\"url\":\"https:\\\/\\\/psicopico.com\\\/\",\"logo\":{\"@type\":\"ImageObject\",\"inLanguage\":\"gal-GAL\",\"@id\":\"https:\\\/\\\/psicopico.com\\\/#\\\/schema\\\/logo\\\/image\\\/\",\"url\":\"https:\\\/\\\/i0.wp.com\\\/psicopico.com\\\/wp-content\\\/uploads\\\/2015\\\/12\\\/logowebpsicopico.png?fit=377%2C113&ssl=1\",\"contentUrl\":\"https:\\\/\\\/i0.wp.com\\\/psicopico.com\\\/wp-content\\\/uploads\\\/2015\\\/12\\\/logowebpsicopico.png?fit=377%2C113&ssl=1\",\"width\":\"377\",\"height\":\"113\",\"caption\":\"Psicopico\"},\"image\":{\"@id\":\"https:\\\/\\\/psicopico.com\\\/#\\\/schema\\\/logo\\\/image\\\/\"},\"sameAs\":[\"https:\\\/\\\/es-la.facebook.com\\\/psicopicopsicologia\\\/\",\"https:\\\/\\\/x.com\\\/psicopico\",\"https:\\\/\\\/instagram.com\\\/psicopico\",\"https:\\\/\\\/es.linkedin.com\\\/in\\\/iv\u00e1n-pico-mart\u00ednez-5bb46873\",\"https:\\\/\\\/www.pinterest.es\\\/psicopico\\\/\",\"https:\\\/\\\/www.youtube.com\\\/channel\\\/UCwM4gAydCyOv_3sBkqVb74Q\"]}]}<\/script>\n<!-- \/ Yoast SEO plugin. -->","yoast_head_json":{"title":"(Espa\u00f1ol) Pol\u00edticas de Privacidad - PsicoPico","robots":{"index":"index","follow":"follow","max-snippet":"max-snippet:-1","max-image-preview":"max-image-preview:large","max-video-preview":"max-video-preview:-1"},"canonical":"https:\/\/psicopico.com\/politicas-de-privacidad\/","og_locale":"en_US","og_type":"article","og_title":"(Espa\u00f1ol) Pol\u00edticas de Privacidad - PsicoPico","og_description":"Esta noticia non est\u00e1 dispo\u00f1ible en galego...sent\u00edmolo. Proba en castel\u00e1n. Apertas! For the sake of viewer convenience, the content is shown below in the alternative language. You may click the link to switch the active language. Pol\u00edtica de Privacidad de la publicidad proporcionada en este sitio: Nuestro sitio utiliza el servicio publicitario Google Adsense (Politica [&hellip;]","og_url":"https:\/\/psicopico.com\/politicas-de-privacidad\/","og_site_name":"PsicoPico","article_publisher":"https:\/\/es-la.facebook.com\/psicopicopsicologia\/","article_modified_time":"2018-04-21T13:22:00+00:00","twitter_card":"summary_large_image","twitter_site":"@psicopico","twitter_misc":{"Est. reading time":"4 minutes"},"schema":{"@context":"https:\/\/schema.org","@graph":[{"@type":"WebPage","@id":"https:\/\/psicopico.com\/politicas-de-privacidad\/","url":"https:\/\/psicopico.com\/politicas-de-privacidad\/","name":"(Espa\u00f1ol) Pol\u00edticas de Privacidad - PsicoPico","isPartOf":{"@id":"https:\/\/psicopico.com\/#website"},"datePublished":"2016-01-18T16:21:24+00:00","dateModified":"2018-04-21T13:22:00+00:00","breadcrumb":{"@id":"https:\/\/psicopico.com\/politicas-de-privacidad\/#breadcrumb"},"inLanguage":"gal-GAL","potentialAction":[{"@type":"ReadAction","target":["https:\/\/psicopico.com\/politicas-de-privacidad\/"]}]},{"@type":"BreadcrumbList","@id":"https:\/\/psicopico.com\/politicas-de-privacidad\/#breadcrumb","itemListElement":[{"@type":"ListItem","position":1,"name":"Inicio","item":"https:\/\/psicopico.com\/"},{"@type":"ListItem","position":2,"name":"Pol\u00edticas de Privacidad"}]},{"@type":"WebSite","@id":"https:\/\/psicopico.com\/#website","url":"https:\/\/psicopico.com\/","name":"PsicoPico","description":"Psicopico - Psicolox\u00eda Online por Iv\u00e1n Pico","publisher":{"@id":"https:\/\/psicopico.com\/#organization"},"potentialAction":[{"@type":"SearchAction","target":{"@type":"EntryPoint","urlTemplate":"https:\/\/psicopico.com\/?s={search_term_string}"},"query-input":{"@type":"PropertyValueSpecification","valueRequired":true,"valueName":"search_term_string"}}],"inLanguage":"gal-GAL"},{"@type":"Organization","@id":"https:\/\/psicopico.com\/#organization","name":"Psicopico","url":"https:\/\/psicopico.com\/","logo":{"@type":"ImageObject","inLanguage":"gal-GAL","@id":"https:\/\/psicopico.com\/#\/schema\/logo\/image\/","url":"https:\/\/i0.wp.com\/psicopico.com\/wp-content\/uploads\/2015\/12\/logowebpsicopico.png?fit=377%2C113&ssl=1","contentUrl":"https:\/\/i0.wp.com\/psicopico.com\/wp-content\/uploads\/2015\/12\/logowebpsicopico.png?fit=377%2C113&ssl=1","width":"377","height":"113","caption":"Psicopico"},"image":{"@id":"https:\/\/psicopico.com\/#\/schema\/logo\/image\/"},"sameAs":["https:\/\/es-la.facebook.com\/psicopicopsicologia\/","https:\/\/x.com\/psicopico","https:\/\/instagram.com\/psicopico","https:\/\/es.linkedin.com\/in\/iv\u00e1n-pico-mart\u00ednez-5bb46873","https:\/\/www.pinterest.es\/psicopico\/","https:\/\/www.youtube.com\/channel\/UCwM4gAydCyOv_3sBkqVb74Q"]}]}},"jetpack_shortlink":"https:\/\/wp.me\/P6Zx58-jQ","jetpack_sharing_enabled":true,"_links":{"self":[{"href":"https:\/\/psicopico.com\/gl\/wp-json\/wp\/v2\/pages\/1230","targetHints":{"allow":["GET"]}}],"collection":[{"href":"https:\/\/psicopico.com\/gl\/wp-json\/wp\/v2\/pages"}],"about":[{"href":"https:\/\/psicopico.com\/gl\/wp-json\/wp\/v2\/types\/page"}],"author":[{"embeddable":true,"href":"https:\/\/psicopico.com\/gl\/wp-json\/wp\/v2\/users\/1"}],"replies":[{"embeddable":true,"href":"https:\/\/psicopico.com\/gl\/wp-json\/wp\/v2\/comments?post=1230"}],"version-history":[{"count":0,"href":"https:\/\/psicopico.com\/gl\/wp-json\/wp\/v2\/pages\/1230\/revisions"}],"wp:attachment":[{"href":"https:\/\/psicopico.com\/gl\/wp-json\/wp\/v2\/media?parent=1230"}],"curies":[{"name":"wp","href":"https:\/\/api.w.org\/{rel}","templated":true}]}}