{"id":753,"date":"2016-01-08T18:26:03","date_gmt":"2016-01-08T18:26:03","guid":{"rendered":"http:\/\/psicopico.com\/?page_id=753"},"modified":"2016-01-08T18:37:47","modified_gmt":"2016-01-08T18:37:47","slug":"coaching","status":"publish","type":"page","link":"https:\/\/psicopico.com\/en\/diccionarios-psicologia\/coaching\/","title":{"rendered":"(Espa\u00f1ol) Coaching"},"content":{"rendered":"<p class=\"qtranxs-available-languages-message qtranxs-available-languages-message-en\">Sorry, this entry is only available in <a href=\"https:\/\/psicopico.com\/es\/wp-json\/wp\/v2\/pages\/753\" class=\"qtranxs-available-language-link qtranxs-available-language-link-es\" title=\"Espa\u00f1ol\">Espa\u00f1ol<\/a>. For the sake of viewer convenience, the content is shown below in the alternative language. You may click the link to switch the active language.<\/p><strong>Aprendizaje:<\/strong> es el proceso a trav\u00e9s del cual se adquieren nuevas habilidades, destrezas, conocimientos, conductas o valores como resultado del estudio, la experiencia, la instrucci\u00f3n, el razonamiento y la observaci\u00f3n. Este proceso puede ser analizado desde distintas perspectivas, por lo que existen distintas teor\u00edas del aprendizaje.<\/p>\n<p><strong>Arquetipo sist\u00e9mico<\/strong>: es la descripci\u00f3n de un proceso que ayuda a reconocer comportamientos repetitivos, para encontrar sus<em>puntos de apalancamiento<\/em>, es decir, permite saber cu\u00e1l es el cambio adecuado para eliminar el l\u00edmite m\u00e1s importante que sufre el sistema, a trav\u00e9s de lo cual ganar\u00e1 dinamismo en una forma m\u00e1s que proporcional<\/p>\n<p><strong>Estado Asociado\/Disociado:<\/strong> La disociaci\u00f3n permite que una persona se auto-observe en un evento que le afecta \u00a0como si fuera un espectador, y esa exclusi\u00f3n de la emoci\u00f3n fuera del pensamiento y de la acci\u00f3n \u2013la perspectiva del espectador\u2013 \u00a0puede ayudar a desidentificarse con la situaci\u00f3n.<\/p>\n<p><strong>Capacidad<\/strong>: Es el producto de los talentos por la energ\u00eda de que disponemos para aplicarlos a una tarea.<\/p>\n<p><strong>Coach<\/strong><em>:<\/em> persona que realiza el proceso de coaching a un cliente. El coach no requiere un conocimiento experto del problema de su cliente. M\u00e1s que ofrecer respuestas, formula preguntas, ayudando a explorar el presente y a dise\u00f1ar el futuro.\u00a0Seg\u00fan la R.A.E es la persona que asesora a otra para impulsar su desarrollo profesional y personal (en deporte, entrenador).<\/p>\n<p><strong>Coachee<\/strong>: persona en entrenamiento, quien recibe los conocimientos y las competencias que necesita para mejorar en su vida profesional.<\/p>\n<p><strong>Coaching ejecutivo <\/strong>centra su trabajo en el desarrollo de habilidades que faciliten la obtenci\u00f3n de resultados en el \u00e1mbito corporativo. En este caso, el enfoque apunta a entrenar la capacidad de liderazgo, comunicaci\u00f3n, gesti\u00f3n del tiempo y los elementos personales que influyen directamente en los resultados econ\u00f3micos de la empresa. Es una metodolog\u00eda muy utilizada en los altos mandos a nivel internacional.<\/p>\n<p><strong>Coaching ontol\u00f3gico<\/strong>: se centra en el uso del lenguaje y c\u00f3mo \u00e9ste determina nuestros comportamientos y emociones. El\u00a0 coach ontol\u00f3gico, trabajar\u00e1 fundamentalmente centrado en la elaboraci\u00f3n de significado verbal y mental del cliente.<\/p>\n<p><strong>Coaching personal:<\/strong> trata de la clarificaci\u00f3n de valores y visiones, as\u00ed como del establecimiento de objetivos y nuevas acciones para que el individuo pueda llevar una vida m\u00e1s satisfactoria. El coach puede trabajar con una persona para desarrollar y mejorar todos los aspectos de su vida individual. En definitiva, se puede <strong>hacer Coaching<\/strong> de bienestar, de relaciones, de trabajo, de transici\u00f3n por cambio de trabajo, pa\u00eds o pareja, de calidad de vida para saber conciliar, Coaching espiritual para encontrar sentido,\u2026<\/p>\n<p><strong>Coaching sist\u00e9mico: <\/strong>promueve en el cliente el desarrollo del talento individual, de sus competencias organizacionales y de ambientes de alto desempe\u00f1o. Se hace \u00e9nfasis a trav\u00e9s de un enfoque de procesos, abriendo posibilidades para hacer distinciones entre lo que \u201cmueve\u201d a la persona: ideas, creencias, valores, prejuicios; identifica los entornos sociales en los que participa y los roles con los que se comunica.<\/p>\n<p><strong>Competencia<\/strong>: saber hacer en situaciones concretas que requieren la aplicaci\u00f3n creativa, flexible y responsable de conocimientos, habilidades y actitudes.<\/p>\n<p><strong>Congruencias\/Incongruencia: <\/strong>La congruencia <em>se basa <\/em>en la <em>linealidad del discurso verbal (palabras) y no-verbal<\/em> (tono, posici\u00f3n corporal, gestualidad, mirada).<\/p>\n<p><strong>Creatividad: <\/strong>es la generaci\u00f3n de nuevas ideas o de nuevas asociaciones entre ideas y conceptos conocidos, que habitualmente producen soluciones originales.<\/p>\n<p><strong>Empat\u00eda:<\/strong> es la capacidad cognitiva de percibir en un contexto com\u00fan lo que un individuo diferente puede sentir.<\/p>\n<p><strong>Energ\u00eda:<\/strong> Fuerza interior, consumible y renovable sobre la que se sustentan todas nuestras acciones.<\/p>\n<p><strong>Feedback:<\/strong> Retroalimentaci\u00f3n. El an\u00e1lisis que haces de hechos ya ocurridos para poder mejorar acciones futuras.<\/p>\n<p><strong>Gestalt:<\/strong> m\u00e1s que una teor\u00eda de la psiquis, es un eficaz abordaje terap\u00e9utico y una filosof\u00eda de vida que prima la conciencia (awareness, <em>darse cuenta<\/em>), la propia responsabilidad de los procesos en curso y la fe en la sabidur\u00eda intr\u00ednseca del organismo (la persona total que somos) para auto-regularse de forma adecuada con un medio cambiante. Los pilares b\u00e1sicos son toma de conciencia, aqu\u00ed y ahora y responsabilidad individual.<\/p>\n<p><strong>Intensidad<\/strong>: Nivel de esfuerzo que aplicamos en el desarrollo de una tarea<\/p>\n<p><strong>Inteligencia emocional:<\/strong> \u201cEs una manera distinta de ser inteligente. Incluye la capacidad de saber qu\u00e9 siente uno mismo y de entender a los dem\u00e1s, controlar las propias reacciones y una cierta \u00e9tica\u201d.Daniel Goleman<\/p>\n<p>La <strong>negociaci\u00f3n<\/strong> es el proceso por el cual las partes interesadas resuelven conflictos, acuerdan l\u00edneas de conducta, buscan ventajas individuales o colectivas o procuran obtener resultados que sirvan a sus intereses mutuos. Se contempla generalmente como una forma de resoluci\u00f3n alternativa de conflictos o situaciones que impliquen acci\u00f3n multilateral.<\/p>\n<p>La<strong> toma de decisiones <\/strong>es el proceso mediante el cual se realiza una elecci\u00f3n entre las alternativas o formas para resolver diferentes situaciones de la vida, estas se pueden presentar en diferentes contextos: a nivel laboral, familiar, sentimental, empresarial (utilizando metodolog\u00edas cuantitativas que brinda la administraci\u00f3n), etc., es decir, en todo momento se toman decisiones, la diferencia entre cada una de estas es el proceso o la forma en la cual se llega a ellas. La toma de decisiones consiste, b\u00e1sicamente, en elegir una alternativa entre las disponibles, a los efectos de resolver un problema actual o potencial, (a\u00fan cuando no se evidencie un conflicto latente).<\/p>\n<p><strong>Management:<\/strong> <i>\u201c<\/i>Management es principalmente la tarea de planificar, coordinar, motivar y controlar los esfuerzos de otros hacia un objetivo espec\u00edfico\u201d. James L Lundy<\/p>\n<p>&nbsp;<\/p>\n<p><strong>Mentoring:<\/strong> Consiste en ofrecer consejos, informaci\u00f3n o gu\u00eda que hace una persona que tiene experiencia y habilidades en beneficio del desarrollo personal y profesional de otra persona<\/p>\n<p><strong>Met\u00e1fora<\/strong> consiste en el uso de una expresi\u00f3n con un significado distinto o en contexto diferente al habitual. Se utiliza en el Coaching para referirse al poder profundo de \u201clas historias-metaf\u00f3ricas\u201d y su acci\u00f3n en el cambio interno, la visi\u00f3n o el paso a un nivel de conciencia m\u00e1s profundo. Se usa como lenguaje del inconsciente.<\/p>\n<p><strong>Micrologro: <\/strong>\u00c9xito de peque\u00f1a envergadura, que no obstante influye sobre nuestra energ\u00eda de manera muy positiva en el momento de conseguirlo.<\/p>\n<p><strong>Objetivo:<\/strong> un prop\u00f3sito o meta que se propone a cumplir en un lapso definido de tiempo.<\/p>\n<p><strong>Paraling\u00fc\u00edstica:<\/strong> es parte del estudio de la comunicaci\u00f3n humana que se interesa por los elementos que acompa\u00f1an a las emisiones propiamente ling\u00fc\u00edsticas y que constituyen se\u00f1ales e indicios, normalmente no verbales, que contextualizan, sugieren interpretaciones particulares de la informaci\u00f3n propiamente ling\u00fc\u00edstica.<\/p>\n<p><strong>Preguntas potenciadoras: <\/strong>Cuestionamientos que realiza el coach a su cliente o <em>coach\u00e9e<\/em> para abrir nuevas posibilidades de pensamiento y acciones permitiendo a \u00e9ste ampliar la conciencia de las opciones existentes en su entorno.<\/p>\n<p><strong>Programaci\u00f3n Neuroling\u00fc\u00edstica (PNL):<\/strong> es el estudio de los procesos mentales con el fin de obtener un modelo formal y din\u00e1mico de c\u00f3mo funciona la mente y la percepci\u00f3n humana. La PNL intenta definir patrones (o \u00abprogramas\u00bb) directos sobre la conducta humana relacionados con el lenguaje.<\/p>\n<p><strong>Problem Solving: <\/strong>M\u00e9todo que utiliza constantemente estratagemas de l\u00f3gica no ordinaria, que hay que utilizar tanto en la planificaci\u00f3n como en la intervenci\u00f3n directa en las situaciones que hay que cambiar o en las situaciones en las cuales se busca mejorar el rendimiento.( Profesor Nardone.).<\/p>\n<p><strong>Quiebre: <\/strong>\u00a0El quiebre es un juicio de que lo que sucede, sea lo que sea, no cumple con lo que esper\u00e1bamos que sucediera. El quiebre es un juicio que dice \u201clo que ha ocurrido no es lo que me esperaba\u201d. Los quiebres pueden ser positivos o negativos. Negativos en \u00a0los casos en los que el quiebre restringe lo que es posible, es decir impide realizar algo. Negativo cuando lo que sucede produce como consecuencia que se expanden posibilidades es decir que se puedan hacer cosas que anteriormente no se pod\u00edan hacer.\u00a0 En cualquier caso los quiebres son subjetivos y personales y lo importante es la manera en la que se abordan.<\/p>\n<p><strong>Rapport\/Sinton\u00eda <\/strong>es una de las caracter\u00edsticas m\u00e1s importantes de la comunicaci\u00f3n subconsciente. Significa estar \u201cen sinton\u00eda\u201d con, o estar \u201cen la misma onda\u201d con la persona con quien uno se est\u00e1 comunicando. It is commonality of perspective: being \u201cin sync\u201d with, or being \u201con the same wavelength\u201d as the person with whom you are talking.<\/p>\n<p><strong>Rendimiento:<\/strong> Es el producto de la capacidad por la intensidad con que la aplicamos multiplicado por el tiempo que somos capaces de sostenerlo.<\/p>\n<p><strong>Resonancia<\/strong>: es una forma de empat\u00eda o identificaci\u00f3n afectivo-mental con la otra persona R. Boyatzis, D. Goleman y A. McKee (2002) dicen\u201d Las personas m\u00e1s resonantes son aquellas que sintonizan mejor con los dem\u00e1s y las que mantienen relaciones m\u00e1s transparentes, porque la resonancia minimiza el ruido del sistema\u201d.<\/p>\n<p><strong>SelfCoaching <\/strong>busca desarrollar el potencial profesional y humano para conseguir lo mejor de uno mismo sin ayuda presencial. Es un m\u00e9todo que ense\u00f1a a ser feliz y disfrutar de la vida con las personas que te rodean desde el autoconocimiento y la aplicaci\u00f3n de un compromiso para mejorar.<\/p>\n<p><strong>Talento:<\/strong> habilidad innata o aprendida \u00a0de cuya existencia y nivel depender\u00e1 la intensidad con la que deberemos acometer un proyecto para obtener un mismo resultado.<\/p>\n<p><strong>Visualizaci\u00f3n:<\/strong> es la generaci\u00f3n de una imagen mental o una imagen real de algo abstracto o invisible.<\/p>\n<p><strong>Zona de confort<\/strong> es el conjunto de l\u00edmites que, sutilmente, la persona acaba por confundir con el marco de su \u00edntima existencia. Sin duda, es una de las expresiones m\u00e1s significativas porque define muy gr\u00e1ficamente el acomodo de aquellas personas que han renunciado a tomar iniciativas que les permitan gobernar sus vidas.","protected":false},"excerpt":{"rendered":"<p>Sorry, this entry is only available in Espa\u00f1ol. For the sake of viewer convenience, the content is shown below in the alternative language. You may click the link to switch the active language.Aprendizaje: es el proceso a trav\u00e9s del cual se adquieren nuevas habilidades, destrezas, conocimientos, conductas o valores como resultado del estudio, la experiencia, [&hellip;]<\/p>\n","protected":false},"author":1,"featured_media":0,"parent":745,"menu_order":0,"comment_status":"closed","ping_status":"closed","template":"","meta":{"_joinchat":[],"footnotes":""},"class_list":["post-753","page","type-page","status-publish","hentry"],"yoast_head":"<!-- This site is optimized with the Yoast SEO plugin v27.4 - https:\/\/yoast.com\/product\/yoast-seo-wordpress\/ -->\n<title>Diccionario Coaching - PsicoPico<\/title>\n<meta name=\"robots\" content=\"index, follow, max-snippet:-1, max-image-preview:large, max-video-preview:-1\" \/>\n<link rel=\"canonical\" href=\"https:\/\/psicopico.com\/diccionarios-psicologia\/coaching\/\" \/>\n<meta property=\"og:locale\" content=\"en_US\" \/>\n<meta property=\"og:type\" content=\"article\" \/>\n<meta property=\"og:title\" content=\"Diccionario Coaching - PsicoPico\" \/>\n<meta property=\"og:description\" content=\"Sorry, this entry is only available in Espa\u00f1ol. For the sake of viewer convenience, the content is shown below in the alternative language. You may click the link to switch the active language.Aprendizaje: es el proceso a trav\u00e9s del cual se adquieren nuevas habilidades, destrezas, conocimientos, conductas o valores como resultado del estudio, la experiencia, [&hellip;]\" \/>\n<meta property=\"og:url\" content=\"https:\/\/psicopico.com\/diccionarios-psicologia\/coaching\/\" \/>\n<meta property=\"og:site_name\" content=\"PsicoPico\" \/>\n<meta property=\"article:publisher\" content=\"https:\/\/es-la.facebook.com\/psicopicopsicologia\/\" \/>\n<meta property=\"article:modified_time\" content=\"2016-01-08T18:37:47+00:00\" \/>\n<meta name=\"twitter:card\" content=\"summary_large_image\" \/>\n<meta name=\"twitter:site\" content=\"@psicopico\" \/>\n<meta name=\"twitter:label1\" content=\"Est. reading time\" \/>\n\t<meta name=\"twitter:data1\" content=\"8 minutes\" \/>\n<script type=\"application\/ld+json\" class=\"yoast-schema-graph\">{\"@context\":\"https:\\\/\\\/schema.org\",\"@graph\":[{\"@type\":\"WebPage\",\"@id\":\"https:\\\/\\\/psicopico.com\\\/diccionarios-psicologia\\\/coaching\\\/\",\"url\":\"https:\\\/\\\/psicopico.com\\\/diccionarios-psicologia\\\/coaching\\\/\",\"name\":\"Diccionario Coaching - PsicoPico\",\"isPartOf\":{\"@id\":\"https:\\\/\\\/psicopico.com\\\/#website\"},\"datePublished\":\"2016-01-08T18:26:03+00:00\",\"dateModified\":\"2016-01-08T18:37:47+00:00\",\"breadcrumb\":{\"@id\":\"https:\\\/\\\/psicopico.com\\\/diccionarios-psicologia\\\/coaching\\\/#breadcrumb\"},\"inLanguage\":\"en-US\",\"potentialAction\":[{\"@type\":\"ReadAction\",\"target\":[\"https:\\\/\\\/psicopico.com\\\/diccionarios-psicologia\\\/coaching\\\/\"]}]},{\"@type\":\"BreadcrumbList\",\"@id\":\"https:\\\/\\\/psicopico.com\\\/diccionarios-psicologia\\\/coaching\\\/#breadcrumb\",\"itemListElement\":[{\"@type\":\"ListItem\",\"position\":1,\"name\":\"Inicio\",\"item\":\"https:\\\/\\\/psicopico.com\\\/\"},{\"@type\":\"ListItem\",\"position\":2,\"name\":\"Diccionarios Psicolog\u00eda\",\"item\":\"https:\\\/\\\/psicopico.com\\\/diccionarios-psicologia\\\/\"},{\"@type\":\"ListItem\",\"position\":3,\"name\":\"Coaching\"}]},{\"@type\":\"WebSite\",\"@id\":\"https:\\\/\\\/psicopico.com\\\/#website\",\"url\":\"https:\\\/\\\/psicopico.com\\\/\",\"name\":\"PsicoPico\",\"description\":\"Psicopico - Online Psychology by Iv\u00e1n Pico\",\"publisher\":{\"@id\":\"https:\\\/\\\/psicopico.com\\\/#organization\"},\"potentialAction\":[{\"@type\":\"SearchAction\",\"target\":{\"@type\":\"EntryPoint\",\"urlTemplate\":\"https:\\\/\\\/psicopico.com\\\/?s={search_term_string}\"},\"query-input\":{\"@type\":\"PropertyValueSpecification\",\"valueRequired\":true,\"valueName\":\"search_term_string\"}}],\"inLanguage\":\"en-US\"},{\"@type\":\"Organization\",\"@id\":\"https:\\\/\\\/psicopico.com\\\/#organization\",\"name\":\"Psicopico\",\"url\":\"https:\\\/\\\/psicopico.com\\\/\",\"logo\":{\"@type\":\"ImageObject\",\"inLanguage\":\"en-US\",\"@id\":\"https:\\\/\\\/psicopico.com\\\/#\\\/schema\\\/logo\\\/image\\\/\",\"url\":\"https:\\\/\\\/i0.wp.com\\\/psicopico.com\\\/wp-content\\\/uploads\\\/2015\\\/12\\\/logowebpsicopico.png?fit=377%2C113&ssl=1\",\"contentUrl\":\"https:\\\/\\\/i0.wp.com\\\/psicopico.com\\\/wp-content\\\/uploads\\\/2015\\\/12\\\/logowebpsicopico.png?fit=377%2C113&ssl=1\",\"width\":\"377\",\"height\":\"113\",\"caption\":\"Psicopico\"},\"image\":{\"@id\":\"https:\\\/\\\/psicopico.com\\\/#\\\/schema\\\/logo\\\/image\\\/\"},\"sameAs\":[\"https:\\\/\\\/es-la.facebook.com\\\/psicopicopsicologia\\\/\",\"https:\\\/\\\/x.com\\\/psicopico\",\"https:\\\/\\\/instagram.com\\\/psicopico\",\"https:\\\/\\\/es.linkedin.com\\\/in\\\/iv\u00e1n-pico-mart\u00ednez-5bb46873\",\"https:\\\/\\\/www.pinterest.es\\\/psicopico\\\/\",\"https:\\\/\\\/www.youtube.com\\\/channel\\\/UCwM4gAydCyOv_3sBkqVb74Q\"]}]}<\/script>\n<!-- \/ Yoast SEO plugin. -->","yoast_head_json":{"title":"Diccionario Coaching - PsicoPico","robots":{"index":"index","follow":"follow","max-snippet":"max-snippet:-1","max-image-preview":"max-image-preview:large","max-video-preview":"max-video-preview:-1"},"canonical":"https:\/\/psicopico.com\/diccionarios-psicologia\/coaching\/","og_locale":"en_US","og_type":"article","og_title":"Diccionario Coaching - PsicoPico","og_description":"Sorry, this entry is only available in Espa\u00f1ol. For the sake of viewer convenience, the content is shown below in the alternative language. You may click the link to switch the active language.Aprendizaje: es el proceso a trav\u00e9s del cual se adquieren nuevas habilidades, destrezas, conocimientos, conductas o valores como resultado del estudio, la experiencia, [&hellip;]","og_url":"https:\/\/psicopico.com\/diccionarios-psicologia\/coaching\/","og_site_name":"PsicoPico","article_publisher":"https:\/\/es-la.facebook.com\/psicopicopsicologia\/","article_modified_time":"2016-01-08T18:37:47+00:00","twitter_card":"summary_large_image","twitter_site":"@psicopico","twitter_misc":{"Est. reading time":"8 minutes"},"schema":{"@context":"https:\/\/schema.org","@graph":[{"@type":"WebPage","@id":"https:\/\/psicopico.com\/diccionarios-psicologia\/coaching\/","url":"https:\/\/psicopico.com\/diccionarios-psicologia\/coaching\/","name":"Diccionario Coaching - PsicoPico","isPartOf":{"@id":"https:\/\/psicopico.com\/#website"},"datePublished":"2016-01-08T18:26:03+00:00","dateModified":"2016-01-08T18:37:47+00:00","breadcrumb":{"@id":"https:\/\/psicopico.com\/diccionarios-psicologia\/coaching\/#breadcrumb"},"inLanguage":"en-US","potentialAction":[{"@type":"ReadAction","target":["https:\/\/psicopico.com\/diccionarios-psicologia\/coaching\/"]}]},{"@type":"BreadcrumbList","@id":"https:\/\/psicopico.com\/diccionarios-psicologia\/coaching\/#breadcrumb","itemListElement":[{"@type":"ListItem","position":1,"name":"Inicio","item":"https:\/\/psicopico.com\/"},{"@type":"ListItem","position":2,"name":"Diccionarios Psicolog\u00eda","item":"https:\/\/psicopico.com\/diccionarios-psicologia\/"},{"@type":"ListItem","position":3,"name":"Coaching"}]},{"@type":"WebSite","@id":"https:\/\/psicopico.com\/#website","url":"https:\/\/psicopico.com\/","name":"PsicoPico","description":"Psicopico - Online Psychology by Iv\u00e1n Pico","publisher":{"@id":"https:\/\/psicopico.com\/#organization"},"potentialAction":[{"@type":"SearchAction","target":{"@type":"EntryPoint","urlTemplate":"https:\/\/psicopico.com\/?s={search_term_string}"},"query-input":{"@type":"PropertyValueSpecification","valueRequired":true,"valueName":"search_term_string"}}],"inLanguage":"en-US"},{"@type":"Organization","@id":"https:\/\/psicopico.com\/#organization","name":"Psicopico","url":"https:\/\/psicopico.com\/","logo":{"@type":"ImageObject","inLanguage":"en-US","@id":"https:\/\/psicopico.com\/#\/schema\/logo\/image\/","url":"https:\/\/i0.wp.com\/psicopico.com\/wp-content\/uploads\/2015\/12\/logowebpsicopico.png?fit=377%2C113&ssl=1","contentUrl":"https:\/\/i0.wp.com\/psicopico.com\/wp-content\/uploads\/2015\/12\/logowebpsicopico.png?fit=377%2C113&ssl=1","width":"377","height":"113","caption":"Psicopico"},"image":{"@id":"https:\/\/psicopico.com\/#\/schema\/logo\/image\/"},"sameAs":["https:\/\/es-la.facebook.com\/psicopicopsicologia\/","https:\/\/x.com\/psicopico","https:\/\/instagram.com\/psicopico","https:\/\/es.linkedin.com\/in\/iv\u00e1n-pico-mart\u00ednez-5bb46873","https:\/\/www.pinterest.es\/psicopico\/","https:\/\/www.youtube.com\/channel\/UCwM4gAydCyOv_3sBkqVb74Q"]}]}},"jetpack_shortlink":"https:\/\/wp.me\/P6Zx58-c9","jetpack_sharing_enabled":true,"_links":{"self":[{"href":"https:\/\/psicopico.com\/en\/wp-json\/wp\/v2\/pages\/753","targetHints":{"allow":["GET"]}}],"collection":[{"href":"https:\/\/psicopico.com\/en\/wp-json\/wp\/v2\/pages"}],"about":[{"href":"https:\/\/psicopico.com\/en\/wp-json\/wp\/v2\/types\/page"}],"author":[{"embeddable":true,"href":"https:\/\/psicopico.com\/en\/wp-json\/wp\/v2\/users\/1"}],"replies":[{"embeddable":true,"href":"https:\/\/psicopico.com\/en\/wp-json\/wp\/v2\/comments?post=753"}],"version-history":[{"count":0,"href":"https:\/\/psicopico.com\/en\/wp-json\/wp\/v2\/pages\/753\/revisions"}],"up":[{"embeddable":true,"href":"https:\/\/psicopico.com\/en\/wp-json\/wp\/v2\/pages\/745"}],"wp:attachment":[{"href":"https:\/\/psicopico.com\/en\/wp-json\/wp\/v2\/media?parent=753"}],"curies":[{"name":"wp","href":"https:\/\/api.w.org\/{rel}","templated":true}]}}