{"id":742,"date":"2016-01-08T17:44:50","date_gmt":"2016-01-08T17:44:50","guid":{"rendered":"http:\/\/psicopico.com\/?page_id=742"},"modified":"2016-01-11T17:18:55","modified_gmt":"2016-01-11T17:18:55","slug":"diccionario-fobias","status":"publish","type":"page","link":"https:\/\/psicopico.com\/en\/diccionario-fobias\/","title":{"rendered":"Phobics Dictionary"},"content":{"rendered":"<h1 style=\"text-align: center;\">\u00a0<a href=\"http:\/\/psicopico.com\/diccionario-fobias\/\">A<\/a> <a href=\"http:\/\/psicopico.com\/diccionario-fobias-bc\/\">BC<\/a> <a href=\"http:\/\/psicopico.com\/diccionario-fobias-de\/\">DE<\/a> <a href=\"http:\/\/psicopico.com\/phobics-glosary-fgh\/\">FGH<\/a> <a href=\"http:\/\/psicopico.com\/diccionario-fobias-ijkl\/\">IJKL<\/a> <a href=\"http:\/\/psicopico.com\/diccionario-fobias-m-n-o\/\">MNO<\/a> <a href=\"http:\/\/psicopico.com\/phobics-dictionary-pqr\/\">PQR<\/a> <a href=\"http:\/\/psicopico.com\/diccionario-fobias-s-t-u\/\">STU<\/a> <a href=\"http:\/\/psicopico.com\/diccionario-fobias-v-w-x-y-z\/\">VXYZ<\/a><\/h1>\n<h1 style=\"text-align: center;\"><div class=\"mks_separator\" style=\"border-bottom: 2px solid;\"><\/div><\/h1>\n<div class=\"row padding-top-40\">\n<div class=\"col-xs-12 col-sm-12 col-md-12 col-lg-12 margin-bottom-20\">\n<h3>A<\/h3>\n<p>Ablutophobia- Fear of washing or bathing.<br \/>\nAcarophobia- Fear of itching or of the insects that cause itching.<br \/>\nAcerophobia- Fear of sourness.<br \/>\nAchluophobia- Fear of darkness.<br \/>\nAcousticophobia- Fear of noise.<br \/>\nAcrophobia- Fear of heights.<br \/>\nAerophobia- Fear of drafts, air swallowing, or airbourne noxious substances.<br \/>\nAeroacrophobia- Fear of open high places.<br \/>\nAeronausiphobia- Fear of vomiting secondary to airsickness.<br \/>\nAgateophobia- Fear of insanity.<br \/>\nAgliophobia- Fear of pain.<br \/>\nAgoraphobia- Fear of open spaces or of being in crowded, public places like markets. Fear of leaving a safe place.<br \/>\nAgraphobia- Fear of sexual abuse.<br \/>\nAgrizoophobia- Fear of wild animals.<br \/>\nAgyrophobia- Fear of streets or crossing the street.<br \/>\nAichmophobia- Fear of needles or pointed objects.<br \/>\nAilurophobia- Fear of cats.<br \/>\nAlbuminurophobia- Fear of kidney disease.<br \/>\nAlektorophobia- Fear of chickens.<br \/>\nAlgophobia- Fear of pain.<br \/>\nAlliumphobia- Fear of garlic.<br \/>\nAllodoxaphobia- Fear of opinions.<br \/>\nAltophobia- Fear of heights.<br \/>\nAmathophobia- Fear of dust.<br \/>\nAmaxophobia- Fear of riding in a car.<br \/>\nAmbulophobia- Fear of walking.<br \/>\nAmnesiphobia- Fear of amnesia.<br \/>\nAmychophobia- Fear of scratches or being scratched.<br \/>\nAnablephobia- Fear of looking up.<br \/>\nAncraophobia- Fear of wind. (Anemophobia)<br \/>\nAndrophobia- Fear of men.<br \/>\nAnemophobia- Fear of air drafts or wind.(Ancraophobia)<br \/>\nAnginophobia- Fear of angina, choking or narrowness.<br \/>\nAnglophobia- Fear of England or English culture, etc.<br \/>\nAngrophobia \u2013 Fear of anger or of becoming angry.<br \/>\nAnkylophobia- Fear of immobility of a joint.<br \/>\nAnthrophobia or Anthophobia- Fear of flowers.<br \/>\nAnthropophobia- Fear of people or society.<br \/>\nAntlophobia- Fear of floods.<br \/>\nAnuptaphobia- Fear of staying single.<br \/>\nApeirophobia- Fear of infinity.<br \/>\nAphenphosmphobia- Fear of being touched. (Haphephobia)<br \/>\nApiphobia- Fear of bees.<br \/>\nApotemnophobia- Fear of persons with amputations.<br \/>\nArachibutyrophobia- Fear of peanut butter sticking to the roof of the mouth.<br \/>\nArachnephobia or Arachnophobia- Fear of spiders.<br \/>\nArithmophobia- Fear of numbers.<br \/>\nArrhenphobia- Fear of men.<br \/>\nArsonphobia- Fear of fire.<br \/>\nAsthenophobia- Fear of fainting or weakness.<br \/>\nAstraphobia or Astrapophobia- Fear of thunder and lightning.(Ceraunophobia, Keraunophobia)<br \/>\nAstrophobia- Fear of stars or celestial space.<br \/>\nAsymmetriphobia- Fear of asymmetrical things.<br \/>\nAtaxiophobia- Fear of ataxia. (muscular incoordination)<br \/>\nAtaxophobia- Fear of disorder or untidiness.<br \/>\nAtelophobia- Fear of imperfection.<br \/>\nAtephobia- Fear of ruin or ruins.<br \/>\nAthazagoraphobia- Fear of being forgotton or ignored or forgetting.<br \/>\nAtomosophobia- Fear of atomic explosions.<br \/>\nAtychiphobia- Fear of failure.<br \/>\nAulophobia- Fear of flutes.<br \/>\nAurophobia- Fear of gold.<br \/>\nAuroraphobia- Fear of Northern lights.<br \/>\nAutodysomophobia- Fear of one that has a vile odor.<br \/>\nAutomatonophobia- Fear of ventriloquist\u2019s dummies, animatronic creatures, wax statues \u2013 anything that falsly represents a sentient being.<br \/>\nAutomysophobia- Fear of being dirty.<br \/>\nAutophobia- Fear of being alone or of oneself.<br \/>\nAviophobia or Aviatophobia- Fear of flying.<\/p>\n<p>&nbsp;<\/p>\n<h1 style=\"text-align: center;\">\u00a0<a href=\"http:\/\/psicopico.com\/diccionario-fobias\/\">A<\/a> <a href=\"http:\/\/psicopico.com\/diccionario-fobias-bc\/\">BC<\/a> <a href=\"http:\/\/psicopico.com\/diccionario-fobias-de\/\">DE<\/a> <a href=\"http:\/\/psicopico.com\/phobics-glosary-fgh\/\">FGH<\/a> <a href=\"http:\/\/psicopico.com\/diccionario-fobias-ijkl\/\">IJKL<\/a> <a href=\"http:\/\/psicopico.com\/diccionario-fobias-m-n-o\/\">MNO<\/a> <a href=\"http:\/\/psicopico.com\/phobics-dictionary-pqr\/\">PQR<\/a> <a href=\"http:\/\/psicopico.com\/diccionario-fobias-s-t-u\/\">STU<\/a> <a href=\"http:\/\/psicopico.com\/diccionario-fobias-v-w-x-y-z\/\">VXYZ<\/a><\/h1>\n<h1 style=\"text-align: center;\"><div class=\"mks_separator\" style=\"border-bottom: 2px solid;\"><\/div><\/h1>\n<\/div>\n<\/div>","protected":false},"excerpt":{"rendered":"<p>\u00a0A BC DE FGH IJKL MNO PQR STU VXYZ A Ablutophobia- Fear of washing or bathing. Acarophobia- Fear of itching or of the insects that cause itching. Acerophobia- Fear of sourness. Achluophobia- Fear of darkness. Acousticophobia- Fear of noise. Acrophobia- Fear of heights. Aerophobia- Fear of drafts, air swallowing, or airbourne noxious substances. Aeroacrophobia- Fear [&hellip;]<\/p>\n","protected":false},"author":1,"featured_media":0,"parent":0,"menu_order":0,"comment_status":"closed","ping_status":"closed","template":"","meta":{"_joinchat":[],"footnotes":""},"class_list":["post-742","page","type-page","status-publish","hentry"],"yoast_head":"<!-- This site is optimized with the Yoast SEO plugin v27.4 - https:\/\/yoast.com\/product\/yoast-seo-wordpress\/ -->\n<title>Diccionario de Fobias | PsicoPico\u00a0<\/title>\n<meta name=\"description\" content=\"Descubre las fobias m\u00e1s curiosas. Los miedos psicol\u00f3gicos m\u00e1s irracionales en este listado por orden alfab\u00e9tico. \u00a0\" \/>\n<meta name=\"robots\" content=\"index, follow, max-snippet:-1, max-image-preview:large, max-video-preview:-1\" \/>\n<link rel=\"canonical\" href=\"https:\/\/psicopico.com\/en\/diccionario-fobias\/\" \/>\n<meta property=\"og:locale\" content=\"en_US\" \/>\n<meta property=\"og:type\" content=\"article\" \/>\n<meta property=\"og:title\" content=\"Diccionario de Fobias | PsicoPico\u00a0\" \/>\n<meta property=\"og:description\" content=\"Descubre las fobias m\u00e1s curiosas. Los miedos psicol\u00f3gicos m\u00e1s irracionales en este listado por orden alfab\u00e9tico. \u00a0\" \/>\n<meta property=\"og:url\" content=\"https:\/\/psicopico.com\/en\/diccionario-fobias\/\" \/>\n<meta property=\"og:site_name\" content=\"PsicoPico\" \/>\n<meta property=\"article:publisher\" content=\"https:\/\/es-la.facebook.com\/psicopicopsicologia\/\" \/>\n<meta property=\"article:modified_time\" content=\"2016-01-11T17:18:55+00:00\" \/>\n<meta name=\"twitter:card\" content=\"summary_large_image\" \/>\n<meta name=\"twitter:site\" content=\"@psicopico\" \/>\n<meta name=\"twitter:label1\" content=\"Est. reading time\" \/>\n\t<meta name=\"twitter:data1\" content=\"6 minutes\" \/>\n<script type=\"application\/ld+json\" class=\"yoast-schema-graph\">{\"@context\":\"https:\\\/\\\/schema.org\",\"@graph\":[{\"@type\":\"WebPage\",\"@id\":\"https:\\\/\\\/psicopico.com\\\/en\\\/diccionario-fobias\\\/\",\"url\":\"https:\\\/\\\/psicopico.com\\\/en\\\/diccionario-fobias\\\/\",\"name\":\"Diccionario de Fobias | PsicoPico\u00a0\",\"isPartOf\":{\"@id\":\"https:\\\/\\\/psicopico.com\\\/#website\"},\"datePublished\":\"2016-01-08T17:44:50+00:00\",\"dateModified\":\"2016-01-11T17:18:55+00:00\",\"description\":\"Descubre las fobias m\u00e1s curiosas. Los miedos psicol\u00f3gicos m\u00e1s irracionales en este listado por orden alfab\u00e9tico. \u00a0\",\"breadcrumb\":{\"@id\":\"https:\\\/\\\/psicopico.com\\\/en\\\/diccionario-fobias\\\/#breadcrumb\"},\"inLanguage\":\"en-US\",\"potentialAction\":[{\"@type\":\"ReadAction\",\"target\":[\"https:\\\/\\\/psicopico.com\\\/en\\\/diccionario-fobias\\\/\"]}]},{\"@type\":\"BreadcrumbList\",\"@id\":\"https:\\\/\\\/psicopico.com\\\/en\\\/diccionario-fobias\\\/#breadcrumb\",\"itemListElement\":[{\"@type\":\"ListItem\",\"position\":1,\"name\":\"Inicio\",\"item\":\"https:\\\/\\\/psicopico.com\\\/\"},{\"@type\":\"ListItem\",\"position\":2,\"name\":\"Phobics Dictionary\"}]},{\"@type\":\"WebSite\",\"@id\":\"https:\\\/\\\/psicopico.com\\\/#website\",\"url\":\"https:\\\/\\\/psicopico.com\\\/\",\"name\":\"PsicoPico\",\"description\":\"Psicopico - Online Psychology by Iv\u00e1n Pico\",\"publisher\":{\"@id\":\"https:\\\/\\\/psicopico.com\\\/#organization\"},\"potentialAction\":[{\"@type\":\"SearchAction\",\"target\":{\"@type\":\"EntryPoint\",\"urlTemplate\":\"https:\\\/\\\/psicopico.com\\\/?s={search_term_string}\"},\"query-input\":{\"@type\":\"PropertyValueSpecification\",\"valueRequired\":true,\"valueName\":\"search_term_string\"}}],\"inLanguage\":\"en-US\"},{\"@type\":\"Organization\",\"@id\":\"https:\\\/\\\/psicopico.com\\\/#organization\",\"name\":\"Psicopico\",\"url\":\"https:\\\/\\\/psicopico.com\\\/\",\"logo\":{\"@type\":\"ImageObject\",\"inLanguage\":\"en-US\",\"@id\":\"https:\\\/\\\/psicopico.com\\\/#\\\/schema\\\/logo\\\/image\\\/\",\"url\":\"https:\\\/\\\/i0.wp.com\\\/psicopico.com\\\/wp-content\\\/uploads\\\/2015\\\/12\\\/logowebpsicopico.png?fit=377%2C113&ssl=1\",\"contentUrl\":\"https:\\\/\\\/i0.wp.com\\\/psicopico.com\\\/wp-content\\\/uploads\\\/2015\\\/12\\\/logowebpsicopico.png?fit=377%2C113&ssl=1\",\"width\":\"377\",\"height\":\"113\",\"caption\":\"Psicopico\"},\"image\":{\"@id\":\"https:\\\/\\\/psicopico.com\\\/#\\\/schema\\\/logo\\\/image\\\/\"},\"sameAs\":[\"https:\\\/\\\/es-la.facebook.com\\\/psicopicopsicologia\\\/\",\"https:\\\/\\\/x.com\\\/psicopico\",\"https:\\\/\\\/instagram.com\\\/psicopico\",\"https:\\\/\\\/es.linkedin.com\\\/in\\\/iv\u00e1n-pico-mart\u00ednez-5bb46873\",\"https:\\\/\\\/www.pinterest.es\\\/psicopico\\\/\",\"https:\\\/\\\/www.youtube.com\\\/channel\\\/UCwM4gAydCyOv_3sBkqVb74Q\"]}]}<\/script>\n<!-- \/ Yoast SEO plugin. -->","yoast_head_json":{"title":"Diccionario de Fobias | PsicoPico\u00a0","description":"Descubre las fobias m\u00e1s curiosas. Los miedos psicol\u00f3gicos m\u00e1s irracionales en este listado por orden alfab\u00e9tico. \u00a0","robots":{"index":"index","follow":"follow","max-snippet":"max-snippet:-1","max-image-preview":"max-image-preview:large","max-video-preview":"max-video-preview:-1"},"canonical":"https:\/\/psicopico.com\/en\/diccionario-fobias\/","og_locale":"en_US","og_type":"article","og_title":"Diccionario de Fobias | PsicoPico\u00a0","og_description":"Descubre las fobias m\u00e1s curiosas. Los miedos psicol\u00f3gicos m\u00e1s irracionales en este listado por orden alfab\u00e9tico. \u00a0","og_url":"https:\/\/psicopico.com\/en\/diccionario-fobias\/","og_site_name":"PsicoPico","article_publisher":"https:\/\/es-la.facebook.com\/psicopicopsicologia\/","article_modified_time":"2016-01-11T17:18:55+00:00","twitter_card":"summary_large_image","twitter_site":"@psicopico","twitter_misc":{"Est. reading time":"6 minutes"},"schema":{"@context":"https:\/\/schema.org","@graph":[{"@type":"WebPage","@id":"https:\/\/psicopico.com\/en\/diccionario-fobias\/","url":"https:\/\/psicopico.com\/en\/diccionario-fobias\/","name":"Diccionario de Fobias | PsicoPico\u00a0","isPartOf":{"@id":"https:\/\/psicopico.com\/#website"},"datePublished":"2016-01-08T17:44:50+00:00","dateModified":"2016-01-11T17:18:55+00:00","description":"Descubre las fobias m\u00e1s curiosas. Los miedos psicol\u00f3gicos m\u00e1s irracionales en este listado por orden alfab\u00e9tico. \u00a0","breadcrumb":{"@id":"https:\/\/psicopico.com\/en\/diccionario-fobias\/#breadcrumb"},"inLanguage":"en-US","potentialAction":[{"@type":"ReadAction","target":["https:\/\/psicopico.com\/en\/diccionario-fobias\/"]}]},{"@type":"BreadcrumbList","@id":"https:\/\/psicopico.com\/en\/diccionario-fobias\/#breadcrumb","itemListElement":[{"@type":"ListItem","position":1,"name":"Inicio","item":"https:\/\/psicopico.com\/"},{"@type":"ListItem","position":2,"name":"Phobics Dictionary"}]},{"@type":"WebSite","@id":"https:\/\/psicopico.com\/#website","url":"https:\/\/psicopico.com\/","name":"PsicoPico","description":"Psicopico - Online Psychology by Iv\u00e1n Pico","publisher":{"@id":"https:\/\/psicopico.com\/#organization"},"potentialAction":[{"@type":"SearchAction","target":{"@type":"EntryPoint","urlTemplate":"https:\/\/psicopico.com\/?s={search_term_string}"},"query-input":{"@type":"PropertyValueSpecification","valueRequired":true,"valueName":"search_term_string"}}],"inLanguage":"en-US"},{"@type":"Organization","@id":"https:\/\/psicopico.com\/#organization","name":"Psicopico","url":"https:\/\/psicopico.com\/","logo":{"@type":"ImageObject","inLanguage":"en-US","@id":"https:\/\/psicopico.com\/#\/schema\/logo\/image\/","url":"https:\/\/i0.wp.com\/psicopico.com\/wp-content\/uploads\/2015\/12\/logowebpsicopico.png?fit=377%2C113&ssl=1","contentUrl":"https:\/\/i0.wp.com\/psicopico.com\/wp-content\/uploads\/2015\/12\/logowebpsicopico.png?fit=377%2C113&ssl=1","width":"377","height":"113","caption":"Psicopico"},"image":{"@id":"https:\/\/psicopico.com\/#\/schema\/logo\/image\/"},"sameAs":["https:\/\/es-la.facebook.com\/psicopicopsicologia\/","https:\/\/x.com\/psicopico","https:\/\/instagram.com\/psicopico","https:\/\/es.linkedin.com\/in\/iv\u00e1n-pico-mart\u00ednez-5bb46873","https:\/\/www.pinterest.es\/psicopico\/","https:\/\/www.youtube.com\/channel\/UCwM4gAydCyOv_3sBkqVb74Q"]}]}},"jetpack_shortlink":"https:\/\/wp.me\/P6Zx58-bY","jetpack_sharing_enabled":true,"_links":{"self":[{"href":"https:\/\/psicopico.com\/en\/wp-json\/wp\/v2\/pages\/742","targetHints":{"allow":["GET"]}}],"collection":[{"href":"https:\/\/psicopico.com\/en\/wp-json\/wp\/v2\/pages"}],"about":[{"href":"https:\/\/psicopico.com\/en\/wp-json\/wp\/v2\/types\/page"}],"author":[{"embeddable":true,"href":"https:\/\/psicopico.com\/en\/wp-json\/wp\/v2\/users\/1"}],"replies":[{"embeddable":true,"href":"https:\/\/psicopico.com\/en\/wp-json\/wp\/v2\/comments?post=742"}],"version-history":[{"count":0,"href":"https:\/\/psicopico.com\/en\/wp-json\/wp\/v2\/pages\/742\/revisions"}],"wp:attachment":[{"href":"https:\/\/psicopico.com\/en\/wp-json\/wp\/v2\/media?parent=742"}],"curies":[{"name":"wp","href":"https:\/\/api.w.org\/{rel}","templated":true}]}}