{"id":615,"date":"2015-12-29T23:58:14","date_gmt":"2015-12-29T23:58:14","guid":{"rendered":"http:\/\/psicopico.com\/?page_id=615"},"modified":"2016-09-15T13:15:36","modified_gmt":"2016-09-15T12:15:36","slug":"diccionario-psicologia-general-letras-x-z","status":"publish","type":"page","link":"https:\/\/psicopico.com\/en\/diccionario-psicologia-general\/diccionario-psicologia-general-letras-x-z\/","title":{"rendered":"(Espa\u00f1ol) Diccionario Psicolog\u00eda General &#8211; Letras X-Y-Z"},"content":{"rendered":"<p class=\"qtranxs-available-languages-message qtranxs-available-languages-message-en\">Sorry, this entry is only available in <a href=\"https:\/\/psicopico.com\/es\/wp-json\/wp\/v2\/pages\/615\" class=\"qtranxs-available-language-link qtranxs-available-language-link-es\" title=\"Espa\u00f1ol\">Espa\u00f1ol<\/a>. For the sake of viewer convenience, the content is shown below in the alternative language. You may click the link to switch the active language.<\/p><h2 style=\"text-align: center;\">\u00a0<a href=\"http:\/\/psicopico.com\/diccionario-psicologia-general\/\">A<\/a> <a href=\"http:\/\/psicopico.com\/diccionario-psicologia-general\/diccionario-psicologia-general-letra-b\/\">B<\/a> <a href=\"http:\/\/psicopico.com\/diccionario-psicologia-general\/diccionario-psicologia-general-letra-c\/\">C<\/a> <a href=\"http:\/\/psicopico.com\/diccionario-psicologia-general\/diccionario-psicologia-general-letra-d\/\">D<\/a> <a href=\"http:\/\/psicopico.com\/diccionario-psicologia-general\/diccionario-psicologia-general-letra-e\/\">E<\/a> <a href=\"http:\/\/psicopico.com\/diccionario-psicologia-general\/diccionario-psicologia-general-letra-f\/\">F<\/a> <a href=\"http:\/\/psicopico.com\/diccionario-psicologia-general\/diccionario-psicologia-general-letra-g\/\">G<\/a> <a href=\"http:\/\/psicopico.com\/diccionario-psicologia-general\/diccionario-psicologia-general-letra-h\/\">H<\/a> <a href=\"http:\/\/psicopico.com\/diccionario-psicologia-general\/diccionario-psicologia-general-letra-i\/\">I<\/a>\u00a0<a href=\"http:\/\/psicopico.com\/diccionario-psicologia-general\/diccionario-psicologia-general-letra-l\/\">L<\/a> <a href=\"http:\/\/psicopico.com\/diccionario-psicologia-general\/diccionario-psicologia-general-letra-m\/\">M<\/a> <a href=\"http:\/\/psicopico.com\/diccionario-psicologia-general\/diccionario-psicologia-general-letra-n\/\">N<\/a> <a href=\"http:\/\/psicopico.com\/diccionario-psicologia-general\/diccionario-psicologia-general-letra\/\">O<\/a> <a href=\"http:\/\/psicopico.com\/diccionario-psicologia-general\/diccionario-psicologia-general-letra-p\/\">P<\/a>\u00a0<a href=\"http:\/\/psicopico.com\/diccionario-psicologia-general\/diccionario-psicologia-general-letra-i\/diccionario-psicologia-general-letra-r\/\">R<\/a> <a href=\"http:\/\/psicopico.com\/diccionario-psicologia-general\/608-2\/\">S<\/a> <a href=\"http:\/\/psicopico.com\/diccionario-psicologia-general\/diccionario-psicologia-general-letra-t\/\">T<\/a>\u00a0<a href=\"http:\/\/psicopico.com\/diccionario-psicologia-general\/diccionario-psicologia-general-letra-v\/\">V<\/a>\u00a0<a href=\"http:\/\/psicopico.com\/diccionario-psicologia-general\/diccionario-psicologia-general-letras-x-z\/\">XYZ<\/a><\/h2>\n<div class=\"mks_separator\" style=\"border-bottom: 2px solid;\"><\/div>\n<h3><\/h3>\n<h3>X<\/h3>\n<p><b>Xenofobia.<\/b> Fobia a las personas desconocidas.\u00a0 Fobia social aprendida en los procesos de socializaci\u00f3n y aprendizaje, que provoca odio y repulsi\u00f3n en lugar de miedos. Es el rechazo a las personas de otras razas, culturas y religiones.<\/p>\n<div class=\"mks_separator\" style=\"border-bottom: 2px solid;\"><\/div>\n<h3><\/h3>\n<h3>Y<\/h3>\n<p><b>Yo (<i>ego<\/i>).<\/b> Seg\u00fan Freud, es el &#8220;principio de realidad&#8221;, es consciente y tiene la funci\u00f3n de la comprobaci\u00f3n de la realidad, as\u00ed como la regulaci\u00f3n y control de los deseos e impulsos provinientes del Ello. Su tarea es la autoconservaci\u00f3n y utiliza todos los mecanismos psicol\u00f3gicos de defensa.<\/p>\n<p><b>Yoga.<\/b> Disciplina f\u00edsica y mental cuyo objetivo es alcanzar la uni\u00f3n m\u00edstica del individuo con la Totalidad, el Universo, el Gran Ser, la Conciencia C\u00f3smica o la Deidad.<\/p>\n<div class=\"mks_separator\" style=\"border-bottom: 2px solid;\"><\/div>\n<h3><\/h3>\n<p><strong>Z<\/strong><\/p>\n<p><b>Zen.<\/b>Una variedad del budismo meditativo que procura ayudar al individuo a alcanzar un estado de iluminaci\u00f3n caracterizado por la experiencia directa de la naturaleza genuina de la realidad, sin la intermediaci\u00f3n de abstracciones, palabras, creencias, conceptos o dualismos.<\/p>\n<p><b>Zona Er\u00f3gena.<\/b> Parte del cuerpo particularmente sensible a la excitaci\u00f3n sexual.<\/p>\n<p><b>Zoofilia.<\/b> Desviaci\u00f3n de la fuente de atracci\u00f3n sexual, en la que la excitaci\u00f3n se obtiene con animales.<\/p>\n<div class=\"mks_separator\" style=\"height: 2px;\"><\/div>\n<p>&nbsp;<\/p>\n<h2 style=\"text-align: center;\">\u00a0<a href=\"http:\/\/psicopico.com\/diccionario-psicologia-general\/\">A<\/a> <a href=\"http:\/\/psicopico.com\/diccionario-psicologia-general\/diccionario-psicologia-general-letra-b\/\">B<\/a> <a href=\"http:\/\/psicopico.com\/diccionario-psicologia-general\/diccionario-psicologia-general-letra-c\/\">C<\/a> <a href=\"http:\/\/psicopico.com\/diccionario-psicologia-general\/diccionario-psicologia-general-letra-d\/\">D<\/a> <a href=\"http:\/\/psicopico.com\/diccionario-psicologia-general\/diccionario-psicologia-general-letra-e\/\">E<\/a> <a href=\"http:\/\/psicopico.com\/diccionario-psicologia-general\/diccionario-psicologia-general-letra-f\/\">F<\/a> <a href=\"http:\/\/psicopico.com\/diccionario-psicologia-general\/diccionario-psicologia-general-letra-g\/\">G<\/a> <a href=\"http:\/\/psicopico.com\/diccionario-psicologia-general\/diccionario-psicologia-general-letra-h\/\">H<\/a> <a href=\"http:\/\/psicopico.com\/diccionario-psicologia-general\/diccionario-psicologia-general-letra-i\/\">I<\/a>\u00a0<a href=\"http:\/\/psicopico.com\/diccionario-psicologia-general\/diccionario-psicologia-general-letra-l\/\">L<\/a> <a href=\"http:\/\/psicopico.com\/diccionario-psicologia-general\/diccionario-psicologia-general-letra-m\/\">M<\/a> <a href=\"http:\/\/psicopico.com\/diccionario-psicologia-general\/diccionario-psicologia-general-letra-n\/\">N<\/a> <a href=\"http:\/\/psicopico.com\/diccionario-psicologia-general\/diccionario-psicologia-general-letra\/\">O<\/a> <a href=\"http:\/\/psicopico.com\/diccionario-psicologia-general\/diccionario-psicologia-general-letra-p\/\">P<\/a>\u00a0<a href=\"http:\/\/psicopico.com\/diccionario-psicologia-general\/diccionario-psicologia-general-letra-i\/diccionario-psicologia-general-letra-r\/\">R<\/a> <a href=\"http:\/\/psicopico.com\/diccionario-psicologia-general\/608-2\/\">S<\/a> <a href=\"http:\/\/psicopico.com\/diccionario-psicologia-general\/diccionario-psicologia-general-letra-t\/\">T<\/a>\u00a0<a href=\"http:\/\/psicopico.com\/diccionario-psicologia-general\/diccionario-psicologia-general-letra-v\/\">V<\/a>\u00a0<a href=\"http:\/\/psicopico.com\/diccionario-psicologia-general\/diccionario-psicologia-general-letras-x-z\/\">XYZ<\/a><\/h2>\n<p>&nbsp;<\/p>\n<hr \/>\n<p><b><i><span style=\"color: #0000ae;\">Bibliograf\u00eda:<\/span><\/i><\/b><\/p>\n<p>Bruno, F. J. <i>Diccionario de t\u00e9rminos psicol\u00f3gicos fundamentales.<\/i> (1997). Barcelona. Paid\u00f3s Studio.<\/p>\n<p>CIE 10, <i>Trastornos mentales y del comportamiento. Descripciones cl\u00ednicas y pautas para el diagn\u00f3stico<\/i>. (1992) Organizaci\u00f3n Mundial de la Salud. Madrid. Mediator.<\/p>\n<p>DSM-IV, <i>Manual diagn\u00f3stico y estad\u00edstico de los trastornos mentales.<\/i> (1997) APA. Barcelona. Masson.","protected":false},"excerpt":{"rendered":"<p>Sorry, this entry is only available in Espa\u00f1ol. For the sake of viewer convenience, the content is shown below in the alternative language. You may click the link to switch the active language.\u00a0A B C D E F G H I\u00a0L M N O P\u00a0R S T\u00a0V\u00a0XYZ X Xenofobia. Fobia a las personas desconocidas.\u00a0 Fobia [&hellip;]<\/p>\n","protected":false},"author":1,"featured_media":0,"parent":565,"menu_order":0,"comment_status":"closed","ping_status":"closed","template":"","meta":{"_joinchat":[],"footnotes":""},"class_list":["post-615","page","type-page","status-publish","hentry"],"yoast_head":"<!-- This site is optimized with the Yoast SEO plugin v27.4 - https:\/\/yoast.com\/product\/yoast-seo-wordpress\/ -->\n<title>(Espa\u00f1ol) Diccionario Psicolog\u00eda General - Letras X-Y-Z - PsicoPico<\/title>\n<meta name=\"robots\" content=\"index, follow, max-snippet:-1, max-image-preview:large, max-video-preview:-1\" \/>\n<link rel=\"canonical\" href=\"https:\/\/psicopico.com\/diccionario-psicologia-general\/diccionario-psicologia-general-letras-x-z\/\" \/>\n<meta property=\"og:locale\" content=\"en_US\" \/>\n<meta property=\"og:type\" content=\"article\" \/>\n<meta property=\"og:title\" content=\"(Espa\u00f1ol) Diccionario Psicolog\u00eda General - Letras X-Y-Z - PsicoPico\" \/>\n<meta property=\"og:description\" content=\"Sorry, this entry is only available in Espa\u00f1ol. For the sake of viewer convenience, the content is shown below in the alternative language. You may click the link to switch the active language.\u00a0A B C D E F G H I\u00a0L M N O P\u00a0R S T\u00a0V\u00a0XYZ X Xenofobia. Fobia a las personas desconocidas.\u00a0 Fobia [&hellip;]\" \/>\n<meta property=\"og:url\" content=\"https:\/\/psicopico.com\/diccionario-psicologia-general\/diccionario-psicologia-general-letras-x-z\/\" \/>\n<meta property=\"og:site_name\" content=\"PsicoPico\" \/>\n<meta property=\"article:publisher\" content=\"https:\/\/es-la.facebook.com\/psicopicopsicologia\/\" \/>\n<meta property=\"article:modified_time\" content=\"2016-09-15T12:15:36+00:00\" \/>\n<meta name=\"twitter:card\" content=\"summary_large_image\" \/>\n<meta name=\"twitter:site\" content=\"@psicopico\" \/>\n<meta name=\"twitter:label1\" content=\"Est. reading time\" \/>\n\t<meta name=\"twitter:data1\" content=\"2 minutes\" \/>\n<script type=\"application\/ld+json\" class=\"yoast-schema-graph\">{\"@context\":\"https:\\\/\\\/schema.org\",\"@graph\":[{\"@type\":\"WebPage\",\"@id\":\"https:\\\/\\\/psicopico.com\\\/diccionario-psicologia-general\\\/diccionario-psicologia-general-letras-x-z\\\/\",\"url\":\"https:\\\/\\\/psicopico.com\\\/diccionario-psicologia-general\\\/diccionario-psicologia-general-letras-x-z\\\/\",\"name\":\"(Espa\u00f1ol) Diccionario Psicolog\u00eda General - Letras X-Y-Z - PsicoPico\",\"isPartOf\":{\"@id\":\"https:\\\/\\\/psicopico.com\\\/#website\"},\"datePublished\":\"2015-12-29T23:58:14+00:00\",\"dateModified\":\"2016-09-15T12:15:36+00:00\",\"breadcrumb\":{\"@id\":\"https:\\\/\\\/psicopico.com\\\/diccionario-psicologia-general\\\/diccionario-psicologia-general-letras-x-z\\\/#breadcrumb\"},\"inLanguage\":\"en-US\",\"potentialAction\":[{\"@type\":\"ReadAction\",\"target\":[\"https:\\\/\\\/psicopico.com\\\/diccionario-psicologia-general\\\/diccionario-psicologia-general-letras-x-z\\\/\"]}]},{\"@type\":\"BreadcrumbList\",\"@id\":\"https:\\\/\\\/psicopico.com\\\/diccionario-psicologia-general\\\/diccionario-psicologia-general-letras-x-z\\\/#breadcrumb\",\"itemListElement\":[{\"@type\":\"ListItem\",\"position\":1,\"name\":\"Inicio\",\"item\":\"https:\\\/\\\/psicopico.com\\\/\"},{\"@type\":\"ListItem\",\"position\":2,\"name\":\"Diccionario de Psicolog\u00eda General\",\"item\":\"https:\\\/\\\/psicopico.com\\\/diccionario-psicologia-general\\\/\"},{\"@type\":\"ListItem\",\"position\":3,\"name\":\"Diccionario Psicolog\u00eda General &#8211; Letras X-Y-Z\"}]},{\"@type\":\"WebSite\",\"@id\":\"https:\\\/\\\/psicopico.com\\\/#website\",\"url\":\"https:\\\/\\\/psicopico.com\\\/\",\"name\":\"PsicoPico\",\"description\":\"Psicopico - Online Psychology by Iv\u00e1n Pico\",\"publisher\":{\"@id\":\"https:\\\/\\\/psicopico.com\\\/#organization\"},\"potentialAction\":[{\"@type\":\"SearchAction\",\"target\":{\"@type\":\"EntryPoint\",\"urlTemplate\":\"https:\\\/\\\/psicopico.com\\\/?s={search_term_string}\"},\"query-input\":{\"@type\":\"PropertyValueSpecification\",\"valueRequired\":true,\"valueName\":\"search_term_string\"}}],\"inLanguage\":\"en-US\"},{\"@type\":\"Organization\",\"@id\":\"https:\\\/\\\/psicopico.com\\\/#organization\",\"name\":\"Psicopico\",\"url\":\"https:\\\/\\\/psicopico.com\\\/\",\"logo\":{\"@type\":\"ImageObject\",\"inLanguage\":\"en-US\",\"@id\":\"https:\\\/\\\/psicopico.com\\\/#\\\/schema\\\/logo\\\/image\\\/\",\"url\":\"https:\\\/\\\/i0.wp.com\\\/psicopico.com\\\/wp-content\\\/uploads\\\/2015\\\/12\\\/logowebpsicopico.png?fit=377%2C113&ssl=1\",\"contentUrl\":\"https:\\\/\\\/i0.wp.com\\\/psicopico.com\\\/wp-content\\\/uploads\\\/2015\\\/12\\\/logowebpsicopico.png?fit=377%2C113&ssl=1\",\"width\":\"377\",\"height\":\"113\",\"caption\":\"Psicopico\"},\"image\":{\"@id\":\"https:\\\/\\\/psicopico.com\\\/#\\\/schema\\\/logo\\\/image\\\/\"},\"sameAs\":[\"https:\\\/\\\/es-la.facebook.com\\\/psicopicopsicologia\\\/\",\"https:\\\/\\\/x.com\\\/psicopico\",\"https:\\\/\\\/instagram.com\\\/psicopico\",\"https:\\\/\\\/es.linkedin.com\\\/in\\\/iv\u00e1n-pico-mart\u00ednez-5bb46873\",\"https:\\\/\\\/www.pinterest.es\\\/psicopico\\\/\",\"https:\\\/\\\/www.youtube.com\\\/channel\\\/UCwM4gAydCyOv_3sBkqVb74Q\"]}]}<\/script>\n<!-- \/ Yoast SEO plugin. -->","yoast_head_json":{"title":"(Espa\u00f1ol) Diccionario Psicolog\u00eda General - Letras X-Y-Z - PsicoPico","robots":{"index":"index","follow":"follow","max-snippet":"max-snippet:-1","max-image-preview":"max-image-preview:large","max-video-preview":"max-video-preview:-1"},"canonical":"https:\/\/psicopico.com\/diccionario-psicologia-general\/diccionario-psicologia-general-letras-x-z\/","og_locale":"en_US","og_type":"article","og_title":"(Espa\u00f1ol) Diccionario Psicolog\u00eda General - Letras X-Y-Z - PsicoPico","og_description":"Sorry, this entry is only available in Espa\u00f1ol. For the sake of viewer convenience, the content is shown below in the alternative language. You may click the link to switch the active language.\u00a0A B C D E F G H I\u00a0L M N O P\u00a0R S T\u00a0V\u00a0XYZ X Xenofobia. Fobia a las personas desconocidas.\u00a0 Fobia [&hellip;]","og_url":"https:\/\/psicopico.com\/diccionario-psicologia-general\/diccionario-psicologia-general-letras-x-z\/","og_site_name":"PsicoPico","article_publisher":"https:\/\/es-la.facebook.com\/psicopicopsicologia\/","article_modified_time":"2016-09-15T12:15:36+00:00","twitter_card":"summary_large_image","twitter_site":"@psicopico","twitter_misc":{"Est. reading time":"2 minutes"},"schema":{"@context":"https:\/\/schema.org","@graph":[{"@type":"WebPage","@id":"https:\/\/psicopico.com\/diccionario-psicologia-general\/diccionario-psicologia-general-letras-x-z\/","url":"https:\/\/psicopico.com\/diccionario-psicologia-general\/diccionario-psicologia-general-letras-x-z\/","name":"(Espa\u00f1ol) Diccionario Psicolog\u00eda General - Letras X-Y-Z - PsicoPico","isPartOf":{"@id":"https:\/\/psicopico.com\/#website"},"datePublished":"2015-12-29T23:58:14+00:00","dateModified":"2016-09-15T12:15:36+00:00","breadcrumb":{"@id":"https:\/\/psicopico.com\/diccionario-psicologia-general\/diccionario-psicologia-general-letras-x-z\/#breadcrumb"},"inLanguage":"en-US","potentialAction":[{"@type":"ReadAction","target":["https:\/\/psicopico.com\/diccionario-psicologia-general\/diccionario-psicologia-general-letras-x-z\/"]}]},{"@type":"BreadcrumbList","@id":"https:\/\/psicopico.com\/diccionario-psicologia-general\/diccionario-psicologia-general-letras-x-z\/#breadcrumb","itemListElement":[{"@type":"ListItem","position":1,"name":"Inicio","item":"https:\/\/psicopico.com\/"},{"@type":"ListItem","position":2,"name":"Diccionario de Psicolog\u00eda General","item":"https:\/\/psicopico.com\/diccionario-psicologia-general\/"},{"@type":"ListItem","position":3,"name":"Diccionario Psicolog\u00eda General &#8211; Letras X-Y-Z"}]},{"@type":"WebSite","@id":"https:\/\/psicopico.com\/#website","url":"https:\/\/psicopico.com\/","name":"PsicoPico","description":"Psicopico - Online Psychology by Iv\u00e1n Pico","publisher":{"@id":"https:\/\/psicopico.com\/#organization"},"potentialAction":[{"@type":"SearchAction","target":{"@type":"EntryPoint","urlTemplate":"https:\/\/psicopico.com\/?s={search_term_string}"},"query-input":{"@type":"PropertyValueSpecification","valueRequired":true,"valueName":"search_term_string"}}],"inLanguage":"en-US"},{"@type":"Organization","@id":"https:\/\/psicopico.com\/#organization","name":"Psicopico","url":"https:\/\/psicopico.com\/","logo":{"@type":"ImageObject","inLanguage":"en-US","@id":"https:\/\/psicopico.com\/#\/schema\/logo\/image\/","url":"https:\/\/i0.wp.com\/psicopico.com\/wp-content\/uploads\/2015\/12\/logowebpsicopico.png?fit=377%2C113&ssl=1","contentUrl":"https:\/\/i0.wp.com\/psicopico.com\/wp-content\/uploads\/2015\/12\/logowebpsicopico.png?fit=377%2C113&ssl=1","width":"377","height":"113","caption":"Psicopico"},"image":{"@id":"https:\/\/psicopico.com\/#\/schema\/logo\/image\/"},"sameAs":["https:\/\/es-la.facebook.com\/psicopicopsicologia\/","https:\/\/x.com\/psicopico","https:\/\/instagram.com\/psicopico","https:\/\/es.linkedin.com\/in\/iv\u00e1n-pico-mart\u00ednez-5bb46873","https:\/\/www.pinterest.es\/psicopico\/","https:\/\/www.youtube.com\/channel\/UCwM4gAydCyOv_3sBkqVb74Q"]}]}},"jetpack_shortlink":"https:\/\/wp.me\/P6Zx58-9V","jetpack_sharing_enabled":true,"_links":{"self":[{"href":"https:\/\/psicopico.com\/en\/wp-json\/wp\/v2\/pages\/615","targetHints":{"allow":["GET"]}}],"collection":[{"href":"https:\/\/psicopico.com\/en\/wp-json\/wp\/v2\/pages"}],"about":[{"href":"https:\/\/psicopico.com\/en\/wp-json\/wp\/v2\/types\/page"}],"author":[{"embeddable":true,"href":"https:\/\/psicopico.com\/en\/wp-json\/wp\/v2\/users\/1"}],"replies":[{"embeddable":true,"href":"https:\/\/psicopico.com\/en\/wp-json\/wp\/v2\/comments?post=615"}],"version-history":[{"count":0,"href":"https:\/\/psicopico.com\/en\/wp-json\/wp\/v2\/pages\/615\/revisions"}],"up":[{"embeddable":true,"href":"https:\/\/psicopico.com\/en\/wp-json\/wp\/v2\/pages\/565"}],"wp:attachment":[{"href":"https:\/\/psicopico.com\/en\/wp-json\/wp\/v2\/media?parent=615"}],"curies":[{"name":"wp","href":"https:\/\/api.w.org\/{rel}","templated":true}]}}