{"id":611,"date":"2015-12-29T23:54:54","date_gmt":"2015-12-29T23:54:54","guid":{"rendered":"http:\/\/psicopico.com\/?page_id=611"},"modified":"2015-12-30T00:12:33","modified_gmt":"2015-12-30T00:12:33","slug":"diccionario-psicologia-general-letra-t","status":"publish","type":"page","link":"https:\/\/psicopico.com\/en\/diccionario-psicologia-general\/diccionario-psicologia-general-letra-t\/","title":{"rendered":"(Espa\u00f1ol) Diccionario Psicolog\u00eda General &#8211; Letra T"},"content":{"rendered":"<p class=\"qtranxs-available-languages-message qtranxs-available-languages-message-en\">Sorry, this entry is only available in <a href=\"https:\/\/psicopico.com\/es\/wp-json\/wp\/v2\/pages\/611\" class=\"qtranxs-available-language-link qtranxs-available-language-link-es\" title=\"Espa\u00f1ol\">Espa\u00f1ol<\/a>. For the sake of viewer convenience, the content is shown below in the alternative language. You may click the link to switch the active language.<\/p><div class=\"row padding-top-20\">\n<div class=\"col-xs-12 col-sm-12 col-md-12 col-lg-12\">\n<h2 style=\"text-align: center;\">\u00a0<a href=\"http:\/\/psicopico.com\/diccionario-psicologia-general\/\">A<\/a> <a href=\"http:\/\/psicopico.com\/diccionario-psicologia-general\/diccionario-psicologia-general-letra-b\/\">B<\/a> <a href=\"http:\/\/psicopico.com\/diccionario-psicologia-general\/diccionario-psicologia-general-letra-c\/\">C<\/a> <a href=\"http:\/\/psicopico.com\/diccionario-psicologia-general\/diccionario-psicologia-general-letra-d\/\">D<\/a> <a href=\"http:\/\/psicopico.com\/diccionario-psicologia-general\/diccionario-psicologia-general-letra-e\/\">E<\/a> <a href=\"http:\/\/psicopico.com\/diccionario-psicologia-general\/diccionario-psicologia-general-letra-f\/\">F<\/a> <a href=\"http:\/\/psicopico.com\/diccionario-psicologia-general\/diccionario-psicologia-general-letra-g\/\">G<\/a> <a href=\"http:\/\/psicopico.com\/diccionario-psicologia-general\/diccionario-psicologia-general-letra-h\/\">H<\/a> <a href=\"http:\/\/psicopico.com\/diccionario-psicologia-general\/diccionario-psicologia-general-letra-i\/\">I<\/a>\u00a0<a href=\"http:\/\/psicopico.com\/diccionario-psicologia-general\/diccionario-psicologia-general-letra-l\/\">L<\/a> <a href=\"http:\/\/psicopico.com\/diccionario-psicologia-general\/diccionario-psicologia-general-letra-m\/\">M<\/a> <a href=\"http:\/\/psicopico.com\/diccionario-psicologia-general\/diccionario-psicologia-general-letra-n\/\">N<\/a> <a href=\"http:\/\/psicopico.com\/diccionario-psicologia-general\/diccionario-psicologia-general-letra\/\">O<\/a> <a href=\"http:\/\/psicopico.com\/diccionario-psicologia-general\/diccionario-psicologia-general-letra-p\/\">P<\/a>\u00a0<a href=\"http:\/\/psicopico.com\/diccionario-psicologia-general\/diccionario-psicologia-general-letra-i\/diccionario-psicologia-general-letra-r\/\">R<\/a> <a href=\"http:\/\/psicopico.com\/diccionario-psicologia-general\/608-2\/\">S<\/a> <a href=\"http:\/\/psicopico.com\/diccionario-psicologia-general\/diccionario-psicologia-general-letra-t\/\">T<\/a>\u00a0<a href=\"http:\/\/psicopico.com\/diccionario-psicologia-general\/diccionario-psicologia-general-letra-v\/\">V<\/a>\u00a0<a href=\"http:\/\/psicopico.com\/diccionario-psicologia-general\/diccionario-psicologia-general-letras-x-z\/\">XYZ<\/a><\/h2>\n<h1><span style=\"font-size: 16px; line-height: 1.5;\"><div class=\"mks_separator\" style=\"border-bottom: 2px solid;\"><\/div><\/span><\/h1>\n<h3>T<\/h3>\n<p><b>Tanatolog\u00eda.<\/b> Es el estudio de la muerte y del proceso que lleva a ella.<\/p>\n<p><b>Temperamento.<\/b> Es la conformaci\u00f3n reactiva de un individuo, el aspecto espont\u00e1neo de su personalidad. Procede de la combinaci\u00f3n de disposiciones caracter\u00edsticas emanadas de sus apetitos, emociones y estados de \u00e1nimo.<\/p>\n<p><b>Tendencia central. <\/b>El concepto estad\u00edstico de <i>tendencia central<\/i> se refiere al agrupamiento de una serie de puntuaciones en torno de una medida intermedia com\u00fan.<\/p>\n<p><b>Tic.<\/b> Movimiento motor o vocalizaci\u00f3n involuntarios, s\u00fabitos, r\u00e1pidos, recurrentes, no r\u00edtmicos y estereotipados.<\/p>\n<p><b>Timidez.<\/b> Tendencia por parte de la persona a sentirse inc\u00f3modo, inhibido, torpe y muy consciente de s\u00ed mismo en presencia de otras personas. Esto produce incapacidad para participar en la vida social, aunque se desee hacerlo y se sepa c\u00f3mo.<\/p>\n<p><b>Tono muscular.<\/b> Estado de tensi\u00f3n de la musculatura y de excitaci\u00f3n, m\u00e1s elevado en el estado de vigilia y reducido durante el sue\u00f1o.<\/p>\n<p><b>Toxicoman\u00eda.<\/b> Uso habitual y da\u00f1ino de t\u00f3xicos, drogas o estupefacientes. Se acompa\u00f1a generalmente de una dependencia ps\u00edquica y a veces tambi\u00e9n f\u00edsica.<\/p>\n<p><b>Trance.<\/b> Estado ps\u00edquico particular en el que la conciencia queda limitada y son frecuentes los estados de amnesia.<\/p>\n<p><b>Transexualismo.<\/b> Importante disforia por la identidad sexual asociada a un deseo persistente de hacerse con las caracter\u00edsticas f\u00edsicas y los papeles sociales que connotan el otro sexo biol\u00f3gico.<\/p>\n<p><b>Transferencia.<\/b> Proyecci\u00f3n por parte del paciente de una serie de afectos y emociones inconscientes en la figura del m\u00e9dico.<\/p>\n<p><b>Trastorno de la personalidad.<\/b> Es un tipo de trastorno conductual que se caracteriza por provocar considerables problemas para la adaptaci\u00f3n social. La persona que padece el trastorno de personalidad no siempre ni forzosamente se siente perturbada, pero en cambio los dem\u00e1s a menudo la consideran perturbadora o molesta.<\/p>\n<p><b>Trastorno f\u00f3bico.<\/b> Es una clase de trastorno mental caracterizado por temores irracionales, que el propio sujeto reconoce como exagerados e infundados.<\/p>\n<p><b>Trastorno mental. <\/b>Estado patol\u00f3gico que se caracteriza por confusi\u00f3n de ideas, perturbaci\u00f3n emocional y conducta inadaptada. Puede tener origen org\u00e1nico o funcional.<\/p>\n<p><b>Trastorno mental org\u00e1nico.<\/b> Es aquel en el cual un estado patol\u00f3gico del cuerpo, en particular el cerebro y el sistema nervioso, genera una conducta inadaptada.<\/p>\n<p><b>Trastorno obsesivo-compulsivo.<\/b> Es un trastorno ps\u00edquico que se caracteriza por ideas irracionales involuntarias y por conductas repetitivas tendientes a reducir la angustia asociada con esas ideas irracionales.<\/p>\n<p><b>Trastornos psic\u00f3ticos.<\/b> Graves trastornos mentales en que se pierde el contacto con la realidad y se manifiesta un comportamiento notoriamente inadaptado. Algunos de los s\u00edntomas asociados a los trastornos psic\u00f3ticos son la desorganizaci\u00f3n de la personalidad, la perturbaci\u00f3n en el pensamiento, el desequilibrio de los estados de \u00e1nimo y la presencia de delusiones y alucinaciones.<\/p>\n<p><b>Trauma ps\u00edquico.<\/b> Choque emocional que deja huella en el subconsciente.<\/p>\n<p><b>Travestismo.<\/b> Trastorno psicosexual en el que el sujeto experimenta una satisfacci\u00f3n er\u00f3tica por vestirse con ropas del sexo opuesto.<\/p>\n<p><a name=\"letra_v\"><\/a><\/p>\n<\/div>\n<\/div>\n<div class=\"row padding-top-20\"><\/div>","protected":false},"excerpt":{"rendered":"<p>Sorry, this entry is only available in Espa\u00f1ol. For the sake of viewer convenience, the content is shown below in the alternative language. You may click the link to switch the active language. \u00a0A B C D E F G H I\u00a0L M N O P\u00a0R S T\u00a0V\u00a0XYZ T Tanatolog\u00eda. Es el estudio de la [&hellip;]<\/p>\n","protected":false},"author":1,"featured_media":0,"parent":565,"menu_order":0,"comment_status":"closed","ping_status":"closed","template":"","meta":{"_joinchat":[],"footnotes":""},"class_list":["post-611","page","type-page","status-publish","hentry"],"yoast_head":"<!-- This site is optimized with the Yoast SEO plugin v27.4 - https:\/\/yoast.com\/product\/yoast-seo-wordpress\/ -->\n<title>(Espa\u00f1ol) Diccionario Psicolog\u00eda General - Letra T - PsicoPico<\/title>\n<meta name=\"robots\" content=\"index, follow, max-snippet:-1, max-image-preview:large, max-video-preview:-1\" \/>\n<link rel=\"canonical\" href=\"https:\/\/psicopico.com\/diccionario-psicologia-general\/diccionario-psicologia-general-letra-t\/\" \/>\n<meta property=\"og:locale\" content=\"en_US\" \/>\n<meta property=\"og:type\" content=\"article\" \/>\n<meta property=\"og:title\" content=\"(Espa\u00f1ol) Diccionario Psicolog\u00eda General - Letra T - PsicoPico\" \/>\n<meta property=\"og:description\" content=\"Sorry, this entry is only available in Espa\u00f1ol. For the sake of viewer convenience, the content is shown below in the alternative language. You may click the link to switch the active language. \u00a0A B C D E F G H I\u00a0L M N O P\u00a0R S T\u00a0V\u00a0XYZ T Tanatolog\u00eda. Es el estudio de la [&hellip;]\" \/>\n<meta property=\"og:url\" content=\"https:\/\/psicopico.com\/diccionario-psicologia-general\/diccionario-psicologia-general-letra-t\/\" \/>\n<meta property=\"og:site_name\" content=\"PsicoPico\" \/>\n<meta property=\"article:publisher\" content=\"https:\/\/es-la.facebook.com\/psicopicopsicologia\/\" \/>\n<meta property=\"article:modified_time\" content=\"2015-12-30T00:12:33+00:00\" \/>\n<meta name=\"twitter:card\" content=\"summary_large_image\" \/>\n<meta name=\"twitter:site\" content=\"@psicopico\" \/>\n<meta name=\"twitter:label1\" content=\"Est. reading time\" \/>\n\t<meta name=\"twitter:data1\" content=\"3 minutes\" \/>\n<script type=\"application\/ld+json\" class=\"yoast-schema-graph\">{\"@context\":\"https:\\\/\\\/schema.org\",\"@graph\":[{\"@type\":\"WebPage\",\"@id\":\"https:\\\/\\\/psicopico.com\\\/diccionario-psicologia-general\\\/diccionario-psicologia-general-letra-t\\\/\",\"url\":\"https:\\\/\\\/psicopico.com\\\/diccionario-psicologia-general\\\/diccionario-psicologia-general-letra-t\\\/\",\"name\":\"(Espa\u00f1ol) Diccionario Psicolog\u00eda General - Letra T - PsicoPico\",\"isPartOf\":{\"@id\":\"https:\\\/\\\/psicopico.com\\\/#website\"},\"datePublished\":\"2015-12-29T23:54:54+00:00\",\"dateModified\":\"2015-12-30T00:12:33+00:00\",\"breadcrumb\":{\"@id\":\"https:\\\/\\\/psicopico.com\\\/diccionario-psicologia-general\\\/diccionario-psicologia-general-letra-t\\\/#breadcrumb\"},\"inLanguage\":\"en-US\",\"potentialAction\":[{\"@type\":\"ReadAction\",\"target\":[\"https:\\\/\\\/psicopico.com\\\/diccionario-psicologia-general\\\/diccionario-psicologia-general-letra-t\\\/\"]}]},{\"@type\":\"BreadcrumbList\",\"@id\":\"https:\\\/\\\/psicopico.com\\\/diccionario-psicologia-general\\\/diccionario-psicologia-general-letra-t\\\/#breadcrumb\",\"itemListElement\":[{\"@type\":\"ListItem\",\"position\":1,\"name\":\"Inicio\",\"item\":\"https:\\\/\\\/psicopico.com\\\/\"},{\"@type\":\"ListItem\",\"position\":2,\"name\":\"Diccionario de Psicolog\u00eda General\",\"item\":\"https:\\\/\\\/psicopico.com\\\/diccionario-psicologia-general\\\/\"},{\"@type\":\"ListItem\",\"position\":3,\"name\":\"Diccionario Psicolog\u00eda General &#8211; Letra T\"}]},{\"@type\":\"WebSite\",\"@id\":\"https:\\\/\\\/psicopico.com\\\/#website\",\"url\":\"https:\\\/\\\/psicopico.com\\\/\",\"name\":\"PsicoPico\",\"description\":\"Psicopico - Online Psychology by Iv\u00e1n Pico\",\"publisher\":{\"@id\":\"https:\\\/\\\/psicopico.com\\\/#organization\"},\"potentialAction\":[{\"@type\":\"SearchAction\",\"target\":{\"@type\":\"EntryPoint\",\"urlTemplate\":\"https:\\\/\\\/psicopico.com\\\/?s={search_term_string}\"},\"query-input\":{\"@type\":\"PropertyValueSpecification\",\"valueRequired\":true,\"valueName\":\"search_term_string\"}}],\"inLanguage\":\"en-US\"},{\"@type\":\"Organization\",\"@id\":\"https:\\\/\\\/psicopico.com\\\/#organization\",\"name\":\"Psicopico\",\"url\":\"https:\\\/\\\/psicopico.com\\\/\",\"logo\":{\"@type\":\"ImageObject\",\"inLanguage\":\"en-US\",\"@id\":\"https:\\\/\\\/psicopico.com\\\/#\\\/schema\\\/logo\\\/image\\\/\",\"url\":\"https:\\\/\\\/i0.wp.com\\\/psicopico.com\\\/wp-content\\\/uploads\\\/2015\\\/12\\\/logowebpsicopico.png?fit=377%2C113&ssl=1\",\"contentUrl\":\"https:\\\/\\\/i0.wp.com\\\/psicopico.com\\\/wp-content\\\/uploads\\\/2015\\\/12\\\/logowebpsicopico.png?fit=377%2C113&ssl=1\",\"width\":\"377\",\"height\":\"113\",\"caption\":\"Psicopico\"},\"image\":{\"@id\":\"https:\\\/\\\/psicopico.com\\\/#\\\/schema\\\/logo\\\/image\\\/\"},\"sameAs\":[\"https:\\\/\\\/es-la.facebook.com\\\/psicopicopsicologia\\\/\",\"https:\\\/\\\/x.com\\\/psicopico\",\"https:\\\/\\\/instagram.com\\\/psicopico\",\"https:\\\/\\\/es.linkedin.com\\\/in\\\/iv\u00e1n-pico-mart\u00ednez-5bb46873\",\"https:\\\/\\\/www.pinterest.es\\\/psicopico\\\/\",\"https:\\\/\\\/www.youtube.com\\\/channel\\\/UCwM4gAydCyOv_3sBkqVb74Q\"]}]}<\/script>\n<!-- \/ Yoast SEO plugin. -->","yoast_head_json":{"title":"(Espa\u00f1ol) Diccionario Psicolog\u00eda General - Letra T - PsicoPico","robots":{"index":"index","follow":"follow","max-snippet":"max-snippet:-1","max-image-preview":"max-image-preview:large","max-video-preview":"max-video-preview:-1"},"canonical":"https:\/\/psicopico.com\/diccionario-psicologia-general\/diccionario-psicologia-general-letra-t\/","og_locale":"en_US","og_type":"article","og_title":"(Espa\u00f1ol) Diccionario Psicolog\u00eda General - Letra T - PsicoPico","og_description":"Sorry, this entry is only available in Espa\u00f1ol. For the sake of viewer convenience, the content is shown below in the alternative language. You may click the link to switch the active language. \u00a0A B C D E F G H I\u00a0L M N O P\u00a0R S T\u00a0V\u00a0XYZ T Tanatolog\u00eda. Es el estudio de la [&hellip;]","og_url":"https:\/\/psicopico.com\/diccionario-psicologia-general\/diccionario-psicologia-general-letra-t\/","og_site_name":"PsicoPico","article_publisher":"https:\/\/es-la.facebook.com\/psicopicopsicologia\/","article_modified_time":"2015-12-30T00:12:33+00:00","twitter_card":"summary_large_image","twitter_site":"@psicopico","twitter_misc":{"Est. reading time":"3 minutes"},"schema":{"@context":"https:\/\/schema.org","@graph":[{"@type":"WebPage","@id":"https:\/\/psicopico.com\/diccionario-psicologia-general\/diccionario-psicologia-general-letra-t\/","url":"https:\/\/psicopico.com\/diccionario-psicologia-general\/diccionario-psicologia-general-letra-t\/","name":"(Espa\u00f1ol) Diccionario Psicolog\u00eda General - Letra T - PsicoPico","isPartOf":{"@id":"https:\/\/psicopico.com\/#website"},"datePublished":"2015-12-29T23:54:54+00:00","dateModified":"2015-12-30T00:12:33+00:00","breadcrumb":{"@id":"https:\/\/psicopico.com\/diccionario-psicologia-general\/diccionario-psicologia-general-letra-t\/#breadcrumb"},"inLanguage":"en-US","potentialAction":[{"@type":"ReadAction","target":["https:\/\/psicopico.com\/diccionario-psicologia-general\/diccionario-psicologia-general-letra-t\/"]}]},{"@type":"BreadcrumbList","@id":"https:\/\/psicopico.com\/diccionario-psicologia-general\/diccionario-psicologia-general-letra-t\/#breadcrumb","itemListElement":[{"@type":"ListItem","position":1,"name":"Inicio","item":"https:\/\/psicopico.com\/"},{"@type":"ListItem","position":2,"name":"Diccionario de Psicolog\u00eda General","item":"https:\/\/psicopico.com\/diccionario-psicologia-general\/"},{"@type":"ListItem","position":3,"name":"Diccionario Psicolog\u00eda General &#8211; Letra T"}]},{"@type":"WebSite","@id":"https:\/\/psicopico.com\/#website","url":"https:\/\/psicopico.com\/","name":"PsicoPico","description":"Psicopico - Online Psychology by Iv\u00e1n Pico","publisher":{"@id":"https:\/\/psicopico.com\/#organization"},"potentialAction":[{"@type":"SearchAction","target":{"@type":"EntryPoint","urlTemplate":"https:\/\/psicopico.com\/?s={search_term_string}"},"query-input":{"@type":"PropertyValueSpecification","valueRequired":true,"valueName":"search_term_string"}}],"inLanguage":"en-US"},{"@type":"Organization","@id":"https:\/\/psicopico.com\/#organization","name":"Psicopico","url":"https:\/\/psicopico.com\/","logo":{"@type":"ImageObject","inLanguage":"en-US","@id":"https:\/\/psicopico.com\/#\/schema\/logo\/image\/","url":"https:\/\/i0.wp.com\/psicopico.com\/wp-content\/uploads\/2015\/12\/logowebpsicopico.png?fit=377%2C113&ssl=1","contentUrl":"https:\/\/i0.wp.com\/psicopico.com\/wp-content\/uploads\/2015\/12\/logowebpsicopico.png?fit=377%2C113&ssl=1","width":"377","height":"113","caption":"Psicopico"},"image":{"@id":"https:\/\/psicopico.com\/#\/schema\/logo\/image\/"},"sameAs":["https:\/\/es-la.facebook.com\/psicopicopsicologia\/","https:\/\/x.com\/psicopico","https:\/\/instagram.com\/psicopico","https:\/\/es.linkedin.com\/in\/iv\u00e1n-pico-mart\u00ednez-5bb46873","https:\/\/www.pinterest.es\/psicopico\/","https:\/\/www.youtube.com\/channel\/UCwM4gAydCyOv_3sBkqVb74Q"]}]}},"jetpack_shortlink":"https:\/\/wp.me\/P6Zx58-9R","jetpack_sharing_enabled":true,"_links":{"self":[{"href":"https:\/\/psicopico.com\/en\/wp-json\/wp\/v2\/pages\/611","targetHints":{"allow":["GET"]}}],"collection":[{"href":"https:\/\/psicopico.com\/en\/wp-json\/wp\/v2\/pages"}],"about":[{"href":"https:\/\/psicopico.com\/en\/wp-json\/wp\/v2\/types\/page"}],"author":[{"embeddable":true,"href":"https:\/\/psicopico.com\/en\/wp-json\/wp\/v2\/users\/1"}],"replies":[{"embeddable":true,"href":"https:\/\/psicopico.com\/en\/wp-json\/wp\/v2\/comments?post=611"}],"version-history":[{"count":0,"href":"https:\/\/psicopico.com\/en\/wp-json\/wp\/v2\/pages\/611\/revisions"}],"up":[{"embeddable":true,"href":"https:\/\/psicopico.com\/en\/wp-json\/wp\/v2\/pages\/565"}],"wp:attachment":[{"href":"https:\/\/psicopico.com\/en\/wp-json\/wp\/v2\/media?parent=611"}],"curies":[{"name":"wp","href":"https:\/\/api.w.org\/{rel}","templated":true}]}}