{"id":608,"date":"2015-12-29T23:52:48","date_gmt":"2015-12-29T23:52:48","guid":{"rendered":"http:\/\/psicopico.com\/?page_id=608"},"modified":"2015-12-30T12:11:04","modified_gmt":"2015-12-30T12:11:04","slug":"608-2","status":"publish","type":"page","link":"https:\/\/psicopico.com\/en\/diccionario-psicologia-general\/608-2\/","title":{"rendered":"(Espa\u00f1ol) Diccionario Psicolog\u00eda General &#8211; Letra S"},"content":{"rendered":"<p class=\"qtranxs-available-languages-message qtranxs-available-languages-message-en\">Sorry, this entry is only available in <a href=\"https:\/\/psicopico.com\/es\/wp-json\/wp\/v2\/pages\/608\" class=\"qtranxs-available-language-link qtranxs-available-language-link-es\" title=\"Espa\u00f1ol\">Espa\u00f1ol<\/a>. For the sake of viewer convenience, the content is shown below in the alternative language. You may click the link to switch the active language.<\/p><div class=\"row margin-bottom-20\">\n<div class=\"col-xs-12 col-sm-12 col-md-12 col-lg-12\">\n<h2 style=\"text-align: center;\">\u00a0<a href=\"http:\/\/psicopico.com\/diccionario-psicologia-general\/\">A<\/a> <a href=\"http:\/\/psicopico.com\/diccionario-psicologia-general\/diccionario-psicologia-general-letra-b\/\">B<\/a> <a href=\"http:\/\/psicopico.com\/diccionario-psicologia-general\/diccionario-psicologia-general-letra-c\/\">C<\/a> <a href=\"http:\/\/psicopico.com\/diccionario-psicologia-general\/diccionario-psicologia-general-letra-d\/\">D<\/a> <a href=\"http:\/\/psicopico.com\/diccionario-psicologia-general\/diccionario-psicologia-general-letra-e\/\">E<\/a> <a href=\"http:\/\/psicopico.com\/diccionario-psicologia-general\/diccionario-psicologia-general-letra-f\/\">F<\/a> <a href=\"http:\/\/psicopico.com\/diccionario-psicologia-general\/diccionario-psicologia-general-letra-g\/\">G<\/a> <a href=\"http:\/\/psicopico.com\/diccionario-psicologia-general\/diccionario-psicologia-general-letra-h\/\">H<\/a> <a href=\"http:\/\/psicopico.com\/diccionario-psicologia-general\/diccionario-psicologia-general-letra-i\/\">I<\/a>\u00a0<a href=\"http:\/\/psicopico.com\/diccionario-psicologia-general\/diccionario-psicologia-general-letra-l\/\">L<\/a> <a href=\"http:\/\/psicopico.com\/diccionario-psicologia-general\/diccionario-psicologia-general-letra-m\/\">M<\/a> <a href=\"http:\/\/psicopico.com\/diccionario-psicologia-general\/diccionario-psicologia-general-letra-n\/\">N<\/a> <a href=\"http:\/\/psicopico.com\/diccionario-psicologia-general\/diccionario-psicologia-general-letra\/\">O<\/a> <a href=\"http:\/\/psicopico.com\/diccionario-psicologia-general\/diccionario-psicologia-general-letra-p\/\">P<\/a>\u00a0<a href=\"http:\/\/psicopico.com\/diccionario-psicologia-general\/diccionario-psicologia-general-letra-i\/diccionario-psicologia-general-letra-r\/\">R<\/a> <a href=\"http:\/\/psicopico.com\/diccionario-psicologia-general\/608-2\/\">S<\/a> <a href=\"http:\/\/psicopico.com\/diccionario-psicologia-general\/diccionario-psicologia-general-letra-t\/\">T<\/a>\u00a0<a href=\"http:\/\/psicopico.com\/diccionario-psicologia-general\/diccionario-psicologia-general-letra-v\/\">V<\/a>\u00a0<a href=\"http:\/\/psicopico.com\/diccionario-psicologia-general\/diccionario-psicologia-general-letras-x-z\/\">XYZ<\/a><\/h2>\n<h1><span style=\"font-size: 16px; line-height: 1.5;\"><div class=\"mks_separator\" style=\"border-bottom: 2px solid;\"><\/div><\/span><\/h1>\n<h3>S<\/h3>\n<p><b>Sadismo.<\/b> Trastorno psicosexual en el que el sujeto obtiene placer del acto de inflingir dolor y humillaci\u00f3n a otra persona para satisfacer sus deseos sexuales.<\/p>\n<p><b>Sedante.<\/b> Sustancia que aten\u00faa los estados de excitaci\u00f3n emotiva o motriz.<\/p>\n<p><b>Sensaci\u00f3n.<\/b> Proceso por el cual los \u00f3rganos de los sentidos convierten est\u00edmulos del mundo exterior en los datos elementales o materia prima de la experiencia.<\/p>\n<p><b>Signo.<\/b> Manifestaci\u00f3n objetiva de un estado que puede ser patol\u00f3gico. Los signos son observados por el cl\u00ednico m\u00e1s que descritos por el individuo afectado.<\/p>\n<p><b>Simbolizaci\u00f3n.<\/b> Mecanismo de defensa por el que se usa una imagen mental o un pensamiento consciente como s\u00edmbolo para disfrazar un pensamiento inconsciente que nos produce un estado de ansiedad.<\/p>\n<p><b>S\u00edmbolo.<\/b> Cualquier est\u00edmulo representativo de una idea o un objeto distinto de \u00e9l.<\/p>\n<p><b>Sinapsis.<\/b> Es el punto de conexi\u00f3n funcional entre dos neuronas adyacentes.<\/p>\n<p><b>S\u00edndrome.<\/b> Agrupaci\u00f3n de signos y s\u00edntomas basada en su frecuente coocurrencia, que puede sugerir una patogenia, una evoluci\u00f3n, unos antecedentes familiares o una selecci\u00f3n terap\u00e9utica comunes.<\/p>\n<p><b>S\u00edndrome general de adaptaci\u00f3n.<\/b> Es una pauta de reacci\u00f3n fisiol\u00f3gica provocada por la tensi\u00f3n cr\u00f3nica, cuya finalidad es suprimir los efectos de \u00e9sta y permitir al organismo conservar sus recursos. La pauta se divide en tres etapas: 1) la reacci\u00f3n de alarma, 2) la resistencia y 3) el agotamiento.<\/p>\n<p><b>Sinestesia.<\/b> Estado en el que una experiencia sensorial estimula otra modalidad de experiencia sensorial (p. ej., un sonido produce la sensaci\u00f3n de un color particular).<\/p>\n<p><b>S\u00edntoma.<\/b> Manifestaci\u00f3n subjetiva de un estado patol\u00f3gico. Los s\u00edntomas son descritos por el individuo afecto m\u00e1s que observados por el examinador.<\/p>\n<p><b>S\u00edntoma de conversi\u00f3n.<\/b> P\u00e9rdida o alteraci\u00f3n del funcionamiento sensorial o motor voluntario que sugiere una enfermedad m\u00e9dica o neurol\u00f3gica. Se supone que ciertos factores psicol\u00f3gicos i est\u00e1n asociados al desarrollo del s\u00edntoma, de modo que el s\u00edntoma no se explica por completo por una enfermedad m\u00e9dica o neurol\u00f3gica ni por los efectos directos de una sustancia. El s\u00edntoma no est\u00e1 producido intencionadamente ni es fingido, y no est\u00e1 sancionado culturalmente.<\/p>\n<p><b>S\u00edntomas psic\u00f3ticos congruentes con el estado de \u00e1nimo.<\/b> Ideas delirantes o alucinaciones cuyo contenido es plenamente coherente con los temas t\u00edpicos de un estado de \u00e1nimo deprimido o man\u00edaco. Si el \u00e1nimo es depresivo, el contenido de las ideas delirantes o las alucinaciones consistir\u00e1 en temas de inadecuaci\u00f3n personal, culpa, enfermedad, muerte, nihilismo o castigo merecido. El contenido del delirio puede incluir temas de persecuci\u00f3n si parten de conceptos autodespectivos como un castigo merecido. Si el \u00e1nimo es man\u00edaco, el contenido de los delirios o alucinaciones incluir\u00e1 temas sobre valor, poder, conocimientos o identidad exagerados o sobre una relaci\u00f3n especial con una deidad o persona famosa. El contenido del delirio puede incluir temas de persecuci\u00f3n si se basan en conceptos como un valor exagerado o un castigo merecido.<\/p>\n<p><b>S\u00edntomas psic\u00f3t\u00edcos no congruentes con el estado de \u00e1nimo.<\/b> Ideas delirantes o alucinaciones cuyo contenido no es coherente con los temas t\u00edpicos de un \u00e1nimo depresivo o man\u00edaco. En el caso de la depresi\u00f3n los delirios o las alucinaciones no implicar\u00e1n temas de inadecuaci\u00f3n personal, culpa, enfermedad, muerte, nihilismo o castigo merecido. En el caso de la man\u00eda, los delirios o las alucinaciones no entra\u00f1ar\u00e1n temas de valor, poder, conocimientos o identidad exagerados o de relaciones especiales con una deidad o un personaje famoso. Son ejemplos de s\u00edntomas psic\u00f3t\u00edcos no congruentes con el estado de \u00e1nimo los delirios de persecuci\u00f3n (sin contenido autodespectivo o de grandeza), la inserci\u00f3n del pensamiento, la difusi\u00f3n del pensamiento y las ideas delirantes de ser controlado, cuyo contenido no guarda relaci\u00f3n aparente con ninguno de los temas anteriormente enumerados.<\/p>\n<p><b>Sistema nervioso aut\u00f3nomo.<\/b> Ver sistema nervioso vegetativo.<\/p>\n<p><b>Sistema nervioso central.<\/b> Parte del sistema nervioso formado por el cerebro y la m\u00e9dula espinal.<\/p>\n<p><b>Sistema nervioso parasimp\u00e1tico.<\/b> Parte del sistema nervioso vegetativo que tiene acci\u00f3n inhibidora predominante.<\/p>\n<p><b>Sistema nervioso perif\u00e9rico.<\/b> Parte del sistema nervioso formado por las ra\u00edces que emergen del sistema nervioso central y que van a formar los nervios. Seg\u00fan la funci\u00f3n pueden ser sensitivos, motores y mixtos.<\/p>\n<p><b>Sistema nervioso simp\u00e1tico.<\/b> Parte del sistema nervioso vegetativo que tiene acci\u00f3n estimulante.<\/p>\n<p><b>Sistema nervioso vegetativo.<\/b> Conjunto de las fibras nerviosas no controladas por la voluntad. Tiene la funci\u00f3n de coordinar y guiar la actividad de los \u00f3rganos internos. Se subdivide en sistema simp\u00e1tico y parasimp\u00e1tico.<\/p>\n<p><b>Social, Psicolog\u00eda.<\/b> Estudio de las relaciones entre individuo y la sociedad.<\/p>\n<p><b>Socializaci\u00f3n.<\/b> Proceso por el que un individuo desarrolla aquellas cualidades esenciales para su plena afirmaci\u00f3n en la sociedad en la que vive.<\/p>\n<p><b>Sociobiolog\u00eda.<\/b> Es el estudio del comportamiento social de los organismos fundado en la premisa de que dicha conducta tiene su origen en pautas gen\u00e9ticas.<\/p>\n<p><b>Sociograma.<\/b> Representaci\u00f3n de las relaciones positivas y negativas o de la cantidad de intercambios entre los miembros de un grupo.<\/p>\n<p><b>Somatizaci\u00f3n.<\/b> Proceso por el cual se transforman o convierten problemas emotivos en s\u00edntomas som\u00e1ticos.<\/p>\n<p><b>Soteria.<\/b> Reacci\u00f3n ante un determinado est\u00edmulo, del que se obtiene una sensaci\u00f3n de protecci\u00f3n y seguridad absurda e injustificada.<\/p>\n<p><b>Sot\u00e9rico, objeto.<\/b> Objeto que proporciona una sensaci\u00f3n de seguridad infundada.<\/p>\n<p><b>Subconsciente.<\/b> Los fen\u00f3menos englobados bajo el t\u00e9rmino de subconsciente constituyen un conjunto de procesos ps\u00edquicos o un estrato de la personalidad cuya actividad se mantiene por debajo de los niveles conscientes. Sus manifestaciones est\u00e1n dotadas a menudo de mayor carga y tensi\u00f3n que las plenamente conscientes y afloran a este nivel por medio de complejos mecanismos de desplazamiento, proyecci\u00f3n, etc., o en forma de sue\u00f1os.<\/p>\n<\/div>\n<\/div>\n<div class=\"row padding-top-20\">\n<div class=\"col-xs-12 col-sm-12 col-md-12 col-lg-12 margin-bottom-20\"><\/div>\n<\/div>\n<div class=\"row margin-bottom-20\">\n<div class=\"col-xs-12 col-sm-12 col-md-12 col-lg-12\">\n<p><b>Sublimaci\u00f3n.<\/b> Forma de desplazamiento en el que la energ\u00eda se desv\u00eda hacia un objeto que tiene unos valores ideales. El individuo se enfrenta a conflictos emocionales y amenazas de origen interno o externo canalizando sentimientos o impulsos potencialmente desadaptativos en comportamientos socialmente aceptables (p. ej., deportes de contacto para canalizar impulsos agresivos).<\/p>\n<p><b>Sue\u00f1o.<\/b> Importante experiencia ps\u00edquica que se produce mientras dormimos. Interrupci\u00f3n fisiol\u00f3gica espont\u00e1nea y peri\u00f3dica de la actividad de la conciencia, acompa\u00f1ada por cambios funcionales en algunos \u00f3rganos.<\/p>\n<p><b>Sue\u00f1o No-REM.<\/b> Per\u00edodo del sue\u00f1o en el que no se aprecian movimientos oculares r\u00e1pidos.<\/p>\n<p><b>Sue\u00f1o REM.<\/b> Per\u00edodo del sue\u00f1o en el que se aprecian movimientos oculares r\u00e1pidos.<\/p>\n<p><b>Sugesti\u00f3n.<\/b> Posibilidad de influir en el comportamiento de una persona. Superstici\u00f3n. Creencia en la existencia y eficacia de algunos fen\u00f3menos que no tienen una explicaci\u00f3n racional.<\/p>\n<p><b>Suicidio.<\/b> Consiste en quitarse voluntariamente la vida.<\/p>\n<p><b>Supery\u00f3.<\/b> Seg\u00fan Freud, una de las partes de la personalidad que tiene la funci\u00f3n de formar la conciencia moral, los ideales. Se formar\u00eda en una edad temprana asumiendo el modelo de un personaje importante con el que el ni\u00f1o se identifica.<\/p>\n<p><b>Supresi\u00f3n.<\/b> Mecanismo de defensa en que el individuo se enfrenta a conflictos emocionales y amenazas de origen interno o externo evitando intencionadamente pensar en problemas, deseos, sentimientos o experiencias que le producen malestar.<\/p>\n<\/div>\n<\/div>\n<h2 style=\"text-align: center;\">\u00a0<a href=\"http:\/\/psicopico.com\/diccionario-psicologia-general\/\">A<\/a> <a href=\"http:\/\/psicopico.com\/diccionario-psicologia-general\/diccionario-psicologia-general-letra-b\/\">B<\/a> <a href=\"http:\/\/psicopico.com\/diccionario-psicologia-general\/diccionario-psicologia-general-letra-c\/\">C<\/a> <a href=\"http:\/\/psicopico.com\/diccionario-psicologia-general\/diccionario-psicologia-general-letra-d\/\">D<\/a> <a href=\"http:\/\/psicopico.com\/diccionario-psicologia-general\/diccionario-psicologia-general-letra-e\/\">E<\/a> <a href=\"http:\/\/psicopico.com\/diccionario-psicologia-general\/diccionario-psicologia-general-letra-f\/\">F<\/a> <a href=\"http:\/\/psicopico.com\/diccionario-psicologia-general\/diccionario-psicologia-general-letra-g\/\">G<\/a> <a href=\"http:\/\/psicopico.com\/diccionario-psicologia-general\/diccionario-psicologia-general-letra-h\/\">H<\/a> <a href=\"http:\/\/psicopico.com\/diccionario-psicologia-general\/diccionario-psicologia-general-letra-i\/\">I<\/a>\u00a0<a href=\"http:\/\/psicopico.com\/diccionario-psicologia-general\/diccionario-psicologia-general-letra-l\/\">L<\/a> <a href=\"http:\/\/psicopico.com\/diccionario-psicologia-general\/diccionario-psicologia-general-letra-m\/\">M<\/a> <a href=\"http:\/\/psicopico.com\/diccionario-psicologia-general\/diccionario-psicologia-general-letra-n\/\">N<\/a> <a href=\"http:\/\/psicopico.com\/diccionario-psicologia-general\/diccionario-psicologia-general-letra\/\">O<\/a> <a href=\"http:\/\/psicopico.com\/diccionario-psicologia-general\/diccionario-psicologia-general-letra-p\/\">P<\/a>\u00a0<a href=\"http:\/\/psicopico.com\/diccionario-psicologia-general\/diccionario-psicologia-general-letra-i\/diccionario-psicologia-general-letra-r\/\">R<\/a> <a href=\"http:\/\/psicopico.com\/diccionario-psicologia-general\/608-2\/\">S<\/a> <a href=\"http:\/\/psicopico.com\/diccionario-psicologia-general\/diccionario-psicologia-general-letra-t\/\">T<\/a>\u00a0<a href=\"http:\/\/psicopico.com\/diccionario-psicologia-general\/diccionario-psicologia-general-letra-v\/\">V<\/a>\u00a0<a href=\"http:\/\/psicopico.com\/diccionario-psicologia-general\/diccionario-psicologia-general-letras-x-z\/\">XYZ<\/a><\/h2>\n<p>&nbsp;","protected":false},"excerpt":{"rendered":"<p>Sorry, this entry is only available in Espa\u00f1ol. For the sake of viewer convenience, the content is shown below in the alternative language. You may click the link to switch the active language. \u00a0A B C D E F G H I\u00a0L M N O P\u00a0R S T\u00a0V\u00a0XYZ S Sadismo. Trastorno psicosexual en el que [&hellip;]<\/p>\n","protected":false},"author":1,"featured_media":0,"parent":565,"menu_order":0,"comment_status":"closed","ping_status":"closed","template":"","meta":{"_joinchat":[],"footnotes":""},"class_list":["post-608","page","type-page","status-publish","hentry"],"yoast_head":"<!-- This site is optimized with the Yoast SEO plugin v27.4 - https:\/\/yoast.com\/product\/yoast-seo-wordpress\/ -->\n<title>(Espa\u00f1ol) Diccionario Psicolog\u00eda General - Letra S - PsicoPico<\/title>\n<meta name=\"robots\" content=\"index, follow, max-snippet:-1, max-image-preview:large, max-video-preview:-1\" \/>\n<link rel=\"canonical\" href=\"https:\/\/psicopico.com\/diccionario-psicologia-general\/608-2\/\" \/>\n<meta property=\"og:locale\" content=\"en_US\" \/>\n<meta property=\"og:type\" content=\"article\" \/>\n<meta property=\"og:title\" content=\"(Espa\u00f1ol) Diccionario Psicolog\u00eda General - Letra S - PsicoPico\" \/>\n<meta property=\"og:description\" content=\"Sorry, this entry is only available in Espa\u00f1ol. For the sake of viewer convenience, the content is shown below in the alternative language. You may click the link to switch the active language. \u00a0A B C D E F G H I\u00a0L M N O P\u00a0R S T\u00a0V\u00a0XYZ S Sadismo. Trastorno psicosexual en el que [&hellip;]\" \/>\n<meta property=\"og:url\" content=\"https:\/\/psicopico.com\/diccionario-psicologia-general\/608-2\/\" \/>\n<meta property=\"og:site_name\" content=\"PsicoPico\" \/>\n<meta property=\"article:publisher\" content=\"https:\/\/es-la.facebook.com\/psicopicopsicologia\/\" \/>\n<meta property=\"article:modified_time\" content=\"2015-12-30T12:11:04+00:00\" \/>\n<meta name=\"twitter:card\" content=\"summary_large_image\" \/>\n<meta name=\"twitter:site\" content=\"@psicopico\" \/>\n<meta name=\"twitter:label1\" content=\"Est. reading time\" \/>\n\t<meta name=\"twitter:data1\" content=\"6 minutes\" \/>\n<script type=\"application\/ld+json\" class=\"yoast-schema-graph\">{\"@context\":\"https:\\\/\\\/schema.org\",\"@graph\":[{\"@type\":\"WebPage\",\"@id\":\"https:\\\/\\\/psicopico.com\\\/diccionario-psicologia-general\\\/608-2\\\/\",\"url\":\"https:\\\/\\\/psicopico.com\\\/diccionario-psicologia-general\\\/608-2\\\/\",\"name\":\"(Espa\u00f1ol) Diccionario Psicolog\u00eda General - Letra S - PsicoPico\",\"isPartOf\":{\"@id\":\"https:\\\/\\\/psicopico.com\\\/#website\"},\"datePublished\":\"2015-12-29T23:52:48+00:00\",\"dateModified\":\"2015-12-30T12:11:04+00:00\",\"breadcrumb\":{\"@id\":\"https:\\\/\\\/psicopico.com\\\/diccionario-psicologia-general\\\/608-2\\\/#breadcrumb\"},\"inLanguage\":\"en-US\",\"potentialAction\":[{\"@type\":\"ReadAction\",\"target\":[\"https:\\\/\\\/psicopico.com\\\/diccionario-psicologia-general\\\/608-2\\\/\"]}]},{\"@type\":\"BreadcrumbList\",\"@id\":\"https:\\\/\\\/psicopico.com\\\/diccionario-psicologia-general\\\/608-2\\\/#breadcrumb\",\"itemListElement\":[{\"@type\":\"ListItem\",\"position\":1,\"name\":\"Inicio\",\"item\":\"https:\\\/\\\/psicopico.com\\\/\"},{\"@type\":\"ListItem\",\"position\":2,\"name\":\"Diccionario de Psicolog\u00eda General\",\"item\":\"https:\\\/\\\/psicopico.com\\\/diccionario-psicologia-general\\\/\"},{\"@type\":\"ListItem\",\"position\":3,\"name\":\"Diccionario Psicolog\u00eda General &#8211; Letra S\"}]},{\"@type\":\"WebSite\",\"@id\":\"https:\\\/\\\/psicopico.com\\\/#website\",\"url\":\"https:\\\/\\\/psicopico.com\\\/\",\"name\":\"PsicoPico\",\"description\":\"Psicopico - Online Psychology by Iv\u00e1n Pico\",\"publisher\":{\"@id\":\"https:\\\/\\\/psicopico.com\\\/#organization\"},\"potentialAction\":[{\"@type\":\"SearchAction\",\"target\":{\"@type\":\"EntryPoint\",\"urlTemplate\":\"https:\\\/\\\/psicopico.com\\\/?s={search_term_string}\"},\"query-input\":{\"@type\":\"PropertyValueSpecification\",\"valueRequired\":true,\"valueName\":\"search_term_string\"}}],\"inLanguage\":\"en-US\"},{\"@type\":\"Organization\",\"@id\":\"https:\\\/\\\/psicopico.com\\\/#organization\",\"name\":\"Psicopico\",\"url\":\"https:\\\/\\\/psicopico.com\\\/\",\"logo\":{\"@type\":\"ImageObject\",\"inLanguage\":\"en-US\",\"@id\":\"https:\\\/\\\/psicopico.com\\\/#\\\/schema\\\/logo\\\/image\\\/\",\"url\":\"https:\\\/\\\/i0.wp.com\\\/psicopico.com\\\/wp-content\\\/uploads\\\/2015\\\/12\\\/logowebpsicopico.png?fit=377%2C113&ssl=1\",\"contentUrl\":\"https:\\\/\\\/i0.wp.com\\\/psicopico.com\\\/wp-content\\\/uploads\\\/2015\\\/12\\\/logowebpsicopico.png?fit=377%2C113&ssl=1\",\"width\":\"377\",\"height\":\"113\",\"caption\":\"Psicopico\"},\"image\":{\"@id\":\"https:\\\/\\\/psicopico.com\\\/#\\\/schema\\\/logo\\\/image\\\/\"},\"sameAs\":[\"https:\\\/\\\/es-la.facebook.com\\\/psicopicopsicologia\\\/\",\"https:\\\/\\\/x.com\\\/psicopico\",\"https:\\\/\\\/instagram.com\\\/psicopico\",\"https:\\\/\\\/es.linkedin.com\\\/in\\\/iv\u00e1n-pico-mart\u00ednez-5bb46873\",\"https:\\\/\\\/www.pinterest.es\\\/psicopico\\\/\",\"https:\\\/\\\/www.youtube.com\\\/channel\\\/UCwM4gAydCyOv_3sBkqVb74Q\"]}]}<\/script>\n<!-- \/ Yoast SEO plugin. -->","yoast_head_json":{"title":"(Espa\u00f1ol) Diccionario Psicolog\u00eda General - Letra S - PsicoPico","robots":{"index":"index","follow":"follow","max-snippet":"max-snippet:-1","max-image-preview":"max-image-preview:large","max-video-preview":"max-video-preview:-1"},"canonical":"https:\/\/psicopico.com\/diccionario-psicologia-general\/608-2\/","og_locale":"en_US","og_type":"article","og_title":"(Espa\u00f1ol) Diccionario Psicolog\u00eda General - Letra S - PsicoPico","og_description":"Sorry, this entry is only available in Espa\u00f1ol. For the sake of viewer convenience, the content is shown below in the alternative language. You may click the link to switch the active language. \u00a0A B C D E F G H I\u00a0L M N O P\u00a0R S T\u00a0V\u00a0XYZ S Sadismo. Trastorno psicosexual en el que [&hellip;]","og_url":"https:\/\/psicopico.com\/diccionario-psicologia-general\/608-2\/","og_site_name":"PsicoPico","article_publisher":"https:\/\/es-la.facebook.com\/psicopicopsicologia\/","article_modified_time":"2015-12-30T12:11:04+00:00","twitter_card":"summary_large_image","twitter_site":"@psicopico","twitter_misc":{"Est. reading time":"6 minutes"},"schema":{"@context":"https:\/\/schema.org","@graph":[{"@type":"WebPage","@id":"https:\/\/psicopico.com\/diccionario-psicologia-general\/608-2\/","url":"https:\/\/psicopico.com\/diccionario-psicologia-general\/608-2\/","name":"(Espa\u00f1ol) Diccionario Psicolog\u00eda General - Letra S - PsicoPico","isPartOf":{"@id":"https:\/\/psicopico.com\/#website"},"datePublished":"2015-12-29T23:52:48+00:00","dateModified":"2015-12-30T12:11:04+00:00","breadcrumb":{"@id":"https:\/\/psicopico.com\/diccionario-psicologia-general\/608-2\/#breadcrumb"},"inLanguage":"en-US","potentialAction":[{"@type":"ReadAction","target":["https:\/\/psicopico.com\/diccionario-psicologia-general\/608-2\/"]}]},{"@type":"BreadcrumbList","@id":"https:\/\/psicopico.com\/diccionario-psicologia-general\/608-2\/#breadcrumb","itemListElement":[{"@type":"ListItem","position":1,"name":"Inicio","item":"https:\/\/psicopico.com\/"},{"@type":"ListItem","position":2,"name":"Diccionario de Psicolog\u00eda General","item":"https:\/\/psicopico.com\/diccionario-psicologia-general\/"},{"@type":"ListItem","position":3,"name":"Diccionario Psicolog\u00eda General &#8211; Letra S"}]},{"@type":"WebSite","@id":"https:\/\/psicopico.com\/#website","url":"https:\/\/psicopico.com\/","name":"PsicoPico","description":"Psicopico - Online Psychology by Iv\u00e1n Pico","publisher":{"@id":"https:\/\/psicopico.com\/#organization"},"potentialAction":[{"@type":"SearchAction","target":{"@type":"EntryPoint","urlTemplate":"https:\/\/psicopico.com\/?s={search_term_string}"},"query-input":{"@type":"PropertyValueSpecification","valueRequired":true,"valueName":"search_term_string"}}],"inLanguage":"en-US"},{"@type":"Organization","@id":"https:\/\/psicopico.com\/#organization","name":"Psicopico","url":"https:\/\/psicopico.com\/","logo":{"@type":"ImageObject","inLanguage":"en-US","@id":"https:\/\/psicopico.com\/#\/schema\/logo\/image\/","url":"https:\/\/i0.wp.com\/psicopico.com\/wp-content\/uploads\/2015\/12\/logowebpsicopico.png?fit=377%2C113&ssl=1","contentUrl":"https:\/\/i0.wp.com\/psicopico.com\/wp-content\/uploads\/2015\/12\/logowebpsicopico.png?fit=377%2C113&ssl=1","width":"377","height":"113","caption":"Psicopico"},"image":{"@id":"https:\/\/psicopico.com\/#\/schema\/logo\/image\/"},"sameAs":["https:\/\/es-la.facebook.com\/psicopicopsicologia\/","https:\/\/x.com\/psicopico","https:\/\/instagram.com\/psicopico","https:\/\/es.linkedin.com\/in\/iv\u00e1n-pico-mart\u00ednez-5bb46873","https:\/\/www.pinterest.es\/psicopico\/","https:\/\/www.youtube.com\/channel\/UCwM4gAydCyOv_3sBkqVb74Q"]}]}},"jetpack_shortlink":"https:\/\/wp.me\/P6Zx58-9O","jetpack_sharing_enabled":true,"_links":{"self":[{"href":"https:\/\/psicopico.com\/en\/wp-json\/wp\/v2\/pages\/608","targetHints":{"allow":["GET"]}}],"collection":[{"href":"https:\/\/psicopico.com\/en\/wp-json\/wp\/v2\/pages"}],"about":[{"href":"https:\/\/psicopico.com\/en\/wp-json\/wp\/v2\/types\/page"}],"author":[{"embeddable":true,"href":"https:\/\/psicopico.com\/en\/wp-json\/wp\/v2\/users\/1"}],"replies":[{"embeddable":true,"href":"https:\/\/psicopico.com\/en\/wp-json\/wp\/v2\/comments?post=608"}],"version-history":[{"count":0,"href":"https:\/\/psicopico.com\/en\/wp-json\/wp\/v2\/pages\/608\/revisions"}],"up":[{"embeddable":true,"href":"https:\/\/psicopico.com\/en\/wp-json\/wp\/v2\/pages\/565"}],"wp:attachment":[{"href":"https:\/\/psicopico.com\/en\/wp-json\/wp\/v2\/media?parent=608"}],"curies":[{"name":"wp","href":"https:\/\/api.w.org\/{rel}","templated":true}]}}