{"id":595,"date":"2015-12-29T23:43:52","date_gmt":"2015-12-29T23:43:52","guid":{"rendered":"http:\/\/psicopico.com\/?page_id=595"},"modified":"2015-12-30T12:09:31","modified_gmt":"2015-12-30T12:09:31","slug":"diccionario-psicologia-general-letra-l","status":"publish","type":"page","link":"https:\/\/psicopico.com\/en\/diccionario-psicologia-general\/diccionario-psicologia-general-letra-l\/","title":{"rendered":"(Espa\u00f1ol) Diccionario Psicolog\u00eda General &#8211; Letra L"},"content":{"rendered":"<p class=\"qtranxs-available-languages-message qtranxs-available-languages-message-en\">Sorry, this entry is only available in <a href=\"https:\/\/psicopico.com\/es\/wp-json\/wp\/v2\/pages\/595\" class=\"qtranxs-available-language-link qtranxs-available-language-link-es\" title=\"Espa\u00f1ol\">Espa\u00f1ol<\/a>. For the sake of viewer convenience, the content is shown below in the alternative language. You may click the link to switch the active language.<\/p><h2 style=\"text-align: center;\">\u00a0<a href=\"http:\/\/psicopico.com\/diccionario-psicologia-general\/\">A<\/a> <a href=\"http:\/\/psicopico.com\/diccionario-psicologia-general\/diccionario-psicologia-general-letra-b\/\">B<\/a> <a href=\"http:\/\/psicopico.com\/diccionario-psicologia-general\/diccionario-psicologia-general-letra-c\/\">C<\/a> <a href=\"http:\/\/psicopico.com\/diccionario-psicologia-general\/diccionario-psicologia-general-letra-d\/\">D<\/a> <a href=\"http:\/\/psicopico.com\/diccionario-psicologia-general\/diccionario-psicologia-general-letra-e\/\">E<\/a> <a href=\"http:\/\/psicopico.com\/diccionario-psicologia-general\/diccionario-psicologia-general-letra-f\/\">F<\/a> <a href=\"http:\/\/psicopico.com\/diccionario-psicologia-general\/diccionario-psicologia-general-letra-g\/\">G<\/a> <a href=\"http:\/\/psicopico.com\/diccionario-psicologia-general\/diccionario-psicologia-general-letra-h\/\">H<\/a> <a href=\"http:\/\/psicopico.com\/diccionario-psicologia-general\/diccionario-psicologia-general-letra-i\/\">I<\/a>\u00a0<a href=\"http:\/\/psicopico.com\/diccionario-psicologia-general\/diccionario-psicologia-general-letra-l\/\">L<\/a> <a href=\"http:\/\/psicopico.com\/diccionario-psicologia-general\/diccionario-psicologia-general-letra-m\/\">M<\/a> <a href=\"http:\/\/psicopico.com\/diccionario-psicologia-general\/diccionario-psicologia-general-letra-n\/\">N<\/a> <a href=\"http:\/\/psicopico.com\/diccionario-psicologia-general\/diccionario-psicologia-general-letra\/\">O<\/a> <a href=\"http:\/\/psicopico.com\/diccionario-psicologia-general\/diccionario-psicologia-general-letra-p\/\">P<\/a>\u00a0<a href=\"http:\/\/psicopico.com\/diccionario-psicologia-general\/diccionario-psicologia-general-letra-i\/diccionario-psicologia-general-letra-r\/\">R<\/a> <a href=\"http:\/\/psicopico.com\/diccionario-psicologia-general\/608-2\/\">S<\/a> <a href=\"http:\/\/psicopico.com\/diccionario-psicologia-general\/diccionario-psicologia-general-letra-t\/\">T<\/a>\u00a0<a href=\"http:\/\/psicopico.com\/diccionario-psicologia-general\/diccionario-psicologia-general-letra-v\/\">V<\/a>\u00a0<a href=\"http:\/\/psicopico.com\/diccionario-psicologia-general\/diccionario-psicologia-general-letras-x-z\/\">XYZ<\/a><\/h2>\n<h1><span style=\"font-size: 16px; line-height: 1.5;\"><div class=\"mks_separator\" style=\"border-bottom: 2px solid;\"><\/div><\/span><\/h1>\n<h3>L<\/h3>\n<p><b>Labilidad.<\/b> Estado emotivo caracterizado por una alteraci\u00f3n del control consciente de las reacciones emotivas.<\/p>\n<p><b>Latencia, fase de.<\/b> Seg\u00fan Freud, fase del desarrollo del ni\u00f1o en el que la sexualidad permanece m\u00e1s o menos adormecida. Se extiende desde los siete a\u00f1os hasta la adolescencia.<\/p>\n<p><b>Latente, contenido.<\/b> La parte oculta de un sue\u00f1o, una fantas\u00eda, de los pensamientos y las emociones. Se expresa de forma enmascarada en el contenido manifiesto.<\/p>\n<p><b>Lenguaje del cuerpo.<\/b> Forma de comunicaci\u00f3n no verbal efectuada a trav\u00e9s de gestos, movimientos, etc.<\/p>\n<p><b>Lexitimia:<\/b> Enfermedad neurol\u00f3gica en que, debido a un traumatismo craneo-encef\u00e1lico, la persona no sabe reconocer sus sentimientos.<\/p>\n<p><b>Ley del efecto.<\/b> Esta ley establece que si a un organismo su respuesta ante un est\u00edmulo le resulta satisfactoria, la aprender\u00e1 y quedara &#8220;impresa&#8221; en su sistema nervioso.<\/p>\n<p><b>Libido.<\/b> Seg\u00fan Freud, forma de la energ\u00eda vital que dirige y origina las manifestaciones del instinto sexual.<\/p>\n<p><b>Logorrea.<\/b> Locuacidad excesiva.<\/p>\n<p><b>Logoterapia.<\/b> Es una clase de psicoterapia destinada a ayudar a la persona con problemas a redescubrir el sentido de su vida, que ha perdido.<\/p>\n<p><b>Lentitud psicomotora.<\/b> Enlentecimiento generalizado visible de los movimientos y del habla.<\/p>\n<p><b>LSD 25.<\/b> Derivado semisint\u00e9tico de uno de los alcaloides del cornezuelo del centeno (un hongo). Es un l\u00edquido incoloro e ins\u00edpido que provoca su acci\u00f3n a nivel del SNC.<\/p>\n<h2 style=\"text-align: center;\">\u00a0<a href=\"http:\/\/psicopico.com\/diccionario-psicologia-general\/\">A<\/a> <a href=\"http:\/\/psicopico.com\/diccionario-psicologia-general\/diccionario-psicologia-general-letra-b\/\">B<\/a> <a href=\"http:\/\/psicopico.com\/diccionario-psicologia-general\/diccionario-psicologia-general-letra-c\/\">C<\/a> <a href=\"http:\/\/psicopico.com\/diccionario-psicologia-general\/diccionario-psicologia-general-letra-d\/\">D<\/a> <a href=\"http:\/\/psicopico.com\/diccionario-psicologia-general\/diccionario-psicologia-general-letra-e\/\">E<\/a> <a href=\"http:\/\/psicopico.com\/diccionario-psicologia-general\/diccionario-psicologia-general-letra-f\/\">F<\/a> <a href=\"http:\/\/psicopico.com\/diccionario-psicologia-general\/diccionario-psicologia-general-letra-g\/\">G<\/a> <a href=\"http:\/\/psicopico.com\/diccionario-psicologia-general\/diccionario-psicologia-general-letra-h\/\">H<\/a> <a href=\"http:\/\/psicopico.com\/diccionario-psicologia-general\/diccionario-psicologia-general-letra-i\/\">I<\/a>\u00a0<a href=\"http:\/\/psicopico.com\/diccionario-psicologia-general\/diccionario-psicologia-general-letra-l\/\">L<\/a> <a href=\"http:\/\/psicopico.com\/diccionario-psicologia-general\/diccionario-psicologia-general-letra-m\/\">M<\/a> <a href=\"http:\/\/psicopico.com\/diccionario-psicologia-general\/diccionario-psicologia-general-letra-n\/\">N<\/a> <a href=\"http:\/\/psicopico.com\/diccionario-psicologia-general\/diccionario-psicologia-general-letra\/\">O<\/a> <a href=\"http:\/\/psicopico.com\/diccionario-psicologia-general\/diccionario-psicologia-general-letra-p\/\">P<\/a>\u00a0<a href=\"http:\/\/psicopico.com\/diccionario-psicologia-general\/diccionario-psicologia-general-letra-i\/diccionario-psicologia-general-letra-r\/\">R<\/a> <a href=\"http:\/\/psicopico.com\/diccionario-psicologia-general\/608-2\/\">S<\/a> <a href=\"http:\/\/psicopico.com\/diccionario-psicologia-general\/diccionario-psicologia-general-letra-t\/\">T<\/a>\u00a0<a href=\"http:\/\/psicopico.com\/diccionario-psicologia-general\/diccionario-psicologia-general-letra-v\/\">V<\/a>\u00a0<a href=\"http:\/\/psicopico.com\/diccionario-psicologia-general\/diccionario-psicologia-general-letras-x-z\/\">XYZ<\/a><\/h2>\n<p>&nbsp;","protected":false},"excerpt":{"rendered":"<p>Sorry, this entry is only available in Espa\u00f1ol. For the sake of viewer convenience, the content is shown below in the alternative language. You may click the link to switch the active language.\u00a0A B C D E F G H I\u00a0L M N O P\u00a0R S T\u00a0V\u00a0XYZ L Labilidad. Estado emotivo caracterizado por una alteraci\u00f3n [&hellip;]<\/p>\n","protected":false},"author":1,"featured_media":0,"parent":565,"menu_order":0,"comment_status":"closed","ping_status":"closed","template":"","meta":{"_joinchat":[],"footnotes":""},"class_list":["post-595","page","type-page","status-publish","hentry"],"yoast_head":"<!-- This site is optimized with the Yoast SEO plugin v27.3 - https:\/\/yoast.com\/product\/yoast-seo-wordpress\/ -->\n<title>(Espa\u00f1ol) Diccionario Psicolog\u00eda General - Letra L - PsicoPico<\/title>\n<meta name=\"robots\" content=\"index, follow, max-snippet:-1, max-image-preview:large, max-video-preview:-1\" \/>\n<link rel=\"canonical\" href=\"https:\/\/psicopico.com\/diccionario-psicologia-general\/diccionario-psicologia-general-letra-l\/\" \/>\n<meta property=\"og:locale\" content=\"en_US\" \/>\n<meta property=\"og:type\" content=\"article\" \/>\n<meta property=\"og:title\" content=\"(Espa\u00f1ol) Diccionario Psicolog\u00eda General - Letra L - PsicoPico\" \/>\n<meta property=\"og:description\" content=\"Sorry, this entry is only available in Espa\u00f1ol. For the sake of viewer convenience, the content is shown below in the alternative language. You may click the link to switch the active language.\u00a0A B C D E F G H I\u00a0L M N O P\u00a0R S T\u00a0V\u00a0XYZ L Labilidad. Estado emotivo caracterizado por una alteraci\u00f3n [&hellip;]\" \/>\n<meta property=\"og:url\" content=\"https:\/\/psicopico.com\/diccionario-psicologia-general\/diccionario-psicologia-general-letra-l\/\" \/>\n<meta property=\"og:site_name\" content=\"PsicoPico\" \/>\n<meta property=\"article:publisher\" content=\"https:\/\/es-la.facebook.com\/psicopicopsicologia\/\" \/>\n<meta property=\"article:modified_time\" content=\"2015-12-30T12:09:31+00:00\" \/>\n<meta name=\"twitter:card\" content=\"summary_large_image\" \/>\n<meta name=\"twitter:site\" content=\"@psicopico\" \/>\n<meta name=\"twitter:label1\" content=\"Est. reading time\" \/>\n\t<meta name=\"twitter:data1\" content=\"1 minute\" \/>\n<script type=\"application\/ld+json\" class=\"yoast-schema-graph\">{\"@context\":\"https:\\\/\\\/schema.org\",\"@graph\":[{\"@type\":\"WebPage\",\"@id\":\"https:\\\/\\\/psicopico.com\\\/diccionario-psicologia-general\\\/diccionario-psicologia-general-letra-l\\\/\",\"url\":\"https:\\\/\\\/psicopico.com\\\/diccionario-psicologia-general\\\/diccionario-psicologia-general-letra-l\\\/\",\"name\":\"(Espa\u00f1ol) Diccionario Psicolog\u00eda General - Letra L - PsicoPico\",\"isPartOf\":{\"@id\":\"https:\\\/\\\/psicopico.com\\\/#website\"},\"datePublished\":\"2015-12-29T23:43:52+00:00\",\"dateModified\":\"2015-12-30T12:09:31+00:00\",\"breadcrumb\":{\"@id\":\"https:\\\/\\\/psicopico.com\\\/diccionario-psicologia-general\\\/diccionario-psicologia-general-letra-l\\\/#breadcrumb\"},\"inLanguage\":\"en-US\",\"potentialAction\":[{\"@type\":\"ReadAction\",\"target\":[\"https:\\\/\\\/psicopico.com\\\/diccionario-psicologia-general\\\/diccionario-psicologia-general-letra-l\\\/\"]}]},{\"@type\":\"BreadcrumbList\",\"@id\":\"https:\\\/\\\/psicopico.com\\\/diccionario-psicologia-general\\\/diccionario-psicologia-general-letra-l\\\/#breadcrumb\",\"itemListElement\":[{\"@type\":\"ListItem\",\"position\":1,\"name\":\"Inicio\",\"item\":\"https:\\\/\\\/psicopico.com\\\/\"},{\"@type\":\"ListItem\",\"position\":2,\"name\":\"Diccionario de Psicolog\u00eda General\",\"item\":\"https:\\\/\\\/psicopico.com\\\/diccionario-psicologia-general\\\/\"},{\"@type\":\"ListItem\",\"position\":3,\"name\":\"Diccionario Psicolog\u00eda General &#8211; Letra L\"}]},{\"@type\":\"WebSite\",\"@id\":\"https:\\\/\\\/psicopico.com\\\/#website\",\"url\":\"https:\\\/\\\/psicopico.com\\\/\",\"name\":\"PsicoPico\",\"description\":\"Psicopico - Online Psychology by Iv\u00e1n Pico\",\"publisher\":{\"@id\":\"https:\\\/\\\/psicopico.com\\\/#organization\"},\"potentialAction\":[{\"@type\":\"SearchAction\",\"target\":{\"@type\":\"EntryPoint\",\"urlTemplate\":\"https:\\\/\\\/psicopico.com\\\/?s={search_term_string}\"},\"query-input\":{\"@type\":\"PropertyValueSpecification\",\"valueRequired\":true,\"valueName\":\"search_term_string\"}}],\"inLanguage\":\"en-US\"},{\"@type\":\"Organization\",\"@id\":\"https:\\\/\\\/psicopico.com\\\/#organization\",\"name\":\"Psicopico\",\"url\":\"https:\\\/\\\/psicopico.com\\\/\",\"logo\":{\"@type\":\"ImageObject\",\"inLanguage\":\"en-US\",\"@id\":\"https:\\\/\\\/psicopico.com\\\/#\\\/schema\\\/logo\\\/image\\\/\",\"url\":\"https:\\\/\\\/i0.wp.com\\\/psicopico.com\\\/wp-content\\\/uploads\\\/2015\\\/12\\\/logowebpsicopico.png?fit=377%2C113&ssl=1\",\"contentUrl\":\"https:\\\/\\\/i0.wp.com\\\/psicopico.com\\\/wp-content\\\/uploads\\\/2015\\\/12\\\/logowebpsicopico.png?fit=377%2C113&ssl=1\",\"width\":\"377\",\"height\":\"113\",\"caption\":\"Psicopico\"},\"image\":{\"@id\":\"https:\\\/\\\/psicopico.com\\\/#\\\/schema\\\/logo\\\/image\\\/\"},\"sameAs\":[\"https:\\\/\\\/es-la.facebook.com\\\/psicopicopsicologia\\\/\",\"https:\\\/\\\/x.com\\\/psicopico\",\"https:\\\/\\\/instagram.com\\\/psicopico\",\"https:\\\/\\\/es.linkedin.com\\\/in\\\/iv\u00e1n-pico-mart\u00ednez-5bb46873\",\"https:\\\/\\\/www.pinterest.es\\\/psicopico\\\/\",\"https:\\\/\\\/www.youtube.com\\\/channel\\\/UCwM4gAydCyOv_3sBkqVb74Q\"]}]}<\/script>\n<!-- \/ Yoast SEO plugin. -->","yoast_head_json":{"title":"(Espa\u00f1ol) Diccionario Psicolog\u00eda General - Letra L - PsicoPico","robots":{"index":"index","follow":"follow","max-snippet":"max-snippet:-1","max-image-preview":"max-image-preview:large","max-video-preview":"max-video-preview:-1"},"canonical":"https:\/\/psicopico.com\/diccionario-psicologia-general\/diccionario-psicologia-general-letra-l\/","og_locale":"en_US","og_type":"article","og_title":"(Espa\u00f1ol) Diccionario Psicolog\u00eda General - Letra L - PsicoPico","og_description":"Sorry, this entry is only available in Espa\u00f1ol. For the sake of viewer convenience, the content is shown below in the alternative language. You may click the link to switch the active language.\u00a0A B C D E F G H I\u00a0L M N O P\u00a0R S T\u00a0V\u00a0XYZ L Labilidad. Estado emotivo caracterizado por una alteraci\u00f3n [&hellip;]","og_url":"https:\/\/psicopico.com\/diccionario-psicologia-general\/diccionario-psicologia-general-letra-l\/","og_site_name":"PsicoPico","article_publisher":"https:\/\/es-la.facebook.com\/psicopicopsicologia\/","article_modified_time":"2015-12-30T12:09:31+00:00","twitter_card":"summary_large_image","twitter_site":"@psicopico","twitter_misc":{"Est. reading time":"1 minute"},"schema":{"@context":"https:\/\/schema.org","@graph":[{"@type":"WebPage","@id":"https:\/\/psicopico.com\/diccionario-psicologia-general\/diccionario-psicologia-general-letra-l\/","url":"https:\/\/psicopico.com\/diccionario-psicologia-general\/diccionario-psicologia-general-letra-l\/","name":"(Espa\u00f1ol) Diccionario Psicolog\u00eda General - Letra L - PsicoPico","isPartOf":{"@id":"https:\/\/psicopico.com\/#website"},"datePublished":"2015-12-29T23:43:52+00:00","dateModified":"2015-12-30T12:09:31+00:00","breadcrumb":{"@id":"https:\/\/psicopico.com\/diccionario-psicologia-general\/diccionario-psicologia-general-letra-l\/#breadcrumb"},"inLanguage":"en-US","potentialAction":[{"@type":"ReadAction","target":["https:\/\/psicopico.com\/diccionario-psicologia-general\/diccionario-psicologia-general-letra-l\/"]}]},{"@type":"BreadcrumbList","@id":"https:\/\/psicopico.com\/diccionario-psicologia-general\/diccionario-psicologia-general-letra-l\/#breadcrumb","itemListElement":[{"@type":"ListItem","position":1,"name":"Inicio","item":"https:\/\/psicopico.com\/"},{"@type":"ListItem","position":2,"name":"Diccionario de Psicolog\u00eda General","item":"https:\/\/psicopico.com\/diccionario-psicologia-general\/"},{"@type":"ListItem","position":3,"name":"Diccionario Psicolog\u00eda General &#8211; Letra L"}]},{"@type":"WebSite","@id":"https:\/\/psicopico.com\/#website","url":"https:\/\/psicopico.com\/","name":"PsicoPico","description":"Psicopico - Online Psychology by Iv\u00e1n Pico","publisher":{"@id":"https:\/\/psicopico.com\/#organization"},"potentialAction":[{"@type":"SearchAction","target":{"@type":"EntryPoint","urlTemplate":"https:\/\/psicopico.com\/?s={search_term_string}"},"query-input":{"@type":"PropertyValueSpecification","valueRequired":true,"valueName":"search_term_string"}}],"inLanguage":"en-US"},{"@type":"Organization","@id":"https:\/\/psicopico.com\/#organization","name":"Psicopico","url":"https:\/\/psicopico.com\/","logo":{"@type":"ImageObject","inLanguage":"en-US","@id":"https:\/\/psicopico.com\/#\/schema\/logo\/image\/","url":"https:\/\/i0.wp.com\/psicopico.com\/wp-content\/uploads\/2015\/12\/logowebpsicopico.png?fit=377%2C113&ssl=1","contentUrl":"https:\/\/i0.wp.com\/psicopico.com\/wp-content\/uploads\/2015\/12\/logowebpsicopico.png?fit=377%2C113&ssl=1","width":"377","height":"113","caption":"Psicopico"},"image":{"@id":"https:\/\/psicopico.com\/#\/schema\/logo\/image\/"},"sameAs":["https:\/\/es-la.facebook.com\/psicopicopsicologia\/","https:\/\/x.com\/psicopico","https:\/\/instagram.com\/psicopico","https:\/\/es.linkedin.com\/in\/iv\u00e1n-pico-mart\u00ednez-5bb46873","https:\/\/www.pinterest.es\/psicopico\/","https:\/\/www.youtube.com\/channel\/UCwM4gAydCyOv_3sBkqVb74Q"]}]}},"jetpack_shortlink":"https:\/\/wp.me\/P6Zx58-9B","jetpack_sharing_enabled":true,"_links":{"self":[{"href":"https:\/\/psicopico.com\/en\/wp-json\/wp\/v2\/pages\/595","targetHints":{"allow":["GET"]}}],"collection":[{"href":"https:\/\/psicopico.com\/en\/wp-json\/wp\/v2\/pages"}],"about":[{"href":"https:\/\/psicopico.com\/en\/wp-json\/wp\/v2\/types\/page"}],"author":[{"embeddable":true,"href":"https:\/\/psicopico.com\/en\/wp-json\/wp\/v2\/users\/1"}],"replies":[{"embeddable":true,"href":"https:\/\/psicopico.com\/en\/wp-json\/wp\/v2\/comments?post=595"}],"version-history":[{"count":0,"href":"https:\/\/psicopico.com\/en\/wp-json\/wp\/v2\/pages\/595\/revisions"}],"up":[{"embeddable":true,"href":"https:\/\/psicopico.com\/en\/wp-json\/wp\/v2\/pages\/565"}],"wp:attachment":[{"href":"https:\/\/psicopico.com\/en\/wp-json\/wp\/v2\/media?parent=595"}],"curies":[{"name":"wp","href":"https:\/\/api.w.org\/{rel}","templated":true}]}}