{"id":584,"date":"2015-12-29T23:36:39","date_gmt":"2015-12-29T23:36:39","guid":{"rendered":"http:\/\/psicopico.com\/?page_id=584"},"modified":"2015-12-30T12:08:17","modified_gmt":"2015-12-30T12:08:17","slug":"diccionario-psicologia-general-letra-e","status":"publish","type":"page","link":"https:\/\/psicopico.com\/en\/diccionario-psicologia-general\/diccionario-psicologia-general-letra-e\/","title":{"rendered":"(Espa\u00f1ol) Diccionario Psicolog\u00eda General &#8211; Letra E"},"content":{"rendered":"<p class=\"qtranxs-available-languages-message qtranxs-available-languages-message-en\">Sorry, this entry is only available in <a href=\"https:\/\/psicopico.com\/es\/wp-json\/wp\/v2\/pages\/584\" class=\"qtranxs-available-language-link qtranxs-available-language-link-es\" title=\"Espa\u00f1ol\">Espa\u00f1ol<\/a>. For the sake of viewer convenience, the content is shown below in the alternative language. You may click the link to switch the active language.<\/p><div class=\"row margin-bottom-20\">\n<div class=\"col-xs-12 col-sm-12 col-md-12 col-lg-12\">\n<h2 style=\"text-align: center;\">\u00a0<a href=\"http:\/\/psicopico.com\/diccionario-psicologia-general\/\">A<\/a> <a href=\"http:\/\/psicopico.com\/diccionario-psicologia-general\/diccionario-psicologia-general-letra-b\/\">B<\/a> <a href=\"http:\/\/psicopico.com\/diccionario-psicologia-general\/diccionario-psicologia-general-letra-c\/\">C<\/a> <a href=\"http:\/\/psicopico.com\/diccionario-psicologia-general\/diccionario-psicologia-general-letra-d\/\">D<\/a> <a href=\"http:\/\/psicopico.com\/diccionario-psicologia-general\/diccionario-psicologia-general-letra-e\/\">E<\/a> <a href=\"http:\/\/psicopico.com\/diccionario-psicologia-general\/diccionario-psicologia-general-letra-f\/\">F<\/a> <a href=\"http:\/\/psicopico.com\/diccionario-psicologia-general\/diccionario-psicologia-general-letra-g\/\">G<\/a> <a href=\"http:\/\/psicopico.com\/diccionario-psicologia-general\/diccionario-psicologia-general-letra-h\/\">H<\/a> <a href=\"http:\/\/psicopico.com\/diccionario-psicologia-general\/diccionario-psicologia-general-letra-i\/\">I<\/a>\u00a0<a href=\"http:\/\/psicopico.com\/diccionario-psicologia-general\/diccionario-psicologia-general-letra-l\/\">L<\/a> <a href=\"http:\/\/psicopico.com\/diccionario-psicologia-general\/diccionario-psicologia-general-letra-m\/\">M<\/a> <a href=\"http:\/\/psicopico.com\/diccionario-psicologia-general\/diccionario-psicologia-general-letra-n\/\">N<\/a> <a href=\"http:\/\/psicopico.com\/diccionario-psicologia-general\/diccionario-psicologia-general-letra\/\">O<\/a> <a href=\"http:\/\/psicopico.com\/diccionario-psicologia-general\/diccionario-psicologia-general-letra-p\/\">P<\/a>\u00a0<a href=\"http:\/\/psicopico.com\/diccionario-psicologia-general\/diccionario-psicologia-general-letra-i\/diccionario-psicologia-general-letra-r\/\">R<\/a> <a href=\"http:\/\/psicopico.com\/diccionario-psicologia-general\/608-2\/\">S<\/a> <a href=\"http:\/\/psicopico.com\/diccionario-psicologia-general\/diccionario-psicologia-general-letra-t\/\">T<\/a>\u00a0<a href=\"http:\/\/psicopico.com\/diccionario-psicologia-general\/diccionario-psicologia-general-letra-v\/\">V<\/a>\u00a0<a href=\"http:\/\/psicopico.com\/diccionario-psicologia-general\/diccionario-psicologia-general-letras-x-z\/\">XYZ<\/a><\/h2>\n<h1><span style=\"font-size: 16px; line-height: 1.5;\"><div class=\"mks_separator\" style=\"border-bottom: 2px solid;\"><\/div><\/span><\/h1>\n<h3>E<\/h3>\n<p><b>Eclecticismo.<\/b> Es el punto de vista de que conviene apreciar el valor de los conceptos derivados de dos o m\u00e1s sistemas de pensamiento o escuelas psicol\u00f3gicas. Un ecl\u00e9ctico no se apresurar\u00e1 a rechazar en forma arbitraria cualquier hallazgo o principio por el mero hecho de que no se amolde bien a las premisas establecidas desde mucho tiempo atr\u00e1s.<\/p>\n<p><b>Ecolalia.<\/b> Repetici\u00f3n patol\u00f3gica, propia de un loro y aparentemente sin sentido de una palabra o frase acabada de emitir por otra persona.<\/p>\n<\/div>\n<\/div>\n<div class=\"row padding-top-20\">\n<div class=\"col-xs-12 col-sm-12 col-md-12 col-lg-12 margin-bottom-20\"><b>Ecopraxia.<\/b> Repetici\u00f3n por imitaci\u00f3n de los movimientos de otra persona. La acci\u00f3n no es voluntaria y tiene un car\u00e1cter semiautom\u00e1tico e incontrolable.<\/div>\n<\/div>\n<div class=\"row margin-bottom-20\">\n<div class=\"col-xs-12 col-sm-12 col-md-12 col-lg-12\">\n<p><b>Ectomorfo, tipo.<\/b> Seg\u00fan W. Sheldon, tipo morfol\u00f3gico alto y delgado.<\/p>\n<p><b>Edad mental (EM).<\/b> Nivel de desarrollo intelectual global correspondiente a una determinada edad.<\/p>\n<p><b>Efecto de halo.<\/b> Tendencia de un observador a efectuar una evaluaci\u00f3n tendenciosa (ya sea positiva o negativa) de otra persona bas\u00e1ndose en caracter\u00edsticas de \u00e9sta que, si bien son notorias, carecen de pertinencia respecto de lo que debe evaluar.<\/p>\n<p><b>Efecto, ley del.<\/b> Principio por el cual se adquieren s\u00f3lo las respuestas inmediatamente seguidas de un refuerzo.<\/p>\n<p><b>Egocentrismo.<\/b> Exaltaci\u00f3n de la propia personalidad, hasta considerarla como centro de la atenci\u00f3n y actividad generales. Es frecuente en los ni\u00f1os y adultos inmaduros.<\/p>\n<p><b>Ego\u00edsmo.<\/b> Afecto excesivo de alguien para consigo mismo, anteponiendo su propia conveniencia a la de los dem\u00e1s.<\/p>\n<p><b>Electroencefalograma.<\/b> Registro gr\u00e1fico de las diferencias de potencial producidas en las c\u00e9lulas cerebrales.<\/p>\n<p><b>Ello.<\/b> Seg\u00fan Freud, zona donde residen los procesos ps\u00edquicos m\u00e1s primarios y los impulsos instintivos.<\/p>\n<p><b>Emoci\u00f3n.<\/b> Estado afectivo, una reacci\u00f3n subjetiva al ambiente, acompa\u00f1ada de cambios org\u00e1nicos (fisiol\u00f3gicos y endocrinos) de origen innato, influida por la experiencia y que tiene la funci\u00f3n adaptativa. Se refieren a estados internos como el deseo o la necesidad que dirige al organismo. Las categor\u00edas b\u00e1sicas de las emociones son: miedo, sorpresa, aversi\u00f3n, ira, tristeza y alegr\u00eda.<\/p>\n<p><b>Empatia.<\/b> Estado mental en el que un sujeto se identifica con otro grupo o persona, compartiendo el mismo estado de \u00e1nimo.<\/p>\n<p><b>Empirismo.<\/b>\u00a0 Doctrina seg\u00fan la cual todas nuestras ideas y conceptos derivan de la experiencia y \u00e9sta, a su vez, se basa exclusivamente en la informaci\u00f3n que nos llega a trav\u00e9s de los \u00f3rganos de los sentidos.<\/p>\n<p><b>Endomorfo, tipo.<\/b> Seg\u00fan W. Sheldon, es el tipo corp\u00f3reo fl\u00e1ccido y de l\u00edneas redondas.<\/p>\n<p><b>Endorfinas. <\/b>Son opi\u00e1ceos naturales producidos en el cerebro y en la gl\u00e1ndula pituitaria. Se las considera una clase de neurotransmisores.<\/p>\n<p><b>Enfermedad psicosom\u00e1tica.<\/b> Es la provocada o agravada por factores psicol\u00f3gicos como el estr\u00e9s, los cambios en el estilo de vida, las variables de la personalidad y los conflictos emocionales.<\/p>\n<p><b>Entrenamiento por biorrealimentaci\u00f3n.<\/b> M\u00e9todo de condicionamiento por el cual se logra el control voluntario de ciertas respuestas aut\u00f3nomas del organismo, como el ritmo cardiaco, los esquemas de ondas cerebrales, la circulaci\u00f3n en el sistema cardiovascular y la tensi\u00f3n muscular.<\/p>\n<p><b>Enuresis.<\/b> Emisi\u00f3n involuntaria e inconsciente de orina.<\/p>\n<p><b>Er\u00f3gena, zona.<\/b> Parte del cuerpo particularmente sensible a la excitaci\u00f3n sexual.<\/p>\n<p><b>Eros.<\/b> Dios griego del amor.<\/p>\n<p><b>Er\u00f3tico.<\/b> Relativo a Eros, o sea al amor y el deseo.<\/p>\n<p><b>Espacio vital.<\/b> Espacio f\u00edsico y ps\u00edquico que todo ser vivo precisa para su normal desarrollo.<\/p>\n<p><b>Esquema corporal.<\/b> Conciencia global del propio cuerpo.<\/p>\n<p><b>Esquizofrenia.<\/b> Grave enfermedad mental, caracterizada por la escisi\u00f3n de la personalidad y por una ruptura de los mecanismos ps\u00edquicos normales, lo que provoca una conducta incomprensible y una p\u00e9rdida del contacto con la realidad.<\/p>\n<p><b>Estado de \u00e1nimo.<\/b> Emoci\u00f3n generalizada y persistente que influye en la percepci\u00f3n del mundo. Son ejemplos frecuentes de estado de \u00e1nimo la depresi\u00f3n, alegr\u00eda, c\u00f3lera y ansiedad. Estos son los tipos de estado de \u00e1nimo:<\/p>\n<ul>\n<li><b>Disf\u00f3rico.<\/b> Estado de \u00e1nimo desagradable, tal como tristeza, ansiedad o irritabilidad.<\/li>\n<li><b>Elevado.<\/b> Sentimiento exagerado de bienestar, euforia o alegr\u00eda. Una persona con estado de \u00e1nimo elevado puede decir que se siente \u00abarriba\u00bb, \u00aben \u00e9xtasis\u00bb, \u00aben la cima del mundo\u00bb o \u00abpor las nubes\u00bb.<\/li>\n<li><b>Eut\u00edmico.<\/b> Estado de \u00e1nimo dentro de la gama \u00abnormal\u00bb, que implica la ausencia de \u00e1nimo deprimido o elevado.<\/li>\n<li><b>Expansivo.<\/b> Ausencia de control sobre la expresi\u00f3n de los propios sentimientos, a menudo con sobre valoraci\u00f3n del significado o importancia propios.<\/li>\n<li><b>Irritable.<\/b> F\u00e1cilmente enojado y susceptible a la c\u00f3lera.<\/li>\n<\/ul>\n<p><b>Estado intersexual.<\/b> Estado en el que un individuo manifiesta mezcladamente, y en distintos grados, caracter\u00edsticas de cada sexo, incluyendo formas f\u00edsicas, \u00f3rganos reproductivos y comportamiento sexual.<\/p>\n<p><b>Estereotipo. <\/b>En psicolog\u00eda social se llama estereotipo a un conjunto fijo de atributos que el observador de un grupo determinado adjudica a todos sus integrantes.<\/p>\n<p><b>Estimulante.<\/b> F\u00e1rmaco que aumenta la actividad motriz y ps\u00edquica del individuo.<\/p>\n<p><b>Est\u00edmulo condicionado.<\/b> Est\u00edmulo originalmente neutro, que finalmente suscita una respuesta incondicionada (innata) sobre el individuo.<\/p>\n<p><b>Est\u00edmulo incondicionado.<\/b> Cualquier est\u00edmulo que suscita de forma regular una respuesta no aprendida o innata. El individuo no puede controlar la respuesta al est\u00edmulo ya que se produce como un acto reflejo.<\/p>\n<p><b>Est\u00edmulo-respuesta.<\/b> Teor\u00eda que explica los comportamientos de un individuo como un conjunto de reacciones a est\u00edmulos precedentes.<\/p>\n<p><b>Estr\u00e9s.<\/b> Cualquier exigencia que produzca un estado de tensi\u00f3n en el individuo y que pida un cambio o adaptaci\u00f3n por parte del mismo.<\/p>\n<p><b>Estresante psicosocial.<\/b> Cualquier acontecimiento o cambio vital que pueda asociarse temporalmente (y quiz\u00e1 causalmente) al inicio, ocurrencia o exacerbaci\u00f3n de un trastorno mental.<\/p>\n<p><b>Etolog\u00eda.<\/b> Ciencia que estudia el comportamiento animal.<\/p>\n<p><b>Estupor.<\/b> Estado en el que no se responde a la estimulaci\u00f3n y se acompa\u00f1a de inmovilidad y mutismo.<\/p>\n<p><b>Estupor, estado de.<\/b> Estado particular que se caracteriza por la lentitud psicomotriz y por un comportamiento inerte que se acompa\u00f1a de un torpor de la conciencia.<\/p>\n<p><b>Euforia.<\/b> Estado de excitaci\u00f3n ps\u00edquica que se acompa\u00f1a de un alto tono afectivo.<\/p>\n<p><b>Exaltaci\u00f3n.<\/b> Modificaci\u00f3n del tono afectivo que se caracteriza por sentimientos de euforia.<\/p>\n<p><b>Exhibicionismo.<\/b> Tendencia patol\u00f3gica a mostrar en p\u00fablico los \u00f3rganos genitales.<\/p>\n<p><b>Experimental, Psicolog\u00eda.<\/b> Rama de la Psicolog\u00eda que emplea los experimentos controlados y la observaci\u00f3n para el estudio del comportamiento.<\/p>\n<p><b>\u00c9xtasis.<\/b> Droga alucin\u00f3gena de s\u00edntesis que se fabrica en laboratorios clandestinos. Son derivados anfetam\u00ednicos, capaces de alterar el comportamiento y las funciones vitales del organismo.<\/p>\n<p><b>Extinci\u00f3n.<\/b> Proceso activo durante el cual va disminuyendo gradualmente la probabilidad de que se produzca una respuesta condicionada. Puede consider\u00e1rselo tambi\u00e9n como el desaprendizaje de un h\u00e1bito.<\/p>\n<p><b>Extraversi\u00f3n.<\/b> Seg\u00fan C. G. Jung, caracter\u00edstica del individuo &#8220;de naturaleza conciliadora&#8221;, aparentemente abierta y disponible, que se adapta f\u00e1cilmente a cualquier situaci\u00f3n, se relaciona sin problemas y se aventura sin dificultades y con confianza a situaciones desconocidas.<\/p>\n<p><b>Eyaculaci\u00f3n precoz.<\/b> En el hombre, incapacidad de controlar la excitaci\u00f3n sexual, produci\u00e9ndose una expulsi\u00f3n precoz de semen.<\/p>\n<h2 style=\"text-align: center;\">\u00a0<a href=\"http:\/\/psicopico.com\/diccionario-psicologia-general\/\">A<\/a> <a href=\"http:\/\/psicopico.com\/diccionario-psicologia-general\/diccionario-psicologia-general-letra-b\/\">B<\/a> <a href=\"http:\/\/psicopico.com\/diccionario-psicologia-general\/diccionario-psicologia-general-letra-c\/\">C<\/a> <a href=\"http:\/\/psicopico.com\/diccionario-psicologia-general\/diccionario-psicologia-general-letra-d\/\">D<\/a> <a href=\"http:\/\/psicopico.com\/diccionario-psicologia-general\/diccionario-psicologia-general-letra-e\/\">E<\/a> <a href=\"http:\/\/psicopico.com\/diccionario-psicologia-general\/diccionario-psicologia-general-letra-f\/\">F<\/a> <a href=\"http:\/\/psicopico.com\/diccionario-psicologia-general\/diccionario-psicologia-general-letra-g\/\">G<\/a> <a href=\"http:\/\/psicopico.com\/diccionario-psicologia-general\/diccionario-psicologia-general-letra-h\/\">H<\/a> <a href=\"http:\/\/psicopico.com\/diccionario-psicologia-general\/diccionario-psicologia-general-letra-i\/\">I<\/a>\u00a0<a href=\"http:\/\/psicopico.com\/diccionario-psicologia-general\/diccionario-psicologia-general-letra-l\/\">L<\/a> <a href=\"http:\/\/psicopico.com\/diccionario-psicologia-general\/diccionario-psicologia-general-letra-m\/\">M<\/a> <a href=\"http:\/\/psicopico.com\/diccionario-psicologia-general\/diccionario-psicologia-general-letra-n\/\">N<\/a> <a href=\"http:\/\/psicopico.com\/diccionario-psicologia-general\/diccionario-psicologia-general-letra\/\">O<\/a> <a href=\"http:\/\/psicopico.com\/diccionario-psicologia-general\/diccionario-psicologia-general-letra-p\/\">P<\/a>\u00a0<a href=\"http:\/\/psicopico.com\/diccionario-psicologia-general\/diccionario-psicologia-general-letra-i\/diccionario-psicologia-general-letra-r\/\">R<\/a> <a href=\"http:\/\/psicopico.com\/diccionario-psicologia-general\/608-2\/\">S<\/a> <a href=\"http:\/\/psicopico.com\/diccionario-psicologia-general\/diccionario-psicologia-general-letra-t\/\">T<\/a>\u00a0<a href=\"http:\/\/psicopico.com\/diccionario-psicologia-general\/diccionario-psicologia-general-letra-v\/\">V<\/a>\u00a0<a href=\"http:\/\/psicopico.com\/diccionario-psicologia-general\/diccionario-psicologia-general-letras-x-z\/\">XYZ<\/a><\/h2>\n<p>&nbsp;<\/p>\n<hr \/>\n<p><b><i><span style=\"color: #0000ae;\">Bibliograf\u00eda:<\/span><\/i><\/b><\/p>\n<p>Bruno, F. J. <i>Diccionario de t\u00e9rminos psicol\u00f3gicos fundamentales.<\/i> (1997). Barcelona. Paid\u00f3s Studio.<\/p>\n<p>CIE 10, <i>Trastornos mentales y del comportamiento. Descripciones cl\u00ednicas y pautas para el diagn\u00f3stico<\/i>. (1992) Organizaci\u00f3n Mundial de la Salud. Madrid. Mediator.<\/p>\n<p>DSM-IV, <i>Manual diagn\u00f3stico y estad\u00edstico de los trastornos mentales.<\/i> (1997) APA. Barcelona. Masson.<\/p>\n<\/div>\n<\/div>","protected":false},"excerpt":{"rendered":"<p>Sorry, this entry is only available in Espa\u00f1ol. For the sake of viewer convenience, the content is shown below in the alternative language. You may click the link to switch the active language. \u00a0A B C D E F G H I\u00a0L M N O P\u00a0R S T\u00a0V\u00a0XYZ E Eclecticismo. Es el punto de vista [&hellip;]<\/p>\n","protected":false},"author":1,"featured_media":0,"parent":565,"menu_order":0,"comment_status":"closed","ping_status":"closed","template":"","meta":{"_joinchat":[],"footnotes":""},"class_list":["post-584","page","type-page","status-publish","hentry"],"yoast_head":"<!-- This site is optimized with the Yoast SEO plugin v27.3 - https:\/\/yoast.com\/product\/yoast-seo-wordpress\/ -->\n<title>(Espa\u00f1ol) Diccionario Psicolog\u00eda General - Letra E - PsicoPico<\/title>\n<meta name=\"robots\" content=\"index, follow, max-snippet:-1, max-image-preview:large, max-video-preview:-1\" \/>\n<link rel=\"canonical\" href=\"https:\/\/psicopico.com\/diccionario-psicologia-general\/diccionario-psicologia-general-letra-e\/\" \/>\n<meta property=\"og:locale\" content=\"en_US\" \/>\n<meta property=\"og:type\" content=\"article\" \/>\n<meta property=\"og:title\" content=\"(Espa\u00f1ol) Diccionario Psicolog\u00eda General - Letra E - PsicoPico\" \/>\n<meta property=\"og:description\" content=\"Sorry, this entry is only available in Espa\u00f1ol. For the sake of viewer convenience, the content is shown below in the alternative language. You may click the link to switch the active language. \u00a0A B C D E F G H I\u00a0L M N O P\u00a0R S T\u00a0V\u00a0XYZ E Eclecticismo. Es el punto de vista [&hellip;]\" \/>\n<meta property=\"og:url\" content=\"https:\/\/psicopico.com\/diccionario-psicologia-general\/diccionario-psicologia-general-letra-e\/\" \/>\n<meta property=\"og:site_name\" content=\"PsicoPico\" \/>\n<meta property=\"article:publisher\" content=\"https:\/\/es-la.facebook.com\/psicopicopsicologia\/\" \/>\n<meta property=\"article:modified_time\" content=\"2015-12-30T12:08:17+00:00\" \/>\n<meta name=\"twitter:card\" content=\"summary_large_image\" \/>\n<meta name=\"twitter:site\" content=\"@psicopico\" \/>\n<meta name=\"twitter:label1\" content=\"Est. reading time\" \/>\n\t<meta name=\"twitter:data1\" content=\"6 minutes\" \/>\n<script type=\"application\/ld+json\" class=\"yoast-schema-graph\">{\"@context\":\"https:\\\/\\\/schema.org\",\"@graph\":[{\"@type\":\"WebPage\",\"@id\":\"https:\\\/\\\/psicopico.com\\\/diccionario-psicologia-general\\\/diccionario-psicologia-general-letra-e\\\/\",\"url\":\"https:\\\/\\\/psicopico.com\\\/diccionario-psicologia-general\\\/diccionario-psicologia-general-letra-e\\\/\",\"name\":\"(Espa\u00f1ol) Diccionario Psicolog\u00eda General - Letra E - PsicoPico\",\"isPartOf\":{\"@id\":\"https:\\\/\\\/psicopico.com\\\/#website\"},\"datePublished\":\"2015-12-29T23:36:39+00:00\",\"dateModified\":\"2015-12-30T12:08:17+00:00\",\"breadcrumb\":{\"@id\":\"https:\\\/\\\/psicopico.com\\\/diccionario-psicologia-general\\\/diccionario-psicologia-general-letra-e\\\/#breadcrumb\"},\"inLanguage\":\"en-US\",\"potentialAction\":[{\"@type\":\"ReadAction\",\"target\":[\"https:\\\/\\\/psicopico.com\\\/diccionario-psicologia-general\\\/diccionario-psicologia-general-letra-e\\\/\"]}]},{\"@type\":\"BreadcrumbList\",\"@id\":\"https:\\\/\\\/psicopico.com\\\/diccionario-psicologia-general\\\/diccionario-psicologia-general-letra-e\\\/#breadcrumb\",\"itemListElement\":[{\"@type\":\"ListItem\",\"position\":1,\"name\":\"Inicio\",\"item\":\"https:\\\/\\\/psicopico.com\\\/\"},{\"@type\":\"ListItem\",\"position\":2,\"name\":\"Diccionario de Psicolog\u00eda General\",\"item\":\"https:\\\/\\\/psicopico.com\\\/diccionario-psicologia-general\\\/\"},{\"@type\":\"ListItem\",\"position\":3,\"name\":\"Diccionario Psicolog\u00eda General &#8211; Letra E\"}]},{\"@type\":\"WebSite\",\"@id\":\"https:\\\/\\\/psicopico.com\\\/#website\",\"url\":\"https:\\\/\\\/psicopico.com\\\/\",\"name\":\"PsicoPico\",\"description\":\"Psicopico - Online Psychology by Iv\u00e1n Pico\",\"publisher\":{\"@id\":\"https:\\\/\\\/psicopico.com\\\/#organization\"},\"potentialAction\":[{\"@type\":\"SearchAction\",\"target\":{\"@type\":\"EntryPoint\",\"urlTemplate\":\"https:\\\/\\\/psicopico.com\\\/?s={search_term_string}\"},\"query-input\":{\"@type\":\"PropertyValueSpecification\",\"valueRequired\":true,\"valueName\":\"search_term_string\"}}],\"inLanguage\":\"en-US\"},{\"@type\":\"Organization\",\"@id\":\"https:\\\/\\\/psicopico.com\\\/#organization\",\"name\":\"Psicopico\",\"url\":\"https:\\\/\\\/psicopico.com\\\/\",\"logo\":{\"@type\":\"ImageObject\",\"inLanguage\":\"en-US\",\"@id\":\"https:\\\/\\\/psicopico.com\\\/#\\\/schema\\\/logo\\\/image\\\/\",\"url\":\"https:\\\/\\\/i0.wp.com\\\/psicopico.com\\\/wp-content\\\/uploads\\\/2015\\\/12\\\/logowebpsicopico.png?fit=377%2C113&ssl=1\",\"contentUrl\":\"https:\\\/\\\/i0.wp.com\\\/psicopico.com\\\/wp-content\\\/uploads\\\/2015\\\/12\\\/logowebpsicopico.png?fit=377%2C113&ssl=1\",\"width\":\"377\",\"height\":\"113\",\"caption\":\"Psicopico\"},\"image\":{\"@id\":\"https:\\\/\\\/psicopico.com\\\/#\\\/schema\\\/logo\\\/image\\\/\"},\"sameAs\":[\"https:\\\/\\\/es-la.facebook.com\\\/psicopicopsicologia\\\/\",\"https:\\\/\\\/x.com\\\/psicopico\",\"https:\\\/\\\/instagram.com\\\/psicopico\",\"https:\\\/\\\/es.linkedin.com\\\/in\\\/iv\u00e1n-pico-mart\u00ednez-5bb46873\",\"https:\\\/\\\/www.pinterest.es\\\/psicopico\\\/\",\"https:\\\/\\\/www.youtube.com\\\/channel\\\/UCwM4gAydCyOv_3sBkqVb74Q\"]}]}<\/script>\n<!-- \/ Yoast SEO plugin. -->","yoast_head_json":{"title":"(Espa\u00f1ol) Diccionario Psicolog\u00eda General - Letra E - PsicoPico","robots":{"index":"index","follow":"follow","max-snippet":"max-snippet:-1","max-image-preview":"max-image-preview:large","max-video-preview":"max-video-preview:-1"},"canonical":"https:\/\/psicopico.com\/diccionario-psicologia-general\/diccionario-psicologia-general-letra-e\/","og_locale":"en_US","og_type":"article","og_title":"(Espa\u00f1ol) Diccionario Psicolog\u00eda General - Letra E - PsicoPico","og_description":"Sorry, this entry is only available in Espa\u00f1ol. For the sake of viewer convenience, the content is shown below in the alternative language. You may click the link to switch the active language. \u00a0A B C D E F G H I\u00a0L M N O P\u00a0R S T\u00a0V\u00a0XYZ E Eclecticismo. Es el punto de vista [&hellip;]","og_url":"https:\/\/psicopico.com\/diccionario-psicologia-general\/diccionario-psicologia-general-letra-e\/","og_site_name":"PsicoPico","article_publisher":"https:\/\/es-la.facebook.com\/psicopicopsicologia\/","article_modified_time":"2015-12-30T12:08:17+00:00","twitter_card":"summary_large_image","twitter_site":"@psicopico","twitter_misc":{"Est. reading time":"6 minutes"},"schema":{"@context":"https:\/\/schema.org","@graph":[{"@type":"WebPage","@id":"https:\/\/psicopico.com\/diccionario-psicologia-general\/diccionario-psicologia-general-letra-e\/","url":"https:\/\/psicopico.com\/diccionario-psicologia-general\/diccionario-psicologia-general-letra-e\/","name":"(Espa\u00f1ol) Diccionario Psicolog\u00eda General - Letra E - PsicoPico","isPartOf":{"@id":"https:\/\/psicopico.com\/#website"},"datePublished":"2015-12-29T23:36:39+00:00","dateModified":"2015-12-30T12:08:17+00:00","breadcrumb":{"@id":"https:\/\/psicopico.com\/diccionario-psicologia-general\/diccionario-psicologia-general-letra-e\/#breadcrumb"},"inLanguage":"en-US","potentialAction":[{"@type":"ReadAction","target":["https:\/\/psicopico.com\/diccionario-psicologia-general\/diccionario-psicologia-general-letra-e\/"]}]},{"@type":"BreadcrumbList","@id":"https:\/\/psicopico.com\/diccionario-psicologia-general\/diccionario-psicologia-general-letra-e\/#breadcrumb","itemListElement":[{"@type":"ListItem","position":1,"name":"Inicio","item":"https:\/\/psicopico.com\/"},{"@type":"ListItem","position":2,"name":"Diccionario de Psicolog\u00eda General","item":"https:\/\/psicopico.com\/diccionario-psicologia-general\/"},{"@type":"ListItem","position":3,"name":"Diccionario Psicolog\u00eda General &#8211; Letra E"}]},{"@type":"WebSite","@id":"https:\/\/psicopico.com\/#website","url":"https:\/\/psicopico.com\/","name":"PsicoPico","description":"Psicopico - Online Psychology by Iv\u00e1n Pico","publisher":{"@id":"https:\/\/psicopico.com\/#organization"},"potentialAction":[{"@type":"SearchAction","target":{"@type":"EntryPoint","urlTemplate":"https:\/\/psicopico.com\/?s={search_term_string}"},"query-input":{"@type":"PropertyValueSpecification","valueRequired":true,"valueName":"search_term_string"}}],"inLanguage":"en-US"},{"@type":"Organization","@id":"https:\/\/psicopico.com\/#organization","name":"Psicopico","url":"https:\/\/psicopico.com\/","logo":{"@type":"ImageObject","inLanguage":"en-US","@id":"https:\/\/psicopico.com\/#\/schema\/logo\/image\/","url":"https:\/\/i0.wp.com\/psicopico.com\/wp-content\/uploads\/2015\/12\/logowebpsicopico.png?fit=377%2C113&ssl=1","contentUrl":"https:\/\/i0.wp.com\/psicopico.com\/wp-content\/uploads\/2015\/12\/logowebpsicopico.png?fit=377%2C113&ssl=1","width":"377","height":"113","caption":"Psicopico"},"image":{"@id":"https:\/\/psicopico.com\/#\/schema\/logo\/image\/"},"sameAs":["https:\/\/es-la.facebook.com\/psicopicopsicologia\/","https:\/\/x.com\/psicopico","https:\/\/instagram.com\/psicopico","https:\/\/es.linkedin.com\/in\/iv\u00e1n-pico-mart\u00ednez-5bb46873","https:\/\/www.pinterest.es\/psicopico\/","https:\/\/www.youtube.com\/channel\/UCwM4gAydCyOv_3sBkqVb74Q"]}]}},"jetpack_shortlink":"https:\/\/wp.me\/P6Zx58-9q","jetpack_sharing_enabled":true,"_links":{"self":[{"href":"https:\/\/psicopico.com\/en\/wp-json\/wp\/v2\/pages\/584","targetHints":{"allow":["GET"]}}],"collection":[{"href":"https:\/\/psicopico.com\/en\/wp-json\/wp\/v2\/pages"}],"about":[{"href":"https:\/\/psicopico.com\/en\/wp-json\/wp\/v2\/types\/page"}],"author":[{"embeddable":true,"href":"https:\/\/psicopico.com\/en\/wp-json\/wp\/v2\/users\/1"}],"replies":[{"embeddable":true,"href":"https:\/\/psicopico.com\/en\/wp-json\/wp\/v2\/comments?post=584"}],"version-history":[{"count":0,"href":"https:\/\/psicopico.com\/en\/wp-json\/wp\/v2\/pages\/584\/revisions"}],"up":[{"embeddable":true,"href":"https:\/\/psicopico.com\/en\/wp-json\/wp\/v2\/pages\/565"}],"wp:attachment":[{"href":"https:\/\/psicopico.com\/en\/wp-json\/wp\/v2\/media?parent=584"}],"curies":[{"name":"wp","href":"https:\/\/api.w.org\/{rel}","templated":true}]}}