{"id":445,"date":"2015-12-25T12:40:38","date_gmt":"2015-12-25T12:40:38","guid":{"rendered":"http:\/\/psicopico.com\/?page_id=445"},"modified":"2016-09-02T19:04:48","modified_gmt":"2016-09-02T18:04:48","slug":"citas","status":"publish","type":"page","link":"https:\/\/psicopico.com\/en\/citas\/","title":{"rendered":"Frases"},"content":{"rendered":"As citas son ordeadas polo primeiro apelido do autor.<\/p>\n<p>Descubra as mellores citas e frases\u00a0de psic\u00f3logos m\u00e1is prestixiosos. Mentes privilexiadas.<\/p>\n<div class=\"mks_col \">\n<div class=\"mks_one_half \">\n<h4><span style=\"text-decoration: underline;\"><strong>A<\/strong><\/span><\/h4>\n<p><a href=\"http:\/\/psicopico.com\/index.php\/tag\/adler\/\">Adler, Alfred<\/a><\/p>\n<h4><span style=\"text-decoration: underline;\"><strong>B<\/strong><\/span><\/h4>\n<p><a href=\"http:\/\/psicopico.com\/tag\/bandura\/\">Bandura, Albert<\/a><\/p>\n<h4><span style=\"text-decoration: underline;\"><b>C<\/b><\/span><\/h4>\n<p><a href=\"http:\/\/psicopico.com\/index.php\/tag\/csikszentmihalyi\/\">Cs\u00edkszentmih\u00e1lyi,\u00a0Mih\u00e1ly<\/a><\/p>\n<h4><span style=\"text-decoration: underline;\"><strong>D<\/strong><\/span><\/h4>\n<h4><span style=\"text-decoration: underline;\"><strong>E<\/strong><\/span><\/h4>\n<h4><span style=\"text-decoration: underline;\"><strong>F<\/strong><\/span><\/h4>\n<p><a href=\"http:\/\/psicopico.com\/index.php\/tag\/freud\/\">Freud, Sigmud<\/a><\/p>\n<h4><u>G<\/u><\/h4>\n<p><a href=\"http:\/\/psicopico.com\/tag\/goleman\/\">Goleman, Daniel<\/a><\/p>\n<h4><u>H<\/u><\/h4>\n<h4><u>I<\/u><\/h4>\n<p>&nbsp;<\/p>\n<h4><u>H<\/u><\/h4>\n<h4><u>J<\/u><\/h4>\n<div style=\"line-height: 1.0em;\">\n<p><a href=\"http:\/\/psicopico.com\/index.php\/tag\/jung\/\">Jung, Carl<\/a><\/p>\n<p><a href=\"http:\/\/psicopico.com\/index.php\/tag\/william-james\/\">James, William<\/a><\/p>\n<\/div>\n<h4><u>K<\/u><\/h4>\n<p><a href=\"http:\/\/psicopico.com\/index.php\/tag\/kahneman\/\">Kahneman, Daniel<\/a><\/p>\n<h4><u>L<\/u><\/h4>\n<p><a href=\"http:\/\/psicopico.com\/tag\/lewin\/\">Lewin, Kurt<\/a><\/p>\n<\/div>\n<div class=\"mks_one_half \">\n<h4><u>M<\/u><\/h4>\n<p><a href=\"http:\/\/psicopico.com\/index.php\/tag\/maslow\/\">Maslow, Abraham<\/a><\/p>\n<h4><u>N<\/u><\/h4>\n<p><a href=\"http:\/\/psicopico.com\/index.php\/tag\/nietzsche\/\">Nietzsche,\u00a0Friedrich<\/a><\/p>\n<h4><u>O<\/u><\/h4>\n<h4><u>P<\/u><\/h4>\n<h4><u>Q<\/u><\/h4>\n<p>&nbsp;<\/p>\n<h4><u>R<\/u><\/h4>\n<p><a href=\"http:\/\/psicopico.com\/index.php\/tag\/rogers\/\">Rogers, Carl<\/a><\/p>\n<h4><u>S<\/u><\/h4>\n<p><a href=\"http:\/\/psicopico.com\/index.php\/tag\/seligman\/\">Seligman, Martin<\/a><\/p>\n<p><a href=\"http:\/\/psicopico.com\/index.php\/tag\/skinner\/\">Skinner,\u00a0Burrhus Frederic<\/a><\/p>\n<h4><u>T<\/u><\/h4>\n<p><a href=\"http:\/\/psicopico.com\/tag\/thorndike\/\">Thorndike, Edward Lee<\/a><\/p>\n<h4><u>U<\/u><\/h4>\n<h4><u>V<\/u><\/h4>\n<h4><u>W<\/u><\/h4>\n<p><a href=\"http:\/\/psicopico.com\/tag\/wundt\/\">Wundt,\u00a0Wilhelm<\/a><\/p>\n<h4><u>X<\/u><\/h4>\n<h4><u>Y<\/u><\/h4>\n<h4><u>Z<\/u><\/h4>\n<\/div>\n<\/div>\n<p>&nbsp;","protected":false},"excerpt":{"rendered":"<p>As citas son ordeadas polo primeiro apelido do autor. Descubra as mellores citas e frases\u00a0de psic\u00f3logos m\u00e1is prestixiosos. Mentes privilexiadas. &nbsp;<\/p>\n","protected":false},"author":1,"featured_media":0,"parent":0,"menu_order":0,"comment_status":"closed","ping_status":"closed","template":"template-modules.php","meta":{"_joinchat":[],"footnotes":""},"class_list":["post-445","page","type-page","status-publish","hentry"],"yoast_head":"<!-- This site is optimized with the Yoast SEO plugin v27.4 - https:\/\/yoast.com\/product\/yoast-seo-wordpress\/ -->\n<title>Frases de psic\u00f3logos | Psicolog\u00eda Online<\/title>\n<meta name=\"description\" content=\"Descubre algunas fras de los psic\u00f3logos m\u00e1s influyentes de diferentes corrientes psicol\u00f3gicas. Frases inspiradoras, motivadoras y definitorias.\" \/>\n<meta name=\"robots\" content=\"index, follow, max-snippet:-1, max-image-preview:large, max-video-preview:-1\" \/>\n<link rel=\"canonical\" href=\"https:\/\/psicopico.com\/citas\/\" \/>\n<meta property=\"og:locale\" content=\"en_US\" \/>\n<meta property=\"og:type\" content=\"article\" \/>\n<meta property=\"og:title\" content=\"Frases de psic\u00f3logos | Psicolog\u00eda Online\" \/>\n<meta property=\"og:description\" content=\"Descubre algunas fras de los psic\u00f3logos m\u00e1s influyentes de diferentes corrientes psicol\u00f3gicas. Frases inspiradoras, motivadoras y definitorias.\" \/>\n<meta property=\"og:url\" content=\"https:\/\/psicopico.com\/citas\/\" \/>\n<meta property=\"og:site_name\" content=\"PsicoPico\" \/>\n<meta property=\"article:publisher\" content=\"https:\/\/es-la.facebook.com\/psicopicopsicologia\/\" \/>\n<meta property=\"article:modified_time\" content=\"2016-09-02T18:04:48+00:00\" \/>\n<meta name=\"twitter:card\" content=\"summary_large_image\" \/>\n<meta name=\"twitter:site\" content=\"@psicopico\" \/>\n<meta name=\"twitter:label1\" content=\"Est. reading time\" \/>\n\t<meta name=\"twitter:data1\" content=\"2 minutes\" \/>\n<script type=\"application\/ld+json\" class=\"yoast-schema-graph\">{\"@context\":\"https:\\\/\\\/schema.org\",\"@graph\":[{\"@type\":\"WebPage\",\"@id\":\"https:\\\/\\\/psicopico.com\\\/citas\\\/\",\"url\":\"https:\\\/\\\/psicopico.com\\\/citas\\\/\",\"name\":\"Frases de psic\u00f3logos | Psicolog\u00eda Online\",\"isPartOf\":{\"@id\":\"https:\\\/\\\/psicopico.com\\\/#website\"},\"datePublished\":\"2015-12-25T12:40:38+00:00\",\"dateModified\":\"2016-09-02T18:04:48+00:00\",\"description\":\"Descubre algunas fras de los psic\u00f3logos m\u00e1s influyentes de diferentes corrientes psicol\u00f3gicas. Frases inspiradoras, motivadoras y definitorias.\",\"breadcrumb\":{\"@id\":\"https:\\\/\\\/psicopico.com\\\/citas\\\/#breadcrumb\"},\"inLanguage\":\"en-US\",\"potentialAction\":[{\"@type\":\"ReadAction\",\"target\":[\"https:\\\/\\\/psicopico.com\\\/citas\\\/\"]}]},{\"@type\":\"BreadcrumbList\",\"@id\":\"https:\\\/\\\/psicopico.com\\\/citas\\\/#breadcrumb\",\"itemListElement\":[{\"@type\":\"ListItem\",\"position\":1,\"name\":\"Inicio\",\"item\":\"https:\\\/\\\/psicopico.com\\\/\"},{\"@type\":\"ListItem\",\"position\":2,\"name\":\"Frases de psic\u00f3logos\"}]},{\"@type\":\"WebSite\",\"@id\":\"https:\\\/\\\/psicopico.com\\\/#website\",\"url\":\"https:\\\/\\\/psicopico.com\\\/\",\"name\":\"PsicoPico\",\"description\":\"Psicopico - Online Psychology by Iv\u00e1n Pico\",\"publisher\":{\"@id\":\"https:\\\/\\\/psicopico.com\\\/#organization\"},\"potentialAction\":[{\"@type\":\"SearchAction\",\"target\":{\"@type\":\"EntryPoint\",\"urlTemplate\":\"https:\\\/\\\/psicopico.com\\\/?s={search_term_string}\"},\"query-input\":{\"@type\":\"PropertyValueSpecification\",\"valueRequired\":true,\"valueName\":\"search_term_string\"}}],\"inLanguage\":\"en-US\"},{\"@type\":\"Organization\",\"@id\":\"https:\\\/\\\/psicopico.com\\\/#organization\",\"name\":\"Psicopico\",\"url\":\"https:\\\/\\\/psicopico.com\\\/\",\"logo\":{\"@type\":\"ImageObject\",\"inLanguage\":\"en-US\",\"@id\":\"https:\\\/\\\/psicopico.com\\\/#\\\/schema\\\/logo\\\/image\\\/\",\"url\":\"https:\\\/\\\/i0.wp.com\\\/psicopico.com\\\/wp-content\\\/uploads\\\/2015\\\/12\\\/logowebpsicopico.png?fit=377%2C113&ssl=1\",\"contentUrl\":\"https:\\\/\\\/i0.wp.com\\\/psicopico.com\\\/wp-content\\\/uploads\\\/2015\\\/12\\\/logowebpsicopico.png?fit=377%2C113&ssl=1\",\"width\":\"377\",\"height\":\"113\",\"caption\":\"Psicopico\"},\"image\":{\"@id\":\"https:\\\/\\\/psicopico.com\\\/#\\\/schema\\\/logo\\\/image\\\/\"},\"sameAs\":[\"https:\\\/\\\/es-la.facebook.com\\\/psicopicopsicologia\\\/\",\"https:\\\/\\\/x.com\\\/psicopico\",\"https:\\\/\\\/instagram.com\\\/psicopico\",\"https:\\\/\\\/es.linkedin.com\\\/in\\\/iv\u00e1n-pico-mart\u00ednez-5bb46873\",\"https:\\\/\\\/www.pinterest.es\\\/psicopico\\\/\",\"https:\\\/\\\/www.youtube.com\\\/channel\\\/UCwM4gAydCyOv_3sBkqVb74Q\"]}]}<\/script>\n<!-- \/ Yoast SEO plugin. -->","yoast_head_json":{"title":"Frases de psic\u00f3logos | Psicolog\u00eda Online","description":"Descubre algunas fras de los psic\u00f3logos m\u00e1s influyentes de diferentes corrientes psicol\u00f3gicas. Frases inspiradoras, motivadoras y definitorias.","robots":{"index":"index","follow":"follow","max-snippet":"max-snippet:-1","max-image-preview":"max-image-preview:large","max-video-preview":"max-video-preview:-1"},"canonical":"https:\/\/psicopico.com\/citas\/","og_locale":"en_US","og_type":"article","og_title":"Frases de psic\u00f3logos | Psicolog\u00eda Online","og_description":"Descubre algunas fras de los psic\u00f3logos m\u00e1s influyentes de diferentes corrientes psicol\u00f3gicas. Frases inspiradoras, motivadoras y definitorias.","og_url":"https:\/\/psicopico.com\/citas\/","og_site_name":"PsicoPico","article_publisher":"https:\/\/es-la.facebook.com\/psicopicopsicologia\/","article_modified_time":"2016-09-02T18:04:48+00:00","twitter_card":"summary_large_image","twitter_site":"@psicopico","twitter_misc":{"Est. reading time":"2 minutes"},"schema":{"@context":"https:\/\/schema.org","@graph":[{"@type":"WebPage","@id":"https:\/\/psicopico.com\/citas\/","url":"https:\/\/psicopico.com\/citas\/","name":"Frases de psic\u00f3logos | Psicolog\u00eda Online","isPartOf":{"@id":"https:\/\/psicopico.com\/#website"},"datePublished":"2015-12-25T12:40:38+00:00","dateModified":"2016-09-02T18:04:48+00:00","description":"Descubre algunas fras de los psic\u00f3logos m\u00e1s influyentes de diferentes corrientes psicol\u00f3gicas. Frases inspiradoras, motivadoras y definitorias.","breadcrumb":{"@id":"https:\/\/psicopico.com\/citas\/#breadcrumb"},"inLanguage":"en-US","potentialAction":[{"@type":"ReadAction","target":["https:\/\/psicopico.com\/citas\/"]}]},{"@type":"BreadcrumbList","@id":"https:\/\/psicopico.com\/citas\/#breadcrumb","itemListElement":[{"@type":"ListItem","position":1,"name":"Inicio","item":"https:\/\/psicopico.com\/"},{"@type":"ListItem","position":2,"name":"Frases de psic\u00f3logos"}]},{"@type":"WebSite","@id":"https:\/\/psicopico.com\/#website","url":"https:\/\/psicopico.com\/","name":"PsicoPico","description":"Psicopico - Online Psychology by Iv\u00e1n Pico","publisher":{"@id":"https:\/\/psicopico.com\/#organization"},"potentialAction":[{"@type":"SearchAction","target":{"@type":"EntryPoint","urlTemplate":"https:\/\/psicopico.com\/?s={search_term_string}"},"query-input":{"@type":"PropertyValueSpecification","valueRequired":true,"valueName":"search_term_string"}}],"inLanguage":"en-US"},{"@type":"Organization","@id":"https:\/\/psicopico.com\/#organization","name":"Psicopico","url":"https:\/\/psicopico.com\/","logo":{"@type":"ImageObject","inLanguage":"en-US","@id":"https:\/\/psicopico.com\/#\/schema\/logo\/image\/","url":"https:\/\/i0.wp.com\/psicopico.com\/wp-content\/uploads\/2015\/12\/logowebpsicopico.png?fit=377%2C113&ssl=1","contentUrl":"https:\/\/i0.wp.com\/psicopico.com\/wp-content\/uploads\/2015\/12\/logowebpsicopico.png?fit=377%2C113&ssl=1","width":"377","height":"113","caption":"Psicopico"},"image":{"@id":"https:\/\/psicopico.com\/#\/schema\/logo\/image\/"},"sameAs":["https:\/\/es-la.facebook.com\/psicopicopsicologia\/","https:\/\/x.com\/psicopico","https:\/\/instagram.com\/psicopico","https:\/\/es.linkedin.com\/in\/iv\u00e1n-pico-mart\u00ednez-5bb46873","https:\/\/www.pinterest.es\/psicopico\/","https:\/\/www.youtube.com\/channel\/UCwM4gAydCyOv_3sBkqVb74Q"]}]}},"jetpack_shortlink":"https:\/\/wp.me\/P6Zx58-7b","jetpack_sharing_enabled":true,"_links":{"self":[{"href":"https:\/\/psicopico.com\/en\/wp-json\/wp\/v2\/pages\/445","targetHints":{"allow":["GET"]}}],"collection":[{"href":"https:\/\/psicopico.com\/en\/wp-json\/wp\/v2\/pages"}],"about":[{"href":"https:\/\/psicopico.com\/en\/wp-json\/wp\/v2\/types\/page"}],"author":[{"embeddable":true,"href":"https:\/\/psicopico.com\/en\/wp-json\/wp\/v2\/users\/1"}],"replies":[{"embeddable":true,"href":"https:\/\/psicopico.com\/en\/wp-json\/wp\/v2\/comments?post=445"}],"version-history":[{"count":0,"href":"https:\/\/psicopico.com\/en\/wp-json\/wp\/v2\/pages\/445\/revisions"}],"wp:attachment":[{"href":"https:\/\/psicopico.com\/en\/wp-json\/wp\/v2\/media?parent=445"}],"curies":[{"name":"wp","href":"https:\/\/api.w.org\/{rel}","templated":true}]}}