{"id":3795,"date":"2017-12-26T14:51:31","date_gmt":"2017-12-26T13:51:31","guid":{"rendered":"http:\/\/psicopico.com\/appointment-booking\/"},"modified":"2023-07-12T14:09:10","modified_gmt":"2023-07-12T13:09:10","slug":"cita","status":"publish","type":"page","link":"https:\/\/psicopico.com\/en\/cita\/","title":{"rendered":"Book Appointment"},"content":{"rendered":"<p class=\"qtranxs-available-languages-message qtranxs-available-languages-message-en\">Sorry, this entry is only available in <a href=\"https:\/\/psicopico.com\/es\/wp-json\/wp\/v2\/pages\/3795\" class=\"qtranxs-available-language-link qtranxs-available-language-link-es\" title=\"Espa\u00f1ol\">Espa\u00f1ol<\/a> and <a href=\"https:\/\/psicopico.com\/gl\/wp-json\/wp\/v2\/pages\/3795\" class=\"qtranxs-available-language-link qtranxs-available-language-link-gl\" title=\"Galego\">Galego<\/a>. For the sake of viewer convenience, the content is shown below in this site default language. You may click one of the links to switch the site language to another available language.<\/p><h2 style=\"text-align: center;\">Consulta psicolog\u00eda online en directo<\/h2>\n<p style=\"text-align: center;\"><a href=\"https:\/\/psicopico.com\/producto\/sesion-por-chat-55-minutos\/\"><strong>SESI\u00d3N POR CHAT<\/strong><\/a><\/p>\n<p style=\"text-align: center;\"><strong><a href=\"https:\/\/psicopico.com\/producto\/sesion-por-videoconferencia-55-minutos\/\">SESI\u00d3N POR VIDEOCONFERENCIA<\/a><\/strong><\/p>\n<p>Ponte en contacto conmigo a trav\u00e9s del formulario de contacto u otros medios para poder concretar la cita.<\/p>\n<p><span style=\"font-size: 14pt;\"><strong>Email<\/strong>: info@psicopico.com<\/span><\/p>\n<p><span style=\"font-size: 14pt;\"><strong><i class=\"fa fa-whatsapp\" style=\"color: #81d742\"><\/i> Mobile\u00a0&amp; Whatsapp: <\/strong>+34 627404796<\/span><\/p>\n<p><a href=\"https:\/\/wa.me\/34627404796\"><img data-recalc-dims=\"1\" loading=\"lazy\" decoding=\"async\" class=\"alignleft wp-image-6069 size-full\" src=\"https:\/\/i0.wp.com\/psicopico.com\/wp-content\/uploads\/2020\/07\/psicologo-whatsapp-online-sesion.png?resize=120%2C120&#038;ssl=1\" alt=\"\" width=\"120\" height=\"120\" srcset=\"https:\/\/i0.wp.com\/psicopico.com\/wp-content\/uploads\/2020\/07\/psicologo-whatsapp-online-sesion.png?w=120&amp;ssl=1 120w, https:\/\/i0.wp.com\/psicopico.com\/wp-content\/uploads\/2020\/07\/psicologo-whatsapp-online-sesion.png?resize=100%2C100&amp;ssl=1 100w\" sizes=\"auto, (max-width: 120px) 100vw, 120px\" \/><\/a><\/p>\n<p>&nbsp;<\/p>\n<p>&nbsp;<\/p>\n<p>&nbsp;<\/p>\n<p>Pide m\u00e1s informaci\u00f3n directamente por <strong><a href=\"https:\/\/wa.me\/34627404796\" target=\"_blank\" rel=\"noopener noreferrer\">Whatsapp<\/a><\/strong>.","protected":false},"excerpt":{"rendered":"<p>Sorry, this entry is only available in Espa\u00f1ol and Galego. For the sake of viewer convenience, the content is shown below in this site default language. You may click one of the links to switch the site language to another available language.Consulta psicolog\u00eda online en directo SESI\u00d3N POR CHAT SESI\u00d3N POR VIDEOCONFERENCIA Ponte en contacto [&hellip;]<\/p>\n","protected":false},"author":1,"featured_media":0,"parent":0,"menu_order":0,"comment_status":"closed","ping_status":"closed","template":"","meta":{"_joinchat":[],"footnotes":""},"class_list":["post-3795","page","type-page","status-publish","hentry"],"yoast_head":"<!-- This site is optimized with the Yoast SEO plugin v27.4 - https:\/\/yoast.com\/product\/yoast-seo-wordpress\/ -->\n<title>Book Appointment - PsicoPico<\/title>\n<meta name=\"robots\" content=\"index, follow, max-snippet:-1, max-image-preview:large, max-video-preview:-1\" \/>\n<link rel=\"canonical\" href=\"https:\/\/psicopico.com\/cita\/\" \/>\n<meta property=\"og:locale\" content=\"en_US\" \/>\n<meta property=\"og:type\" content=\"article\" \/>\n<meta property=\"og:title\" content=\"Book Appointment - PsicoPico\" \/>\n<meta property=\"og:description\" content=\"Sorry, this entry is only available in Espa\u00f1ol and Galego. For the sake of viewer convenience, the content is shown below in this site default language. You may click one of the links to switch the site language to another available language.Consulta psicolog\u00eda online en directo SESI\u00d3N POR CHAT SESI\u00d3N POR VIDEOCONFERENCIA Ponte en contacto [&hellip;]\" \/>\n<meta property=\"og:url\" content=\"https:\/\/psicopico.com\/cita\/\" \/>\n<meta property=\"og:site_name\" content=\"PsicoPico\" \/>\n<meta property=\"article:publisher\" content=\"https:\/\/es-la.facebook.com\/psicopicopsicologia\/\" \/>\n<meta property=\"article:modified_time\" content=\"2023-07-12T13:09:10+00:00\" \/>\n<meta property=\"og:image\" content=\"https:\/\/psicopico.com\/wp-content\/uploads\/2020\/07\/psicologo-whatsapp-online-sesion.png\" \/>\n<meta name=\"twitter:card\" content=\"summary_large_image\" \/>\n<meta name=\"twitter:site\" content=\"@psicopico\" \/>\n<meta name=\"twitter:label1\" content=\"Est. reading time\" \/>\n\t<meta name=\"twitter:data1\" content=\"1 minute\" \/>\n<script type=\"application\/ld+json\" class=\"yoast-schema-graph\">{\"@context\":\"https:\\\/\\\/schema.org\",\"@graph\":[{\"@type\":\"WebPage\",\"@id\":\"https:\\\/\\\/psicopico.com\\\/cita\\\/\",\"url\":\"https:\\\/\\\/psicopico.com\\\/cita\\\/\",\"name\":\"Book Appointment - PsicoPico\",\"isPartOf\":{\"@id\":\"https:\\\/\\\/psicopico.com\\\/#website\"},\"primaryImageOfPage\":{\"@id\":\"https:\\\/\\\/psicopico.com\\\/cita\\\/#primaryimage\"},\"image\":{\"@id\":\"https:\\\/\\\/psicopico.com\\\/cita\\\/#primaryimage\"},\"thumbnailUrl\":\"https:\\\/\\\/psicopico.com\\\/wp-content\\\/uploads\\\/2020\\\/07\\\/psicologo-whatsapp-online-sesion.png\",\"datePublished\":\"2017-12-26T13:51:31+00:00\",\"dateModified\":\"2023-07-12T13:09:10+00:00\",\"breadcrumb\":{\"@id\":\"https:\\\/\\\/psicopico.com\\\/cita\\\/#breadcrumb\"},\"inLanguage\":\"en-US\",\"potentialAction\":[{\"@type\":\"ReadAction\",\"target\":[\"https:\\\/\\\/psicopico.com\\\/cita\\\/\"]}]},{\"@type\":\"ImageObject\",\"inLanguage\":\"en-US\",\"@id\":\"https:\\\/\\\/psicopico.com\\\/cita\\\/#primaryimage\",\"url\":\"https:\\\/\\\/psicopico.com\\\/wp-content\\\/uploads\\\/2020\\\/07\\\/psicologo-whatsapp-online-sesion.png\",\"contentUrl\":\"https:\\\/\\\/psicopico.com\\\/wp-content\\\/uploads\\\/2020\\\/07\\\/psicologo-whatsapp-online-sesion.png\"},{\"@type\":\"BreadcrumbList\",\"@id\":\"https:\\\/\\\/psicopico.com\\\/cita\\\/#breadcrumb\",\"itemListElement\":[{\"@type\":\"ListItem\",\"position\":1,\"name\":\"Inicio\",\"item\":\"https:\\\/\\\/psicopico.com\\\/\"},{\"@type\":\"ListItem\",\"position\":2,\"name\":\"Pedir cita\"}]},{\"@type\":\"WebSite\",\"@id\":\"https:\\\/\\\/psicopico.com\\\/#website\",\"url\":\"https:\\\/\\\/psicopico.com\\\/\",\"name\":\"PsicoPico\",\"description\":\"Psicopico - Online Psychology by Iv\u00e1n Pico\",\"publisher\":{\"@id\":\"https:\\\/\\\/psicopico.com\\\/#organization\"},\"potentialAction\":[{\"@type\":\"SearchAction\",\"target\":{\"@type\":\"EntryPoint\",\"urlTemplate\":\"https:\\\/\\\/psicopico.com\\\/?s={search_term_string}\"},\"query-input\":{\"@type\":\"PropertyValueSpecification\",\"valueRequired\":true,\"valueName\":\"search_term_string\"}}],\"inLanguage\":\"en-US\"},{\"@type\":\"Organization\",\"@id\":\"https:\\\/\\\/psicopico.com\\\/#organization\",\"name\":\"Psicopico\",\"url\":\"https:\\\/\\\/psicopico.com\\\/\",\"logo\":{\"@type\":\"ImageObject\",\"inLanguage\":\"en-US\",\"@id\":\"https:\\\/\\\/psicopico.com\\\/#\\\/schema\\\/logo\\\/image\\\/\",\"url\":\"https:\\\/\\\/i0.wp.com\\\/psicopico.com\\\/wp-content\\\/uploads\\\/2015\\\/12\\\/logowebpsicopico.png?fit=377%2C113&ssl=1\",\"contentUrl\":\"https:\\\/\\\/i0.wp.com\\\/psicopico.com\\\/wp-content\\\/uploads\\\/2015\\\/12\\\/logowebpsicopico.png?fit=377%2C113&ssl=1\",\"width\":\"377\",\"height\":\"113\",\"caption\":\"Psicopico\"},\"image\":{\"@id\":\"https:\\\/\\\/psicopico.com\\\/#\\\/schema\\\/logo\\\/image\\\/\"},\"sameAs\":[\"https:\\\/\\\/es-la.facebook.com\\\/psicopicopsicologia\\\/\",\"https:\\\/\\\/x.com\\\/psicopico\",\"https:\\\/\\\/instagram.com\\\/psicopico\",\"https:\\\/\\\/es.linkedin.com\\\/in\\\/iv\u00e1n-pico-mart\u00ednez-5bb46873\",\"https:\\\/\\\/www.pinterest.es\\\/psicopico\\\/\",\"https:\\\/\\\/www.youtube.com\\\/channel\\\/UCwM4gAydCyOv_3sBkqVb74Q\"]}]}<\/script>\n<!-- \/ Yoast SEO plugin. -->","yoast_head_json":{"title":"Book Appointment - PsicoPico","robots":{"index":"index","follow":"follow","max-snippet":"max-snippet:-1","max-image-preview":"max-image-preview:large","max-video-preview":"max-video-preview:-1"},"canonical":"https:\/\/psicopico.com\/cita\/","og_locale":"en_US","og_type":"article","og_title":"Book Appointment - PsicoPico","og_description":"Sorry, this entry is only available in Espa\u00f1ol and Galego. For the sake of viewer convenience, the content is shown below in this site default language. You may click one of the links to switch the site language to another available language.Consulta psicolog\u00eda online en directo SESI\u00d3N POR CHAT SESI\u00d3N POR VIDEOCONFERENCIA Ponte en contacto [&hellip;]","og_url":"https:\/\/psicopico.com\/cita\/","og_site_name":"PsicoPico","article_publisher":"https:\/\/es-la.facebook.com\/psicopicopsicologia\/","article_modified_time":"2023-07-12T13:09:10+00:00","og_image":[{"url":"https:\/\/psicopico.com\/wp-content\/uploads\/2020\/07\/psicologo-whatsapp-online-sesion.png","type":"","width":"","height":""}],"twitter_card":"summary_large_image","twitter_site":"@psicopico","twitter_misc":{"Est. reading time":"1 minute"},"schema":{"@context":"https:\/\/schema.org","@graph":[{"@type":"WebPage","@id":"https:\/\/psicopico.com\/cita\/","url":"https:\/\/psicopico.com\/cita\/","name":"Book Appointment - PsicoPico","isPartOf":{"@id":"https:\/\/psicopico.com\/#website"},"primaryImageOfPage":{"@id":"https:\/\/psicopico.com\/cita\/#primaryimage"},"image":{"@id":"https:\/\/psicopico.com\/cita\/#primaryimage"},"thumbnailUrl":"https:\/\/psicopico.com\/wp-content\/uploads\/2020\/07\/psicologo-whatsapp-online-sesion.png","datePublished":"2017-12-26T13:51:31+00:00","dateModified":"2023-07-12T13:09:10+00:00","breadcrumb":{"@id":"https:\/\/psicopico.com\/cita\/#breadcrumb"},"inLanguage":"en-US","potentialAction":[{"@type":"ReadAction","target":["https:\/\/psicopico.com\/cita\/"]}]},{"@type":"ImageObject","inLanguage":"en-US","@id":"https:\/\/psicopico.com\/cita\/#primaryimage","url":"https:\/\/psicopico.com\/wp-content\/uploads\/2020\/07\/psicologo-whatsapp-online-sesion.png","contentUrl":"https:\/\/psicopico.com\/wp-content\/uploads\/2020\/07\/psicologo-whatsapp-online-sesion.png"},{"@type":"BreadcrumbList","@id":"https:\/\/psicopico.com\/cita\/#breadcrumb","itemListElement":[{"@type":"ListItem","position":1,"name":"Inicio","item":"https:\/\/psicopico.com\/"},{"@type":"ListItem","position":2,"name":"Pedir cita"}]},{"@type":"WebSite","@id":"https:\/\/psicopico.com\/#website","url":"https:\/\/psicopico.com\/","name":"PsicoPico","description":"Psicopico - Online Psychology by Iv\u00e1n Pico","publisher":{"@id":"https:\/\/psicopico.com\/#organization"},"potentialAction":[{"@type":"SearchAction","target":{"@type":"EntryPoint","urlTemplate":"https:\/\/psicopico.com\/?s={search_term_string}"},"query-input":{"@type":"PropertyValueSpecification","valueRequired":true,"valueName":"search_term_string"}}],"inLanguage":"en-US"},{"@type":"Organization","@id":"https:\/\/psicopico.com\/#organization","name":"Psicopico","url":"https:\/\/psicopico.com\/","logo":{"@type":"ImageObject","inLanguage":"en-US","@id":"https:\/\/psicopico.com\/#\/schema\/logo\/image\/","url":"https:\/\/i0.wp.com\/psicopico.com\/wp-content\/uploads\/2015\/12\/logowebpsicopico.png?fit=377%2C113&ssl=1","contentUrl":"https:\/\/i0.wp.com\/psicopico.com\/wp-content\/uploads\/2015\/12\/logowebpsicopico.png?fit=377%2C113&ssl=1","width":"377","height":"113","caption":"Psicopico"},"image":{"@id":"https:\/\/psicopico.com\/#\/schema\/logo\/image\/"},"sameAs":["https:\/\/es-la.facebook.com\/psicopicopsicologia\/","https:\/\/x.com\/psicopico","https:\/\/instagram.com\/psicopico","https:\/\/es.linkedin.com\/in\/iv\u00e1n-pico-mart\u00ednez-5bb46873","https:\/\/www.pinterest.es\/psicopico\/","https:\/\/www.youtube.com\/channel\/UCwM4gAydCyOv_3sBkqVb74Q"]}]}},"jetpack_shortlink":"https:\/\/wp.me\/P6Zx58-Zd","jetpack_sharing_enabled":true,"_links":{"self":[{"href":"https:\/\/psicopico.com\/en\/wp-json\/wp\/v2\/pages\/3795","targetHints":{"allow":["GET"]}}],"collection":[{"href":"https:\/\/psicopico.com\/en\/wp-json\/wp\/v2\/pages"}],"about":[{"href":"https:\/\/psicopico.com\/en\/wp-json\/wp\/v2\/types\/page"}],"author":[{"embeddable":true,"href":"https:\/\/psicopico.com\/en\/wp-json\/wp\/v2\/users\/1"}],"replies":[{"embeddable":true,"href":"https:\/\/psicopico.com\/en\/wp-json\/wp\/v2\/comments?post=3795"}],"version-history":[{"count":0,"href":"https:\/\/psicopico.com\/en\/wp-json\/wp\/v2\/pages\/3795\/revisions"}],"wp:attachment":[{"href":"https:\/\/psicopico.com\/en\/wp-json\/wp\/v2\/media?parent=3795"}],"curies":[{"name":"wp","href":"https:\/\/api.w.org\/{rel}","templated":true}]}}