{"id":337,"date":"2015-12-18T18:07:45","date_gmt":"2015-12-18T18:07:45","guid":{"rendered":"http:\/\/psicopico.com\/?page_id=337"},"modified":"2016-02-01T17:56:21","modified_gmt":"2016-02-01T16:56:21","slug":"deporte","status":"publish","type":"page","link":"https:\/\/psicopico.com\/en\/psicologo-en-lugo\/deporte\/","title":{"rendered":"Sport"},"content":{"rendered":"<p style=\"text-align: center;\"><em>En construcci\u00f3n&#8230;<\/em><\/p>\n<p><strong>Deporte de base e iniciaci\u00f3n.<\/strong><\/p>\n<p>Asesoramiento en la creaci\u00f3n de metodolog\u00edas deportivas.<\/p>\n<p>Asesoramiento para padres y prevenci\u00f3n de actitudes negativas en el juego.<\/p>\n<p>Orientaci\u00f3n deportiva y profesional.<\/p>\n<p>Pautas de intervenci\u00f3n psicosociales.<\/p>\n<div class=\"mks_separator\" style=\"height: 2px;\"><\/div>\n<p><strong>Deporte de Rendimiento.\u00a0<\/strong><\/p>\n<p>Coaching deportivo.<\/p>\n<p>Mejora de la aderencia al entrenamiento.<\/p>\n<div class=\"mks_separator\" style=\"height: 2px;\"><\/div>\n<p><strong>Deporte de Ocio y tiempo libre.\u00a0<\/strong><\/p>\n<p>Actividades deportivas generales.<\/p>\n<p>Deporte para poblaciones con necesidades especiales (minusval\u00edas, tercera edad, marginaci\u00f3n,&#8230;).<\/p>\n<p>&nbsp;","protected":false},"excerpt":{"rendered":"<p>En construcci\u00f3n&#8230; Deporte de base e iniciaci\u00f3n. Asesoramiento en la creaci\u00f3n de metodolog\u00edas deportivas. Asesoramiento para padres y prevenci\u00f3n de actitudes negativas en el juego. Orientaci\u00f3n deportiva y profesional. Pautas de intervenci\u00f3n psicosociales. Deporte de Rendimiento.\u00a0 Coaching deportivo. Mejora de la aderencia al entrenamiento. Deporte de Ocio y tiempo libre.\u00a0 Actividades deportivas generales. Deporte para [&hellip;]<\/p>\n","protected":false},"author":1,"featured_media":95,"parent":107,"menu_order":0,"comment_status":"closed","ping_status":"closed","template":"template-modules.php","meta":{"_joinchat":[],"footnotes":""},"class_list":["post-337","page","type-page","status-publish","has-post-thumbnail","hentry"],"yoast_head":"<!-- This site is optimized with the Yoast SEO plugin v27.4 - https:\/\/yoast.com\/product\/yoast-seo-wordpress\/ -->\n<title>Deporte | Psicolog\u00eda Online | PsicoPico<\/title>\n<meta name=\"robots\" content=\"index, follow, max-snippet:-1, max-image-preview:large, max-video-preview:-1\" \/>\n<link rel=\"canonical\" href=\"https:\/\/psicopico.com\/psicologo-en-lugo\/deporte\/\" \/>\n<meta property=\"og:locale\" content=\"en_US\" \/>\n<meta property=\"og:type\" content=\"article\" \/>\n<meta property=\"og:title\" content=\"Deporte | Psicolog\u00eda Online | PsicoPico\" \/>\n<meta property=\"og:description\" content=\"En construcci\u00f3n&#8230; Deporte de base e iniciaci\u00f3n. Asesoramiento en la creaci\u00f3n de metodolog\u00edas deportivas. Asesoramiento para padres y prevenci\u00f3n de actitudes negativas en el juego. Orientaci\u00f3n deportiva y profesional. Pautas de intervenci\u00f3n psicosociales. Deporte de Rendimiento.\u00a0 Coaching deportivo. Mejora de la aderencia al entrenamiento. Deporte de Ocio y tiempo libre.\u00a0 Actividades deportivas generales. Deporte para [&hellip;]\" \/>\n<meta property=\"og:url\" content=\"https:\/\/psicopico.com\/psicologo-en-lugo\/deporte\/\" \/>\n<meta property=\"og:site_name\" content=\"PsicoPico\" \/>\n<meta property=\"article:publisher\" content=\"https:\/\/es-la.facebook.com\/psicopicopsicologia\/\" \/>\n<meta property=\"article:modified_time\" content=\"2016-02-01T16:56:21+00:00\" \/>\n<meta property=\"og:image\" content=\"https:\/\/i0.wp.com\/psicopico.com\/wp-content\/uploads\/2015\/12\/stick-man3.png?fit=64%2C64&ssl=1\" \/>\n\t<meta property=\"og:image:width\" content=\"64\" \/>\n\t<meta property=\"og:image:height\" content=\"64\" \/>\n\t<meta property=\"og:image:type\" content=\"image\/png\" \/>\n<meta name=\"twitter:card\" content=\"summary_large_image\" \/>\n<meta name=\"twitter:site\" content=\"@psicopico\" \/>\n<meta name=\"twitter:label1\" content=\"Est. reading time\" \/>\n\t<meta name=\"twitter:data1\" content=\"1 minute\" \/>\n<script type=\"application\/ld+json\" class=\"yoast-schema-graph\">{\"@context\":\"https:\\\/\\\/schema.org\",\"@graph\":[{\"@type\":\"WebPage\",\"@id\":\"https:\\\/\\\/psicopico.com\\\/psicologo-en-lugo\\\/deporte\\\/\",\"url\":\"https:\\\/\\\/psicopico.com\\\/psicologo-en-lugo\\\/deporte\\\/\",\"name\":\"Deporte | Psicolog\u00eda Online | PsicoPico\",\"isPartOf\":{\"@id\":\"https:\\\/\\\/psicopico.com\\\/#website\"},\"primaryImageOfPage\":{\"@id\":\"https:\\\/\\\/psicopico.com\\\/psicologo-en-lugo\\\/deporte\\\/#primaryimage\"},\"image\":{\"@id\":\"https:\\\/\\\/psicopico.com\\\/psicologo-en-lugo\\\/deporte\\\/#primaryimage\"},\"thumbnailUrl\":\"https:\\\/\\\/i0.wp.com\\\/psicopico.com\\\/wp-content\\\/uploads\\\/2015\\\/12\\\/stick-man3.png?fit=64%2C64&ssl=1\",\"datePublished\":\"2015-12-18T18:07:45+00:00\",\"dateModified\":\"2016-02-01T16:56:21+00:00\",\"breadcrumb\":{\"@id\":\"https:\\\/\\\/psicopico.com\\\/psicologo-en-lugo\\\/deporte\\\/#breadcrumb\"},\"inLanguage\":\"en-US\",\"potentialAction\":[{\"@type\":\"ReadAction\",\"target\":[\"https:\\\/\\\/psicopico.com\\\/psicologo-en-lugo\\\/deporte\\\/\"]}]},{\"@type\":\"ImageObject\",\"inLanguage\":\"en-US\",\"@id\":\"https:\\\/\\\/psicopico.com\\\/psicologo-en-lugo\\\/deporte\\\/#primaryimage\",\"url\":\"https:\\\/\\\/i0.wp.com\\\/psicopico.com\\\/wp-content\\\/uploads\\\/2015\\\/12\\\/stick-man3.png?fit=64%2C64&ssl=1\",\"contentUrl\":\"https:\\\/\\\/i0.wp.com\\\/psicopico.com\\\/wp-content\\\/uploads\\\/2015\\\/12\\\/stick-man3.png?fit=64%2C64&ssl=1\",\"width\":\"64\",\"height\":\"64\"},{\"@type\":\"BreadcrumbList\",\"@id\":\"https:\\\/\\\/psicopico.com\\\/psicologo-en-lugo\\\/deporte\\\/#breadcrumb\",\"itemListElement\":[{\"@type\":\"ListItem\",\"position\":1,\"name\":\"Inicio\",\"item\":\"https:\\\/\\\/psicopico.com\\\/\"},{\"@type\":\"ListItem\",\"position\":2,\"name\":\"\u00bfEn qu\u00e9 te puedo ayudar?\",\"item\":\"https:\\\/\\\/psicopico.com\\\/psicologo-en-lugo\\\/\"},{\"@type\":\"ListItem\",\"position\":3,\"name\":\"Deporte\"}]},{\"@type\":\"WebSite\",\"@id\":\"https:\\\/\\\/psicopico.com\\\/#website\",\"url\":\"https:\\\/\\\/psicopico.com\\\/\",\"name\":\"PsicoPico\",\"description\":\"Psicopico - Online Psychology by Iv\u00e1n Pico\",\"publisher\":{\"@id\":\"https:\\\/\\\/psicopico.com\\\/#organization\"},\"potentialAction\":[{\"@type\":\"SearchAction\",\"target\":{\"@type\":\"EntryPoint\",\"urlTemplate\":\"https:\\\/\\\/psicopico.com\\\/?s={search_term_string}\"},\"query-input\":{\"@type\":\"PropertyValueSpecification\",\"valueRequired\":true,\"valueName\":\"search_term_string\"}}],\"inLanguage\":\"en-US\"},{\"@type\":\"Organization\",\"@id\":\"https:\\\/\\\/psicopico.com\\\/#organization\",\"name\":\"Psicopico\",\"url\":\"https:\\\/\\\/psicopico.com\\\/\",\"logo\":{\"@type\":\"ImageObject\",\"inLanguage\":\"en-US\",\"@id\":\"https:\\\/\\\/psicopico.com\\\/#\\\/schema\\\/logo\\\/image\\\/\",\"url\":\"https:\\\/\\\/i0.wp.com\\\/psicopico.com\\\/wp-content\\\/uploads\\\/2015\\\/12\\\/logowebpsicopico.png?fit=377%2C113&ssl=1\",\"contentUrl\":\"https:\\\/\\\/i0.wp.com\\\/psicopico.com\\\/wp-content\\\/uploads\\\/2015\\\/12\\\/logowebpsicopico.png?fit=377%2C113&ssl=1\",\"width\":\"377\",\"height\":\"113\",\"caption\":\"Psicopico\"},\"image\":{\"@id\":\"https:\\\/\\\/psicopico.com\\\/#\\\/schema\\\/logo\\\/image\\\/\"},\"sameAs\":[\"https:\\\/\\\/es-la.facebook.com\\\/psicopicopsicologia\\\/\",\"https:\\\/\\\/x.com\\\/psicopico\",\"https:\\\/\\\/instagram.com\\\/psicopico\",\"https:\\\/\\\/es.linkedin.com\\\/in\\\/iv\u00e1n-pico-mart\u00ednez-5bb46873\",\"https:\\\/\\\/www.pinterest.es\\\/psicopico\\\/\",\"https:\\\/\\\/www.youtube.com\\\/channel\\\/UCwM4gAydCyOv_3sBkqVb74Q\"]}]}<\/script>\n<!-- \/ Yoast SEO plugin. -->","yoast_head_json":{"title":"Deporte | Psicolog\u00eda Online | PsicoPico","robots":{"index":"index","follow":"follow","max-snippet":"max-snippet:-1","max-image-preview":"max-image-preview:large","max-video-preview":"max-video-preview:-1"},"canonical":"https:\/\/psicopico.com\/psicologo-en-lugo\/deporte\/","og_locale":"en_US","og_type":"article","og_title":"Deporte | Psicolog\u00eda Online | PsicoPico","og_description":"En construcci\u00f3n&#8230; Deporte de base e iniciaci\u00f3n. Asesoramiento en la creaci\u00f3n de metodolog\u00edas deportivas. Asesoramiento para padres y prevenci\u00f3n de actitudes negativas en el juego. Orientaci\u00f3n deportiva y profesional. Pautas de intervenci\u00f3n psicosociales. Deporte de Rendimiento.\u00a0 Coaching deportivo. Mejora de la aderencia al entrenamiento. Deporte de Ocio y tiempo libre.\u00a0 Actividades deportivas generales. Deporte para [&hellip;]","og_url":"https:\/\/psicopico.com\/psicologo-en-lugo\/deporte\/","og_site_name":"PsicoPico","article_publisher":"https:\/\/es-la.facebook.com\/psicopicopsicologia\/","article_modified_time":"2016-02-01T16:56:21+00:00","og_image":[{"width":64,"height":64,"url":"https:\/\/i0.wp.com\/psicopico.com\/wp-content\/uploads\/2015\/12\/stick-man3.png?fit=64%2C64&ssl=1","type":"image\/png"}],"twitter_card":"summary_large_image","twitter_site":"@psicopico","twitter_misc":{"Est. reading time":"1 minute"},"schema":{"@context":"https:\/\/schema.org","@graph":[{"@type":"WebPage","@id":"https:\/\/psicopico.com\/psicologo-en-lugo\/deporte\/","url":"https:\/\/psicopico.com\/psicologo-en-lugo\/deporte\/","name":"Deporte | Psicolog\u00eda Online | PsicoPico","isPartOf":{"@id":"https:\/\/psicopico.com\/#website"},"primaryImageOfPage":{"@id":"https:\/\/psicopico.com\/psicologo-en-lugo\/deporte\/#primaryimage"},"image":{"@id":"https:\/\/psicopico.com\/psicologo-en-lugo\/deporte\/#primaryimage"},"thumbnailUrl":"https:\/\/i0.wp.com\/psicopico.com\/wp-content\/uploads\/2015\/12\/stick-man3.png?fit=64%2C64&ssl=1","datePublished":"2015-12-18T18:07:45+00:00","dateModified":"2016-02-01T16:56:21+00:00","breadcrumb":{"@id":"https:\/\/psicopico.com\/psicologo-en-lugo\/deporte\/#breadcrumb"},"inLanguage":"en-US","potentialAction":[{"@type":"ReadAction","target":["https:\/\/psicopico.com\/psicologo-en-lugo\/deporte\/"]}]},{"@type":"ImageObject","inLanguage":"en-US","@id":"https:\/\/psicopico.com\/psicologo-en-lugo\/deporte\/#primaryimage","url":"https:\/\/i0.wp.com\/psicopico.com\/wp-content\/uploads\/2015\/12\/stick-man3.png?fit=64%2C64&ssl=1","contentUrl":"https:\/\/i0.wp.com\/psicopico.com\/wp-content\/uploads\/2015\/12\/stick-man3.png?fit=64%2C64&ssl=1","width":"64","height":"64"},{"@type":"BreadcrumbList","@id":"https:\/\/psicopico.com\/psicologo-en-lugo\/deporte\/#breadcrumb","itemListElement":[{"@type":"ListItem","position":1,"name":"Inicio","item":"https:\/\/psicopico.com\/"},{"@type":"ListItem","position":2,"name":"\u00bfEn qu\u00e9 te puedo ayudar?","item":"https:\/\/psicopico.com\/psicologo-en-lugo\/"},{"@type":"ListItem","position":3,"name":"Deporte"}]},{"@type":"WebSite","@id":"https:\/\/psicopico.com\/#website","url":"https:\/\/psicopico.com\/","name":"PsicoPico","description":"Psicopico - Online Psychology by Iv\u00e1n Pico","publisher":{"@id":"https:\/\/psicopico.com\/#organization"},"potentialAction":[{"@type":"SearchAction","target":{"@type":"EntryPoint","urlTemplate":"https:\/\/psicopico.com\/?s={search_term_string}"},"query-input":{"@type":"PropertyValueSpecification","valueRequired":true,"valueName":"search_term_string"}}],"inLanguage":"en-US"},{"@type":"Organization","@id":"https:\/\/psicopico.com\/#organization","name":"Psicopico","url":"https:\/\/psicopico.com\/","logo":{"@type":"ImageObject","inLanguage":"en-US","@id":"https:\/\/psicopico.com\/#\/schema\/logo\/image\/","url":"https:\/\/i0.wp.com\/psicopico.com\/wp-content\/uploads\/2015\/12\/logowebpsicopico.png?fit=377%2C113&ssl=1","contentUrl":"https:\/\/i0.wp.com\/psicopico.com\/wp-content\/uploads\/2015\/12\/logowebpsicopico.png?fit=377%2C113&ssl=1","width":"377","height":"113","caption":"Psicopico"},"image":{"@id":"https:\/\/psicopico.com\/#\/schema\/logo\/image\/"},"sameAs":["https:\/\/es-la.facebook.com\/psicopicopsicologia\/","https:\/\/x.com\/psicopico","https:\/\/instagram.com\/psicopico","https:\/\/es.linkedin.com\/in\/iv\u00e1n-pico-mart\u00ednez-5bb46873","https:\/\/www.pinterest.es\/psicopico\/","https:\/\/www.youtube.com\/channel\/UCwM4gAydCyOv_3sBkqVb74Q"]}]}},"jetpack_shortlink":"https:\/\/wp.me\/P6Zx58-5r","jetpack_sharing_enabled":true,"_links":{"self":[{"href":"https:\/\/psicopico.com\/en\/wp-json\/wp\/v2\/pages\/337","targetHints":{"allow":["GET"]}}],"collection":[{"href":"https:\/\/psicopico.com\/en\/wp-json\/wp\/v2\/pages"}],"about":[{"href":"https:\/\/psicopico.com\/en\/wp-json\/wp\/v2\/types\/page"}],"author":[{"embeddable":true,"href":"https:\/\/psicopico.com\/en\/wp-json\/wp\/v2\/users\/1"}],"replies":[{"embeddable":true,"href":"https:\/\/psicopico.com\/en\/wp-json\/wp\/v2\/comments?post=337"}],"version-history":[{"count":0,"href":"https:\/\/psicopico.com\/en\/wp-json\/wp\/v2\/pages\/337\/revisions"}],"up":[{"embeddable":true,"href":"https:\/\/psicopico.com\/en\/wp-json\/wp\/v2\/pages\/107"}],"wp:featuredmedia":[{"embeddable":true,"href":"https:\/\/psicopico.com\/en\/wp-json\/wp\/v2\/media\/95"}],"wp:attachment":[{"href":"https:\/\/psicopico.com\/en\/wp-json\/wp\/v2\/media?parent=337"}],"curies":[{"name":"wp","href":"https:\/\/api.w.org\/{rel}","templated":true}]}}